{"id":642,"date":"2017-09-06T15:58:14","date_gmt":"2017-09-06T13:58:14","guid":{"rendered":"http:\/\/agora.xtec.cat\/escola-lavitxeta\/?page_id=642"},"modified":"2026-04-15T15:37:00","modified_gmt":"2026-04-15T13:37:00","slug":"activitats-extraescolars","status":"publish","type":"page","link":"https:\/\/agora.xtec.cat\/escola-lavitxeta\/activitats-extraescolars\/","title":{"rendered":"Activitats extraescolars"},"content":{"rendered":"<p>Les activitats extraescolars s\u00f3n totes aquelles activitats fora de l\u2019horari lectiu escolar i que esdevenen una proposta educativa i de lleure durant el temps lliure dels infants.<\/p>\n<p>Des de l&#8217;AMIPA La Vitxeta oferim un ampli ventall d&#8217;activitats extraescolars en franja de tarda (a partir de les 16h) i durant el Temps de Migdia (entre les 12 i les 14:30h).<\/p>\n<ul>\n<li><strong>GRAELLA D&#8217;ACTIVITATS:<\/strong> En el seg\u00fcent enlla\u00e7 podeu consultar la graella amb totes les activitats extraescolars, les mensualitats i d&#8217;altres informacions: <a href=\"https:\/\/drive.google.com\/file\/d\/1HCCyZnIF2TBELlMviYh7AF-nAncf8Tas\/view?usp=sharing\">https:\/\/drive.google.com\/file\/d\/1HCCyZnIF2TBELlMviYh7AF-nAncf8Tas\/view?usp=sharing<\/a><\/li>\n<li><strong>ALTES, BAIXES I CANVIS:<\/strong> Per tal de realitzar una alta, baixa o canvi de de dia en una activitat extraescolar \u00e9s necessari fer la petici\u00f3 a trav\u00e9s del formulari enlla\u00e7at a continuaci\u00f3: <a href=\"https:\/\/forms.gle\/yRtda4dHEJyKDezF6\">https:\/\/forms.gle\/yRtda4dHEJyKDezF6<\/a><\/li>\n<li>Un cop feta la petici\u00f3 a trav\u00e9s del formulari, <span style=\"text-decoration: underline;\">haureu d&#8217;esperar la confirmaci\u00f3 per part de l&#8217;AMIPA.\u00a0<\/span><\/li>\n<li>Us recordem que qualsevol moviment en les extraescolars <span style=\"text-decoration: underline;\">sempre es fa efectiu el mes seg\u00fcent<\/span>.<\/li>\n<\/ul>\n<p><a href=\"http:\/\/agora.xtec.cat\/escola-lavitxeta\/tag\/extraescolars-2\/\"><span style=\"color: deepskyblue;\">Not\u00edcies<\/span><\/a><\/p>\n","protected":false},"excerpt":{"rendered":"<p>Les activitats extraescolars s\u00f3n totes aquelles activitats fora de l\u2019horari lectiu escolar i que esdevenen una proposta educativa i de lleure durant el temps lliure dels infants.<br \/>\nDes de l&#8217;AMIPA La Vitxeta oferim un ampli ventall d&#8217;activitats extraescolars en franja de tarda (a partir de les&hellip;  <a href=\"https:\/\/agora.xtec.cat\/escola-lavitxeta\/activitats-extraescolars\/\" title=\"Read Activitats extraescolars\">Llegeix m\u00e9s\u00bb<\/a><\/p>\n","protected":false},"author":1,"featured_media":0,"parent":0,"menu_order":2,"comment_status":"closed","ping_status":"closed","template":"page-templates\/side-menu.php","meta":{"_bbp_topic_count":0,"_bbp_reply_count":0,"_bbp_total_topic_count":0,"_bbp_total_reply_count":0,"_bbp_voice_count":0,"_bbp_anonymous_reply_count":0,"_bbp_topic_count_hidden":0,"_bbp_reply_count_hidden":0,"_bbp_forum_subforum_count":0,"footnotes":""},"class_list":["post-642","page","type-page","status-publish","hentry"],"post_mailing_queue_ids":[],"_links":{"self":[{"href":"https:\/\/agora.xtec.cat\/escola-lavitxeta\/wp-json\/wp\/v2\/pages\/642","targetHints":{"allow":["GET"]}}],"collection":[{"href":"https:\/\/agora.xtec.cat\/escola-lavitxeta\/wp-json\/wp\/v2\/pages"}],"about":[{"href":"https:\/\/agora.xtec.cat\/escola-lavitxeta\/wp-json\/wp\/v2\/types\/page"}],"author":[{"embeddable":true,"href":"https:\/\/agora.xtec.cat\/escola-lavitxeta\/wp-json\/wp\/v2\/users\/1"}],"replies":[{"embeddable":true,"href":"https:\/\/agora.xtec.cat\/escola-lavitxeta\/wp-json\/wp\/v2\/comments?post=642"}],"version-history":[{"count":6,"href":"https:\/\/agora.xtec.cat\/escola-lavitxeta\/wp-json\/wp\/v2\/pages\/642\/revisions"}],"predecessor-version":[{"id":49831,"href":"https:\/\/agora.xtec.cat\/escola-lavitxeta\/wp-json\/wp\/v2\/pages\/642\/revisions\/49831"}],"wp:attachment":[{"href":"https:\/\/agora.xtec.cat\/escola-lavitxeta\/wp-json\/wp\/v2\/media?parent=642"}],"curies":[{"name":"wp","href":"https:\/\/api.w.org\/{rel}","templated":true}]}}