{"id":47788,"date":"2022-06-01T18:16:03","date_gmt":"2022-06-01T16:16:03","guid":{"rendered":"https:\/\/agora.xtec.cat\/escola-lavitxeta\/?page_id=47788"},"modified":"2022-06-03T15:26:48","modified_gmt":"2022-06-03T13:26:48","slug":"robotica-lleure-tecnologic","status":"publish","type":"page","link":"https:\/\/agora.xtec.cat\/escola-lavitxeta\/activitats-extraescolars\/oferta-activitats\/robotica-lleure-tecnologic\/","title":{"rendered":"Rob\u00f2tica"},"content":{"rendered":"<p><strong>ROB\u00d2TICA de P4 a 6\u00e8. Prove\u00efdor: Dynamind<br \/>\n<\/strong><\/p>\n","protected":false},"excerpt":{"rendered":"<p>ROB\u00d2TICA de P4 a 6\u00e8. Prove\u00efdor: Dynamind<\/p>\n","protected":false},"author":33,"featured_media":0,"parent":47777,"menu_order":0,"comment_status":"closed","ping_status":"closed","template":"","meta":{"_bbp_topic_count":0,"_bbp_reply_count":0,"_bbp_total_topic_count":0,"_bbp_total_reply_count":0,"_bbp_voice_count":0,"_bbp_anonymous_reply_count":0,"_bbp_topic_count_hidden":0,"_bbp_reply_count_hidden":0,"_bbp_forum_subforum_count":0,"footnotes":""},"class_list":["post-47788","page","type-page","status-publish","hentry"],"post_mailing_queue_ids":[],"_links":{"self":[{"href":"https:\/\/agora.xtec.cat\/escola-lavitxeta\/wp-json\/wp\/v2\/pages\/47788","targetHints":{"allow":["GET"]}}],"collection":[{"href":"https:\/\/agora.xtec.cat\/escola-lavitxeta\/wp-json\/wp\/v2\/pages"}],"about":[{"href":"https:\/\/agora.xtec.cat\/escola-lavitxeta\/wp-json\/wp\/v2\/types\/page"}],"author":[{"embeddable":true,"href":"https:\/\/agora.xtec.cat\/escola-lavitxeta\/wp-json\/wp\/v2\/users\/33"}],"replies":[{"embeddable":true,"href":"https:\/\/agora.xtec.cat\/escola-lavitxeta\/wp-json\/wp\/v2\/comments?post=47788"}],"version-history":[{"count":3,"href":"https:\/\/agora.xtec.cat\/escola-lavitxeta\/wp-json\/wp\/v2\/pages\/47788\/revisions"}],"predecessor-version":[{"id":47847,"href":"https:\/\/agora.xtec.cat\/escola-lavitxeta\/wp-json\/wp\/v2\/pages\/47788\/revisions\/47847"}],"up":[{"embeddable":true,"href":"https:\/\/agora.xtec.cat\/escola-lavitxeta\/wp-json\/wp\/v2\/pages\/47777"}],"wp:attachment":[{"href":"https:\/\/agora.xtec.cat\/escola-lavitxeta\/wp-json\/wp\/v2\/media?parent=47788"}],"curies":[{"name":"wp","href":"https:\/\/api.w.org\/{rel}","templated":true}]}}