{"id":47784,"date":"2022-06-01T18:13:13","date_gmt":"2022-06-01T16:13:13","guid":{"rendered":"https:\/\/agora.xtec.cat\/escola-lavitxeta\/?page_id=47784"},"modified":"2022-06-03T15:24:41","modified_gmt":"2022-06-03T13:24:41","slug":"activitats-esportives-i-fisiques","status":"publish","type":"page","link":"https:\/\/agora.xtec.cat\/escola-lavitxeta\/activitats-extraescolars\/oferta-activitats\/activitats-esportives-i-fisiques\/","title":{"rendered":"Activitats Esportives i F\u00edsiques"},"content":{"rendered":"<p style=\"text-align: center;\"><span style=\"text-decoration: underline;\"><strong>(ESPAI EN CONSTRUCCI\u00d3)<\/strong><\/span><\/p>\n<p><strong>ATLETISME de 1r a 6\u00e8. Prove\u00efdor: Consell Esportiu del Baix Camp<br \/>\n<\/strong><\/p>\n<p>&nbsp;<\/p>\n<p><strong>B\u00c0SQUET de 1r a 6\u00e8: Prove\u00efdor: AMIPA La Vitxeta<br \/>\n<\/strong><\/p>\n<p>&nbsp;<\/p>\n<p><strong>FUTBOL de 1r a 6\u00e8. Prove\u00efdor: AMIPA LA Vitxeta<br \/>\n<\/strong><\/p>\n<p>&nbsp;<\/p>\n<p><strong>GIMN\u00c0STICA R\u00cdTMICA de 1r a 6\u00e8. Prove\u00efdor: AMIPA La Vitxeta<br \/>\n<\/strong><\/p>\n<p>&nbsp;<\/p>\n<p><strong>INICIACI\u00d3 A L&#8217;ESPORT de P4 a P5. Prove\u00efdor: Consell Esportiu del Baix Camp<br \/>\n<\/strong><\/p>\n<p>&nbsp;<\/p>\n<p><strong>JUDO de P5 a 6\u00e8. Prove\u00efdor: Club Judo Sakura<br \/>\n<\/strong><\/p>\n<p><img loading=\"lazy\" decoding=\"async\" class=\"alignnone wp-image-47837 \" src=\"https:\/\/agora.xtec.cat\/escola-lavitxeta\/wp-content\/uploads\/usu1195\/2022\/06\/judo-1024x797.jpg\" alt=\"\" width=\"680\" height=\"529\" srcset=\"https:\/\/agora.xtec.cat\/escola-lavitxeta\/wp-content\/uploads\/usu1195\/2022\/06\/judo-1024x797.jpg 1024w, https:\/\/agora.xtec.cat\/escola-lavitxeta\/wp-content\/uploads\/usu1195\/2022\/06\/judo-300x233.jpg 300w, https:\/\/agora.xtec.cat\/escola-lavitxeta\/wp-content\/uploads\/usu1195\/2022\/06\/judo-768x597.jpg 768w, https:\/\/agora.xtec.cat\/escola-lavitxeta\/wp-content\/uploads\/usu1195\/2022\/06\/judo.jpg 1063w\" sizes=\"auto, (max-width: 680px) 100vw, 680px\" \/><\/p>\n<p>&nbsp;<\/p>\n<p><strong>NATACI\u00d3 de P4 a 6\u00e8. Prove\u00efdor: Reus Deportiu<br \/>\n<\/strong><\/p>\n<p>L\u2019activitat de nataci\u00f3 es realitza a la piscina del Reus Deportiu. El primer dia fem una petita prova i depenent de com neden els infants els repartim en tres grups:<\/p>\n<ul>\n<li aria-level=\"1\"><b>GRUP 1:<\/b> En aquest grup treballem que l\u2019infant s\u2019adapti al medi aqu\u00e0tic i es familiaritzi amb el medi i amb el t\u00e8cnic. Que aprengui a propulsar-se amb i sense ajuda de material auxiliar i del t\u00e8cnic. Que conegui el seu cos dins de l\u2019aigua i que acabi arribant a l\u2019autonomia sense ajuda.<\/li>\n<li aria-level=\"1\"><b>GRUP 2:<\/b> Treballem el domini i els despla\u00e7aments b\u00e0sics dins de l\u2019aigua. Anem allargant la dist\u00e0ncia. L&#8217;infant \u00e9s capa\u00e7 de canviar de posici\u00f3 (ventral i dorsal) i tamb\u00e9 millorar la coordinaci\u00f3 dels moviments amb mitjans auxiliars.<\/li>\n<li aria-level=\"1\"><b>GRUP 3:<\/b> S\u2019inicia la t\u00e8cnica als estils de crol i esquena. Introdu\u00efm elements t\u00e8cnics com la respiraci\u00f3 lateral. Es treballa el nedar coordinatiu (crol i esquena de manera global) i la coordinaci\u00f3 dels moviments es fa amb i sense material auxiliar. Es treballen habilitats dins de l\u2019aigua. Tamb\u00e9 iniciem l\u2019estil bra\u00e7a.<\/li>\n<\/ul>\n<p>&nbsp;<\/p>\n<p><strong>P\u00c0DEL dirigida a infants de 1r a 6\u00e8. Prove\u00efdor: Reus Deportiu<br \/>\n<\/strong><\/p>\n<p>Valors: Educaci\u00f3, respecte als companys, al contrincant i a l&#8217;entorn.<\/p>\n<p>Objectius did\u00e0ctius: Prendre contacte amb els elements de joc: pilota, raquetes, espai de jocs, normes, etc.<\/p>\n<p>Procediments pr\u00e0ctics: Regles del joc, exercicis globals, t\u00e8cnica dels cops (dreta, rev\u00e9s, servei&#8230;). pr\u00e0ctica de joc en situaci\u00f3 de partits, jocs col\u00b7lectius&#8230;<\/p>\n<p>&nbsp;<\/p>\n<p><strong>PSICOMOTRICITAT dirigida a infants de P3. Prove\u00efdor: Salta Psicomotricitat<br \/>\n<\/strong><\/p>\n<p>L&#8217;activitat es basa en sessions de la Pr\u00e0ctica Psicomotriu tipus Aucouturier.<\/p>\n<p>Aquesta pr\u00e0ctica parteix d&#8217;una estructura temporal (temps de benvinguda, temps d&#8217;expressivitat sensoriomotiu, temps d&#8217;esxpressivitat pl\u00e0stica i temps del comiat).<\/p>\n<p>Es tracta doncs d&#8217;una activitat que permet l&#8217;expressivitat espont\u00e0nia de l&#8217;infant dins d&#8217;un marc temporal que estructura, dona seguretat i contenci\u00f3.<\/p>\n<p>Els objectius principals s\u00f3n:<\/p>\n<ul>\n<li>Afavorir la compet\u00e8ncia psicomotriu com a base de seguretat personal.<\/li>\n<li>Promoure la relaci\u00f3 entre els infants del grup.<\/li>\n<li>Desenvolupar la capacitat de poder passar de l&#8217;acci\u00f3 al pensament.<\/li>\n<\/ul>\n<p>&nbsp;<\/p>\n<p><strong>TENNIS dirigida a infants de 1r a 6\u00e8. Prove\u00efdor: Reus Deportiu.<br \/>\n<\/strong><\/p>\n<p>Valors: Educaci\u00f3, respecte als companys, al contrincant i a l&#8217;entorn.<\/p>\n<p>Objectius did\u00e0ctius: Prendre contacte amb els elements de joc: pilota, raquetes, espai de jocs, normes, etc.<\/p>\n<p>Procediments pr\u00e0ctics: Regles del joc, exercicis globals, t\u00e8cnica dels cops (dreta, rev\u00e9s, servei&#8230;). pr\u00e0ctica de joc en situaci\u00f3 de partits, jocs col\u00b7lectius&#8230;<\/p>\n","protected":false},"excerpt":{"rendered":"<p>(ESPAI EN CONSTRUCCI\u00d3) ATLETISME de 1r a 6\u00e8. Prove\u00efdor: Consell Esportiu del Baix Camp &nbsp; B\u00c0SQUET de 1r a 6\u00e8: Prove\u00efdor: AMIPA La Vitxeta &nbsp; FUTBOL de 1r a 6\u00e8. Prove\u00efdor: AMIPA LA Vitxeta &nbsp; GIMN\u00c0STICA R\u00cdTMICA de 1r a 6\u00e8. Prove\u00efdor: AMIPA La Vitxeta &nbsp; INICIACI\u00d3 A L&#8217;ESPORT de P4 a P5. Prove\u00efdor: Consell [&hellip;]<\/p>\n","protected":false},"author":33,"featured_media":0,"parent":47777,"menu_order":0,"comment_status":"closed","ping_status":"closed","template":"","meta":{"_bbp_topic_count":0,"_bbp_reply_count":0,"_bbp_total_topic_count":0,"_bbp_total_reply_count":0,"_bbp_voice_count":0,"_bbp_anonymous_reply_count":0,"_bbp_topic_count_hidden":0,"_bbp_reply_count_hidden":0,"_bbp_forum_subforum_count":0,"site-sidebar-layout":"default","site-content-layout":"","ast-site-content-layout":"","site-content-style":"default","site-sidebar-style":"default","ast-global-header-display":"","ast-banner-title-visibility":"","ast-main-header-display":"","ast-hfb-above-header-display":"","ast-hfb-below-header-display":"","ast-hfb-mobile-header-display":"","site-post-title":"","ast-breadcrumbs-content":"","ast-featured-img":"","footer-sml-layout":"","theme-transparent-header-meta":"","adv-header-id-meta":"","stick-header-meta":"","header-above-stick-meta":"","header-main-stick-meta":"","header-below-stick-meta":"","astra-migrate-meta-layouts":"default","ast-page-background-enabled":"default","ast-page-background-meta":{"desktop":{"background-color":"var(--ast-global-color-4)","background-image":"","background-repeat":"repeat","background-position":"center center","background-size":"auto","background-attachment":"scroll","background-type":"","background-media":"","overlay-type":"","overlay-color":"","overlay-opacity":"","overlay-gradient":""},"tablet":{"background-color":"","background-image":"","background-repeat":"repeat","background-position":"center center","background-size":"auto","background-attachment":"scroll","background-type":"","background-media":"","overlay-type":"","overlay-color":"","overlay-opacity":"","overlay-gradient":""},"mobile":{"background-color":"","background-image":"","background-repeat":"repeat","background-position":"center center","background-size":"auto","background-attachment":"scroll","background-type":"","background-media":"","overlay-type":"","overlay-color":"","overlay-opacity":"","overlay-gradient":""}},"ast-content-background-meta":{"desktop":{"background-color":"var(--ast-global-color-5)","background-image":"","background-repeat":"repeat","background-position":"center center","background-size":"auto","background-attachment":"scroll","background-type":"","background-media":"","overlay-type":"","overlay-color":"","overlay-opacity":"","overlay-gradient":""},"tablet":{"background-color":"var(--ast-global-color-5)","background-image":"","background-repeat":"repeat","background-position":"center center","background-size":"auto","background-attachment":"scroll","background-type":"","background-media":"","overlay-type":"","overlay-color":"","overlay-opacity":"","overlay-gradient":""},"mobile":{"background-color":"var(--ast-global-color-5)","background-image":"","background-repeat":"repeat","background-position":"center center","background-size":"auto","background-attachment":"scroll","background-type":"","background-media":"","overlay-type":"","overlay-color":"","overlay-opacity":"","overlay-gradient":""}},"footnotes":""},"class_list":["post-47784","page","type-page","status-publish","hentry"],"post_mailing_queue_ids":[],"_links":{"self":[{"href":"https:\/\/agora.xtec.cat\/escola-lavitxeta\/wp-json\/wp\/v2\/pages\/47784","targetHints":{"allow":["GET"]}}],"collection":[{"href":"https:\/\/agora.xtec.cat\/escola-lavitxeta\/wp-json\/wp\/v2\/pages"}],"about":[{"href":"https:\/\/agora.xtec.cat\/escola-lavitxeta\/wp-json\/wp\/v2\/types\/page"}],"author":[{"embeddable":true,"href":"https:\/\/agora.xtec.cat\/escola-lavitxeta\/wp-json\/wp\/v2\/users\/33"}],"replies":[{"embeddable":true,"href":"https:\/\/agora.xtec.cat\/escola-lavitxeta\/wp-json\/wp\/v2\/comments?post=47784"}],"version-history":[{"count":3,"href":"https:\/\/agora.xtec.cat\/escola-lavitxeta\/wp-json\/wp\/v2\/pages\/47784\/revisions"}],"predecessor-version":[{"id":47844,"href":"https:\/\/agora.xtec.cat\/escola-lavitxeta\/wp-json\/wp\/v2\/pages\/47784\/revisions\/47844"}],"up":[{"embeddable":true,"href":"https:\/\/agora.xtec.cat\/escola-lavitxeta\/wp-json\/wp\/v2\/pages\/47777"}],"wp:attachment":[{"href":"https:\/\/agora.xtec.cat\/escola-lavitxeta\/wp-json\/wp\/v2\/media?parent=47784"}],"curies":[{"name":"wp","href":"https:\/\/api.w.org\/{rel}","templated":true}]}}