{"id":41964,"date":"2019-12-12T13:34:38","date_gmt":"2019-12-12T12:34:38","guid":{"rendered":"http:\/\/agora.xtec.cat\/escola-lavitxeta\/?page_id=41964"},"modified":"2025-09-02T07:59:39","modified_gmt":"2025-09-02T05:59:39","slug":"material","status":"publish","type":"page","link":"https:\/\/agora.xtec.cat\/escola-lavitxeta\/material\/","title":{"rendered":"Material Temps de Migdia 2025-2026"},"content":{"rendered":"<p><strong>A continuaci\u00f3, es detalla quin \u00e9s el material que necessiten els nens i nenes de cada curs que es queden a dinar a l&#8217;escola per aquest 2025-2026:<\/strong><\/p>\n<p><strong><u>I3:<\/u><\/strong><strong>\u00a0<\/strong><\/p>\n<ul>\n<li>1 Bossa de roba amb anses per posar-ho tot.<\/li>\n<li>1 bata (que sigui c\u00f2mode de posar i treure per l&#8217;infant)<\/li>\n<li>1 tovall\u00f3 de roba d&#8217;\u00fas exclusiu pel menjador.<\/li>\n<li>1 llen\u00e7ol de baix pel llitet (mides del llitet: -130&#215;54-. (Els llen\u00e7ols amb gomes a les puntes s\u00f3n ideals!)<\/li>\n<li>1 llen\u00e7ol<\/li>\n<li><span style=\"text-decoration: underline;\">MARCAR-HO TOT AMB EL NOM O AMB ALGUN IDENTIFICATIU!!<\/span><\/li>\n<\/ul>\n<p><strong><em>(LA BATA I EL TOVALL\u00d3 TORNARAN A CASA CADA DIVENDRES I LA ROBA DE LLIT, EN DIVENDRES ALTERNS)<\/em><\/strong><\/p>\n<p>&nbsp;<\/p>\n<p><strong><u>I4 I I5:<\/u><\/strong><\/p>\n<ul>\n<li>1 bata (que sigui c\u00f2mode de posar i treure per l&#8217;infant)<\/li>\n<li>1 tovall\u00f3 de roba amb una veta d&#8217;entre 1 i 2 pams cosida en una de les cantonades (d&#8217;\u00fas exclusiu pel menjador)<\/li>\n<li>1 necesser<\/li>\n<li>1 raspall de dents<\/li>\n<li>1 pasta dent\u00edfrica<\/li>\n<li>Raspall o pinta (opcional)<\/li>\n<li><span style=\"text-decoration: underline;\">MARCAR-HO TOT AMB EL NOM O AMB ALGUN IDENTIFICATIU!!<\/span><\/li>\n<\/ul>\n<p><strong><em>(LA BATA I EL TOVALL\u00d3 TORNARAN A CASA CADA DIVENDRES I EL NECESSER 1 COP AL MES)<\/em><\/strong><\/p>\n<p>&nbsp;<\/p>\n<p><strong><u>1r, 2n, 3r i 4t<\/u><\/strong><\/p>\n<ul>\n<li>1 tovall\u00f3 de roba d&#8217;\u00fas exclusiu pel menjador.<\/li>\n<li>1 necesser<\/li>\n<li>1 raspall de dents<\/li>\n<li>1 pasta dent\u00edfrica<\/li>\n<li>1 bosseta on posar el tovall\u00f3 (opcional)<\/li>\n<li>Raspall o pinta (opcional)<\/li>\n<li>Cantimplora (en aquests cursos s&#8217;utilitza la cantimplora de l&#8217;horari lectiu tamb\u00e9 per dinar).<\/li>\n<li><span style=\"text-decoration: underline;\">MARCAR-HO TOT!! AMB EL NOM O AMB ALGUN IDENTIFICATIU<\/span><\/li>\n<\/ul>\n<p><strong><em>(A 1r I 2n EL TOVALL\u00d3 ES QUEDAR\u00c0 A L&#8217;ESCOLA CALAIXET DE L&#8217;INFANT\u00a0 I ES TORNAR\u00c0 A CASA ELS DIVENDRES I EL NECESSER ES QUEDAR\u00c0 A L&#8217;ESCOLA I TORNAR\u00c0 A CASA UN COP AL MES)<\/em><\/strong><\/p>\n<p><strong><em>(A 3r I 4t EL TOVALL\u00d3 ES QUEDAR\u00c0 CADA DIA A LA MOTXILLA DE L&#8217;INFANT I EL NECESSER ES QUEDAR\u00c0 A L&#8217;ESCOLA I TORNAR\u00c0 A CASA UN COP AL MES)<\/em><\/strong><\/p>\n<p>&nbsp;<\/p>\n<p><span style=\"text-decoration: underline;\"><strong>5\u00e8 i 6\u00e8:<\/strong><\/span><\/p>\n<ul>\n<li>1 tovall\u00f3 de roba amb una veta d&#8217;entre 1 i 2 pams cosida en una de les cantonades (d&#8217;\u00fas exclusiu pel menjador)<\/li>\n<li>1 necesser<\/li>\n<li>1 raspall de dents<\/li>\n<li>1 pasta dent\u00edfrica<\/li>\n<li>Raspall o pinta (opcional)<\/li>\n<li><span style=\"text-decoration: underline;\">MARCAR-HO TOT AMB EL NOM O AMB ALGUN IDENTIFICATIU!!<\/span><\/li>\n<\/ul>\n<p><em>(<strong>EL TOVALL\u00d3 ESTAR\u00c0 PENJAT AL MENJADOR DURANT LA SETMANA I TORNAR\u00c0 CADA DIVENDRES A CASA. EL NECESSER ES QUEDAR\u00c0 A L&#8217;ESCOLA I TORNAR\u00c0 A CASA UN COP AL MES.)<\/strong><br \/>\n<\/em><\/p>\n","protected":false},"excerpt":{"rendered":"<p>A continuaci\u00f3, es detalla quin \u00e9s el material que necessiten els nens i nenes de cada curs que es queden a dinar a l&#8217;escola per aquest 2025-2026:<br \/>\nI3:\u00a0<\/p>\n<ul>\n<li>1 Bossa de roba amb anses per posar-ho tot.<\/li>\n<li>1 bata (que sigui c\u00f2mode de posar i treure per l&#8217;infant)<\/li>\n<li>1&hellip;  <a href=\"https:\/\/agora.xtec.cat\/escola-lavitxeta\/material\/\" title=\"Read Material Temps de Migdia 2025-2026\">Llegeix m\u00e9s\u00bb<\/a><br \/>\n","protected":false},"author":33,"featured_media":0,"parent":0,"menu_order":0,"comment_status":"closed","ping_status":"closed","template":"","meta":{"_bbp_topic_count":0,"_bbp_reply_count":0,"_bbp_total_topic_count":0,"_bbp_total_reply_count":0,"_bbp_voice_count":0,"_bbp_anonymous_reply_count":0,"_bbp_topic_count_hidden":0,"_bbp_reply_count_hidden":0,"_bbp_forum_subforum_count":0,"footnotes":""},"class_list":["post-41964","page","type-page","status-publish","hentry"],"post_mailing_queue_ids":[],"_links":{"self":[{"href":"https:\/\/agora.xtec.cat\/escola-lavitxeta\/wp-json\/wp\/v2\/pages\/41964","targetHints":{"allow":["GET"]}}],"collection":[{"href":"https:\/\/agora.xtec.cat\/escola-lavitxeta\/wp-json\/wp\/v2\/pages"}],"about":[{"href":"https:\/\/agora.xtec.cat\/escola-lavitxeta\/wp-json\/wp\/v2\/types\/page"}],"author":[{"embeddable":true,"href":"https:\/\/agora.xtec.cat\/escola-lavitxeta\/wp-json\/wp\/v2\/users\/33"}],"replies":[{"embeddable":true,"href":"https:\/\/agora.xtec.cat\/escola-lavitxeta\/wp-json\/wp\/v2\/comments?post=41964"}],"version-history":[{"count":6,"href":"https:\/\/agora.xtec.cat\/escola-lavitxeta\/wp-json\/wp\/v2\/pages\/41964\/revisions"}],"predecessor-version":[{"id":49626,"href":"https:\/\/agora.xtec.cat\/escola-lavitxeta\/wp-json\/wp\/v2\/pages\/41964\/revisions\/49626"}],"wp:attachment":[{"href":"https:\/\/agora.xtec.cat\/escola-lavitxeta\/wp-json\/wp\/v2\/media?parent=41964"}],"curies":[{"name":"wp","href":"https:\/\/api.w.org\/{rel}","templated":true}]}}