{"id":41008,"date":"2019-10-12T16:22:34","date_gmt":"2019-10-12T14:22:34","guid":{"rendered":"http:\/\/agora.xtec.cat\/escola-lavitxeta\/?page_id=41008"},"modified":"2021-12-27T19:55:40","modified_gmt":"2021-12-27T18:55:40","slug":"english-bags","status":"publish","type":"page","link":"https:\/\/agora.xtec.cat\/escola-lavitxeta\/english-bags\/","title":{"rendered":"English Bags"},"content":{"rendered":"<p style=\"text-align: left;\"><span style=\"color: #0000ff;\">\u00a0<\/span><\/p>\n<p><img loading=\"lazy\" decoding=\"async\" class=\"aligncenter size-medium wp-image-40999\" src=\"https:\/\/agora.xtec.cat\/escola-lavitxeta\/wp-content\/uploads\/usu1195\/2019\/10\/IMATGE-5-english-at-home-1-300x176.jpg\" alt=\"\" width=\"300\" height=\"176\" srcset=\"https:\/\/agora.xtec.cat\/escola-lavitxeta\/wp-content\/uploads\/usu1195\/2019\/10\/IMATGE-5-english-at-home-1-300x176.jpg 300w, https:\/\/agora.xtec.cat\/escola-lavitxeta\/wp-content\/uploads\/usu1195\/2019\/10\/IMATGE-5-english-at-home-1.jpg 593w\" sizes=\"auto, (max-width: 300px) 100vw, 300px\" \/><\/p>\n<p style=\"text-align: justify;\">Els alumnes de 1r fins a 6\u00e8 que hagin retornat la <a href=\"https:\/\/agora.xtec.cat\/escola-lavitxeta\/wp-content\/uploads\/usu1195\/2019\/10\/CartadecompromisEnglishBags.pdf\">Carta de comprom\u00eds<\/a>, podran comen\u00e7ar a gaudir de les <em><strong>English Bags. <\/strong><\/em>Es tracta de 6 maletes per cada grup-classe i dins de cada maleta hi ha l\u2019explicaci\u00f3 de l\u2019activitat m\u00e9s un llibre en angl\u00e8s.<\/p>\n<p style=\"text-align: justify;\">A la maleta tamb\u00e9 hi hem incl\u00f2s <strong>una guia amb una breu explicaci\u00f3 de la hist\u00f2ria junt amb les paraules clau<\/strong> que poden ajudar a la comprensi\u00f3 del text. A m\u00e9s, els llibres tenen un cd o un USB amb l\u2019<strong>\u00e0udio<\/strong> perqu\u00e8 el puguin escoltar mentre llegeixen.<\/p>\n<p style=\"text-align: justify;\">Creiem que \u00e9s un material molt important per consolidar i ampliar les estructures i vocabulari treballats a classe. Es tracta de gaudir de la lectura tot aprenent. \u00c9s una activitat totalment volunt\u00e0ria.<\/p>\n<p><strong>NOTA IMPORTANT<\/strong><\/p>\n<p style=\"text-align: justify;\"><strong>No totes les <em>English Bags <\/em>s&#8217;han treballat a classe, per la qual cosa no sempre ser\u00e0 f\u00e0cil la seva comprensi\u00f3. <\/strong>No us amo\u00efneu; aquest no \u00e9s l&#8217;objectiu principal, i pels vostres fills i filles no ser\u00e0 tampoc la finalitat de les maletes. Els nens i nenes gaudeixen d&#8217;un material atractiu juntament amb el seu \u00e0udio, s&#8217;habituen a la pronunciaci\u00f3 de la llengua anglesa, escolten paraules conegudes i familiars per ells, etc.<\/p>\n<p style=\"text-align: justify;\">De totes maneres, sempre trobareu informaci\u00f3 i les paraules clau a la guia que s&#8217;adjunta amb les maletes, i al <a href=\"https:\/\/vitxetenglishathome.blogspot.com\/\">bloc d&#8217;angl\u00e8s<\/a>\u00a0hi trobareu unes pestanyes amb tots els <strong>v\u00eddeos dels diferents contes<\/strong> que hem seleccionat per a facilitar la seva comprensi\u00f3:<\/p>\n<ul>\n<li><a href=\"https:\/\/vitxetenglishathome.blogspot.com\/2021\/09\/english-bags-year-1.html\">English Bags &#8211; Primer<\/a><\/li>\n<li><a href=\"https:\/\/vitxetenglishathome.blogspot.com\/2021\/09\/english-bags-year-2.html\">English Bags &#8211; Segon<\/a><\/li>\n<li><a href=\"https:\/\/vitxetenglishathome.blogspot.com\/2021\/09\/english-bags-year-3.html\">English Bags &#8211; Tercer<\/a><\/li>\n<li><a href=\"https:\/\/vitxetenglishathome.blogspot.com\/2021\/09\/english-bags-year-4.html\">English Bags &#8211; Quart<\/a><\/li>\n<li><a href=\"https:\/\/vitxetenglishathome.blogspot.com\/2021\/09\/english-bags-year-5.html\">English Bags &#8211; Cinqu\u00e8<\/a><\/li>\n<li><a href=\"https:\/\/vitxetenglishathome.blogspot.com\/2021\/09\/english-bags-year-6.html\">English Bags &#8211; Sis\u00e8<\/a><\/li>\n<\/ul>\n<p style=\"text-align: justify;\">Les 6 maletes de cada grup sortiran de l&#8217;escola cada setmana a mans de 6 afortunats\/des que l&#8217;hauran de retornar com a data m\u00e0xima el seg\u00fcent <strong>dimecres, <\/strong>de manera que sempre hi hagi un cap de setmana al mig. \u00c9s important retornar-la dins el termini previst perqu\u00e8 pugui anar com en m\u00e9s cases millor, i aix\u00ed la podran gaudir m\u00e9s fam\u00edlies.<\/p>\n<p><em>And that&#8217;s all&#8230; just enjoy the experience!<br \/>\n<\/em><\/p>\n<p>Aquesta activitat est\u00e0 inclosa en el projecte <a href=\"http:\/\/agora.xtec.cat\/escola-lavitxeta\/english-at-home-and-back-to-school\/\">English at Home and Back to School.<\/a><\/p>\n<p>Mestres de llengua anglesa<\/p>\n","protected":false},"excerpt":{"rendered":"<p>\u00a0<\/p>\n<p>Els alumnes de 1r fins a 6\u00e8 que hagin retornat la <a href=\"https:\/\/agora.xtec.cat\/escola-lavitxeta\/wp-content\/uploads\/usu1195\/2019\/10\/CartadecompromisEnglishBags.pdf\">Carta de comprom\u00eds<\/a>, podran comen\u00e7ar a gaudir de les English Bags. Es tracta de 6 maletes per cada grup-classe i dins de cada maleta hi ha l\u2019explicaci\u00f3 de l\u2019activitat m\u00e9s un llibre en&hellip;  <a href=\"https:\/\/agora.xtec.cat\/escola-lavitxeta\/english-bags\/\" title=\"Read English Bags\">Llegeix m\u00e9s\u00bb<\/a><\/p>\n","protected":false},"author":1,"featured_media":0,"parent":0,"menu_order":0,"comment_status":"closed","ping_status":"closed","template":"","meta":{"_bbp_topic_count":0,"_bbp_reply_count":0,"_bbp_total_topic_count":0,"_bbp_total_reply_count":0,"_bbp_voice_count":0,"_bbp_anonymous_reply_count":0,"_bbp_topic_count_hidden":0,"_bbp_reply_count_hidden":0,"_bbp_forum_subforum_count":0,"footnotes":""},"class_list":["post-41008","page","type-page","status-publish","hentry"],"post_mailing_queue_ids":[],"_links":{"self":[{"href":"https:\/\/agora.xtec.cat\/escola-lavitxeta\/wp-json\/wp\/v2\/pages\/41008","targetHints":{"allow":["GET"]}}],"collection":[{"href":"https:\/\/agora.xtec.cat\/escola-lavitxeta\/wp-json\/wp\/v2\/pages"}],"about":[{"href":"https:\/\/agora.xtec.cat\/escola-lavitxeta\/wp-json\/wp\/v2\/types\/page"}],"author":[{"embeddable":true,"href":"https:\/\/agora.xtec.cat\/escola-lavitxeta\/wp-json\/wp\/v2\/users\/1"}],"replies":[{"embeddable":true,"href":"https:\/\/agora.xtec.cat\/escola-lavitxeta\/wp-json\/wp\/v2\/comments?post=41008"}],"version-history":[{"count":3,"href":"https:\/\/agora.xtec.cat\/escola-lavitxeta\/wp-json\/wp\/v2\/pages\/41008\/revisions"}],"predecessor-version":[{"id":47106,"href":"https:\/\/agora.xtec.cat\/escola-lavitxeta\/wp-json\/wp\/v2\/pages\/41008\/revisions\/47106"}],"wp:attachment":[{"href":"https:\/\/agora.xtec.cat\/escola-lavitxeta\/wp-json\/wp\/v2\/media?parent=41008"}],"curies":[{"name":"wp","href":"https:\/\/api.w.org\/{rel}","templated":true}]}}