{"id":40951,"date":"2019-10-09T15:59:34","date_gmt":"2019-10-09T13:59:34","guid":{"rendered":"http:\/\/agora.xtec.cat\/escola-lavitxeta\/?page_id=40951"},"modified":"2019-12-29T00:16:02","modified_gmt":"2019-12-28T23:16:02","slug":"projectes-de-medi-a-primaria","status":"publish","type":"page","link":"https:\/\/agora.xtec.cat\/escola-lavitxeta\/projectes-de-medi-a-primaria\/","title":{"rendered":"Projectes de medi a prim\u00e0ria"},"content":{"rendered":"<p style=\"text-align: justify;\">Des del curs 19-20, <strong>les \u00e0rees de medi social i natural a l&#8217;etapa d&#8217;educaci\u00f3 prim\u00e0ria, a l&#8217;Escola La Vitxeta es treballaran per projectes.<\/strong><\/p>\n<p style=\"text-align: justify;\">El claustre de mestres gr\u00e0cies a la formaci\u00f3 rebuda, i a les din\u00e0miques dutes a terme pel <a href=\"https:\/\/agora.xtec.cat\/escola-lavitxeta\/tag\/escola-nova-21\/\">grup impulsor de l\u2019escola<\/a>, ha acordat i dissenyat aquesta nova opci\u00f3 metodol\u00f2gica a l&#8217;escola, diferent del treball que es duia a terme fa uns cursos on es feia un projecte anual.<\/p>\n<p style=\"text-align: justify;\">El treball per projectes ajuda als infants a <strong>aprendre a aprendre<\/strong>, els motiva a descobrir i, el m\u00e9s important, afavoreix un<strong> aprenentatge significatiu<\/strong>.<\/p>\n<p style=\"text-align: justify;\"><img loading=\"lazy\" decoding=\"async\" class=\"aligncenter size-medium wp-image-40954\" src=\"https:\/\/agora.xtec.cat\/escola-lavitxeta\/wp-content\/uploads\/usu1195\/2019\/10\/Diapositiva2-300x225.jpg\" alt=\"\" width=\"300\" height=\"225\" srcset=\"https:\/\/agora.xtec.cat\/escola-lavitxeta\/wp-content\/uploads\/usu1195\/2019\/10\/Diapositiva2-300x225.jpg 300w, https:\/\/agora.xtec.cat\/escola-lavitxeta\/wp-content\/uploads\/usu1195\/2019\/10\/Diapositiva2-768x576.jpg 768w, https:\/\/agora.xtec.cat\/escola-lavitxeta\/wp-content\/uploads\/usu1195\/2019\/10\/Diapositiva2-200x150.jpg 200w, https:\/\/agora.xtec.cat\/escola-lavitxeta\/wp-content\/uploads\/usu1195\/2019\/10\/Diapositiva2.jpg 960w\" sizes=\"auto, (max-width: 300px) 100vw, 300px\" \/><\/p>\n<table class=\" aligncenter\" style=\"height: 447px; width: 470px;\" width=\"653\">\n<tbody>\n<tr style=\"height: 402px;\">\n<td style=\"width: 464px; height: 402px;\">\n<p style=\"text-align: justify;\"><span style=\"color: #0000ff;\">Metodologia educativa que promou la <b>indagaci\u00f3<\/b> a partir d\u2019una pregunta, problema, necessitat o inter\u00e8s que neix dels <b>alumnes<\/b><b> i\/o <\/b><b>dels<\/b> <b>mestres<\/b>, relacionada amb el <b>curr\u00edculum de la vida<\/b>. Aquesta inquietud es resoldr\u00e0 amb un <b>producte<\/b><b> final que <\/b><b>sigui<\/b> <b>significatiu<\/b><b>.<\/b><\/span><\/p>\n<p style=\"text-align: justify;\"><span style=\"color: #0000ff;\">El mestre\/a \u00e9s un creador d\u2019inquietuds, problematitzant a trav\u00e9s de reptes i bones preguntes, acompanyant, orientant, motivant&#8230;<\/span><\/p>\n<p style=\"text-align: justify;\"><span style=\"color: #0000ff;\">Els alumnes s\u00f3n els <b>protagonistes<\/b> i tenen un paper actiu en la presa de decisions durant tot el projecte. El treball per projecte permet que cada infant potenci\u00ef les seves capacitats individuals i desenvolupi habilitats per ser competent i resoldre els reptes que se li plantegin. Hem de concebre l\u2019infant com un \u00e9sser capa\u00e7 de pensar, de ser cr\u00edtic i reflexiu. El <b>proc\u00e9s<\/b> <b>\u00e9s<\/b><b> flexible<\/b>, fomentant el sentit de grup, l\u2019autonomia, l\u2019experimentaci\u00f3, la diversificaci\u00f3 de materials, la interacci\u00f3 i la inclusi\u00f3.<\/span><\/p>\n<p style=\"text-align: justify;\"><span style=\"color: #0000ff;\">L\u2019<b>avaluaci\u00f3<\/b> de tot el projecte \u00e9s cont\u00ednua, global i compartida entre els alumnes i els mestres, encaminada a l\u2019aprenentatge de l\u2019alumne.<\/span><\/p>\n<p style=\"text-align: right;\"><span style=\"color: #0000ff;\"><b>Definici\u00f3<\/b><b> elaborada i compartida <\/b><b>pel<\/b><b> claustre de <\/b><b>mestres<\/b><b> <\/b><\/span><\/p>\n<p style=\"text-align: right;\"><span style=\"color: #0000ff;\"><b> <\/b><b>Juliol<\/b><b> 2019<\/b><\/span><\/p>\n<\/td>\n<\/tr>\n<\/tbody>\n<\/table>\n<p>&nbsp;<\/p>\n<p>&nbsp;<\/p>\n<p style=\"text-align: justify;\"><img loading=\"lazy\" decoding=\"async\" class=\"aligncenter size-medium wp-image-40958\" src=\"https:\/\/agora.xtec.cat\/escola-lavitxeta\/wp-content\/uploads\/usu1195\/2019\/10\/Diapositiva4-300x225.jpg\" alt=\"\" width=\"300\" height=\"225\" srcset=\"https:\/\/agora.xtec.cat\/escola-lavitxeta\/wp-content\/uploads\/usu1195\/2019\/10\/Diapositiva4-300x225.jpg 300w, https:\/\/agora.xtec.cat\/escola-lavitxeta\/wp-content\/uploads\/usu1195\/2019\/10\/Diapositiva4-768x576.jpg 768w, https:\/\/agora.xtec.cat\/escola-lavitxeta\/wp-content\/uploads\/usu1195\/2019\/10\/Diapositiva4-200x150.jpg 200w, https:\/\/agora.xtec.cat\/escola-lavitxeta\/wp-content\/uploads\/usu1195\/2019\/10\/Diapositiva4.jpg 960w\" sizes=\"auto, (max-width: 300px) 100vw, 300px\" \/><\/p>\n<p style=\"text-align: justify;\">Tot projecte s\u2019inicia a partir d\u2019un repte real, i a trav\u00e9s del proc\u00e9s d\u2019investigaci\u00f3 s\u2019elaborar\u00e0 un producte final que es compartir\u00e0 amb altres companys\/es de l\u2019aula, amb altres cursos o companys de l\u2019escola, amb les fam\u00edlies, etc.<\/p>\n<p style=\"text-align: justify;\">Els <strong>objectius del producte final<\/strong> seran:<\/p>\n<ul style=\"text-align: justify;\">\n<li style=\"list-style-type: none;\">\n<ul>\n<li>Mostrar el qu\u00e8 s\u2019ha apr\u00e8s<\/li>\n<li>Donar import\u00e0ncia a les habilitats d\u2019aplicar, analitzar, avaluar i crear<\/li>\n<li>Informar, sensibilitzar, conscienciar la comunitat (companys d\u2019escola, fam\u00edlies, entorn proper, web&#8230;)<\/li>\n<li>Tenir un motiu per a fer un treball de recerca. L\u2019aprenentatge t\u00e9 un motiu de ser. Demostraci\u00f3 d\u2019un aprenentatge aut\u00e8ntic.<\/li>\n<\/ul>\n<\/li>\n<\/ul>\n<p style=\"text-align: justify;\"><img loading=\"lazy\" decoding=\"async\" class=\"aligncenter wp-image-40970\" src=\"https:\/\/agora.xtec.cat\/escola-lavitxeta\/wp-content\/uploads\/usu1195\/2019\/10\/programar-educacio-primaria-1_page-0036-212x300.jpg\" alt=\"\" width=\"260\" height=\"368\" srcset=\"https:\/\/agora.xtec.cat\/escola-lavitxeta\/wp-content\/uploads\/usu1195\/2019\/10\/programar-educacio-primaria-1_page-0036-212x300.jpg 212w, https:\/\/agora.xtec.cat\/escola-lavitxeta\/wp-content\/uploads\/usu1195\/2019\/10\/programar-educacio-primaria-1_page-0036-768x1085.jpg 768w, https:\/\/agora.xtec.cat\/escola-lavitxeta\/wp-content\/uploads\/usu1195\/2019\/10\/programar-educacio-primaria-1_page-0036-725x1024.jpg 725w, https:\/\/agora.xtec.cat\/escola-lavitxeta\/wp-content\/uploads\/usu1195\/2019\/10\/programar-educacio-primaria-1_page-0036.jpg 1241w\" sizes=\"auto, (max-width: 260px) 100vw, 260px\" \/><\/p>\n<p style=\"text-align: justify;\">Al treball a l&#8217;aula es combinen <strong>diferents agrupacions d\u2019alumnes<\/strong>: individual, parelles, petit grup, gran grup, grups flexibles&#8230; i es tenen en compte <strong>criteris d\u2019heterogene\u00eftat<\/strong>.<\/p>\n<p style=\"text-align: justify;\">Tamb\u00e9 es dona import\u00e0ncia a les <strong>activitats d\u2019experimentaci\u00f3<\/strong> si el tema proposat aix\u00ed ho demana, i sempre que es pugui, tamb\u00e9 es far\u00e0 un treball de mapes i d&#8217;orientaci\u00f3 relacionat amb el tema.<\/p>\n<p style=\"text-align: justify;\">Per tal d&#8217;extreure i analitzar la informaci\u00f3 recollida a l&#8217;aula de diverses fonts, es faciliten <strong>guions o pautes<\/strong> a seguir. Les activitats es dissenyen de m\u00e9s guiades a m\u00e9s flexibles i obertes, on l\u2019alumne \u00e9s m\u00e9s aut\u00f2nom.<\/p>\n<p style=\"text-align: justify;\">\u00c9s important tamb\u00e9 que hi hagi moments de <strong>compartir el treball de cada grup i de posada en com\u00fa<\/strong> (el proc\u00e9s, els dubtes, intercanviar idees i coneixements).<\/p>\n<p style=\"text-align: justify;\"><img loading=\"lazy\" decoding=\"async\" class=\"aligncenter size-medium wp-image-40959\" src=\"https:\/\/agora.xtec.cat\/escola-lavitxeta\/wp-content\/uploads\/usu1195\/2019\/10\/Diapositiva5-300x225.jpg\" alt=\"\" width=\"300\" height=\"225\" srcset=\"https:\/\/agora.xtec.cat\/escola-lavitxeta\/wp-content\/uploads\/usu1195\/2019\/10\/Diapositiva5-300x225.jpg 300w, https:\/\/agora.xtec.cat\/escola-lavitxeta\/wp-content\/uploads\/usu1195\/2019\/10\/Diapositiva5-768x576.jpg 768w, https:\/\/agora.xtec.cat\/escola-lavitxeta\/wp-content\/uploads\/usu1195\/2019\/10\/Diapositiva5-200x150.jpg 200w, https:\/\/agora.xtec.cat\/escola-lavitxeta\/wp-content\/uploads\/usu1195\/2019\/10\/Diapositiva5.jpg 960w\" sizes=\"auto, (max-width: 300px) 100vw, 300px\" \/><\/p>\n<ul style=\"text-align: justify;\">\n<li><a href=\"http:\/\/agora.xtec.cat\/escola-lavitxeta\/principis-de-laprenentatge\/\">7 principis de l&#8217;aprenentatge: <\/a>La recerca sobre \u201cLa naturalesa de l\u2019aprenentatge\u201d ha sintetitzat els principis que haurien de fonamentar els entorns d\u2019aprenentatge del segle 21. Aquests 7 principis que es veuen a la imatge estan recollits a partir \u201cLa Naturalesa de l\u2019aprenentatge&#8221; (<em>The Nature of Learning: Using Research to Inspire Practice<\/em>), publicat per Organitzaci\u00f3 per a la Cooperaci\u00f3 i el Desenvolupament Econ\u00f2mic (OCDE Publications, 2010.).\u00a0 La concreci\u00f3 d\u2019aquests set pilars s\u2019ha basat en les experi\u00e8ncies cognitives, emocionals i biol\u00f2giques dels alumnes.<\/li>\n<\/ul>\n<table class=\" aligncenter\" style=\"height: 718px; width: 498px;\" width=\"647\">\n<tbody>\n<tr>\n<td style=\"width: 492px;\">\n<blockquote>\n<p style=\"text-align: justify;\"><span style=\"color: #0000ff;\"><strong>1. L\u2019alumnat ha de ser el centre de l\u2019aprenentatge.<\/strong> En aquest sentit, els entorns d\u2019aprenentatge han d\u2019atorgar als alumnes el protagonisme que els correspon, estimulant el seu comprom\u00eds i una participaci\u00f3 activa i autoregulada en la construcci\u00f3 del propi coneixement. La pr\u00e0ctica pedag\u00f2gica disposa de metodologies diverses orientades a aquesta finalitat.<\/span><\/p>\n<\/blockquote>\n<blockquote>\n<p style=\"text-align: justify;\"><span style=\"color: #0000ff;\"><strong>2. L\u2019aprenentatge \u00e9s un proc\u00e9s de naturalesa social.<\/strong> L\u2019organitzaci\u00f3 dels entorns d\u2019aprenentatge no ho pot passar per alt i ha de treure partit de la potencialitat de l\u2019aprenentatge cooperatiu. Aquesta metodologia, quan s\u2019utilitza adequadament, permet posar en joc capacitats de naturalesa diversa i obtenir resultats en l\u2019\u00e0mbit conductual i afectiu. D\u2019altra banda, l\u2019aprenentatge aut\u00f2nom i la recerca personal tamb\u00e9 han de disposar del seu espai en l\u2019activitat quotidiana de l\u2019alumne i han d\u2019anar guanyant pes en la seva traject\u00f2ria.<\/span><\/p>\n<p style=\"text-align: justify;\"><span style=\"color: #0000ff;\"><strong>3. Les emocions s\u00f3n part integral de l\u2019aprenentatge.<\/strong> L\u2019aprenentatge \u00e9s un proc\u00e9s que resulta de la combinaci\u00f3 inextricable entre motivaci\u00f3, cognici\u00f3 i emoci\u00f3. L\u2019assoliment de resultats exigeix que les experi\u00e8ncies educatives siguin capaces de connectar amb els interessos i motivacions dels alumnes.<\/span><\/p>\n<p style=\"text-align: justify;\"><span style=\"color: #0000ff;\"><strong>4. L\u2019aprenentatge ha de tenir en compte les difer\u00e8ncies individuals.<\/strong> L\u2019organitzaci\u00f3 dels entorns d\u2019aprenentatge ha de contemplar necess\u00e0riament les difer\u00e8ncies en coneixements previs, estils, estrat\u00e8gies, creences, interessos i motivacions.<\/span><\/p>\n<p style=\"text-align: justify;\"><span style=\"color: #0000ff;\"><strong>5. L\u2019esfor\u00e7 \u00e9s clau per a l\u2019aprenentatge.<\/strong> Els entorns d\u2019aprenentatge han d\u2019estimular els alumnes a posar en joc les seves capacitats per superar-se, evitant la inefic\u00e0cia de la pressi\u00f3 excessiva per a la qualitat dels resultats.<\/span><\/p>\n<p style=\"text-align: justify;\"><span style=\"color: #0000ff;\"><strong>6. L\u2019avaluaci\u00f3 continuada afavoreix l\u2019aprenentatge.<\/strong> Les experi\u00e8ncies educatives han de permetre que els alumnes puguin identificar amb claredat quines s\u00f3n les expectatives en relaci\u00f3 a l\u2019activitat de cadascun d\u2019ells. L\u2019avaluaci\u00f3 formativa \u00e9s indispensable per retroalimentar el proc\u00e9s d\u2019aprenentatge i el disseny de la pr\u00f2pia acci\u00f3 educativa.<\/span><\/p>\n<p style=\"text-align: justify;\"><span style=\"color: #0000ff;\"><strong>7. Aprendre consisteix a construir connexions horitzontals entre \u00e0rees de coneixement i mat\u00e8ries que promoguin la translaci\u00f3 de les estructures de coneixement a situacions noves.<\/strong> Aquesta connectivitat horitzontal tamb\u00e9 s\u2019ha de poder desenvolupar per a la connexi\u00f3 entre l\u2019entorn d\u2019aprenentatge formal, la comunitat en el seu sentit m\u00e9s extens i la societat en general. Les situacions d\u2019aprenentatge aut\u00e8ntic que promouen aquest tipus de connexions permeten obtenir nivells de comprensi\u00f3 m\u00e9s profunds.<\/span><\/p>\n<\/blockquote>\n<\/td>\n<\/tr>\n<\/tbody>\n<\/table>\n<p>&nbsp;<\/p>\n<p>&nbsp;<\/p>\n<p>&nbsp;<\/p>\n<p>&nbsp;<\/p>\n<p>&nbsp;<\/p>\n<p>&nbsp;<\/p>\n<p>&nbsp;<\/p>\n<p>&nbsp;<\/p>\n<p style=\"text-align: justify;\"><img loading=\"lazy\" decoding=\"async\" class=\"wp-image-40960 aligncenter\" src=\"https:\/\/agora.xtec.cat\/escola-lavitxeta\/wp-content\/uploads\/usu1195\/2019\/10\/7p-209x300.jpg\" alt=\"\" width=\"245\" height=\"352\" srcset=\"https:\/\/agora.xtec.cat\/escola-lavitxeta\/wp-content\/uploads\/usu1195\/2019\/10\/7p-209x300.jpg 209w, https:\/\/agora.xtec.cat\/escola-lavitxeta\/wp-content\/uploads\/usu1195\/2019\/10\/7p-768x1102.jpg 768w, https:\/\/agora.xtec.cat\/escola-lavitxeta\/wp-content\/uploads\/usu1195\/2019\/10\/7p-714x1024.jpg 714w, https:\/\/agora.xtec.cat\/escola-lavitxeta\/wp-content\/uploads\/usu1195\/2019\/10\/7p.jpg 1115w\" sizes=\"auto, (max-width: 245px) 100vw, 245px\" \/><\/p>\n<ul style=\"text-align: justify;\">\n<li><a href=\"http:\/\/agora.xtec.cat\/escola-lavitxeta\/curriculum\/\">Curr\u00edculum del Departament d&#8217;Educaci\u00f3: <\/a>A partir de <a href=\"https:\/\/agora.xtec.cat\/escola-lavitxeta\/general\/analitzem-les-nostres-practiques-educatives\/\">An\u00e0lisi de les nostres pr\u00e0ctiques educatives<\/a>, i a partir del document \u201c<a href=\"http:\/\/ensenyament.gencat.cat\/web\/.content\/home\/departament\/publicacions\/colleccions\/competencies-basiques\/primaria\/programar-educacio-primaria.pdf?\">Programar per compet\u00e8ncies a l\u2019educaci\u00f3 prim\u00e0ria<\/a>\u201d del Departament d\u2019Educaci\u00f3 considerem necessari un canvi a l&#8217;\u00e0rea de medi i aquesta opci\u00f3 metodol\u00f2gica facilita i promou un treball m\u00e9s competencial, tal com descriu el Curr\u00edculum.<\/li>\n<\/ul>\n<p style=\"text-align: justify;\"><img loading=\"lazy\" decoding=\"async\" class=\"aligncenter size-medium wp-image-40968\" src=\"https:\/\/agora.xtec.cat\/escola-lavitxeta\/wp-content\/uploads\/usu1195\/2019\/10\/programar-educacio-primaria-1_page-0001-212x300.jpg\" alt=\"\" width=\"212\" height=\"300\" srcset=\"https:\/\/agora.xtec.cat\/escola-lavitxeta\/wp-content\/uploads\/usu1195\/2019\/10\/programar-educacio-primaria-1_page-0001-212x300.jpg 212w, https:\/\/agora.xtec.cat\/escola-lavitxeta\/wp-content\/uploads\/usu1195\/2019\/10\/programar-educacio-primaria-1_page-0001-768x1085.jpg 768w, https:\/\/agora.xtec.cat\/escola-lavitxeta\/wp-content\/uploads\/usu1195\/2019\/10\/programar-educacio-primaria-1_page-0001-725x1024.jpg 725w, https:\/\/agora.xtec.cat\/escola-lavitxeta\/wp-content\/uploads\/usu1195\/2019\/10\/programar-educacio-primaria-1_page-0001.jpg 1241w\" sizes=\"auto, (max-width: 212px) 100vw, 212px\" \/><\/p>\n<ul style=\"text-align: justify;\">\n<li><strong>Habilitats per un futur immediat:<\/strong> El treball per projectes ajuda a desenvolupar les habilitats necess\u00e0ries d\u2019un futur immediat.<\/li>\n<\/ul>\n<p style=\"padding-left: 40px; text-align: justify;\">Aquest \u00e9s el llistat d&#8217;habilitats que recull el Forum Economic Mundial sobre quines seran les habilitats necess\u00e0ries per als ciutadans del futur, habilitats que es poden treballar i desenvolupar a trav\u00e9s del treball per projectes:<\/p>\n<p style=\"text-align: justify;\"><img loading=\"lazy\" decoding=\"async\" class=\"aligncenter wp-image-40964\" src=\"https:\/\/agora.xtec.cat\/escola-lavitxeta\/wp-content\/uploads\/usu1195\/2019\/10\/bD4ikTLC2_fTr1843WCwYsZFbkCs-VwJBAQu2COD1rE-300x274.png\" alt=\"\" width=\"368\" height=\"336\" srcset=\"https:\/\/agora.xtec.cat\/escola-lavitxeta\/wp-content\/uploads\/usu1195\/2019\/10\/bD4ikTLC2_fTr1843WCwYsZFbkCs-VwJBAQu2COD1rE-300x274.png 300w, https:\/\/agora.xtec.cat\/escola-lavitxeta\/wp-content\/uploads\/usu1195\/2019\/10\/bD4ikTLC2_fTr1843WCwYsZFbkCs-VwJBAQu2COD1rE-768x702.png 768w, https:\/\/agora.xtec.cat\/escola-lavitxeta\/wp-content\/uploads\/usu1195\/2019\/10\/bD4ikTLC2_fTr1843WCwYsZFbkCs-VwJBAQu2COD1rE-1024x936.png 1024w\" sizes=\"auto, (max-width: 368px) 100vw, 368px\" \/><\/p>\n<p>&nbsp;<\/p>\n<p style=\"text-align: justify;\"><img loading=\"lazy\" decoding=\"async\" class=\"aligncenter size-medium wp-image-40966\" src=\"https:\/\/agora.xtec.cat\/escola-lavitxeta\/wp-content\/uploads\/usu1195\/2019\/10\/Diapositiva6-300x225.jpg\" alt=\"\" width=\"300\" height=\"225\" srcset=\"https:\/\/agora.xtec.cat\/escola-lavitxeta\/wp-content\/uploads\/usu1195\/2019\/10\/Diapositiva6-300x225.jpg 300w, https:\/\/agora.xtec.cat\/escola-lavitxeta\/wp-content\/uploads\/usu1195\/2019\/10\/Diapositiva6-768x576.jpg 768w, https:\/\/agora.xtec.cat\/escola-lavitxeta\/wp-content\/uploads\/usu1195\/2019\/10\/Diapositiva6-200x150.jpg 200w, https:\/\/agora.xtec.cat\/escola-lavitxeta\/wp-content\/uploads\/usu1195\/2019\/10\/Diapositiva6.jpg 960w\" sizes=\"auto, (max-width: 300px) 100vw, 300px\" \/><\/p>\n<p style=\"text-align: justify;\">Es treballa el medi per projectes a tota l&#8217;educaci\u00f3 prim\u00e0ria, tres per cada curs escolar i la tem\u00e0tica \u00e9s la mateixa per a tots els nivells.<\/p>\n<p style=\"text-align: justify;\">Tots els nivells tenen una <strong>carpeta verda<\/strong> com a eina per a planificar els projectes i poder-los compartir amb la resta de mestres. Aix\u00ed mateix tots els nivells tenen un <strong>Diari Curricular <\/strong>on es recullen els continguts i projectes treballats per cada promoci\u00f3.<\/p>\n<p style=\"text-align: justify;\">S&#8217;han escollit 6 temes donant resposta als <strong>Blocs de Continguts del Curr\u00edculum de prim\u00e0ria<\/strong>. Una avantatge d&#8217;aquesta proposta \u00e9s que tota la prim\u00e0ria treballa el mateix bloc i promou el treball conjunt de mestres i alumnes.<\/p>\n<p style=\"text-align: justify;\">Per altra banda, amb la unificaci\u00f3 de les \u00e0rees de medi es dediquen m\u00e9s hores a aquest treball per projectes.<\/p>\n<p style=\"text-align: justify;\">A continuaci\u00f3 podeu veure tota la presentaci\u00f3 sobre el treball per projectes presentat a les reunions de tutoria:<\/p>\n<p style=\"text-align: justify;\"><iframe loading=\"lazy\" src=\"https:\/\/www.slideshare.net\/slideshow\/embed_code\/180370116\" width=\"400\" height=\"337\" frameborder=\"0\" marginwidth=\"0\" marginheight=\"0\" scrolling=\"no\"><\/iframe><br\/><\/p>\n<p style=\"text-align: justify;\"><strong>Articles d&#8217;inter\u00e8s:<\/strong><\/p>\n<ul style=\"text-align: justify;\">\n<li><a href=\"https:\/\/natibergada.cat\/15-avantatges-indiscutibles-de-treballar-per-projectes\">Avantatges indiscutibles de treballar per projectes. Nati Bergad\u00e0<\/a><\/li>\n<\/ul>\n<p style=\"text-align: justify;\"><strong>Entrades relacionades a la nostra p\u00e0gina web:<\/strong><\/p>\n<ul>\n<li style=\"text-align: justify;\"><a href=\"https:\/\/agora.xtec.cat\/escola-lavitxeta\/tag\/projectes-de-medi\/\">Projectes de medi<\/a><\/li>\n<\/ul>\n","protected":false},"excerpt":{"rendered":"<p>Des del curs 19-20, les \u00e0rees de medi social i natural a l&#8217;etapa d&#8217;educaci\u00f3 prim\u00e0ria, a l&#8217;Escola La Vitxeta es treballaran per projectes.<br \/>\nEl claustre de mestres gr\u00e0cies a la formaci\u00f3 rebuda, i a les din\u00e0miques dutes a terme pel <a href=\"https:\/\/agora.xtec.cat\/escola-lavitxeta\/tag\/escola-nova-21\/\">grup impulsor de l\u2019escola<\/a>, ha&hellip;  <a href=\"https:\/\/agora.xtec.cat\/escola-lavitxeta\/projectes-de-medi-a-primaria\/\" title=\"Read Projectes de medi a prim\u00e0ria\">Llegeix m\u00e9s\u00bb<\/a><\/p>\n","protected":false},"author":1,"featured_media":0,"parent":0,"menu_order":0,"comment_status":"closed","ping_status":"closed","template":"","meta":{"_bbp_topic_count":0,"_bbp_reply_count":0,"_bbp_total_topic_count":0,"_bbp_total_reply_count":0,"_bbp_voice_count":0,"_bbp_anonymous_reply_count":0,"_bbp_topic_count_hidden":0,"_bbp_reply_count_hidden":0,"_bbp_forum_subforum_count":0,"footnotes":""},"class_list":["post-40951","page","type-page","status-publish","hentry"],"post_mailing_queue_ids":[],"_links":{"self":[{"href":"https:\/\/agora.xtec.cat\/escola-lavitxeta\/wp-json\/wp\/v2\/pages\/40951","targetHints":{"allow":["GET"]}}],"collection":[{"href":"https:\/\/agora.xtec.cat\/escola-lavitxeta\/wp-json\/wp\/v2\/pages"}],"about":[{"href":"https:\/\/agora.xtec.cat\/escola-lavitxeta\/wp-json\/wp\/v2\/types\/page"}],"author":[{"embeddable":true,"href":"https:\/\/agora.xtec.cat\/escola-lavitxeta\/wp-json\/wp\/v2\/users\/1"}],"replies":[{"embeddable":true,"href":"https:\/\/agora.xtec.cat\/escola-lavitxeta\/wp-json\/wp\/v2\/comments?post=40951"}],"version-history":[{"count":3,"href":"https:\/\/agora.xtec.cat\/escola-lavitxeta\/wp-json\/wp\/v2\/pages\/40951\/revisions"}],"predecessor-version":[{"id":42480,"href":"https:\/\/agora.xtec.cat\/escola-lavitxeta\/wp-json\/wp\/v2\/pages\/40951\/revisions\/42480"}],"wp:attachment":[{"href":"https:\/\/agora.xtec.cat\/escola-lavitxeta\/wp-json\/wp\/v2\/media?parent=40951"}],"curies":[{"name":"wp","href":"https:\/\/api.w.org\/{rel}","templated":true}]}}