{"id":38,"date":"2014-09-18T12:34:08","date_gmt":"2014-09-18T10:34:08","guid":{"rendered":"http:\/\/agora.xtec.cat\/escola-lavitxeta\/?page_id=38"},"modified":"2019-02-09T09:44:20","modified_gmt":"2019-02-09T08:44:20","slug":"salut","status":"publish","type":"page","link":"https:\/\/agora.xtec.cat\/escola-lavitxeta\/salut\/","title":{"rendered":"Salut"},"content":{"rendered":"<div id=\"unav_gcc_filariadna\" class=\"FW_bFilAriadna\"><\/div>\n<div id=\"unav_gcc_main\">\n<div id=\"mainContainer\"><\/div>\n<div class=\"FW_column_divider\">\n<div id=\"center_1_1\">\n<div class=\"FW_column_portlet fpc_article\">\n<div class=\"FW_sDetallGeneral\">\n<div class=\"\">\n<div class=\"FW_bContingutArticle \">\n<div class=\"FW_sArticleFoto\">\n<div class=\"FW_sFlotaEsqu\">\n<dl>\n<dd><img loading=\"lazy\" decoding=\"async\" class=\"aligncenter\" title=\"Salut i seguretat\" src=\"http:\/\/familiaiescola.gencat.cat\/web\/.content\/home\/escolaritat\/etapes-educatives\/imatges\/_mg_8131.jpg_738721075.jpg\" alt=\"Salut i seguretat\" width=\"300\" height=\"111\" \/><\/dd>\n<\/dl>\n<\/div>\n<div class=\"FW_sEditPro\">\n<p style=\"text-align: justify;\">Com sabeu, uns h\u00e0bits saludables ajudaran els vostres fills a cr\u00e9ixer amb m\u00e9s salut i seguretat. Penseu que en aquesta feina no esteu sols; a l&#8217;escola tamb\u00e9 es treballa perqu\u00e8 els vostres fills aprenguin, creixin i interaccionin de manera saludable amb les persones, els objectes, els recursos i l&#8217;entorn.<\/p>\n<blockquote>\n<p style=\"text-align: justify;\">Durant el segon cicle d&#8217;educaci\u00f3 infantil i l&#8217;etapa d&#8217;educaci\u00f3 prim\u00e0ria <strong>(3-12 anys)<\/strong>, cal ajudar-los a con\u00e8ixer el seu cos, a descobrir les seves necessitats (d&#8217;higiene, de descans, d&#8217;alimentaci\u00f3\u2026) i a regular-les. La vostra col\u00b7laboraci\u00f3 amb els mestres \u00e9s molt important per tal de compartir l&#8217;acompanyament en aquest proc\u00e9s d&#8217;autoconeixement i fer-los veure que un estil de vida saludable afavoreix el seu rendiment intel\u00b7lectual i les seves relacions personals. Recordeu que vosaltres sou un model per als vostres fills<\/p>\n<p style=\"text-align: right;\">Fam\u00edlia i escola, gencat.cat<\/p>\n<\/blockquote>\n<\/div>\n<div class=\"FW_sPregunta FW_sImpacte\">\n<h5 id=\"FW_bloc_650f1bd6-560d-11e4-9770-000c29cdf219_5\" class=\"FW_ancora\">Indisposici\u00f3 i malalties infeccioses<\/h5>\n<div class=\"FW_sArticleFoto\">\n<div class=\"FW_sEditPro\">\n<p style=\"text-align: justify;\">Com m\u00e9s petits siguin els vostres fills quan van a l&#8217;escola, m\u00e9s gran \u00e9s la tend\u00e8ncia a patir malalties lleus amb s\u00edmptomes com febre, mal de panxa, etc. Si el mestre o la mestra detecta que l&#8217;estat de salut del vostre fill o filla dificulta el seguiment normal de les activitats contactar\u00e0 amb vosaltres perqu\u00e8 l&#8217;aneu a buscar.<\/p>\n<p style=\"text-align: justify;\"><span style=\"color: #ff0000;\"><strong>\u00c9s molt important que deixeu un tel\u00e8fon de contacte disponible durant l&#8217;horari escolar i que tingueu disponibilitat o una persona de contacte per anar-lo a buscar en cas de necessitat.<\/strong><\/span><\/p>\n<p style=\"text-align: justify;\">Els polls \u00e9s una causa de contagi repetitiu en els centres educatius per\u00f2 cal puntualitzar que els polls no salten ni volen, sin\u00f3 que passen d&#8217;un cap a l&#8217;altre per contacte dels cabells (tamb\u00e9 s&#8217;encomanen per l&#8217;intercanvi de pintes, raspalls, guarniments del cap, gorres, etc.).<\/p>\n<p style=\"text-align: justify;\">En cas que detecteu que els vostres fills tenen polls, \u00e9s important que ho comuniqueu r\u00e0pidament al centre, d&#8217;aquesta manera \u00a0el centre envia la notificaci\u00f3 de la pres\u00e8ncia de polls a l&#8217;aula amb la que ho comunica a totes les fam\u00edlies.<\/p>\n<p style=\"text-align: justify;\"><strong>Aquesta comunicaci\u00f3 \u00e9s molt important per prevenir el contagi perqu\u00e8 permet que totes les fam\u00edlies feu la mateixa actuaci\u00f3 alhora. <\/strong><\/p>\n<p style=\"text-align: justify;\">Quan la rebeu, el que heu de fer a casa (<span style=\"text-decoration: underline;\"><strong>el mateix dia<\/strong><\/span>) \u00e9s revisar els cabells dels vostres fills i de les persones que conviviu amb ells. Si es detecta la pres\u00e8ncia de polls en algun membre de la fam\u00edlia, cal que tots els que estiguin infectats inici\u00efn el tractament de seguida. Tingueu en compte que no \u00e9s recomanable l&#8217;\u00fas preventiu de productes insecticides; \u00e9s a dir, les persones de la vostra fam\u00edlia a les quals no se&#8217;ls detecta la pres\u00e8ncia de polls al cap no se&#8217;ls ha de posar en tractament.<\/p>\n<\/div>\n<\/div>\n<div class=\"FW_clear FW_hrBlanc\"><\/div>\n<\/div>\n<div class=\"FW_sPregunta FW_sImpacte\">\n<h5 id=\"FW_bloc_650f1bd6-560d-11e4-9770-000c29cdf219_6\" class=\"FW_ancora\">Administraci\u00f3 de medicaments<\/h5>\n<div class=\"FW_sArticleFoto\">\n<div class=\"FW_sEditPro\">\n<p style=\"text-align: justify;\">En els centres p\u00fablics i en cas que sigui imprescindible que el vostre fill o filla hagi de rebre alguna medicaci\u00f3 durant l&#8217;horari escolar, caldr\u00e0 que \u00a0feu arribar <span style=\"text-decoration: underline;\"><strong>una recepta o un informe del metge on consti el nom i cognoms del nen o de la nena, el nom del medicament i la pauta que s&#8217;ha de seguir<\/strong><\/span> (moment del dia i quantitat que ha de prendre).<\/p>\n<p style=\"text-align: justify;\">Aix\u00ed mateix, tamb\u00e9 haureu d&#8217;aportar al personal del centre educatiu l&#8217;<span style=\"text-decoration: underline;\"><strong>autoritzaci\u00f3 per l&#8217;administraci\u00f3 de medicaments<\/strong><\/span> perqu\u00e8 li administri la medicaci\u00f3 receptada.<\/p>\n<\/div>\n<\/div>\n<div class=\"FW_clear FW_hrBlanc\">Per m\u00e9s dubtes i consultes podeu consultar:<\/div>\n<div><\/div>\n<div class=\"FW_clear FW_hrBlanc\"><a href=\"http:\/\/familiaiescola.gencat.cat\/ca\/escolaritat\/etapes-educatives\/educacio-primaria\/salut-seguretat-escola\/#FW_bloc_650f1bd6-560d-11e4-9770-000c29cdf219_5\">Salut i seguretat a l&#8217;escola<\/a><\/div>\n<div class=\"FW_clear FW_hrBlanc\"><a href=\"http:\/\/familiaiescola.gencat.cat\/ca\/butlleti\/\">Butllet\u00ed fam\u00edlia i escola<\/a><\/div>\n<\/div>\n<\/div>\n<\/div>\n<\/div>\n<div class=\"FW_clear FW_hrBlanc\" style=\"text-align: left;\"><a href=\"http:\/\/agora.xtec.cat\/escola-lavitxeta\/docs\/\">DESC\u00c0RREGA DE DOCUMENTS<\/a><\/div>\n<div class=\"\"><\/div>\n<\/div>\n<\/div>\n<\/div>\n<\/div>\n<\/div>\n","protected":false},"excerpt":{"rendered":"<p>Com sabeu, uns h\u00e0bits saludables ajudaran els vostres fills a cr\u00e9ixer amb m\u00e9s salut i seguretat. Penseu que en aquesta feina no esteu sols; a l&#8217;escola tamb\u00e9 es treballa perqu\u00e8 els vostres fills aprenguin, creixin i interaccionin de manera saludable amb les persones, els objectes,&hellip;  <a href=\"https:\/\/agora.xtec.cat\/escola-lavitxeta\/salut\/\" title=\"Read Salut\">Llegeix m\u00e9s\u00bb<\/a><\/p>\n","protected":false},"author":1,"featured_media":0,"parent":0,"menu_order":7,"comment_status":"closed","ping_status":"closed","template":"page-templates\/side-menu.php","meta":{"_bbp_topic_count":0,"_bbp_reply_count":0,"_bbp_total_topic_count":0,"_bbp_total_reply_count":0,"_bbp_voice_count":0,"_bbp_anonymous_reply_count":0,"_bbp_topic_count_hidden":0,"_bbp_reply_count_hidden":0,"_bbp_forum_subforum_count":0,"footnotes":""},"class_list":["post-38","page","type-page","status-publish","hentry"],"post_mailing_queue_ids":[],"_links":{"self":[{"href":"https:\/\/agora.xtec.cat\/escola-lavitxeta\/wp-json\/wp\/v2\/pages\/38","targetHints":{"allow":["GET"]}}],"collection":[{"href":"https:\/\/agora.xtec.cat\/escola-lavitxeta\/wp-json\/wp\/v2\/pages"}],"about":[{"href":"https:\/\/agora.xtec.cat\/escola-lavitxeta\/wp-json\/wp\/v2\/types\/page"}],"author":[{"embeddable":true,"href":"https:\/\/agora.xtec.cat\/escola-lavitxeta\/wp-json\/wp\/v2\/users\/1"}],"replies":[{"embeddable":true,"href":"https:\/\/agora.xtec.cat\/escola-lavitxeta\/wp-json\/wp\/v2\/comments?post=38"}],"version-history":[{"count":3,"href":"https:\/\/agora.xtec.cat\/escola-lavitxeta\/wp-json\/wp\/v2\/pages\/38\/revisions"}],"predecessor-version":[{"id":37226,"href":"https:\/\/agora.xtec.cat\/escola-lavitxeta\/wp-json\/wp\/v2\/pages\/38\/revisions\/37226"}],"wp:attachment":[{"href":"https:\/\/agora.xtec.cat\/escola-lavitxeta\/wp-json\/wp\/v2\/media?parent=38"}],"curies":[{"name":"wp","href":"https:\/\/api.w.org\/{rel}","templated":true}]}}