{"id":37932,"date":"2019-02-17T21:16:48","date_gmt":"2019-02-17T20:16:48","guid":{"rendered":"http:\/\/agora.xtec.cat\/escola-lavitxeta\/?page_id=37932"},"modified":"2022-11-04T08:51:02","modified_gmt":"2022-11-04T07:51:02","slug":"espais-internivells-de-plastica-a-primaria","status":"publish","type":"page","link":"https:\/\/agora.xtec.cat\/escola-lavitxeta\/espais-internivells-de-plastica-a-primaria\/","title":{"rendered":"Tallers internivells de pl\u00e0stica a prim\u00e0ria"},"content":{"rendered":"<blockquote>\n<blockquote><p><img loading=\"lazy\" decoding=\"async\" class=\"wp-image-44986 alignleft\" src=\"https:\/\/agora.xtec.cat\/escola-lavitxeta\/wp-content\/uploads\/usu1195\/2020\/10\/unnamed.png\" alt=\"\" width=\"58\" height=\"52\" srcset=\"https:\/\/agora.xtec.cat\/escola-lavitxeta\/wp-content\/uploads\/usu1195\/2020\/10\/unnamed.png 512w, https:\/\/agora.xtec.cat\/escola-lavitxeta\/wp-content\/uploads\/usu1195\/2020\/10\/unnamed-300x270.png 300w\" sizes=\"auto, (max-width: 58px) 100vw, 58px\" \/><span style=\"color: #0000ff;\">Aquesta activitat es dur\u00e0 a terme a partir del segon quadrimestre d&#8217;aquest curs.<\/span><\/p><\/blockquote>\n<\/blockquote>\n<p style=\"text-align: justify;\"><img loading=\"lazy\" decoding=\"async\" class=\"size-medium wp-image-37915 aligncenter\" src=\"https:\/\/agora.xtec.cat\/escola-lavitxeta\/wp-content\/uploads\/usu1195\/1550245870673229-300x169.jpg\" alt=\"\" width=\"300\" height=\"169\" srcset=\"https:\/\/agora.xtec.cat\/escola-lavitxeta\/wp-content\/uploads\/usu1195\/1550245870673229-300x169.jpg 300w, https:\/\/agora.xtec.cat\/escola-lavitxeta\/wp-content\/uploads\/usu1195\/1550245870673229-768x432.jpg 768w, https:\/\/agora.xtec.cat\/escola-lavitxeta\/wp-content\/uploads\/usu1195\/1550245870673229-1024x576.jpg 1024w\" sizes=\"auto, (max-width: 300px) 100vw, 300px\" \/><\/p>\n<p>&nbsp;<\/p>\n<p style=\"text-align: justify;\">L&#8217;<strong>educaci\u00f3 visual i pl\u00e0stica<\/strong> configura part del <a href=\"http:\/\/agora.xtec.cat\/escola-lavitxeta\/curriculum\/\">curr\u00edculum<\/a> d&#8217;Educaci\u00f3 art\u00edstica de l&#8217;Educaci\u00f3 Prim\u00e0ria. Articula el coneixement i les compet\u00e8ncies pr\u00f2pies de la creaci\u00f3 art\u00edstica com s\u00f3n l&#8217;<strong>exploraci\u00f3<\/strong> i la <strong>percepci\u00f3<\/strong> i la <strong>interpretaci\u00f3<\/strong> i la <strong>creaci\u00f3<\/strong>. Explorar i percebre inclou aquells aspectes relacionats amb el desenvolupament de capacitats de reconeixement visual que ajuden a entendre les diferents manifestacions art\u00edstiques, aix\u00ed com el coneixement i gaudi de produccions pl\u00e0stiques diverses. Interpretar i crear es refereix a l\u2019expressi\u00f3 d\u2019idees i sentiments per mitj\u00e0 del coneixement i l\u2019\u00fas de diferents codis i t\u00e8cniques art\u00edstics.<\/p>\n<p style=\"text-align: justify;\">Des del curs 18\/19 a <strong>prim\u00e0ria <\/strong>vam engegar un projecte de creaci\u00f3 de diferents tallers<strong>\u00a0internivells<\/strong> on tot l&#8217;alumnat pot participar en <strong>diferents propostes art\u00edstiques<\/strong>. El <strong>grup de mitjans<\/strong> (de 1r a 3r) i el <strong>grup de grans<\/strong> (de 4t a 6\u00e8) es reorganitzen una tarda a la setmana en 8 grups de 18\/19 alumnes de les diferents classes i al llarg de tres sessions assisteixen a un espai diferent. Un total de 4 espais duplicats. A cada espai es treballen <strong>diferents t\u00e8cniques<\/strong>, per\u00f2 sobretot representen un mitj\u00e0 on es desenvolupa la creativitat i l&#8217;expressi\u00f3.<\/p>\n<p style=\"text-align: justify;\">I com en tot projecte viu, hi ha modificacions i durant el curs 19\/20 es van aplicar canvis organitzatius i de format amb l&#8217;objectiu de millorar l&#8217;experi\u00e8ncia del curs anterior.<\/p>\n<p style=\"text-align: justify;\">Aquests tipus d&#8217;agrupaments internivells afavoreixen la <strong>interacci\u00f3 dels infants de diferents edats<\/strong> que d\u2019una altra manera dif\u00edcilment es relacionarien, i d&#8217;aquesta interacci\u00f3 n&#8217;esdevenen <strong>molts aprenentatges<\/strong>. Tamb\u00e9 afavoreixen la <strong>reducci\u00f3 de les r\u00e0tios<\/strong> (es redueix el nombre d&#8217;alumnes per grup, ja que hi ha 8 grups per als 6 grups-classe), i alhora es poden <strong>atendre millor les necessitats dels alumnes<\/strong>. Aix\u00ed mateix, moure\u2019s pels espais diferents de l&#8217;escola acompanyats per diferents mestres, comporta viure situacions noves i, aix\u00ed, anar adquirint <strong>seguretat i autonomia personal<\/strong>.<\/p>\n<ul>\n<li style=\"text-align: justify;\">En els <strong>tallers\u00a0de volum<\/strong> els alumnes percebran a trav\u00e9s de diferents obres, experimentant amb massa i altres utensilis. Fent una mirada i aproximaci\u00f3 als teixits urbans.<\/li>\n<li style=\"text-align: justify;\">En els <strong>tallers\u00a0de color<\/strong> s\u2019observaran diferents obres, experimentaran i jugaran amb la llum, entenent el missatge que volen expressar amb els colors.<\/li>\n<li style=\"text-align: justify;\">En el <strong>tra\u00e7<\/strong> es far\u00e0 un treball de percepci\u00f3 i experimentaci\u00f3 de les l\u00ednies, en l\u2019autoretrat i en els diferents tipus d\u2019escriptura al llarg de la hist\u00f2ria.<\/li>\n<li style=\"text-align: justify;\">En els <strong>tallers d\u2019expressi\u00f3 corporal,<\/strong> a parir de danses lliures, m\u00edmica i coreografies, els alumnes podran expressar-se i experimentar amb la llum.<\/li>\n<\/ul>\n\n\t\t<style type=\"text\/css\">\n\t\t\t#gallery-1 {\n\t\t\t\tmargin: auto;\n\t\t\t}\n\t\t\t#gallery-1 .gallery-item {\n\t\t\t\tfloat: left;\n\t\t\t\tmargin-top: 10px;\n\t\t\t\ttext-align: center;\n\t\t\t\twidth: 25%;\n\t\t\t}\n\t\t\t#gallery-1 img {\n\t\t\t\tborder: 2px solid #cfcfcf;\n\t\t\t}\n\t\t\t#gallery-1 .gallery-caption {\n\t\t\t\tmargin-left: 0;\n\t\t\t}\n\t\t\t\/* see gallery_shortcode() in wp-includes\/media.php *\/\n\t\t<\/style>\n\t\t<div id='gallery-1' class='gallery galleryid-37932 gallery-columns-4 gallery-size-thumbnail'><dl class='gallery-item'>\n\t\t\t<dt class='gallery-icon portrait'>\n\t\t\t\t<a href='https:\/\/agora.xtec.cat\/escola-lavitxeta\/general\/tallers-de-plastica-internivells-a-primaria-curs-2019-20\/attachment\/20200118_152621\/'><img loading=\"lazy\" decoding=\"async\" width=\"150\" height=\"150\" src=\"https:\/\/agora.xtec.cat\/escola-lavitxeta\/wp-content\/uploads\/usu1195\/2020\/01\/20200118_152621-150x150.jpg\" class=\"attachment-thumbnail size-thumbnail\" alt=\"\" \/><\/a>\n\t\t\t<\/dt><\/dl><dl class='gallery-item'>\n\t\t\t<dt class='gallery-icon portrait'>\n\t\t\t\t<a href='https:\/\/agora.xtec.cat\/escola-lavitxeta\/general\/tallers-de-plastica-internivells-a-primaria-curs-2019-20\/attachment\/20200118_152647\/'><img loading=\"lazy\" decoding=\"async\" width=\"150\" height=\"150\" src=\"https:\/\/agora.xtec.cat\/escola-lavitxeta\/wp-content\/uploads\/usu1195\/2020\/01\/20200118_152647-150x150.jpg\" class=\"attachment-thumbnail size-thumbnail\" alt=\"\" \/><\/a>\n\t\t\t<\/dt><\/dl><dl class='gallery-item'>\n\t\t\t<dt class='gallery-icon portrait'>\n\t\t\t\t<a href='https:\/\/agora.xtec.cat\/escola-lavitxeta\/general\/tallers-de-plastica-internivells-a-primaria-curs-2019-20\/attachment\/20200118_152554\/'><img loading=\"lazy\" decoding=\"async\" width=\"150\" height=\"150\" src=\"https:\/\/agora.xtec.cat\/escola-lavitxeta\/wp-content\/uploads\/usu1195\/2020\/01\/20200118_152554-150x150.jpg\" class=\"attachment-thumbnail size-thumbnail\" alt=\"\" \/><\/a>\n\t\t\t<\/dt><\/dl><dl class='gallery-item'>\n\t\t\t<dt class='gallery-icon portrait'>\n\t\t\t\t<a href='https:\/\/agora.xtec.cat\/escola-lavitxeta\/general\/tallers-de-plastica-internivells-a-primaria-curs-2019-20\/attachment\/20200118_152653\/'><img loading=\"lazy\" decoding=\"async\" width=\"150\" height=\"150\" src=\"https:\/\/agora.xtec.cat\/escola-lavitxeta\/wp-content\/uploads\/usu1195\/2020\/01\/20200118_152653-150x150.jpg\" class=\"attachment-thumbnail size-thumbnail\" alt=\"\" \/><\/a>\n\t\t\t<\/dt><\/dl><br style=\"clear: both\" \/><dl class='gallery-item'>\n\t\t\t<dt class='gallery-icon portrait'>\n\t\t\t\t<a href='https:\/\/agora.xtec.cat\/escola-lavitxeta\/general\/tallers-de-plastica-internivells-a-primaria-curs-2019-20\/attachment\/20200118_152632\/'><img loading=\"lazy\" decoding=\"async\" width=\"150\" height=\"150\" src=\"https:\/\/agora.xtec.cat\/escola-lavitxeta\/wp-content\/uploads\/usu1195\/2020\/01\/20200118_152632-150x150.jpg\" class=\"attachment-thumbnail size-thumbnail\" alt=\"\" \/><\/a>\n\t\t\t<\/dt><\/dl><dl class='gallery-item'>\n\t\t\t<dt class='gallery-icon portrait'>\n\t\t\t\t<a href='https:\/\/agora.xtec.cat\/escola-lavitxeta\/general\/tallers-de-plastica-internivells-a-primaria-curs-2019-20\/attachment\/20200118_152639\/'><img loading=\"lazy\" decoding=\"async\" width=\"150\" height=\"150\" src=\"https:\/\/agora.xtec.cat\/escola-lavitxeta\/wp-content\/uploads\/usu1195\/2020\/01\/20200118_152639-150x150.jpg\" class=\"attachment-thumbnail size-thumbnail\" alt=\"\" \/><\/a>\n\t\t\t<\/dt><\/dl><dl class='gallery-item'>\n\t\t\t<dt class='gallery-icon portrait'>\n\t\t\t\t<a href='https:\/\/agora.xtec.cat\/escola-lavitxeta\/general\/tallers-de-plastica-internivells-a-primaria-curs-2019-20\/attachment\/20200118_152609\/'><img loading=\"lazy\" decoding=\"async\" width=\"150\" height=\"150\" src=\"https:\/\/agora.xtec.cat\/escola-lavitxeta\/wp-content\/uploads\/usu1195\/2020\/01\/20200118_152609-150x150.jpg\" class=\"attachment-thumbnail size-thumbnail\" alt=\"\" \/><\/a>\n\t\t\t<\/dt><\/dl><dl class='gallery-item'>\n\t\t\t<dt class='gallery-icon portrait'>\n\t\t\t\t<a href='https:\/\/agora.xtec.cat\/escola-lavitxeta\/general\/tallers-de-plastica-internivells-a-primaria-curs-2019-20\/attachment\/20200118_152700\/'><img loading=\"lazy\" decoding=\"async\" width=\"150\" height=\"150\" src=\"https:\/\/agora.xtec.cat\/escola-lavitxeta\/wp-content\/uploads\/usu1195\/2020\/01\/20200118_152700-150x150.jpg\" class=\"attachment-thumbnail size-thumbnail\" alt=\"\" \/><\/a>\n\t\t\t<\/dt><\/dl><br style=\"clear: both\" \/>\n\t\t<\/div>\n\n<p><span style=\"font-family: inherit; font-size: 1em; text-align: justify;\">La valoraci\u00f3 \u00e9s molt positiva ja que nens i nenes han rebut molt b\u00e9 la proposta organitzativa i gaudeixen molt dels diferents espais. I aix\u00f2 nom\u00e9s comen\u00e7a&#8230; entre tots i totes anirem construint aquest projecte i millorant els aspectes que calguin per adequar les propostes als interessos de l&#8217;alumnat.<\/span><\/p>\n","protected":false},"excerpt":{"rendered":"<p>Aquesta activitat es dur\u00e0 a terme a partir del segon quadrimestre d&#8217;aquest curs.<\/p>\n<p>&nbsp;<br \/>\nL&#8217;educaci\u00f3 visual i pl\u00e0stica configura part del <a href=\"http:\/\/agora.xtec.cat\/escola-lavitxeta\/curriculum\/\">curr\u00edculum<\/a> d&#8217;Educaci\u00f3 art\u00edstica de l&#8217;Educaci\u00f3 Prim\u00e0ria. Articula el coneixement i les compet\u00e8ncies pr\u00f2pies de la creaci\u00f3 art\u00edstica com s\u00f3n l&#8217;exploraci\u00f3 i la percepci\u00f3 i la&hellip;  <a href=\"https:\/\/agora.xtec.cat\/escola-lavitxeta\/espais-internivells-de-plastica-a-primaria\/\" title=\"Read Tallers internivells de pl\u00e0stica a prim\u00e0ria\">Llegeix m\u00e9s\u00bb<\/a><\/p>\n","protected":false},"author":1,"featured_media":0,"parent":0,"menu_order":0,"comment_status":"closed","ping_status":"closed","template":"","meta":{"_bbp_topic_count":0,"_bbp_reply_count":0,"_bbp_total_topic_count":0,"_bbp_total_reply_count":0,"_bbp_voice_count":0,"_bbp_anonymous_reply_count":0,"_bbp_topic_count_hidden":0,"_bbp_reply_count_hidden":0,"_bbp_forum_subforum_count":0,"footnotes":""},"class_list":["post-37932","page","type-page","status-publish","hentry"],"post_mailing_queue_ids":[],"_links":{"self":[{"href":"https:\/\/agora.xtec.cat\/escola-lavitxeta\/wp-json\/wp\/v2\/pages\/37932","targetHints":{"allow":["GET"]}}],"collection":[{"href":"https:\/\/agora.xtec.cat\/escola-lavitxeta\/wp-json\/wp\/v2\/pages"}],"about":[{"href":"https:\/\/agora.xtec.cat\/escola-lavitxeta\/wp-json\/wp\/v2\/types\/page"}],"author":[{"embeddable":true,"href":"https:\/\/agora.xtec.cat\/escola-lavitxeta\/wp-json\/wp\/v2\/users\/1"}],"replies":[{"embeddable":true,"href":"https:\/\/agora.xtec.cat\/escola-lavitxeta\/wp-json\/wp\/v2\/comments?post=37932"}],"version-history":[{"count":4,"href":"https:\/\/agora.xtec.cat\/escola-lavitxeta\/wp-json\/wp\/v2\/pages\/37932\/revisions"}],"predecessor-version":[{"id":48332,"href":"https:\/\/agora.xtec.cat\/escola-lavitxeta\/wp-json\/wp\/v2\/pages\/37932\/revisions\/48332"}],"wp:attachment":[{"href":"https:\/\/agora.xtec.cat\/escola-lavitxeta\/wp-json\/wp\/v2\/media?parent=37932"}],"curies":[{"name":"wp","href":"https:\/\/api.w.org\/{rel}","templated":true}]}}