{"id":37669,"date":"2019-02-09T08:59:54","date_gmt":"2019-02-09T07:59:54","guid":{"rendered":"http:\/\/agora.xtec.cat\/escola-lavitxeta\/?page_id=37669"},"modified":"2019-02-09T08:59:54","modified_gmt":"2019-02-09T07:59:54","slug":"les-noves-tecnologies-a-educacio-infantil","status":"publish","type":"page","link":"https:\/\/agora.xtec.cat\/escola-lavitxeta\/les-noves-tecnologies-a-educacio-infantil\/","title":{"rendered":"Les noves tecnologies a educaci\u00f3 infantil"},"content":{"rendered":"<p style=\"text-align: justify;\"><img loading=\"lazy\" decoding=\"async\" class=\"size-medium wp-image-37500 alignleft\" src=\"https:\/\/agora.xtec.cat\/escola-lavitxeta\/wp-content\/uploads\/usu1195\/1549487501816843-300x169.jpg\" alt=\"\" width=\"300\" height=\"169\" srcset=\"https:\/\/agora.xtec.cat\/escola-lavitxeta\/wp-content\/uploads\/usu1195\/1549487501816843-300x169.jpg 300w, https:\/\/agora.xtec.cat\/escola-lavitxeta\/wp-content\/uploads\/usu1195\/1549487501816843-768x432.jpg 768w, https:\/\/agora.xtec.cat\/escola-lavitxeta\/wp-content\/uploads\/usu1195\/1549487501816843.jpg 800w\" sizes=\"auto, (max-width: 300px) 100vw, 300px\" \/>Tal com diu a les orientacions del nostre <a href=\"http:\/\/agora.xtec.cat\/escola-lavitxeta\/curriculum\/\">curr\u00edculum<\/a>, e<em>ls infants d\u2019avui dia han nascut en una societat on la tecnologia digital forma part de la seva vida. La majoria d\u2019ells, abans de comen\u00e7ar l\u2019escola, hauran tingut variades i freq\u00fcents experi\u00e8ncies dins l\u2019\u00e0mbit familiar a trav\u00e9s d\u2019ordinadors, tel\u00e8fons intel\u00b7ligents o tauletes digitals.<\/em><\/p>\n<p style=\"text-align: justify;\"><em>Conscients d\u2019aquesta realitat, \u00e9s necessari acompanyar els infants des de petits en el coneixement amb tecnologia digital, des d\u2019una actitud responsable. El seu \u00fas a educaci\u00f3 infantil complementa i d\u00f3na suport als continguts i contribueix que els infants puguin adquirir nous aprenentatges i noves formes de comunicaci\u00f3. L\u2019\u00fas de la tecnologia ha de facilitar l\u2019exploraci\u00f3 activa en les activitats d\u2019aprenentatge que es desenvolupen en l\u2019educaci\u00f3 infantil, amb propostes que estan al servei del desenvolupament de les capacitats dels infants. El creixent augment i diversificaci\u00f3 de dispositius, aparells i aplicacions ens pot fer pensar que tenim a les mans materials molt potents, de gran impacte en el proc\u00e9s de desenvolupament i aprenentatge dels infants. I de fet ho s\u00f3n: les aplicacions i els aparells tecnol\u00f2gics que es van integrant en les aules promouen i contribueixen a noves maneres d\u2019adquirir coneixement, a mirades diferents i \u00e0mplies de la interpretaci\u00f3 de la realitat, a gaudir de les propostes creatives que ofereixen, a comunicar-se des de m\u00faltiples llenguatges (textual, audiovisual\u2026) en espais virtuals, a estimular la curiositat i el descobriment, a engrescar a fer activitats funcionals i m\u00e9s productives, de forma personalitzada i tamb\u00e9 col\u00b7laborativa, partint de les pr\u00f2pies possibilitats i interessos, avan\u00e7ant aix\u00ed en la capacitat personal de seguir aprenent al llarg de tota la vida.<\/em><\/p>\n<p style=\"text-align: justify;\"><img loading=\"lazy\" decoding=\"async\" class=\"size-medium wp-image-37494 alignleft\" src=\"https:\/\/agora.xtec.cat\/escola-lavitxeta\/wp-content\/uploads\/usu1195\/1549487506396125-300x225.jpg\" alt=\"\" width=\"300\" height=\"225\" srcset=\"https:\/\/agora.xtec.cat\/escola-lavitxeta\/wp-content\/uploads\/usu1195\/1549487506396125-300x225.jpg 300w, https:\/\/agora.xtec.cat\/escola-lavitxeta\/wp-content\/uploads\/usu1195\/1549487506396125-768x576.jpg 768w, https:\/\/agora.xtec.cat\/escola-lavitxeta\/wp-content\/uploads\/usu1195\/1549487506396125-1024x768.jpg 1024w, https:\/\/agora.xtec.cat\/escola-lavitxeta\/wp-content\/uploads\/usu1195\/1549487506396125-200x150.jpg 200w\" sizes=\"auto, (max-width: 300px) 100vw, 300px\" \/>\u00c9s per tot aix\u00f2 que a Infantil ho utilitzem: per una banda quan fem <a href=\"http:\/\/agora.xtec.cat\/escola-lavitxeta\/espais-daprenentatge\/\">els espais de lliure circulaci\u00f3<\/a> on aprofitem la pantalla interactiva per a treballar l\u2019educaci\u00f3 del gest, i, les tauletes gr\u00e0fiques, per a treballar en diferents aplicacions en funci\u00f3 de les aules on es troben; aplicacions d\u2019art, de natura, de matem\u00e0tiques, lectoescriptura, entre altres&#8230; I, per altra banda, tamb\u00e9 s\u2019aprofita la pantalla interactiva en el dia a dia a Infantil, ja sigui o per a fer recerques d\u2019informaci\u00f3 o per a fer un treball m\u00e9s sistem\u00e0tic d\u2019alguna \u00e0rea de coneixement en concret. Val a dir que, de tant en tant, tamb\u00e9 s\u2019utilitzen per al gaudi dels infants, en el qual, les noves tecnologies s\u2019usen com a medi de diversi\u00f3, mitjan\u00e7ant aplicacions did\u00e0ctiques de car\u00e0cter m\u00e9s l\u00fadiques.<\/p>\n<p style=\"text-align: justify;\">I per \u00faltim, tamb\u00e9 utilitzem un Microscopi digital a l\u2019aula de Natura. Aquest, ens permet visualitzar i capturar imatges de la mostra a temps real a una pantalla incorporada al microscopi o transmeses a un ordinador.<\/p>\n\n\t\t<style type=\"text\/css\">\n\t\t\t#gallery-1 {\n\t\t\t\tmargin: auto;\n\t\t\t}\n\t\t\t#gallery-1 .gallery-item {\n\t\t\t\tfloat: left;\n\t\t\t\tmargin-top: 10px;\n\t\t\t\ttext-align: center;\n\t\t\t\twidth: 33%;\n\t\t\t}\n\t\t\t#gallery-1 img {\n\t\t\t\tborder: 2px solid #cfcfcf;\n\t\t\t}\n\t\t\t#gallery-1 .gallery-caption {\n\t\t\t\tmargin-left: 0;\n\t\t\t}\n\t\t\t\/* see gallery_shortcode() in wp-includes\/media.php *\/\n\t\t<\/style>\n\t\t<div id='gallery-1' class='gallery galleryid-37669 gallery-columns-3 gallery-size-thumbnail'><dl class='gallery-item'>\n\t\t\t<dt class='gallery-icon landscape'>\n\t\t\t\t<a href='https:\/\/agora.xtec.cat\/escola-lavitxeta\/general\/les-noves-tecnologies-a-leducacio-infantil\/attachment\/1549487499224448\/'><img loading=\"lazy\" decoding=\"async\" width=\"150\" height=\"150\" src=\"https:\/\/agora.xtec.cat\/escola-lavitxeta\/wp-content\/uploads\/usu1195\/1549487499224448-150x150.jpg\" class=\"attachment-thumbnail size-thumbnail\" alt=\"\" \/><\/a>\n\t\t\t<\/dt><\/dl><dl class='gallery-item'>\n\t\t\t<dt class='gallery-icon landscape'>\n\t\t\t\t<a href='https:\/\/agora.xtec.cat\/escola-lavitxeta\/general\/les-noves-tecnologies-a-leducacio-infantil\/attachment\/1549487492903173\/'><img loading=\"lazy\" decoding=\"async\" width=\"150\" height=\"150\" src=\"https:\/\/agora.xtec.cat\/escola-lavitxeta\/wp-content\/uploads\/usu1195\/1549487492903173-150x150.jpg\" class=\"attachment-thumbnail size-thumbnail\" alt=\"\" \/><\/a>\n\t\t\t<\/dt><\/dl><dl class='gallery-item'>\n\t\t\t<dt class='gallery-icon landscape'>\n\t\t\t\t<a href='https:\/\/agora.xtec.cat\/escola-lavitxeta\/general\/les-noves-tecnologies-a-leducacio-infantil\/attachment\/154948749823213\/'><img loading=\"lazy\" decoding=\"async\" width=\"150\" height=\"150\" src=\"https:\/\/agora.xtec.cat\/escola-lavitxeta\/wp-content\/uploads\/usu1195\/154948749823213-150x150.jpg\" class=\"attachment-thumbnail size-thumbnail\" alt=\"\" \/><\/a>\n\t\t\t<\/dt><\/dl><br style=\"clear: both\" \/><dl class='gallery-item'>\n\t\t\t<dt class='gallery-icon landscape'>\n\t\t\t\t<a href='https:\/\/agora.xtec.cat\/escola-lavitxeta\/general\/les-noves-tecnologies-a-leducacio-infantil\/attachment\/1549487493806444\/'><img loading=\"lazy\" decoding=\"async\" width=\"150\" height=\"150\" src=\"https:\/\/agora.xtec.cat\/escola-lavitxeta\/wp-content\/uploads\/usu1195\/1549487493806444-150x150.jpg\" class=\"attachment-thumbnail size-thumbnail\" alt=\"\" \/><\/a>\n\t\t\t<\/dt><\/dl><dl class='gallery-item'>\n\t\t\t<dt class='gallery-icon landscape'>\n\t\t\t\t<a href='https:\/\/agora.xtec.cat\/escola-lavitxeta\/general\/les-noves-tecnologies-a-leducacio-infantil\/attachment\/1549487495569261\/'><img loading=\"lazy\" decoding=\"async\" width=\"150\" height=\"150\" src=\"https:\/\/agora.xtec.cat\/escola-lavitxeta\/wp-content\/uploads\/usu1195\/1549487495569261-150x150.jpg\" class=\"attachment-thumbnail size-thumbnail\" alt=\"\" \/><\/a>\n\t\t\t<\/dt><\/dl><dl class='gallery-item'>\n\t\t\t<dt class='gallery-icon landscape'>\n\t\t\t\t<a href='https:\/\/agora.xtec.cat\/escola-lavitxeta\/general\/les-noves-tecnologies-a-leducacio-infantil\/attachment\/1549487504629713\/'><img loading=\"lazy\" decoding=\"async\" width=\"150\" height=\"150\" src=\"https:\/\/agora.xtec.cat\/escola-lavitxeta\/wp-content\/uploads\/usu1195\/1549487504629713-150x150.jpg\" class=\"attachment-thumbnail size-thumbnail\" alt=\"\" \/><\/a>\n\t\t\t<\/dt><\/dl><br style=\"clear: both\" \/><dl class='gallery-item'>\n\t\t\t<dt class='gallery-icon landscape'>\n\t\t\t\t<a href='https:\/\/agora.xtec.cat\/escola-lavitxeta\/general\/les-noves-tecnologies-a-leducacio-infantil\/attachment\/1549487495650300\/'><img loading=\"lazy\" decoding=\"async\" width=\"150\" height=\"150\" src=\"https:\/\/agora.xtec.cat\/escola-lavitxeta\/wp-content\/uploads\/usu1195\/1549487495650300-150x150.jpg\" class=\"attachment-thumbnail size-thumbnail\" alt=\"\" \/><\/a>\n\t\t\t<\/dt><\/dl><dl class='gallery-item'>\n\t\t\t<dt class='gallery-icon landscape'>\n\t\t\t\t<a href='https:\/\/agora.xtec.cat\/escola-lavitxeta\/general\/les-noves-tecnologies-a-leducacio-infantil\/attachment\/1549487508885284\/'><img loading=\"lazy\" decoding=\"async\" width=\"150\" height=\"150\" src=\"https:\/\/agora.xtec.cat\/escola-lavitxeta\/wp-content\/uploads\/usu1195\/1549487508885284-150x150.jpg\" class=\"attachment-thumbnail size-thumbnail\" alt=\"\" \/><\/a>\n\t\t\t<\/dt><\/dl><dl class='gallery-item'>\n\t\t\t<dt class='gallery-icon landscape'>\n\t\t\t\t<a href='https:\/\/agora.xtec.cat\/escola-lavitxeta\/general\/les-noves-tecnologies-a-leducacio-infantil\/attachment\/1549487496482773\/'><img loading=\"lazy\" decoding=\"async\" width=\"150\" height=\"150\" src=\"https:\/\/agora.xtec.cat\/escola-lavitxeta\/wp-content\/uploads\/usu1195\/1549487496482773-150x150.jpg\" class=\"attachment-thumbnail size-thumbnail\" alt=\"\" \/><\/a>\n\t\t\t<\/dt><\/dl><br style=\"clear: both\" \/><dl class='gallery-item'>\n\t\t\t<dt class='gallery-icon landscape'>\n\t\t\t\t<a href='https:\/\/agora.xtec.cat\/escola-lavitxeta\/general\/les-noves-tecnologies-a-leducacio-infantil\/attachment\/1549487494693851\/'><img loading=\"lazy\" decoding=\"async\" width=\"150\" height=\"150\" src=\"https:\/\/agora.xtec.cat\/escola-lavitxeta\/wp-content\/uploads\/usu1195\/1549487494693851-150x150.jpg\" class=\"attachment-thumbnail size-thumbnail\" alt=\"\" \/><\/a>\n\t\t\t<\/dt><\/dl><dl class='gallery-item'>\n\t\t\t<dt class='gallery-icon landscape'>\n\t\t\t\t<a href='https:\/\/agora.xtec.cat\/escola-lavitxeta\/general\/les-noves-tecnologies-a-leducacio-infantil\/attachment\/1549487508981327\/'><img loading=\"lazy\" decoding=\"async\" width=\"150\" height=\"150\" src=\"https:\/\/agora.xtec.cat\/escola-lavitxeta\/wp-content\/uploads\/usu1195\/1549487508981327-150x150.jpg\" class=\"attachment-thumbnail size-thumbnail\" alt=\"\" \/><\/a>\n\t\t\t<\/dt><\/dl><dl class='gallery-item'>\n\t\t\t<dt class='gallery-icon portrait'>\n\t\t\t\t<a href='https:\/\/agora.xtec.cat\/escola-lavitxeta\/general\/les-noves-tecnologies-a-leducacio-infantil\/attachment\/1549487504503630\/'><img loading=\"lazy\" decoding=\"async\" width=\"150\" height=\"150\" src=\"https:\/\/agora.xtec.cat\/escola-lavitxeta\/wp-content\/uploads\/usu1195\/1549487504503630-150x150.jpg\" class=\"attachment-thumbnail size-thumbnail\" alt=\"\" \/><\/a>\n\t\t\t<\/dt><\/dl><br style=\"clear: both\" \/><dl class='gallery-item'>\n\t\t\t<dt class='gallery-icon landscape'>\n\t\t\t\t<a href='https:\/\/agora.xtec.cat\/escola-lavitxeta\/general\/les-noves-tecnologies-a-leducacio-infantil\/attachment\/1549487491957313\/'><img loading=\"lazy\" decoding=\"async\" width=\"150\" height=\"150\" src=\"https:\/\/agora.xtec.cat\/escola-lavitxeta\/wp-content\/uploads\/usu1195\/1549487491957313-150x150.jpg\" class=\"attachment-thumbnail size-thumbnail\" alt=\"\" \/><\/a>\n\t\t\t<\/dt><\/dl><dl class='gallery-item'>\n\t\t\t<dt class='gallery-icon landscape'>\n\t\t\t\t<a href='https:\/\/agora.xtec.cat\/escola-lavitxeta\/general\/les-noves-tecnologies-a-leducacio-infantil\/attachment\/1549487506396125\/'><img loading=\"lazy\" decoding=\"async\" width=\"150\" height=\"150\" src=\"https:\/\/agora.xtec.cat\/escola-lavitxeta\/wp-content\/uploads\/usu1195\/1549487506396125-150x150.jpg\" class=\"attachment-thumbnail size-thumbnail\" alt=\"\" \/><\/a>\n\t\t\t<\/dt><\/dl><dl class='gallery-item'>\n\t\t\t<dt class='gallery-icon landscape'>\n\t\t\t\t<a href='https:\/\/agora.xtec.cat\/escola-lavitxeta\/general\/les-noves-tecnologies-a-leducacio-infantil\/attachment\/1549487490989899\/'><img loading=\"lazy\" decoding=\"async\" width=\"150\" height=\"150\" src=\"https:\/\/agora.xtec.cat\/escola-lavitxeta\/wp-content\/uploads\/usu1195\/1549487490989899-150x150.jpg\" class=\"attachment-thumbnail size-thumbnail\" alt=\"\" \/><\/a>\n\t\t\t<\/dt><\/dl><br style=\"clear: both\" \/><dl class='gallery-item'>\n\t\t\t<dt class='gallery-icon portrait'>\n\t\t\t\t<a href='https:\/\/agora.xtec.cat\/escola-lavitxeta\/general\/les-noves-tecnologies-a-leducacio-infantil\/attachment\/1549487502857464\/'><img loading=\"lazy\" decoding=\"async\" width=\"150\" height=\"150\" src=\"https:\/\/agora.xtec.cat\/escola-lavitxeta\/wp-content\/uploads\/usu1195\/1549487502857464-150x150.jpg\" class=\"attachment-thumbnail size-thumbnail\" alt=\"\" \/><\/a>\n\t\t\t<\/dt><\/dl><dl class='gallery-item'>\n\t\t\t<dt class='gallery-icon landscape'>\n\t\t\t\t<a href='https:\/\/agora.xtec.cat\/escola-lavitxeta\/general\/les-noves-tecnologies-a-leducacio-infantil\/attachment\/1549487497359888\/'><img loading=\"lazy\" decoding=\"async\" width=\"150\" height=\"150\" src=\"https:\/\/agora.xtec.cat\/escola-lavitxeta\/wp-content\/uploads\/usu1195\/1549487497359888-150x150.jpg\" class=\"attachment-thumbnail size-thumbnail\" alt=\"\" \/><\/a>\n\t\t\t<\/dt><\/dl><dl class='gallery-item'>\n\t\t\t<dt class='gallery-icon landscape'>\n\t\t\t\t<a href='https:\/\/agora.xtec.cat\/escola-lavitxeta\/general\/les-noves-tecnologies-a-leducacio-infantil\/attachment\/1549487501898893\/'><img loading=\"lazy\" decoding=\"async\" width=\"150\" height=\"150\" src=\"https:\/\/agora.xtec.cat\/escola-lavitxeta\/wp-content\/uploads\/usu1195\/1549487501898893-150x150.jpg\" class=\"attachment-thumbnail size-thumbnail\" alt=\"\" \/><\/a>\n\t\t\t<\/dt><\/dl><br style=\"clear: both\" \/><dl class='gallery-item'>\n\t\t\t<dt class='gallery-icon landscape'>\n\t\t\t\t<a href='https:\/\/agora.xtec.cat\/escola-lavitxeta\/general\/les-noves-tecnologies-a-leducacio-infantil\/attachment\/1549487500950288\/'><img loading=\"lazy\" decoding=\"async\" width=\"150\" height=\"150\" src=\"https:\/\/agora.xtec.cat\/escola-lavitxeta\/wp-content\/uploads\/usu1195\/1549487500950288-150x150.jpg\" class=\"attachment-thumbnail size-thumbnail\" alt=\"\" \/><\/a>\n\t\t\t<\/dt><\/dl><dl class='gallery-item'>\n\t\t\t<dt class='gallery-icon landscape'>\n\t\t\t\t<a href='https:\/\/agora.xtec.cat\/escola-lavitxeta\/general\/les-noves-tecnologies-a-leducacio-infantil\/attachment\/1549487501816843\/'><img loading=\"lazy\" decoding=\"async\" width=\"150\" height=\"150\" src=\"https:\/\/agora.xtec.cat\/escola-lavitxeta\/wp-content\/uploads\/usu1195\/1549487501816843-150x150.jpg\" class=\"attachment-thumbnail size-thumbnail\" alt=\"\" \/><\/a>\n\t\t\t<\/dt><\/dl><dl class='gallery-item'>\n\t\t\t<dt class='gallery-icon landscape'>\n\t\t\t\t<a href='https:\/\/agora.xtec.cat\/escola-lavitxeta\/general\/les-noves-tecnologies-a-leducacio-infantil\/attachment\/1549487500096156\/'><img loading=\"lazy\" decoding=\"async\" width=\"150\" height=\"150\" src=\"https:\/\/agora.xtec.cat\/escola-lavitxeta\/wp-content\/uploads\/usu1195\/1549487500096156-150x150.jpg\" class=\"attachment-thumbnail size-thumbnail\" alt=\"\" \/><\/a>\n\t\t\t<\/dt><\/dl><br style=\"clear: both\" \/><dl class='gallery-item'>\n\t\t\t<dt class='gallery-icon landscape'>\n\t\t\t\t<a href='https:\/\/agora.xtec.cat\/escola-lavitxeta\/general\/les-noves-tecnologies-a-leducacio-infantil\/attachment\/1549487509044361\/'><img loading=\"lazy\" decoding=\"async\" width=\"150\" height=\"150\" src=\"https:\/\/agora.xtec.cat\/escola-lavitxeta\/wp-content\/uploads\/usu1195\/1549487509044361-150x150.jpg\" class=\"attachment-thumbnail size-thumbnail\" alt=\"\" \/><\/a>\n\t\t\t<\/dt><\/dl><dl class='gallery-item'>\n\t\t\t<dt class='gallery-icon landscape'>\n\t\t\t\t<a href='https:\/\/agora.xtec.cat\/escola-lavitxeta\/general\/les-noves-tecnologies-a-leducacio-infantil\/attachment\/1549487499103791\/'><img loading=\"lazy\" decoding=\"async\" width=\"150\" height=\"150\" src=\"https:\/\/agora.xtec.cat\/escola-lavitxeta\/wp-content\/uploads\/usu1195\/1549487499103791-e1549488322136-150x150.jpg\" class=\"attachment-thumbnail size-thumbnail\" alt=\"\" \/><\/a>\n\t\t\t<\/dt><\/dl><dl class='gallery-item'>\n\t\t\t<dt class='gallery-icon portrait'>\n\t\t\t\t<a href='https:\/\/agora.xtec.cat\/escola-lavitxeta\/general\/les-noves-tecnologies-a-leducacio-infantil\/attachment\/1549487507229935\/'><img loading=\"lazy\" decoding=\"async\" width=\"150\" height=\"150\" src=\"https:\/\/agora.xtec.cat\/escola-lavitxeta\/wp-content\/uploads\/usu1195\/1549487507229935-150x150.jpg\" class=\"attachment-thumbnail size-thumbnail\" alt=\"\" \/><\/a>\n\t\t\t<\/dt><\/dl><br style=\"clear: both\" \/><dl class='gallery-item'>\n\t\t\t<dt class='gallery-icon landscape'>\n\t\t\t\t<a href='https:\/\/agora.xtec.cat\/escola-lavitxeta\/general\/les-noves-tecnologies-a-leducacio-infantil\/attachment\/154948750553778\/'><img loading=\"lazy\" decoding=\"async\" width=\"150\" height=\"150\" src=\"https:\/\/agora.xtec.cat\/escola-lavitxeta\/wp-content\/uploads\/usu1195\/154948750553778-150x150.jpg\" class=\"attachment-thumbnail size-thumbnail\" alt=\"\" \/><\/a>\n\t\t\t<\/dt><\/dl><dl class='gallery-item'>\n\t\t\t<dt class='gallery-icon landscape'>\n\t\t\t\t<a href='https:\/\/agora.xtec.cat\/escola-lavitxeta\/general\/les-noves-tecnologies-a-leducacio-infantil\/attachment\/1549487502007506\/'><img loading=\"lazy\" decoding=\"async\" width=\"150\" height=\"150\" src=\"https:\/\/agora.xtec.cat\/escola-lavitxeta\/wp-content\/uploads\/usu1195\/1549487502007506-150x150.jpg\" class=\"attachment-thumbnail size-thumbnail\" alt=\"\" \/><\/a>\n\t\t\t<\/dt><\/dl>\n\t\t\t<br style='clear: both' \/>\n\t\t<\/div>\n\n","protected":false},"excerpt":{"rendered":"<p>Tal com diu a les orientacions del nostre <a href=\"http:\/\/agora.xtec.cat\/escola-lavitxeta\/curriculum\/\">curr\u00edculum<\/a>, els infants d\u2019avui dia han nascut en una societat on la tecnologia digital forma part de la seva vida. La majoria d\u2019ells, abans de comen\u00e7ar l\u2019escola, hauran tingut variades i freq\u00fcents experi\u00e8ncies dins l\u2019\u00e0mbit familiar&hellip;  <a href=\"https:\/\/agora.xtec.cat\/escola-lavitxeta\/les-noves-tecnologies-a-educacio-infantil\/\" title=\"Read Les noves tecnologies a educaci\u00f3 infantil\">Llegeix m\u00e9s\u00bb<\/a><\/p>\n","protected":false},"author":1,"featured_media":0,"parent":0,"menu_order":0,"comment_status":"closed","ping_status":"closed","template":"","meta":{"_bbp_topic_count":0,"_bbp_reply_count":0,"_bbp_total_topic_count":0,"_bbp_total_reply_count":0,"_bbp_voice_count":0,"_bbp_anonymous_reply_count":0,"_bbp_topic_count_hidden":0,"_bbp_reply_count_hidden":0,"_bbp_forum_subforum_count":0,"footnotes":""},"class_list":["post-37669","page","type-page","status-publish","hentry"],"post_mailing_queue_ids":[],"_links":{"self":[{"href":"https:\/\/agora.xtec.cat\/escola-lavitxeta\/wp-json\/wp\/v2\/pages\/37669","targetHints":{"allow":["GET"]}}],"collection":[{"href":"https:\/\/agora.xtec.cat\/escola-lavitxeta\/wp-json\/wp\/v2\/pages"}],"about":[{"href":"https:\/\/agora.xtec.cat\/escola-lavitxeta\/wp-json\/wp\/v2\/types\/page"}],"author":[{"embeddable":true,"href":"https:\/\/agora.xtec.cat\/escola-lavitxeta\/wp-json\/wp\/v2\/users\/1"}],"replies":[{"embeddable":true,"href":"https:\/\/agora.xtec.cat\/escola-lavitxeta\/wp-json\/wp\/v2\/comments?post=37669"}],"version-history":[{"count":2,"href":"https:\/\/agora.xtec.cat\/escola-lavitxeta\/wp-json\/wp\/v2\/pages\/37669\/revisions"}],"predecessor-version":[{"id":37671,"href":"https:\/\/agora.xtec.cat\/escola-lavitxeta\/wp-json\/wp\/v2\/pages\/37669\/revisions\/37671"}],"wp:attachment":[{"href":"https:\/\/agora.xtec.cat\/escola-lavitxeta\/wp-json\/wp\/v2\/media?parent=37669"}],"curies":[{"name":"wp","href":"https:\/\/api.w.org\/{rel}","templated":true}]}}