{"id":37299,"date":"2019-02-01T01:15:49","date_gmt":"2019-02-01T00:15:49","guid":{"rendered":"http:\/\/agora.xtec.cat\/escola-lavitxeta\/?page_id=37299"},"modified":"2022-11-04T08:49:17","modified_gmt":"2022-11-04T07:49:17","slug":"la-biblioteca-de-la-vitxeta","status":"publish","type":"page","link":"https:\/\/agora.xtec.cat\/escola-lavitxeta\/la-biblioteca-de-la-vitxeta\/","title":{"rendered":"La Biblioteca de La Vitxeta"},"content":{"rendered":"<p style=\"text-align: justify;\"><strong>La biblioteca escolar<\/strong><\/p>\n<p style=\"text-align: justify;\">La biblioteca de la nostra escola t\u00e9 un lloc privilegiat i es concep com\u00a0<span style=\"font-family: inherit; font-size: 1em;\">un espai fonamental de comunicaci\u00f3 i intercanvi en el qual la lectura, la investigaci\u00f3 i la recerca tenen el seu lloc de trobada.<\/span><\/p>\n<p style=\"text-align: justify;\">La biblioteca ha de resultar una eina educativa \u00fatil per a la consecuci\u00f3 del curr\u00edculum i el projecte educatiu de centre, per la qual cosa la nostra escola vetlla pel que s\u2019anomena\u00a0inclusi\u00f3 curricular de la biblioteca.\u00a0La biblioteca escolar \u00e9s un centre de recursos i un entorn d\u2019aprenentatge \u00fatil per a la realitzaci\u00f3 d\u2019intervencions did\u00e0ctiques concretes relacionades amb totes les \u00e0rees curriculars i no \u00fanicament amb l\u2019\u00e0rea de llengua i amb la promoci\u00f3 de la lectura liter\u00e0ria.<\/p>\n<p style=\"text-align: justify;\">La nostra biblioteca est\u00e0 organitzada en diferents espais i apartats per tal que, des de les diferents tutories i\/o especialitats, en puguin treure profit, gaudir i ampliar la mirada de l\u2019alumnat pel que fa al m\u00f3n del llibre. Cada grup classe t\u00e9 assignada una franja hor\u00e0ria setmanal per poder utilitzar la biblioteca.<\/p>\n<p style=\"text-align: justify;\"><strong>La Comissi\u00f3 mixta de biblioteca<\/strong><\/p>\n<p style=\"text-align: justify;\"><span style=\"font-family: inherit; font-size: 1em;\">La <\/span><a style=\"font-family: inherit; font-size: 1em;\" href=\"https:\/\/agora.xtec.cat\/escola-lavitxeta\/comissio-mixta-de-biblioteca\/\">Comissi\u00f3 mixta de biblioteca\u00a0<\/a><span style=\"font-family: inherit; font-size: 1em;\">vetlla perqu\u00e8 la biblioteca sigui un espai viu,\u00a0on tota la comunitat pugui aprendre, somniar, descobrir, viatjar\u2026<\/span><\/p>\n<p style=\"text-align: justify;\">La comissi\u00f3 organitza la compra de nous materials, l\u2019obertura de la biblioteca a les fam\u00edlies, el servei de pr\u00e9stec, les sessions de contacontes, es coordina amb les mestres jubilades que col\u00b7laboren, promou la <a href=\"https:\/\/agora.xtec.cat\/escola-lavitxeta\/general\/donacions-de-llibres-per-a-la-biblioteca\/\">donaci\u00f3 de llibres per part de les fam\u00edlies<\/a> i organitza exposicions tem\u00e0tiques.<\/p>\n<p style=\"text-align: justify;\"><strong>Col\u00b7laboraci\u00f3 i catalogaci\u00f3<\/strong><\/p>\n<p style=\"text-align: justify;\">Des de fa uns cursos l\u2019Escola compta amb la valuosa col\u00b7laboraci\u00f3 d\u2019unes\u00a0<strong>mestres jubilades<\/strong> que s\u2019ofereixen per a dur tasques pr\u00f2pies de la Biblioteca.\u00a0Entre les feines que realitzen hi trobem:<strong>\u00a0<\/strong>introduir els llibres al\u00a0<a href=\"http:\/\/xtec.gencat.cat\/ca\/projectes\/biblioteca\/epergam\/entorn-consulta\/escoles\/\">Ep\u00e8rgam<\/a> (cat\u00e0leg on-line de la xarxa de biblioteques escolars del Departament d\u2019Educaci\u00f3), fer el tractament f\u00edsic dels llibres (fer i posar el teixell, segellar i folrar), organitzar el fons de la Biblioteca en l\u2019espai, organitzar exposicions\u2026), i\u00a0organitzar la senyalitzaci\u00f3 del fons de coneixement, una feina costosa que des de fa temps s\u2019hi est\u00e0 treballant.\u00a0Moltes gr\u00e0cies L\u00eddia, Montse, Assumpci\u00f3, Francesca i la Pilar per\u00a0la vostra generositat. Per dedicar un \u201ctros\u201d del vostre temps a l\u2019Escola.<\/p>\n<p style=\"text-align: justify;\"><strong>Acc\u00e9s al cat\u00e0leg de l\u2019escola<\/strong><\/p>\n<p style=\"text-align: justify;\"><a href=\"https:\/\/aplicacions.gestioeducativa.gencat.cat\/epergam\/web\/biblioteca.jsp?codi=43010505\"><img loading=\"lazy\" decoding=\"async\" class=\"aligncenter wp-image-35595 size-full\" src=\"https:\/\/agora.xtec.cat\/escola-lavitxeta\/wp-content\/uploads\/usu1195\/epergam.gif\" alt=\"\" width=\"160\" height=\"50\" \/><\/a><\/p>\n<p style=\"text-align: justify;\"><strong>Biblioteca oberta i servei de pr\u00e9stec\u00a0<\/strong><\/p>\n<p style=\"text-align: justify;\"><span style=\"font-family: inherit; font-size: 1em;\">Un dia a la setmana de 16:00 a 17:30 la biblioteca est\u00e0 oberta per tal que les fam\u00edlies que ho vulguin puguin passar una estona envoltats de llibres i bones lectures, i per agafar llibres en pr\u00e9stec si volen.<\/span><\/p>\n<p style=\"text-align: justify;\">Per fer-se soci i gaudir del servei de pr\u00e9stec nom\u00e9s cal pagar un euro per obtenir el carnet de soci i omplir una fitxa d\u2019inscripci\u00f3.<\/p>\n<p><img loading=\"lazy\" decoding=\"async\" class=\"aligncenter size-medium wp-image-41639\" src=\"https:\/\/agora.xtec.cat\/escola-lavitxeta\/wp-content\/uploads\/usu1195\/2019\/11\/IMG-20191120-WA0006-212x300.jpg\" alt=\"\" width=\"212\" height=\"300\" srcset=\"https:\/\/agora.xtec.cat\/escola-lavitxeta\/wp-content\/uploads\/usu1195\/2019\/11\/IMG-20191120-WA0006-212x300.jpg 212w, https:\/\/agora.xtec.cat\/escola-lavitxeta\/wp-content\/uploads\/usu1195\/2019\/11\/IMG-20191120-WA0006-768x1087.jpg 768w, https:\/\/agora.xtec.cat\/escola-lavitxeta\/wp-content\/uploads\/usu1195\/2019\/11\/IMG-20191120-WA0006-724x1024.jpg 724w, https:\/\/agora.xtec.cat\/escola-lavitxeta\/wp-content\/uploads\/usu1195\/2019\/11\/IMG-20191120-WA0006.jpg 1447w\" sizes=\"auto, (max-width: 212px) 100vw, 212px\" \/><\/p>\n<p>&nbsp;<\/p>\n<p style=\"text-align: justify;\"><img loading=\"lazy\" decoding=\"async\" class=\"aligncenter size-medium wp-image-37301\" src=\"https:\/\/agora.xtec.cat\/escola-lavitxeta\/wp-content\/uploads\/usu1195\/A70DB5E1-B9D9-48A9-ABD5-C155DCA97AAB-223x300.jpeg\" alt=\"\" width=\"223\" height=\"300\" srcset=\"https:\/\/agora.xtec.cat\/escola-lavitxeta\/wp-content\/uploads\/usu1195\/A70DB5E1-B9D9-48A9-ABD5-C155DCA97AAB-223x300.jpeg 223w, https:\/\/agora.xtec.cat\/escola-lavitxeta\/wp-content\/uploads\/usu1195\/A70DB5E1-B9D9-48A9-ABD5-C155DCA97AAB.jpeg 684w\" sizes=\"auto, (max-width: 223px) 100vw, 223px\" \/><\/p>\n<blockquote>\n<p style=\"text-align: justify;\">Llegir en veu alta \u00e9s una de les millors maneres d\u2019ajudar el teu fill a aprendre a llegir. A m\u00e9s, pot ser molt divertit! Com m\u00e9s emoci\u00f3 mostris mentre llegeixis, m\u00e9s ho gaudir\u00e0! El m\u00e9s important \u00e9s que ell marqui el ritme i es diverteixi mentre apr\u00e8n a llegir.<\/p>\n<\/blockquote>\n<p style=\"text-align: justify;\"><strong>Sessions de contacontes\u00a0<\/strong><\/p>\n<blockquote><p><img loading=\"lazy\" decoding=\"async\" class=\"wp-image-44986 alignleft\" src=\"https:\/\/agora.xtec.cat\/escola-lavitxeta\/wp-content\/uploads\/usu1195\/2020\/10\/unnamed.png\" alt=\"\" width=\"58\" height=\"52\" srcset=\"https:\/\/agora.xtec.cat\/escola-lavitxeta\/wp-content\/uploads\/usu1195\/2020\/10\/unnamed.png 512w, https:\/\/agora.xtec.cat\/escola-lavitxeta\/wp-content\/uploads\/usu1195\/2020\/10\/unnamed-300x270.png 300w\" sizes=\"auto, (max-width: 58px) 100vw, 58px\" \/><span style=\"color: #0000ff;\">Aquesta activitat de moment no es dur\u00e0 a terme per q\u00fcestions organitzatives. <\/span><\/p><\/blockquote>\n<p style=\"text-align: justify;\"><a href=\"http:\/\/agora.xtec.cat\/escola-lavitxeta\/general\/voleu-fer-de-contacontes\/\">Voleu fer de contacontes?<\/a><\/p>\n<p style=\"text-align: justify;\"><span style=\"font-family: inherit; font-size: 1em;\">La Comissi\u00f3 de biblioteca organitza sessions de <\/span><strong style=\"font-family: inherit; font-size: 1em;\">contacontes<\/strong><span style=\"font-family: inherit; font-size: 1em;\">\u00a0a c\u00e0rrec de pares, mares i mestres voluntaris.<\/span><\/p>\n<p style=\"text-align: justify;\">Aquestes sessions tenen com a objectiu engrescar a la lectura. Aprenentatge i diversi\u00f3 al servei d\u2019un \u00fanic objectiu: l\u2019animaci\u00f3 a la lectura.<\/p>\n<p style=\"text-align: justify;\"><strong>Bibliopati<\/strong><\/p>\n<p>&nbsp;<\/p>\n<p style=\"text-align: justify;\"><span style=\"font-family: inherit; font-size: 1em;\">L\u2019espai\u00a0<\/span><a style=\"font-family: inherit; font-size: 1em;\" href=\"https:\/\/agora.xtec.cat\/escola-lavitxeta\/general\/el-bibliopati-ja-es-una-realitat\/\"><em>Bibliopati<\/em><\/a><span style=\"font-family: inherit; font-size: 1em;\">\u00a0al pati de la Magn\u00f2lia s\u2019ha dissenyat per aquells nens i nenes que vulguin llegir durant l\u2019estona d\u2019esbarjo (dissenyat conjuntament amb la <\/span><a style=\"font-family: inherit; font-size: 1em;\" href=\"https:\/\/agora.xtec.cat\/escola-lavitxeta\/comissio-mixta-de-pati-hort\/\">Comissi\u00f3 mixta de pati-hort).<\/a><\/p>\n<p style=\"text-align: justify;\">Un espai dotat amb un carro on es poden trobar llibres de la biblioteca. Un espai per gaudir de la lectura en una zona tranquil\u00b7la del pati.<\/p>\n<p style=\"text-align: justify;\"><strong>Biblioteca oberta al migdia<\/strong><\/p>\n<blockquote><p><img loading=\"lazy\" decoding=\"async\" class=\"wp-image-44986 alignleft\" src=\"https:\/\/agora.xtec.cat\/escola-lavitxeta\/wp-content\/uploads\/usu1195\/2020\/10\/unnamed.png\" alt=\"\" width=\"58\" height=\"52\" srcset=\"https:\/\/agora.xtec.cat\/escola-lavitxeta\/wp-content\/uploads\/usu1195\/2020\/10\/unnamed.png 512w, https:\/\/agora.xtec.cat\/escola-lavitxeta\/wp-content\/uploads\/usu1195\/2020\/10\/unnamed-300x270.png 300w\" sizes=\"auto, (max-width: 58px) 100vw, 58px\" \/><span style=\"color: #0000ff;\">Aquesta activitat de moment no es dur\u00e0 a terme per q\u00fcestions organitzatives.<\/span><\/p><\/blockquote>\n<p>&nbsp;<\/p>\n<p style=\"text-align: justify;\"><a href=\"https:\/\/agora.xtec.cat\/escola-lavitxeta\/general\/obrim-la-biblioteca-al-migdia\/\">Obrim la biblioteca al migdia<\/a><\/p>\n<p style=\"text-align: justify;\">Des de curs 2018-19 la biblioteca s&#8217;obre tamb\u00e9 durant el temps de migdia. Tots els alumnes de Prim\u00e0ria que es queden a l\u2019escola durant el migdia, tenen l\u2019oportunitat d\u2019anar a la biblioteca per a poder llegir, fer feina, estudiar, escriure o dibuixar.<\/p>\n<p style=\"text-align: justify;\">Tots els dies s&#8217;obre la biblioteca; a primera hora (de 12 a 12:55h) hi poden anar els alumnes de 4t, 5\u00e8 i 6\u00e8, mentre que despr\u00e9s, de 13:30 a 14:15 \u00e9s el torn de 1r, 2n i 3r.<\/p>\n<p style=\"text-align: justify;\">Articles relacionats:\u00a0<a href=\"https:\/\/agora.xtec.cat\/escola-lavitxeta\/tag\/biblioteca\/\">Biblioteca<\/a><\/p>\n","protected":false},"excerpt":{"rendered":"<p>La biblioteca escolar<br \/>\nLa biblioteca de la nostra escola t\u00e9 un lloc privilegiat i es concep com\u00a0un espai fonamental de comunicaci\u00f3 i intercanvi en el qual la lectura, la investigaci\u00f3 i la recerca tenen el seu lloc de trobada.<br \/>\nLa biblioteca ha de resultar una eina educativa&hellip;  <a href=\"https:\/\/agora.xtec.cat\/escola-lavitxeta\/la-biblioteca-de-la-vitxeta\/\" title=\"Read La Biblioteca de La Vitxeta\">Llegeix m\u00e9s\u00bb<\/a><\/p>\n","protected":false},"author":1,"featured_media":0,"parent":0,"menu_order":0,"comment_status":"closed","ping_status":"closed","template":"","meta":{"_bbp_topic_count":0,"_bbp_reply_count":0,"_bbp_total_topic_count":0,"_bbp_total_reply_count":0,"_bbp_voice_count":0,"_bbp_anonymous_reply_count":0,"_bbp_topic_count_hidden":0,"_bbp_reply_count_hidden":0,"_bbp_forum_subforum_count":0,"footnotes":""},"class_list":["post-37299","page","type-page","status-publish","hentry"],"post_mailing_queue_ids":[],"_links":{"self":[{"href":"https:\/\/agora.xtec.cat\/escola-lavitxeta\/wp-json\/wp\/v2\/pages\/37299","targetHints":{"allow":["GET"]}}],"collection":[{"href":"https:\/\/agora.xtec.cat\/escola-lavitxeta\/wp-json\/wp\/v2\/pages"}],"about":[{"href":"https:\/\/agora.xtec.cat\/escola-lavitxeta\/wp-json\/wp\/v2\/types\/page"}],"author":[{"embeddable":true,"href":"https:\/\/agora.xtec.cat\/escola-lavitxeta\/wp-json\/wp\/v2\/users\/1"}],"replies":[{"embeddable":true,"href":"https:\/\/agora.xtec.cat\/escola-lavitxeta\/wp-json\/wp\/v2\/comments?post=37299"}],"version-history":[{"count":4,"href":"https:\/\/agora.xtec.cat\/escola-lavitxeta\/wp-json\/wp\/v2\/pages\/37299\/revisions"}],"predecessor-version":[{"id":48330,"href":"https:\/\/agora.xtec.cat\/escola-lavitxeta\/wp-json\/wp\/v2\/pages\/37299\/revisions\/48330"}],"wp:attachment":[{"href":"https:\/\/agora.xtec.cat\/escola-lavitxeta\/wp-json\/wp\/v2\/media?parent=37299"}],"curies":[{"name":"wp","href":"https:\/\/api.w.org\/{rel}","templated":true}]}}