{"id":37150,"date":"2019-01-29T22:06:28","date_gmt":"2019-01-29T21:06:28","guid":{"rendered":"http:\/\/agora.xtec.cat\/escola-lavitxeta\/?page_id=37150"},"modified":"2024-11-19T13:10:24","modified_gmt":"2024-11-19T12:10:24","slug":"adreces","status":"publish","type":"page","link":"https:\/\/agora.xtec.cat\/escola-lavitxeta\/adreces\/","title":{"rendered":"Adreces"},"content":{"rendered":"<p><strong><span style=\"color: #0000ff;\">Adreces electr\u00f2niques de l&#8217;escola:<\/span><\/strong><\/p>\n<ul>\n<li><strong>Escola: <\/strong><a href=\"mailto:e3010505@xtec.cat\">e3010505<span class=\"\">@xtec.cat<\/span><\/a><\/li>\n<\/ul>\n<p>Tel\u00e8fon de contacte: <strong>977 32 75 39; 634 776 621<br \/>\n<\/strong><\/p>\n<blockquote>\n<p style=\"padding-left: 40px;\"><em><span style=\"font-family: arial, sans-serif;\"> En el cas que un mestre es vulgui comunicar amb alguna fam\u00edlia ser\u00e0 per via Tokapp, a trav\u00e9s de l\u2019agenda, telef\u00f2nicament o convocant una entrevista. Pel que fa a les fam\u00edlies poden contactar amb l&#8217;escola a trav\u00e9s del correu@ del centre, tel\u00e8fons i a trav\u00e9s de l&#8217;agenda dels vostres fills\/es.<\/span><\/em><\/p>\n<ul>\n<li><strong style=\"font-family: inherit; font-size: 1em; color: #222222;\">AMIPA:<\/strong> <a style=\"font-family: inherit; font-size: 1em;\" href=\"mailto:amipalavitxeta@gmail.com\">amipalavitxeta<span class=\"\">@gmail.com<\/span><\/a><\/li>\n<\/ul>\n<\/blockquote>\n<p>Tel\u00e8fon de contacte: <strong>693 100 263<\/strong><\/p>\n<p>&nbsp;<\/p>\n<ul>\n<li><strong>Menjador i acollida:<\/strong> <a href=\"mailto:menjadorvitxeta@gmail.com\">menjadorvitxeta<span class=\"\">@gmail.com<\/span><\/a><\/li>\n<\/ul>\n<p>&nbsp;<\/p>\n<ul>\n<li><strong>AMIPA d&#8217;activitats extraescolars:<\/strong> <a href=\"mailto:extraescolarsvitxeta@gmail.com\">extraescolarsvitxeta<span class=\"\"><span class=\"\">@gmail.com<\/span><\/span><\/a><\/li>\n<\/ul>\n<p>&nbsp;<\/p>\n<ul>\n<li><strong>Consell escolar:<\/strong> <a href=\"mailto:consellamipavitxeta@gmail.com\">consellamipavitxeta@gmail.com<\/a><\/li>\n<\/ul>\n","protected":false},"excerpt":{"rendered":"<p>Adreces electr\u00f2niques de l&#8217;escola:<\/p>\n<ul>\n<li>Escola: <a href=\"mailto:e3010505@xtec.cat\">e3010505@xtec.cat<\/a><\/li>\n<\/ul>\n<p>Tel\u00e8fon de contacte: 977 32 75 39; 634 776 621<\/p>\n<p> En el cas que un mestre es vulgui comunicar amb alguna fam\u00edlia ser\u00e0 per via Tokapp, a trav\u00e9s de l\u2019agenda, telef\u00f2nicament o convocant una entrevista. Pel que fa a les&hellip;  <a href=\"https:\/\/agora.xtec.cat\/escola-lavitxeta\/adreces\/\" title=\"Read Adreces\">Llegeix m\u00e9s\u00bb<\/a><\/p>\n","protected":false},"author":1,"featured_media":0,"parent":0,"menu_order":0,"comment_status":"closed","ping_status":"closed","template":"","meta":{"_bbp_topic_count":0,"_bbp_reply_count":0,"_bbp_total_topic_count":0,"_bbp_total_reply_count":0,"_bbp_voice_count":0,"_bbp_anonymous_reply_count":0,"_bbp_topic_count_hidden":0,"_bbp_reply_count_hidden":0,"_bbp_forum_subforum_count":0,"footnotes":""},"class_list":["post-37150","page","type-page","status-publish","hentry"],"post_mailing_queue_ids":[],"_links":{"self":[{"href":"https:\/\/agora.xtec.cat\/escola-lavitxeta\/wp-json\/wp\/v2\/pages\/37150","targetHints":{"allow":["GET"]}}],"collection":[{"href":"https:\/\/agora.xtec.cat\/escola-lavitxeta\/wp-json\/wp\/v2\/pages"}],"about":[{"href":"https:\/\/agora.xtec.cat\/escola-lavitxeta\/wp-json\/wp\/v2\/types\/page"}],"author":[{"embeddable":true,"href":"https:\/\/agora.xtec.cat\/escola-lavitxeta\/wp-json\/wp\/v2\/users\/1"}],"replies":[{"embeddable":true,"href":"https:\/\/agora.xtec.cat\/escola-lavitxeta\/wp-json\/wp\/v2\/comments?post=37150"}],"version-history":[{"count":6,"href":"https:\/\/agora.xtec.cat\/escola-lavitxeta\/wp-json\/wp\/v2\/pages\/37150\/revisions"}],"predecessor-version":[{"id":49432,"href":"https:\/\/agora.xtec.cat\/escola-lavitxeta\/wp-json\/wp\/v2\/pages\/37150\/revisions\/49432"}],"wp:attachment":[{"href":"https:\/\/agora.xtec.cat\/escola-lavitxeta\/wp-json\/wp\/v2\/media?parent=37150"}],"curies":[{"name":"wp","href":"https:\/\/api.w.org\/{rel}","templated":true}]}}