{"id":37129,"date":"2019-01-27T21:42:05","date_gmt":"2019-01-27T20:42:05","guid":{"rendered":"http:\/\/agora.xtec.cat\/escola-lavitxeta\/?page_id=37129"},"modified":"2019-01-27T22:04:27","modified_gmt":"2019-01-27T21:04:27","slug":"mans-a-lhort","status":"publish","type":"page","link":"https:\/\/agora.xtec.cat\/escola-lavitxeta\/mans-a-lhort\/","title":{"rendered":"Mans a l&#8217;hort"},"content":{"rendered":"<p style=\"text-align: justify;\"><img loading=\"lazy\" decoding=\"async\" class=\"size-medium wp-image-37135 alignleft\" src=\"https:\/\/agora.xtec.cat\/escola-lavitxeta\/wp-content\/uploads\/usu1195\/QUE-PODEM-FER-A-L-003-212x300.jpg\" alt=\"\" width=\"212\" height=\"300\" srcset=\"https:\/\/agora.xtec.cat\/escola-lavitxeta\/wp-content\/uploads\/usu1195\/QUE-PODEM-FER-A-L-003-212x300.jpg 212w, https:\/\/agora.xtec.cat\/escola-lavitxeta\/wp-content\/uploads\/usu1195\/QUE-PODEM-FER-A-L-003-768x1087.jpg 768w, https:\/\/agora.xtec.cat\/escola-lavitxeta\/wp-content\/uploads\/usu1195\/QUE-PODEM-FER-A-L-003-724x1024.jpg 724w, https:\/\/agora.xtec.cat\/escola-lavitxeta\/wp-content\/uploads\/usu1195\/QUE-PODEM-FER-A-L-003.jpg 1190w\" sizes=\"auto, (max-width: 212px) 100vw, 212px\" \/>Tots els infants de l&#8217;escola d&#8217;infantil i de prim\u00e0ria tenen cura dels <strong>diferents horts<\/strong> que tenim a l&#8217;escola. Al pati d&#8217;educaci\u00f3 infantil hi ha diferents parterres on plantem diferents plantes i hortalisses, i al pati de prim\u00e0ria hi ha tot un espai reservat a la plantaci\u00f3 de diferents plantes arom\u00e0tiques, fruites i hortalisses.<\/p>\n<p style=\"text-align: justify;\">En <strong>Pitu Nolla<\/strong>, pare de l\u2019escola, ens ajuda a preparar els parterres i a plantar, tot donant-nos bons consells per a obtenir una bona collita. Cal regar, arrencar les males herbes i anar observant el creixement d\u2019aquests vegetals per tal de collir-los en el seu temps. Com a m\u00ednim una vegada durant el curs cada classe t\u00e9 una tarda dedicada a l&#8217;hort amb l&#8217;ajuda del Pitu, una tarda molt productiva que ens permet treballar aspectes que tamb\u00e9 treballem a l&#8217;aula.<\/p>\n<p>&nbsp;<\/p>\n<p><img loading=\"lazy\" decoding=\"async\" class=\"size-medium wp-image-37134 alignleft\" src=\"https:\/\/agora.xtec.cat\/escola-lavitxeta\/wp-content\/uploads\/usu1195\/QUE-PODEM-FER-A-L-002-212x300.jpg\" alt=\"\" width=\"212\" height=\"300\" srcset=\"https:\/\/agora.xtec.cat\/escola-lavitxeta\/wp-content\/uploads\/usu1195\/QUE-PODEM-FER-A-L-002-212x300.jpg 212w, https:\/\/agora.xtec.cat\/escola-lavitxeta\/wp-content\/uploads\/usu1195\/QUE-PODEM-FER-A-L-002-768x1087.jpg 768w, https:\/\/agora.xtec.cat\/escola-lavitxeta\/wp-content\/uploads\/usu1195\/QUE-PODEM-FER-A-L-002-724x1024.jpg 724w, https:\/\/agora.xtec.cat\/escola-lavitxeta\/wp-content\/uploads\/usu1195\/QUE-PODEM-FER-A-L-002.jpg 1190w\" sizes=\"auto, (max-width: 212px) 100vw, 212px\" \/>A les estones d\u2019esbarjo al pati de prim\u00e0ria tamb\u00e9 podem participar del <strong>projecte \u201c<span style=\"color: #008000;\">Mans a l\u2019hort<\/span>\u201d.<\/strong><\/p>\n<ul>\n<li style=\"text-align: justify;\">Cada dia hi ha voluntaris i volunt\u00e0ries del pati poden tenir cura de l\u2019hort amb l\u2019ajuda del mestre\/a responsable d\u2019aquesta zona del pati.<\/li>\n<li>Tenim cabassos per les males herbes, pales, guants, rasclets, plantadors, regadores, escombretes de jard\u00ed que desem dins el carro de l\u2019hort, i al lloc acordat, tot net i ben col\u00b7locat.<\/li>\n<\/ul>\n<p>&nbsp;<\/p>\n<p>&nbsp;<\/p>\n<p>&nbsp;<\/p>\n<p><strong>Qu\u00e8 poden fer els voluntaris de l\u2019hort per tenir-ne cura?<\/strong><\/p>\n<ul>\n<li>Regar<\/li>\n<li>Arrencar les males herbes<\/li>\n<li>Adobar<\/li>\n<li>Treure pedres<\/li>\n<li>Allisar la terra<\/li>\n<\/ul>\n<p>Entre tots i totes tenim un hort m\u00e9s ben cuidat. Gr\u00e0cies voluntaris i volunt\u00e0ries!<\/p>\n\n\t\t<style type=\"text\/css\">\n\t\t\t#gallery-1 {\n\t\t\t\tmargin: auto;\n\t\t\t}\n\t\t\t#gallery-1 .gallery-item {\n\t\t\t\tfloat: left;\n\t\t\t\tmargin-top: 10px;\n\t\t\t\ttext-align: center;\n\t\t\t\twidth: 33%;\n\t\t\t}\n\t\t\t#gallery-1 img {\n\t\t\t\tborder: 2px solid #cfcfcf;\n\t\t\t}\n\t\t\t#gallery-1 .gallery-caption {\n\t\t\t\tmargin-left: 0;\n\t\t\t}\n\t\t\t\/* see gallery_shortcode() in wp-includes\/media.php *\/\n\t\t<\/style>\n\t\t<div id='gallery-1' class='gallery galleryid-37129 gallery-columns-3 gallery-size-thumbnail'><dl class='gallery-item'>\n\t\t\t<dt class='gallery-icon portrait'>\n\t\t\t\t<a href='https:\/\/agora.xtec.cat\/escola-lavitxeta\/mans-a-lhort\/attachment\/que-podem-fer-a-l-002\/'><img loading=\"lazy\" decoding=\"async\" width=\"150\" height=\"150\" src=\"https:\/\/agora.xtec.cat\/escola-lavitxeta\/wp-content\/uploads\/usu1195\/QUE-PODEM-FER-A-L-002-150x150.jpg\" class=\"attachment-thumbnail size-thumbnail\" alt=\"\" \/><\/a>\n\t\t\t<\/dt><\/dl><dl class='gallery-item'>\n\t\t\t<dt class='gallery-icon portrait'>\n\t\t\t\t<a href='https:\/\/agora.xtec.cat\/escola-lavitxeta\/mans-a-lhort\/attachment\/que-podem-fer-a-l-003\/'><img loading=\"lazy\" decoding=\"async\" width=\"150\" height=\"150\" src=\"https:\/\/agora.xtec.cat\/escola-lavitxeta\/wp-content\/uploads\/usu1195\/QUE-PODEM-FER-A-L-003-150x150.jpg\" class=\"attachment-thumbnail size-thumbnail\" alt=\"\" \/><\/a>\n\t\t\t<\/dt><\/dl><dl class='gallery-item'>\n\t\t\t<dt class='gallery-icon landscape'>\n\t\t\t\t<a href='https:\/\/agora.xtec.cat\/escola-lavitxeta\/mans-a-lhort\/attachment\/que-hi-ha-al-carro2-001\/'><img loading=\"lazy\" decoding=\"async\" width=\"150\" height=\"150\" src=\"https:\/\/agora.xtec.cat\/escola-lavitxeta\/wp-content\/uploads\/usu1195\/QU\u00c8-hi-ha-al-carro2-001-150x150.jpg\" class=\"attachment-thumbnail size-thumbnail\" alt=\"\" \/><\/a>\n\t\t\t<\/dt><\/dl><br style=\"clear: both\" \/>\n\t\t<\/div>\n\n<p>Articles relacionats: <a href=\"https:\/\/agora.xtec.cat\/escola-lavitxeta\/?s=Hort\">Mans a l&#8217;hort<\/a><em><br \/>\n<\/em><\/p>\n","protected":false},"excerpt":{"rendered":"<p>Tots els infants de l&#8217;escola d&#8217;infantil i de prim\u00e0ria tenen cura dels diferents horts que tenim a l&#8217;escola. Al pati d&#8217;educaci\u00f3 infantil hi ha diferents parterres on plantem diferents plantes i hortalisses, i al pati de prim\u00e0ria hi ha tot un espai reservat a la&hellip;  <a href=\"https:\/\/agora.xtec.cat\/escola-lavitxeta\/mans-a-lhort\/\" title=\"Read Mans a l&#8217;hort\">Llegeix m\u00e9s\u00bb<\/a><\/p>\n","protected":false},"author":1,"featured_media":0,"parent":0,"menu_order":0,"comment_status":"closed","ping_status":"closed","template":"","meta":{"_bbp_topic_count":0,"_bbp_reply_count":0,"_bbp_total_topic_count":0,"_bbp_total_reply_count":0,"_bbp_voice_count":0,"_bbp_anonymous_reply_count":0,"_bbp_topic_count_hidden":0,"_bbp_reply_count_hidden":0,"_bbp_forum_subforum_count":0,"footnotes":""},"class_list":["post-37129","page","type-page","status-publish","hentry"],"post_mailing_queue_ids":[],"_links":{"self":[{"href":"https:\/\/agora.xtec.cat\/escola-lavitxeta\/wp-json\/wp\/v2\/pages\/37129","targetHints":{"allow":["GET"]}}],"collection":[{"href":"https:\/\/agora.xtec.cat\/escola-lavitxeta\/wp-json\/wp\/v2\/pages"}],"about":[{"href":"https:\/\/agora.xtec.cat\/escola-lavitxeta\/wp-json\/wp\/v2\/types\/page"}],"author":[{"embeddable":true,"href":"https:\/\/agora.xtec.cat\/escola-lavitxeta\/wp-json\/wp\/v2\/users\/1"}],"replies":[{"embeddable":true,"href":"https:\/\/agora.xtec.cat\/escola-lavitxeta\/wp-json\/wp\/v2\/comments?post=37129"}],"version-history":[{"count":3,"href":"https:\/\/agora.xtec.cat\/escola-lavitxeta\/wp-json\/wp\/v2\/pages\/37129\/revisions"}],"predecessor-version":[{"id":37140,"href":"https:\/\/agora.xtec.cat\/escola-lavitxeta\/wp-json\/wp\/v2\/pages\/37129\/revisions\/37140"}],"wp:attachment":[{"href":"https:\/\/agora.xtec.cat\/escola-lavitxeta\/wp-json\/wp\/v2\/media?parent=37129"}],"curies":[{"name":"wp","href":"https:\/\/api.w.org\/{rel}","templated":true}]}}