{"id":37110,"date":"2019-01-27T20:58:35","date_gmt":"2019-01-27T19:58:35","guid":{"rendered":"http:\/\/agora.xtec.cat\/escola-lavitxeta\/?page_id=37110"},"modified":"2024-11-13T13:14:18","modified_gmt":"2024-11-13T12:14:18","slug":"frase-i-musica-de-la-setmana","status":"publish","type":"page","link":"https:\/\/agora.xtec.cat\/escola-lavitxeta\/frase-i-musica-de-la-setmana\/","title":{"rendered":"M\u00fasica de la setmana"},"content":{"rendered":"<div>\n<div id=\":1b4\">\n<div id=\":1b5\">\n<div dir=\"auto\">\n<div>\n<div id=\"m_-2139368770004982754article\" role=\"article\">\n<div>\n<p><span style=\"color: #0000ff;\"><strong>M\u00fasica de la setmana<\/strong><\/span><\/p>\n<p><img loading=\"lazy\" decoding=\"async\" class=\"aligncenter wp-image-48241 size-medium\" src=\"https:\/\/agora.xtec.cat\/escola-lavitxeta\/wp-content\/uploads\/usu1195\/2022\/10\/musica-de-la-setmana1-11-212x300.jpg\" alt=\"\" width=\"212\" height=\"300\" srcset=\"https:\/\/agora.xtec.cat\/escola-lavitxeta\/wp-content\/uploads\/usu1195\/2022\/10\/musica-de-la-setmana1-11-212x300.jpg 212w, https:\/\/agora.xtec.cat\/escola-lavitxeta\/wp-content\/uploads\/usu1195\/2022\/10\/musica-de-la-setmana1-11-724x1024.jpg 724w, https:\/\/agora.xtec.cat\/escola-lavitxeta\/wp-content\/uploads\/usu1195\/2022\/10\/musica-de-la-setmana1-11-768x1086.jpg 768w, https:\/\/agora.xtec.cat\/escola-lavitxeta\/wp-content\/uploads\/usu1195\/2022\/10\/musica-de-la-setmana1-11-1086x1536.jpg 1086w, https:\/\/agora.xtec.cat\/escola-lavitxeta\/wp-content\/uploads\/usu1195\/2022\/10\/musica-de-la-setmana1-11-1448x2048.jpg 1448w, https:\/\/agora.xtec.cat\/escola-lavitxeta\/wp-content\/uploads\/usu1195\/2022\/10\/musica-de-la-setmana1-11.jpg 1587w\" sizes=\"auto, (max-width: 212px) 100vw, 212px\" \/><\/p>\n<p style=\"text-align: justify;\">Aix\u00ed mateix, a les entrades i sortides de l&#8217;escola, aix\u00ed com a les estones d&#8217;esbarjo, cada setmana podem escoltar la <strong>m\u00fasica de la setmana, <\/strong>moltes vegades relacionada amb les festes, dates o fets que esdevenen aquells dies.<\/p>\n<\/div>\n<\/div>\n<\/div>\n<\/div>\n<\/div>\n<\/div>\n<\/div>\n<p>&nbsp;<\/p>\n<p><span style=\"font-family: inherit; font-size: 1em;\">Articles relacionats: <\/span><a style=\"font-family: inherit; font-size: 1em;\" href=\"https:\/\/agora.xtec.cat\/escola-lavitxeta\/tag\/musica-de-la-setmana\/\">M\u00fasica de la setmana<\/a><\/p>\n","protected":false},"excerpt":{"rendered":"<p>M\u00fasica de la setmana<\/p>\n<p>Aix\u00ed mateix, a les entrades i sortides de l&#8217;escola, aix\u00ed com a les estones d&#8217;esbarjo, cada setmana podem escoltar la m\u00fasica de la setmana, moltes vegades relacionada amb les festes, dates o fets que esdevenen aquells dies.<\/p>\n<p>&nbsp;<br \/>\nArticles relacionats: <a style=\"font-family: inherit; font-size:&hellip;  <a href=\"https:\/\/agora.xtec.cat\/escola-lavitxeta\/frase-i-musica-de-la-setmana\/\" title=\"Read M\u00fasica de la setmana\">Llegeix m\u00e9s\u00bb<\/a><\/p>\n","protected":false},"author":1,"featured_media":0,"parent":0,"menu_order":0,"comment_status":"closed","ping_status":"closed","template":"","meta":{"_bbp_topic_count":0,"_bbp_reply_count":0,"_bbp_total_topic_count":0,"_bbp_total_reply_count":0,"_bbp_voice_count":0,"_bbp_anonymous_reply_count":0,"_bbp_topic_count_hidden":0,"_bbp_reply_count_hidden":0,"_bbp_forum_subforum_count":0,"footnotes":""},"class_list":["post-37110","page","type-page","status-publish","hentry"],"post_mailing_queue_ids":[],"_links":{"self":[{"href":"https:\/\/agora.xtec.cat\/escola-lavitxeta\/wp-json\/wp\/v2\/pages\/37110","targetHints":{"allow":["GET"]}}],"collection":[{"href":"https:\/\/agora.xtec.cat\/escola-lavitxeta\/wp-json\/wp\/v2\/pages"}],"about":[{"href":"https:\/\/agora.xtec.cat\/escola-lavitxeta\/wp-json\/wp\/v2\/types\/page"}],"author":[{"embeddable":true,"href":"https:\/\/agora.xtec.cat\/escola-lavitxeta\/wp-json\/wp\/v2\/users\/1"}],"replies":[{"embeddable":true,"href":"https:\/\/agora.xtec.cat\/escola-lavitxeta\/wp-json\/wp\/v2\/comments?post=37110"}],"version-history":[{"count":4,"href":"https:\/\/agora.xtec.cat\/escola-lavitxeta\/wp-json\/wp\/v2\/pages\/37110\/revisions"}],"predecessor-version":[{"id":49427,"href":"https:\/\/agora.xtec.cat\/escola-lavitxeta\/wp-json\/wp\/v2\/pages\/37110\/revisions\/49427"}],"wp:attachment":[{"href":"https:\/\/agora.xtec.cat\/escola-lavitxeta\/wp-json\/wp\/v2\/media?parent=37110"}],"curies":[{"name":"wp","href":"https:\/\/api.w.org\/{rel}","templated":true}]}}