{"id":37106,"date":"2019-01-27T20:46:11","date_gmt":"2019-01-27T19:46:11","guid":{"rendered":"http:\/\/agora.xtec.cat\/escola-lavitxeta\/?page_id=37106"},"modified":"2019-01-27T21:33:20","modified_gmt":"2019-01-27T20:33:20","slug":"sortides-i-colonies","status":"publish","type":"page","link":"https:\/\/agora.xtec.cat\/escola-lavitxeta\/sortides-i-colonies\/","title":{"rendered":"Sortides i col\u00f2nies"},"content":{"rendered":"<p style=\"text-align: justify;\">Si l&#8217;educaci\u00f3 ha d&#8217;estar basada en un aprenentatge vivencial, experimental i manipulatiu, a La Vitxeta complementem les activitats d\u2019aula\u00a0amb <span style=\"color: #0000ff;\"><strong>sortides<\/strong><\/span> que ens permeten apropar-nos i con\u00e8ixer en primera persona\u00a0el nostre entorn; museus, natura, municipi, serveis i poder gaudir d&#8217;espectacles musicals i d&#8217;obres de teatre en llengua anglesa, entre d&#8217;altres.<\/p>\n<p style=\"text-align: justify;\">D\u2019altra banda, els alumnes de <strong>P5, segon, quart i de sis\u00e8<\/strong> (com a cursos que acaben els diferents cicles) tenen programades <span style=\"color: #0000ff;\"><strong>unes col\u00f2nies durant el curs<\/strong><\/span>. Es tracta, no nom\u00e9s de gaudir de\u00a0dos dies d\u2019esbarjo, activitat f\u00edsica i diversi\u00f3, sin\u00f3 tamb\u00e9 de fomentar la cohesi\u00f3 de grup i la cooperaci\u00f3 entre companys i companyes, i d\u2019establir un vincle m\u00e9s proper amb els mestres. Aix\u00ed mateix, els infants tenen una bona oportunitat per a desenvolupar l\u2019autonomia personal i per con\u00e8ixer i implicar-se amb l\u2019entorn natural. Suposa, en definitiva, una experi\u00e8ncia \u00fanica, emocionant i extraordin\u00e0riament significativa en el desenvolupament\u00a0dels nens i nenes. Sortir de l&#8217;escola, de l&#8217;ambient habitual \u00e9s important perqu\u00e8 els nens i les nenes coneguin el m\u00f3n que els envolta, les possibilitats que els ofereix, tot estimant-lo i respectant-lo.<\/p>\n<p style=\"text-align: justify;\">La programaci\u00f3 de les activitats que es fan fora del recinte escolar, o que pel seu car\u00e0cter general impliquen l&#8217;alteraci\u00f3 de l&#8217;horari habitual, s&#8217;ha d&#8217;incloure en la <strong>Programaci\u00f3 general anual del centre<\/strong> o s&#8217;ha de preveure amb prou antelaci\u00f3 i l&#8217;ha de valorar el <a href=\"https:\/\/agora.xtec.cat\/escola-lavitxeta\/lescola\/consell-escolar\/\">Consell escolar<\/a>. En el marc d&#8217;aquesta programaci\u00f3, les activitats espec\u00edfiques les ha d&#8217;autoritzar la directora del centre.<\/p>\n<p style=\"text-align: justify;\">Les sortides i col\u00f2nies tenen la consideraci\u00f3 d\u2019activitats complement\u00e0ries, les quals es desenvoluparan durant l\u2019horari lectiu i poden tenir extensi\u00f3 en horari extra escolar.<\/p>\n<p style=\"text-align: justify;\">Les activitats complement\u00e0ries s\u00f3n un element m\u00e9s d\u2019actuaci\u00f3 en la formaci\u00f3 dels alumnes, ja que aquestes es fan dins i fora del centre, i durant o fora de l\u2019horari lectiu, i s\u00f3n un complement imprescindible per a l\u2019educaci\u00f3 del nostre alumnat.<\/p>\n<p>Articles relacionats: <a href=\"https:\/\/agora.xtec.cat\/escola-lavitxeta\/tag\/sortides\/\">Sortides<\/a> i <a href=\"https:\/\/agora.xtec.cat\/escola-lavitxeta\/tag\/colonies\/\">Col\u00f2nies<\/a><\/p>\n","protected":false},"excerpt":{"rendered":"<p>Si l&#8217;educaci\u00f3 ha d&#8217;estar basada en un aprenentatge vivencial, experimental i manipulatiu, a La Vitxeta complementem les activitats d\u2019aula\u00a0amb sortides que ens permeten apropar-nos i con\u00e8ixer en primera persona\u00a0el nostre entorn; museus, natura, municipi, serveis i poder gaudir d&#8217;espectacles musicals i d&#8217;obres de teatre en&hellip;  <a href=\"https:\/\/agora.xtec.cat\/escola-lavitxeta\/sortides-i-colonies\/\" title=\"Read Sortides i col\u00f2nies\">Llegeix m\u00e9s\u00bb<\/a><\/p>\n","protected":false},"author":1,"featured_media":0,"parent":0,"menu_order":0,"comment_status":"closed","ping_status":"closed","template":"","meta":{"_bbp_topic_count":0,"_bbp_reply_count":0,"_bbp_total_topic_count":0,"_bbp_total_reply_count":0,"_bbp_voice_count":0,"_bbp_anonymous_reply_count":0,"_bbp_topic_count_hidden":0,"_bbp_reply_count_hidden":0,"_bbp_forum_subforum_count":0,"footnotes":""},"class_list":["post-37106","page","type-page","status-publish","hentry"],"post_mailing_queue_ids":[],"_links":{"self":[{"href":"https:\/\/agora.xtec.cat\/escola-lavitxeta\/wp-json\/wp\/v2\/pages\/37106","targetHints":{"allow":["GET"]}}],"collection":[{"href":"https:\/\/agora.xtec.cat\/escola-lavitxeta\/wp-json\/wp\/v2\/pages"}],"about":[{"href":"https:\/\/agora.xtec.cat\/escola-lavitxeta\/wp-json\/wp\/v2\/types\/page"}],"author":[{"embeddable":true,"href":"https:\/\/agora.xtec.cat\/escola-lavitxeta\/wp-json\/wp\/v2\/users\/1"}],"replies":[{"embeddable":true,"href":"https:\/\/agora.xtec.cat\/escola-lavitxeta\/wp-json\/wp\/v2\/comments?post=37106"}],"version-history":[{"count":3,"href":"https:\/\/agora.xtec.cat\/escola-lavitxeta\/wp-json\/wp\/v2\/pages\/37106\/revisions"}],"predecessor-version":[{"id":37126,"href":"https:\/\/agora.xtec.cat\/escola-lavitxeta\/wp-json\/wp\/v2\/pages\/37106\/revisions\/37126"}],"wp:attachment":[{"href":"https:\/\/agora.xtec.cat\/escola-lavitxeta\/wp-json\/wp\/v2\/media?parent=37106"}],"curies":[{"name":"wp","href":"https:\/\/api.w.org\/{rel}","templated":true}]}}