{"id":36983,"date":"2019-01-26T21:11:24","date_gmt":"2019-01-26T20:11:24","guid":{"rendered":"http:\/\/agora.xtec.cat\/escola-lavitxeta\/?page_id=36983"},"modified":"2019-01-27T19:49:50","modified_gmt":"2019-01-27T18:49:50","slug":"curriculum","status":"publish","type":"page","link":"https:\/\/agora.xtec.cat\/escola-lavitxeta\/curriculum\/","title":{"rendered":"Curr\u00edculum"},"content":{"rendered":"<p style=\"text-align: justify;\">El <strong>curr\u00edculum del Departament d&#8217;Educaci\u00f3<\/strong> guia les activitats educatives escolars, en concreta les intencions i proporciona guies d\u2019acci\u00f3 adequades al professorat, que t\u00e9 la responsabilitat \u00faltima a l\u2019hora de concretar-ne l\u2019aplicaci\u00f3 (<a href=\"http:\/\/dogc.gencat.cat\/ca\/pdogc_canals_interns\/pdogc_resultats_fitxa\/?documentId=480169&amp;language=ca_ES&amp;action=fitxa\" data-saferedirecturl=\"https:\/\/www.google.com\/url?hl=ca&amp;q=http:\/\/dogc.gencat.cat\/ca\/pdogc_canals_interns\/pdogc_resultats_fitxa\/?documentId%3D480169%26language%3Dca_ES%26action%3Dfitxa&amp;source=gmail&amp;ust=1507701616204000&amp;usg=AFQjCNEdiQY93v4sGy-73hI6KFEXH4VQXA\">Llei 12\/2009<\/a>, del 10 de juliol, d\u2019educaci\u00f3).<\/p>\n<p style=\"text-align: justify;\">Aquests documents donen orientacions als professionals del <strong>segon cicle d&#8217;educaci\u00f3 infantil i al primer, segon i tercer cicle d&#8217;educaci\u00f3 prim\u00e0ria<\/strong> per oferir als infants les possibilitats que garanteixin el desenvolupament integral. Presenten propostes metodol\u00f2giques, exemples i consignes per bastir una escola que vol cr\u00e9ixer en qualitat i convida els equips educatius a repensar conjuntament el sentit de les seves actuacions.<\/p>\n<p>&nbsp;<\/p>\n<ul>\n<li><a href=\"http:\/\/xtec.gencat.cat\/ca\/curriculum\/infantil\/\">CURR\u00cdCULUM D&#8217;EDUCACI\u00d3 INFANTIL<\/a><\/li>\n<\/ul>\n<p><img loading=\"lazy\" decoding=\"async\" class=\"size-medium wp-image-36984 alignleft\" src=\"https:\/\/agora.xtec.cat\/escola-lavitxeta\/wp-content\/uploads\/usu1195\/curriculum-infantil-2n-cicle.png_2026732490-213x300.png\" alt=\"\" width=\"213\" height=\"300\" srcset=\"https:\/\/agora.xtec.cat\/escola-lavitxeta\/wp-content\/uploads\/usu1195\/curriculum-infantil-2n-cicle.png_2026732490-213x300.png 213w, https:\/\/agora.xtec.cat\/escola-lavitxeta\/wp-content\/uploads\/usu1195\/curriculum-infantil-2n-cicle.png_2026732490.png 268w\" sizes=\"auto, (max-width: 213px) 100vw, 213px\" \/><\/p>\n<p>&nbsp;<\/p>\n<p>&nbsp;<\/p>\n<p>&nbsp;<\/p>\n<p>&nbsp;<\/p>\n<p>&nbsp;<\/p>\n<p>&nbsp;<\/p>\n<p>&nbsp;<\/p>\n<p>&nbsp;<\/p>\n<ul>\n<li><a href=\"http:\/\/xtec.gencat.cat\/ca\/curriculum\/primaria\/\">CURR\u00cdCULUM D&#8217;EDUCACI\u00d3 PRIM\u00c0RIA<\/a><\/li>\n<\/ul>\n<p><img loading=\"lazy\" decoding=\"async\" class=\"\" title=\"Curr\u00edculum educaci\u00f3 prim\u00e0ria\" src=\"http:\/\/xtec.gencat.cat\/web\/.content\/curriculum\/primaria\/curriculum\/imatges\/cv_primaria.png\" alt=\"Curr\u00edculum educaci\u00f3 prim\u00e0ria\" width=\"213\" height=\"301\" \/><\/p>\n","protected":false},"excerpt":{"rendered":"<p>El curr\u00edculum del Departament d&#8217;Educaci\u00f3 guia les activitats educatives escolars, en concreta les intencions i proporciona guies d\u2019acci\u00f3 adequades al professorat, que t\u00e9 la responsabilitat \u00faltima a l\u2019hora de concretar-ne l\u2019aplicaci\u00f3 (<a href=\"http:\/\/dogc.gencat.cat\/ca\/pdogc_canals_interns\/pdogc_resultats_fitxa\/?documentId=480169&amp;language=ca_ES&amp;action=fitxa\" data-saferedirecturl=\"https:\/\/www.google.com\/url?hl=ca&amp;q=http:\/\/dogc.gencat.cat\/ca\/pdogc_canals_interns\/pdogc_resultats_fitxa\/?documentId%3D480169%26language%3Dca_ES%26action%3Dfitxa&amp;source=gmail&amp;ust=1507701616204000&amp;usg=AFQjCNEdiQY93v4sGy-73hI6KFEXH4VQXA\">Llei 12\/2009<\/a>, del 10 de juliol, d\u2019educaci\u00f3).<br \/>\nAquests documents donen orientacions als professionals&hellip;  <a href=\"https:\/\/agora.xtec.cat\/escola-lavitxeta\/curriculum\/\" title=\"Read Curr\u00edculum\">Llegeix m\u00e9s\u00bb<\/a><\/p>\n","protected":false},"author":1,"featured_media":0,"parent":0,"menu_order":0,"comment_status":"closed","ping_status":"closed","template":"","meta":{"_bbp_topic_count":0,"_bbp_reply_count":0,"_bbp_total_topic_count":0,"_bbp_total_reply_count":0,"_bbp_voice_count":0,"_bbp_anonymous_reply_count":0,"_bbp_topic_count_hidden":0,"_bbp_reply_count_hidden":0,"_bbp_forum_subforum_count":0,"footnotes":""},"class_list":["post-36983","page","type-page","status-publish","hentry"],"post_mailing_queue_ids":[],"_links":{"self":[{"href":"https:\/\/agora.xtec.cat\/escola-lavitxeta\/wp-json\/wp\/v2\/pages\/36983","targetHints":{"allow":["GET"]}}],"collection":[{"href":"https:\/\/agora.xtec.cat\/escola-lavitxeta\/wp-json\/wp\/v2\/pages"}],"about":[{"href":"https:\/\/agora.xtec.cat\/escola-lavitxeta\/wp-json\/wp\/v2\/types\/page"}],"author":[{"embeddable":true,"href":"https:\/\/agora.xtec.cat\/escola-lavitxeta\/wp-json\/wp\/v2\/users\/1"}],"replies":[{"embeddable":true,"href":"https:\/\/agora.xtec.cat\/escola-lavitxeta\/wp-json\/wp\/v2\/comments?post=36983"}],"version-history":[{"count":2,"href":"https:\/\/agora.xtec.cat\/escola-lavitxeta\/wp-json\/wp\/v2\/pages\/36983\/revisions"}],"predecessor-version":[{"id":37084,"href":"https:\/\/agora.xtec.cat\/escola-lavitxeta\/wp-json\/wp\/v2\/pages\/36983\/revisions\/37084"}],"wp:attachment":[{"href":"https:\/\/agora.xtec.cat\/escola-lavitxeta\/wp-json\/wp\/v2\/media?parent=36983"}],"curies":[{"name":"wp","href":"https:\/\/api.w.org\/{rel}","templated":true}]}}