{"id":36754,"date":"2019-01-26T20:47:09","date_gmt":"2019-01-26T19:47:09","guid":{"rendered":"http:\/\/agora.xtec.cat\/escola-lavitxeta\/?page_id=36754"},"modified":"2020-03-10T10:13:32","modified_gmt":"2020-03-10T09:13:32","slug":"projecte-linguistic","status":"publish","type":"page","link":"https:\/\/agora.xtec.cat\/escola-lavitxeta\/projecte-linguistic\/","title":{"rendered":"Projecte Ling\u00fc\u00edstic"},"content":{"rendered":"<blockquote>\n<p style=\"text-align: justify;\">La compet\u00e8ncia comunicativa i ling\u00fc\u00edstica incideix en el curr\u00edculum de manera m\u00faltiple i diversa ja que \u00e9s, simult\u00e0niament, espec\u00edfica de les lleng\u00fces que s\u2019aprenen i transversal a tots els aprenentatges, de manera que determina el proc\u00e9s de desenvolupament de la resta de compet\u00e8ncies: saber pensar, saber aprendre, saber fer, saber conviure i saber ser. \u00c9s a dir, la compet\u00e8ncia comunicativa \u00e9s subjacent a tot el desenvolupament personal i curricular, i a l\u2019adquisici\u00f3 de totes les compet\u00e8ncies que han d\u2019assolir els alumnes. El Projecte Educatiu del Centre hi dedica, mitjan\u00e7ant el Projecte Ling\u00fc\u00edstic, una atenci\u00f3 especial.<\/p>\n<p style=\"text-align: right;\">Extret de <a href=\"http:\/\/xtec.gencat.cat\/web\/.content\/projectes\/plurilinguisme\/projectelinguistic\/documents\/guia_projecte_linguistic.pdf\">Guia per a l&#8217;elaboraci\u00f3 del Projecte Ling\u00fc\u00edstic de Centre<\/a> del Departament d&#8217;Educaci\u00f3<\/p>\n<\/blockquote>\n<p style=\"text-align: justify;\"><a href=\"http:\/\/ensenyament.gencat.cat\/ca\/departament\/publicacions\/monografies\/model-linguistic\/\"><strong>El model ling\u00fc\u00edstic del sistema educatiu de Catalunya\u00a0<\/strong><\/a>presenta el marc que defineix i identifica la pol\u00edtica ling\u00fc\u00edstica educativa de Catalunya. Amb l&#8217;objectiu de contribuir a consolidar un model d&#8217;educaci\u00f3 pluriling\u00fce i intercultural per al sistema educatiu catal\u00e0, el document ofereix orientacions metodol\u00f2giques i organitzatives que facilitin l&#8217;assoliment de la compet\u00e8ncia comunicativa i ling\u00fc\u00edstica de l&#8217;alumnat no universitari.<\/p>\n<p style=\"text-align: justify;\"><a href=\"https:\/\/agora.xtec.cat\/escola-lavitxeta\/wp-content\/uploads\/usu1195\/2020\/03\/Projecte-ling\u00fc\u00edstic-modificaci\u00f3-La-Vitxeta.pdf\">Projecte ling\u00fc\u00edstic La Vitxeta<\/a><\/p>\n","protected":false},"excerpt":{"rendered":"<p>La compet\u00e8ncia comunicativa i ling\u00fc\u00edstica incideix en el curr\u00edculum de manera m\u00faltiple i diversa ja que \u00e9s, simult\u00e0niament, espec\u00edfica de les lleng\u00fces que s\u2019aprenen i transversal a tots els aprenentatges, de manera que determina el proc\u00e9s de desenvolupament de la resta de compet\u00e8ncies: saber pensar,&hellip;  <a href=\"https:\/\/agora.xtec.cat\/escola-lavitxeta\/projecte-linguistic\/\" title=\"Read Projecte Ling\u00fc\u00edstic\">Llegeix m\u00e9s\u00bb<\/a><\/p>\n","protected":false},"author":1,"featured_media":0,"parent":0,"menu_order":0,"comment_status":"closed","ping_status":"closed","template":"","meta":{"_bbp_topic_count":0,"_bbp_reply_count":0,"_bbp_total_topic_count":0,"_bbp_total_reply_count":0,"_bbp_voice_count":0,"_bbp_anonymous_reply_count":0,"_bbp_topic_count_hidden":0,"_bbp_reply_count_hidden":0,"_bbp_forum_subforum_count":0,"footnotes":""},"class_list":["post-36754","page","type-page","status-publish","hentry"],"post_mailing_queue_ids":[],"_links":{"self":[{"href":"https:\/\/agora.xtec.cat\/escola-lavitxeta\/wp-json\/wp\/v2\/pages\/36754","targetHints":{"allow":["GET"]}}],"collection":[{"href":"https:\/\/agora.xtec.cat\/escola-lavitxeta\/wp-json\/wp\/v2\/pages"}],"about":[{"href":"https:\/\/agora.xtec.cat\/escola-lavitxeta\/wp-json\/wp\/v2\/types\/page"}],"author":[{"embeddable":true,"href":"https:\/\/agora.xtec.cat\/escola-lavitxeta\/wp-json\/wp\/v2\/users\/1"}],"replies":[{"embeddable":true,"href":"https:\/\/agora.xtec.cat\/escola-lavitxeta\/wp-json\/wp\/v2\/comments?post=36754"}],"version-history":[{"count":3,"href":"https:\/\/agora.xtec.cat\/escola-lavitxeta\/wp-json\/wp\/v2\/pages\/36754\/revisions"}],"predecessor-version":[{"id":43991,"href":"https:\/\/agora.xtec.cat\/escola-lavitxeta\/wp-json\/wp\/v2\/pages\/36754\/revisions\/43991"}],"wp:attachment":[{"href":"https:\/\/agora.xtec.cat\/escola-lavitxeta\/wp-json\/wp\/v2\/media?parent=36754"}],"curies":[{"name":"wp","href":"https:\/\/api.w.org\/{rel}","templated":true}]}}