{"id":36547,"date":"2019-01-26T22:28:54","date_gmt":"2019-01-26T21:28:54","guid":{"rendered":"http:\/\/agora.xtec.cat\/escola-lavitxeta\/?page_id=36547"},"modified":"2019-02-25T22:01:08","modified_gmt":"2019-02-25T21:01:08","slug":"cros-solidari-la-vitxeta","status":"publish","type":"page","link":"https:\/\/agora.xtec.cat\/escola-lavitxeta\/cros-solidari-la-vitxeta\/","title":{"rendered":"Cros Solidari La Vitxeta"},"content":{"rendered":"<p><img loading=\"lazy\" decoding=\"async\" class=\"size-medium wp-image-31972 alignleft\" src=\"https:\/\/agora.xtec.cat\/escola-lavitxeta\/wp-content\/uploads\/usu1195\/Cross_laVitxeta_Cartell_2018__v011-212x300.jpg\" alt=\"\" width=\"212\" height=\"300\" srcset=\"https:\/\/agora.xtec.cat\/escola-lavitxeta\/wp-content\/uploads\/usu1195\/Cross_laVitxeta_Cartell_2018__v011-212x300.jpg 212w, https:\/\/agora.xtec.cat\/escola-lavitxeta\/wp-content\/uploads\/usu1195\/Cross_laVitxeta_Cartell_2018__v011-768x1086.jpg 768w, https:\/\/agora.xtec.cat\/escola-lavitxeta\/wp-content\/uploads\/usu1195\/Cross_laVitxeta_Cartell_2018__v011-724x1024.jpg 724w\" sizes=\"auto, (max-width: 212px) 100vw, 212px\" \/><\/p>\n<blockquote><p>&nbsp;<\/p>\n<p>&nbsp;<\/p>\n<p>&nbsp;<\/p>\n<p>&nbsp;<\/p><\/blockquote>\n<p>&nbsp;<\/p>\n<p>&nbsp;<\/p>\n<p style=\"text-align: left;\"><a href=\"https:\/\/agora.xtec.cat\/escola-lavitxeta\/wp-content\/uploads\/usu1195\/La-Vitxeta-Tr\u00edptic-4t-Cros.pdf\">La Vitxeta Tr\u00edptic 4t Cros<\/a><\/p>\n<p style=\"text-align: justify;\"><strong>El 8 de mar\u00e7<\/strong> <strong>de 2015<\/strong> es va celebrar el <strong>1r Cros Solidari de La Vitxeta, <\/strong>organitzat per l&#8217;AMIPA de l&#8217;escola en col\u00b7laboraci\u00f3 amb el <a href=\"http:\/\/www.cebc.cat\/\">Consell Esportiu del Baix Camp\u00a0<\/a>i des d&#8217;aleshores es fa cada curs escolar. El Cros Solidari neix amb l&#8217;objectiu de fomentar h\u00e0bits saludables i crear espais comuns entre l\u2019escola i les fam\u00edlies; aix\u00ed com la recollida d&#8217;aliments amb finalitat solid\u00e0ria.<\/p>\n<p style=\"text-align: justify;\">Les diverses categories (tots els nens entre 3 i 18 anys, m\u00e9s una categoria d&#8217;adults) cada any fan un recorregut per la Urbanitzaci\u00f3 Sant Joan, combinant asfalt i terra, i a l\u2019arribada hi ha medalles, coca amb xocolata, obsequis, sorteig de regals i molta diversi\u00f3. Els diferents recorreguts s\u00f3n de 150 a 3.000 metres.<\/p>\n<p style=\"text-align: justify;\">Tots els alumnes de l\u2019escola estan autom\u00e0ticament inscrits, nom\u00e9s han d\u2019aportar <strong>1 kg de menjar<\/strong> que donem a la <a href=\"https:\/\/www.bancdelsaliments.org\/\">Fundaci\u00f3 Banc dels Aliments<\/a>, tot contribuint a una bona causa amb molta il\u00b7lusi\u00f3.<\/p>\n<p style=\"text-align: justify;\">Qui no sigui de la nostra Comunitat educativa es pot inscriure a trav\u00e9s de la vostra Escola o AMIPA o directament al Consell Esportiu del Baix Camp (Pla\u00e7a la Patacada. Tel. 977 334 063 <a href=\"mailto:cebc@cebc.cat\">cebc@cebc.cat<\/a>) o el mateix dia de la cursa a l&#8217;escola (Preu inscripci\u00f3 3\u20ac).<\/p>\n<p><iframe loading=\"lazy\" title=\"M\u00e9s de 600 Kg d&#039;aliments recaptats al Cros de La Vitxeta\" width=\"500\" height=\"281\" src=\"https:\/\/www.youtube.com\/embed\/I4fm3O31hvA?feature=oembed\" frameborder=\"0\" allow=\"accelerometer; autoplay; clipboard-write; encrypted-media; gyroscope; picture-in-picture; web-share\" referrerpolicy=\"strict-origin-when-cross-origin\" allowfullscreen><\/iframe><\/p>\n<ul>\n<li id=\"embed-alacarta-12692\"><a href=\"http:\/\/www.canalreustv.cat\/noticies\/esport-i-solidaritat-al-cros-la-vitxeta-reus\">Not\u00edcia Canal Reus 25 d&#8217;abril de 2016<\/a><\/li>\n<li><a href=\"http:\/\/www.canalreustv.cat\/noticies\/la-vitxeta-fa-ple-al-cros-benefic-lescola\">Not\u00edcia Canal Reus 6 d&#8217;abril de 2017<\/a><\/li>\n<li><a href=\"http:\/\/www.canalreustv.cat\/noticies\/mes-600-kg-daliments-recaptats-al-cros-lescola-la-vitxeta\">Not\u00edcia Canal Reus 21 de mar\u00e7 de 2018<\/a><\/li>\n<\/ul>\n\n\t\t<style type=\"text\/css\">\n\t\t\t#gallery-1 {\n\t\t\t\tmargin: auto;\n\t\t\t}\n\t\t\t#gallery-1 .gallery-item {\n\t\t\t\tfloat: left;\n\t\t\t\tmargin-top: 10px;\n\t\t\t\ttext-align: center;\n\t\t\t\twidth: 33%;\n\t\t\t}\n\t\t\t#gallery-1 img {\n\t\t\t\tborder: 2px solid #cfcfcf;\n\t\t\t}\n\t\t\t#gallery-1 .gallery-caption {\n\t\t\t\tmargin-left: 0;\n\t\t\t}\n\t\t\t\/* see gallery_shortcode() in wp-includes\/media.php *\/\n\t\t<\/style>\n\t\t<div id='gallery-1' class='gallery galleryid-36547 gallery-columns-3 gallery-size-thumbnail'><dl class='gallery-item'>\n\t\t\t<dt class='gallery-icon portrait'>\n\t\t\t\t<a href='https:\/\/agora.xtec.cat\/escola-lavitxeta\/cros-solidari-la-vitxeta\/attachment\/0_facebook_1551128258307\/'><img loading=\"lazy\" decoding=\"async\" width=\"150\" height=\"150\" src=\"https:\/\/agora.xtec.cat\/escola-lavitxeta\/wp-content\/uploads\/usu1195\/0_facebook_1551128258307-150x150.jpg\" class=\"attachment-thumbnail size-thumbnail\" alt=\"\" \/><\/a>\n\t\t\t<\/dt><\/dl><dl class='gallery-item'>\n\t\t\t<dt class='gallery-icon portrait'>\n\t\t\t\t<a href='https:\/\/agora.xtec.cat\/escola-lavitxeta\/cros-solidari-la-vitxeta\/attachment\/fb_img_1551128230701\/'><img loading=\"lazy\" decoding=\"async\" width=\"150\" height=\"150\" src=\"https:\/\/agora.xtec.cat\/escola-lavitxeta\/wp-content\/uploads\/usu1195\/FB_IMG_1551128230701-150x150.jpg\" class=\"attachment-thumbnail size-thumbnail\" alt=\"\" \/><\/a>\n\t\t\t<\/dt><\/dl><dl class='gallery-item'>\n\t\t\t<dt class='gallery-icon portrait'>\n\t\t\t\t<a href='https:\/\/agora.xtec.cat\/escola-lavitxeta\/cros-solidari-la-vitxeta\/attachment\/fb_img_1551128188592\/'><img loading=\"lazy\" decoding=\"async\" width=\"150\" height=\"150\" src=\"https:\/\/agora.xtec.cat\/escola-lavitxeta\/wp-content\/uploads\/usu1195\/FB_IMG_1551128188592-150x150.jpg\" class=\"attachment-thumbnail size-thumbnail\" alt=\"\" \/><\/a>\n\t\t\t<\/dt><\/dl><br style=\"clear: both\" \/>\n\t\t<\/div>\n\n<p>Articles relacionats: <a href=\"https:\/\/agora.xtec.cat\/escola-lavitxeta\/tag\/cros\/\">Cros<\/a><\/p>\n","protected":false},"excerpt":{"rendered":"<p>&nbsp;<br \/>\n&nbsp;<br \/>\n&nbsp;<br \/>\n&nbsp;<br \/>\n&nbsp;<br \/>\n&nbsp;<br \/>\n<a href=\"https:\/\/agora.xtec.cat\/escola-lavitxeta\/wp-content\/uploads\/usu1195\/La-Vitxeta-Tr\u00edptic-4t-Cros.pdf\">La Vitxeta Tr\u00edptic 4t Cros<\/a><br \/>\nEl 8 de mar\u00e7 de 2015 es va celebrar el 1r Cros Solidari de La Vitxeta, organitzat per l&#8217;AMIPA de l&#8217;escola en col\u00b7laboraci\u00f3 amb el <a href=\"http:\/\/www.cebc.cat\/\">Consell Esportiu del Baix Camp\u00a0<\/a>i des d&#8217;aleshores es fa cada curs escolar. El Cros&hellip;  <a href=\"https:\/\/agora.xtec.cat\/escola-lavitxeta\/cros-solidari-la-vitxeta\/\" title=\"Read Cros Solidari La Vitxeta\">Llegeix m\u00e9s\u00bb<\/a><\/p>\n","protected":false},"author":1,"featured_media":0,"parent":0,"menu_order":0,"comment_status":"closed","ping_status":"closed","template":"","meta":{"_bbp_topic_count":0,"_bbp_reply_count":0,"_bbp_total_topic_count":0,"_bbp_total_reply_count":0,"_bbp_voice_count":0,"_bbp_anonymous_reply_count":0,"_bbp_topic_count_hidden":0,"_bbp_reply_count_hidden":0,"_bbp_forum_subforum_count":0,"footnotes":""},"class_list":["post-36547","page","type-page","status-publish","hentry"],"post_mailing_queue_ids":[],"_links":{"self":[{"href":"https:\/\/agora.xtec.cat\/escola-lavitxeta\/wp-json\/wp\/v2\/pages\/36547","targetHints":{"allow":["GET"]}}],"collection":[{"href":"https:\/\/agora.xtec.cat\/escola-lavitxeta\/wp-json\/wp\/v2\/pages"}],"about":[{"href":"https:\/\/agora.xtec.cat\/escola-lavitxeta\/wp-json\/wp\/v2\/types\/page"}],"author":[{"embeddable":true,"href":"https:\/\/agora.xtec.cat\/escola-lavitxeta\/wp-json\/wp\/v2\/users\/1"}],"replies":[{"embeddable":true,"href":"https:\/\/agora.xtec.cat\/escola-lavitxeta\/wp-json\/wp\/v2\/comments?post=36547"}],"version-history":[{"count":3,"href":"https:\/\/agora.xtec.cat\/escola-lavitxeta\/wp-json\/wp\/v2\/pages\/36547\/revisions"}],"predecessor-version":[{"id":38042,"href":"https:\/\/agora.xtec.cat\/escola-lavitxeta\/wp-json\/wp\/v2\/pages\/36547\/revisions\/38042"}],"wp:attachment":[{"href":"https:\/\/agora.xtec.cat\/escola-lavitxeta\/wp-json\/wp\/v2\/media?parent=36547"}],"curies":[{"name":"wp","href":"https:\/\/api.w.org\/{rel}","templated":true}]}}