{"id":36530,"date":"2019-01-26T22:25:57","date_gmt":"2019-01-26T21:25:57","guid":{"rendered":"http:\/\/agora.xtec.cat\/escola-lavitxeta\/?page_id=36530"},"modified":"2019-01-26T22:25:57","modified_gmt":"2019-01-26T21:25:57","slug":"cantania","status":"publish","type":"page","link":"https:\/\/agora.xtec.cat\/escola-lavitxeta\/cantania\/","title":{"rendered":"Cant\u00e0nia"},"content":{"rendered":"<p style=\"text-align: justify;\"><a href=\"https:\/\/www.auditori.cat\/ca\/cantania-_cat\">Cant\u00e0nia<\/a> \u00e9s una <strong>activitat participativa<\/strong> en la que s\u2019inscriuen escolars de cicle mitj\u00e0 i superior de prim\u00e0ria de Catalunya. Cada any s\u2019estrena a l&#8217;Auditori de Barcelona una obra encarregada especialment per a aquesta activitat. Els enc\u00e0rrecs, fins a dia d\u2019avui, s\u2019han fet a <strong>compositors i escriptors catalans de reconegut prestigi<\/strong>.<\/p>\n<p style=\"text-align: justify;\">Durant tot el curs escolar es treballa tant des de L\u2019Auditori com des de l\u2019escola. L\u2019objectiu \u00e9s organitzar un acte per als alumnes que, per les caracter\u00edstiques globals pensades exclusivament per a ells, per la qualitat i per la implicaci\u00f3 personal i col\u00b7lectiva en l\u2019acte, es converteixi en una viv\u00e8ncia musical inoblidable per a tots.<\/p>\n<p style=\"text-align: justify;\">Cada curs les escoles treballen una cantata de nova creaci\u00f3 al llarg de tot l\u2019any, amb 3 sessions de formaci\u00f3 obligat\u00f2ries per als mestres. Finalment la interpretaran a l\u2019escenari.<\/p>\n<p style=\"text-align: justify;\">Cant\u00e0nia vetlla per l\u2019educaci\u00f3 musical dels nens i nenes a trav\u00e9s d\u2019un cam\u00ed acompanyat de m\u00fasica, cultura i emoci\u00f3.<\/p>\n<p><iframe loading=\"lazy\" title=\"Cant\u00e0nia 25 anys\" width=\"500\" height=\"281\" src=\"https:\/\/www.youtube.com\/embed\/3yD5mt31Hv0?feature=oembed\" frameborder=\"0\" allow=\"accelerometer; autoplay; clipboard-write; encrypted-media; gyroscope; picture-in-picture; web-share\" referrerpolicy=\"strict-origin-when-cross-origin\" allowfullscreen><\/iframe><\/p>\n<p>Articles relacionats: <a href=\"https:\/\/agora.xtec.cat\/escola-lavitxeta\/tag\/cantania\/\">Cant\u00e0nia<\/a><\/p>\n","protected":false},"excerpt":{"rendered":"<p><a href=\"https:\/\/www.auditori.cat\/ca\/cantania-_cat\">Cant\u00e0nia<\/a> \u00e9s una activitat participativa en la que s\u2019inscriuen escolars de cicle mitj\u00e0 i superior de prim\u00e0ria de Catalunya. Cada any s\u2019estrena a l&#8217;Auditori de Barcelona una obra encarregada especialment per a aquesta activitat. Els enc\u00e0rrecs, fins a dia d\u2019avui, s\u2019han fet a compositors&hellip;  <a href=\"https:\/\/agora.xtec.cat\/escola-lavitxeta\/cantania\/\" title=\"Read Cant\u00e0nia\">Llegeix m\u00e9s\u00bb<\/a><\/p>\n","protected":false},"author":1,"featured_media":0,"parent":0,"menu_order":0,"comment_status":"closed","ping_status":"closed","template":"","meta":{"_bbp_topic_count":0,"_bbp_reply_count":0,"_bbp_total_topic_count":0,"_bbp_total_reply_count":0,"_bbp_voice_count":0,"_bbp_anonymous_reply_count":0,"_bbp_topic_count_hidden":0,"_bbp_reply_count_hidden":0,"_bbp_forum_subforum_count":0,"footnotes":""},"class_list":["post-36530","page","type-page","status-publish","hentry"],"post_mailing_queue_ids":[],"_links":{"self":[{"href":"https:\/\/agora.xtec.cat\/escola-lavitxeta\/wp-json\/wp\/v2\/pages\/36530","targetHints":{"allow":["GET"]}}],"collection":[{"href":"https:\/\/agora.xtec.cat\/escola-lavitxeta\/wp-json\/wp\/v2\/pages"}],"about":[{"href":"https:\/\/agora.xtec.cat\/escola-lavitxeta\/wp-json\/wp\/v2\/types\/page"}],"author":[{"embeddable":true,"href":"https:\/\/agora.xtec.cat\/escola-lavitxeta\/wp-json\/wp\/v2\/users\/1"}],"replies":[{"embeddable":true,"href":"https:\/\/agora.xtec.cat\/escola-lavitxeta\/wp-json\/wp\/v2\/comments?post=36530"}],"version-history":[{"count":3,"href":"https:\/\/agora.xtec.cat\/escola-lavitxeta\/wp-json\/wp\/v2\/pages\/36530\/revisions"}],"predecessor-version":[{"id":36537,"href":"https:\/\/agora.xtec.cat\/escola-lavitxeta\/wp-json\/wp\/v2\/pages\/36530\/revisions\/36537"}],"wp:attachment":[{"href":"https:\/\/agora.xtec.cat\/escola-lavitxeta\/wp-json\/wp\/v2\/media?parent=36530"}],"curies":[{"name":"wp","href":"https:\/\/api.w.org\/{rel}","templated":true}]}}