{"id":36412,"date":"2019-01-27T18:12:16","date_gmt":"2019-01-27T17:12:16","guid":{"rendered":"http:\/\/agora.xtec.cat\/escola-lavitxeta\/?page_id=36412"},"modified":"2022-11-04T08:55:23","modified_gmt":"2022-11-04T07:55:23","slug":"participacio-de-les-families","status":"publish","type":"page","link":"https:\/\/agora.xtec.cat\/escola-lavitxeta\/participacio-de-les-families\/","title":{"rendered":"Participaci\u00f3 de les fam\u00edlies"},"content":{"rendered":"<blockquote>\n<p style=\"text-align: justify;\">&#8220;La majoria de fam\u00edlies no es limiten a enviar els seus fills al centre educatiu, sin\u00f3 que acostumen a implicar-se de manera m\u00e9s o menys intensa en el proc\u00e9s d\u2019aprenentatge i la vida escolar del centre.(&#8230;) La recerca ens indica que les fam\u00edlies s\u00f3n presents en el dia a dia dels centres educatius. La gran majoria va molt m\u00e9s enll\u00e0 del seguiment i implicaci\u00f3 \u00fanicament amb el seu fill, i cada cop s\u00f3n m\u00e9s conscients de la seva valuosa aportaci\u00f3 a l\u2019escola.&#8221; extret de <em>Com participen mares i pares a l\u2019escola? Diversitat familiar i d\u2019implicaci\u00f3 en educaci\u00f3. Marta Comas S\u00e0bat, Sandra Escapa Solanas, i Carlos Abell\u00e1n Cano (Fundaci\u00f3 Jaume Bofill).<\/em><\/p>\n<\/blockquote>\n<p style=\"text-align: justify;\">A l\u2019<strong>Escola La Vitxeta<\/strong> entenem la fam\u00edlia com a element principal en l\u2019educaci\u00f3 dels alumnes i, per tant, la fam\u00edlia forma part de la vida del dia a dia a l\u2019escola.<\/p>\n<p style=\"text-align: justify;\">Des de la seva creaci\u00f3, l&#8217;Escola La Vitxeta busca camins perqu\u00e8 fam\u00edlies i docents treballin conjuntament i en una mateixa l\u00ednia, essencial en la vida dels infants, perqu\u00e8 tenim un mateix objectiu com\u00fa; el ple desenvolupament de les capacitats dels nostres nens i nenes.<\/p>\n<p style=\"text-align: justify;\">Com a filosofia de centre es promou que les fam\u00edlies tinguin <strong>cada curs l&#8217;oportunitat d&#8217;entrar directament a l\u2019aula dels seus fills i filles<\/strong>. La col\u00b7laboraci\u00f3 de les fam\u00edlies \u00e9s imprescindible per a assolir els millors resultats educatius possibles i per a contribuir a aconseguir una \u00f2ptima integraci\u00f3 escolar i social de l\u2019alumnat. Propiciar la participaci\u00f3 de les fam\u00edlies facilita la comprensi\u00f3 del treball dut a terme a l\u2019aula, millora el coneixement de la metodologia i afavoreix l\u2019entesa entre la llar i l\u2019escola.<\/p>\n<blockquote><p>&nbsp;<\/p><\/blockquote>\n<p style=\"text-align: justify;\">Fomentem les relacions entre les diferents generacions dins les aules: pares i fills, avis i n\u00e9ts, etc. \u00c9s una gran oportunitat per cr\u00e9ixer, per enriquir-nos, i un dels tresors m\u00e9s preuats que li podem oferir als alumnes.<\/p>\n<p style=\"text-align: justify;\">La cara de l\u2019alumnat \u00e9s un indicatiu del gran \u00e8xit d\u2019aquestes activitats, aix\u00ed com la seva motivaci\u00f3 pr\u00e8via i posterior. Tamb\u00e9 \u00e9s molt significatiu el grau d\u2019implicaci\u00f3 de les fam\u00edlies:<\/p>\n<blockquote>\n<p style=\"text-align: justify;\">[\u2026] Dues hores abans, ja estem desperts per si no sona el despertador i, quan \u00e9s l\u2019hora, marxem tots contents cap a La Vitxeta. Veure una classe en actiu \u00e9s m\u00e0gic, [&#8230;] i amb aquells ulls atents i contents per tenir les mares a la classe compartint all\u00f2 que saben; \u00e9s molt bonic. [&#8230;] no em deixar\u00e0 mai de sorprendre una classe que es fa amb tanta il\u00b7lusi\u00f3. Tant de bo pogu\u00e9s tornar a ser nena per accedir-hi m\u00e9s sovint.<br \/>\n(Mare d\u2019un alumne)<\/p>\n<\/blockquote>\n<p style=\"text-align: justify;\">Les fam\u00edlies de l\u2019escola s\u2019impliquen en el proc\u00e9s educatiu dels seus fills i filles, perqu\u00e8 l\u2019entenen com <strong>un proc\u00e9s col\u00b7lectiu<\/strong>. Aconseguim una vinculaci\u00f3 m\u00e9s gran entre l\u2019escola i la llar i una confian\u00e7a m\u00e9s gran entre totes dues institucions. En conseq\u00fc\u00e8ncia, les relacions esdevenen m\u00e9s fluides i l\u2019alumnat en surt molt beneficiat. Els pares i les mares es consideren protagonistes del proc\u00e9s educatiu de les seves criatures i uns acompanyants importants de l\u2019aventura de l\u2019aprenentatge gr\u00e0cies a aquests <strong>mecanismes d\u2019interacci\u00f3<\/strong>.<\/p>\n<p style=\"text-align: justify;\">Les experi\u00e8ncies s\u00f3n variades i diferents cada curs. Una mostra d&#8217;activitats que s\u2019inclouen a la <strong>Programaci\u00f3 General del Centre:<\/strong><\/p>\n<ul>\n<li>circulaci\u00f3 lliure als <a href=\"http:\/\/agora.xtec.cat\/escola-lavitxeta\/curs-16-17\/espais-daprenentatge-compartit-a-p3-un-tomb-per-les-aules\/\">espais i ambients d&#8217;educaci\u00f3 infantil<\/a> (P3, P4 i P5)<\/li>\n<li>explicar <a href=\"http:\/\/agora.xtec.cat\/escola-lavitxeta\/curs-16-17\/contacontes-a-p3\/\">contes a l\u2019aula del meu fill\/a<\/a> (P3)<\/li>\n<li>tardes de <a href=\"http:\/\/agora.xtec.cat\/escola-lavitxeta\/curs-15-16\/ciencia-en-familia\/\">ci\u00e8ncia i experiments<\/a> (1r)<\/li>\n<li>recital de poemes en fam\u00edlia (2n)<\/li>\n<li>decorats <a href=\"http:\/\/agora.xtec.cat\/escola-lavitxeta\/general\/teatre-a-lescola\/\">obra de teatre<\/a> (2n)<\/li>\n<li>cicle <a href=\"http:\/\/vitxetenglishathome.blogspot.com\/search\/label\/%27Special%20Guests%27\"><em>Special guests<\/em><\/a> (2n)<\/li>\n<li>Contes en fam\u00edlia (3r)<\/li>\n<li>elaboraci\u00f3 de m\u00f2bils (3r)<\/li>\n<li>elaboraci\u00f3 de <a href=\"http:\/\/agora.xtec.cat\/escola-lavitxeta\/general\/fem-maquetes\/\">maquetes<\/a> (4t)<\/li>\n<li>cicle de confer\u00e8ncies (5\u00e8 i 6\u00e8)<\/li>\n<li>tallers de cuina (col\u00b7laborar en l\u2019elaboraci\u00f3 dels panellets i de la mona)<\/li>\n<li><a href=\"http:\/\/agora.xtec.cat\/escola-lavitxeta\/general\/per-carnaval-tot-shi-val\/\">tallers de Carnaval<\/a><\/li>\n<li><a href=\"http:\/\/agora.xtec.cat\/escola-lavitxeta\/general\/dia-mundial-de-la-poesia-4\/\">Dia de la Poesia<\/a><\/li>\n<li>sessions de <a href=\"http:\/\/agora.xtec.cat\/escola-lavitxeta\/general\/classe-oberta-de-musica-a-p3-2\/\">portes obertes de m\u00fasica<\/a><\/li>\n<li>sessions <a href=\"http:\/\/agora.xtec.cat\/escola-lavitxeta\/general\/classe-oberta-psicomotricitat\/\">obertes de psicomotricitat<\/a><\/li>\n<li>sessions de <a href=\"http:\/\/vitxetenglishathome.blogspot.com.es\/search\/label\/%27Special%20Guests%27\">portes obertes de llengua anglesa<\/a><\/li>\n<li>compartir habilitats i destreses dels pares\/mares i dels fills a trav\u00e9s de tallers diversos que sorgeixen segons les necessitats del grup-alumnes o la programaci\u00f3<\/li>\n<li>&#8230;<\/li>\n<\/ul>\n<p>Per altra banda, hi ha altres espais de participaci\u00f3 com:<\/p>\n<ul>\n<li><a href=\"http:\/\/agora.xtec.cat\/escola-lavitxeta\/grups-interactius\/\">Grups interactius<\/a><\/li>\n<li>Acompanyants de sortides dins el municipi<\/li>\n<li>Celebraci\u00f3 de festes obertes a les fam\u00edlies (<a href=\"https:\/\/agora.xtec.cat\/escola-lavitxeta\/general\/festival-de-nadal-dinfantil-i-primer\/\">Concerts de Nadal<\/a>, <a href=\"http:\/\/agora.xtec.cat\/escola-lavitxeta\/general\/festa-de-la-castanyada\/\">Festa de la Castanyada<\/a>, Festa de final de curs&#8230;)<\/li>\n<\/ul>\n<p>I a nivell organitzatiu a trav\u00e9s dels seg\u00fcents mecanismes:<\/p>\n<ul>\n<li><a href=\"http:\/\/agora.xtec.cat\/escola-lavitxeta\/comissio-gestora\/\">Comissions mixtes de l&#8217;escola<\/a> i de l&#8217;AMIPA<\/li>\n<li><a href=\"http:\/\/agora.xtec.cat\/escola-lavitxeta\/lescola\/consell-escolar\/\">Consell Escolar<\/a><\/li>\n<\/ul>\n<p style=\"text-align: justify;\">Una altra finestra oberta a l\u2019escola \u00e9s la <strong>p\u00e0gina web<\/strong>. L\u2019objectiu tamb\u00e9 \u00e9s apropar les fam\u00edlies i compartir experi\u00e8ncies amb tota la comunitat educativa a trav\u00e9s d\u2019aquesta projecci\u00f3 exterior.<\/p>\n<blockquote><p>Obrir el centre docent a les fam\u00edlies \u00e9s obrir molts cors, molts ulls, moltes orelles, moltes boques\u2026 En definitiva, moltes oportunitats d\u2019aprenentatge.<\/p><\/blockquote>\n<div id='gallery-1' class='gallery galleryid-36412 gallery-columns-3 gallery-size-thumbnail'><figure class='gallery-item'>\n\t\t\t<div class='gallery-icon landscape'>\n\t\t\t\t<a href='https:\/\/agora.xtec.cat\/escola-lavitxeta\/participacio-de-les-families\/attachment\/2018-02-15-photo-00000300\/'><img loading=\"lazy\" decoding=\"async\" width=\"150\" height=\"150\" src=\"https:\/\/agora.xtec.cat\/escola-lavitxeta\/wp-content\/uploads\/usu1195\/2018-02-15-PHOTO-00000300-150x150.jpg\" class=\"attachment-thumbnail size-thumbnail\" alt=\"\" \/><\/a>\n\t\t\t<\/div><\/figure><figure class='gallery-item'>\n\t\t\t<div class='gallery-icon landscape'>\n\t\t\t\t<a href='https:\/\/agora.xtec.cat\/escola-lavitxeta\/participacio-de-les-families\/attachment\/2018-02-15-photo-00000304\/'><img loading=\"lazy\" decoding=\"async\" width=\"150\" height=\"150\" src=\"https:\/\/agora.xtec.cat\/escola-lavitxeta\/wp-content\/uploads\/usu1195\/2018-02-15-PHOTO-00000304-150x150.jpg\" class=\"attachment-thumbnail size-thumbnail\" alt=\"\" \/><\/a>\n\t\t\t<\/div><\/figure><figure class='gallery-item'>\n\t\t\t<div class='gallery-icon landscape'>\n\t\t\t\t<a href='https:\/\/agora.xtec.cat\/escola-lavitxeta\/participacio-de-les-families\/attachment\/20170424_114237\/'><img loading=\"lazy\" decoding=\"async\" width=\"150\" height=\"150\" src=\"https:\/\/agora.xtec.cat\/escola-lavitxeta\/wp-content\/uploads\/usu1195\/20170424_114237-150x150.jpg\" class=\"attachment-thumbnail size-thumbnail\" alt=\"\" \/><\/a>\n\t\t\t<\/div><\/figure><figure class='gallery-item'>\n\t\t\t<div class='gallery-icon portrait'>\n\t\t\t\t<a href='https:\/\/agora.xtec.cat\/escola-lavitxeta\/participacio-de-les-families\/attachment\/20170518_092749\/'><img loading=\"lazy\" decoding=\"async\" width=\"150\" height=\"150\" src=\"https:\/\/agora.xtec.cat\/escola-lavitxeta\/wp-content\/uploads\/usu1195\/20170518_092749-150x150.jpg\" class=\"attachment-thumbnail size-thumbnail\" alt=\"\" \/><\/a>\n\t\t\t<\/div><\/figure><figure class='gallery-item'>\n\t\t\t<div class='gallery-icon landscape'>\n\t\t\t\t<a href='https:\/\/agora.xtec.cat\/escola-lavitxeta\/participacio-de-les-families\/attachment\/20180129_110732\/'><img loading=\"lazy\" decoding=\"async\" width=\"150\" height=\"112\" src=\"https:\/\/agora.xtec.cat\/escola-lavitxeta\/wp-content\/uploads\/usu1195\/20180129_110732-150x112.jpg\" class=\"attachment-thumbnail size-thumbnail\" alt=\"\" \/><\/a>\n\t\t\t<\/div><\/figure><figure class='gallery-item'>\n\t\t\t<div class='gallery-icon landscape'>\n\t\t\t\t<a href='https:\/\/agora.xtec.cat\/escola-lavitxeta\/participacio-de-les-families\/attachment\/20180226_151621\/'><img loading=\"lazy\" decoding=\"async\" width=\"150\" height=\"150\" src=\"https:\/\/agora.xtec.cat\/escola-lavitxeta\/wp-content\/uploads\/usu1195\/20180226_151621-150x150.jpg\" class=\"attachment-thumbnail size-thumbnail\" alt=\"\" \/><\/a>\n\t\t\t<\/div><\/figure><figure class='gallery-item'>\n\t\t\t<div class='gallery-icon landscape'>\n\t\t\t\t<a href='https:\/\/agora.xtec.cat\/escola-lavitxeta\/participacio-de-les-families\/attachment\/20180226_111601\/'><img loading=\"lazy\" decoding=\"async\" width=\"150\" height=\"150\" src=\"https:\/\/agora.xtec.cat\/escola-lavitxeta\/wp-content\/uploads\/usu1195\/20180226_111601-150x150.jpg\" class=\"attachment-thumbnail size-thumbnail\" alt=\"\" \/><\/a>\n\t\t\t<\/div><\/figure><figure class='gallery-item'>\n\t\t\t<div class='gallery-icon landscape'>\n\t\t\t\t<a href='https:\/\/agora.xtec.cat\/escola-lavitxeta\/participacio-de-les-families\/attachment\/20180321_152310-1024x576\/'><img loading=\"lazy\" decoding=\"async\" width=\"150\" height=\"150\" src=\"https:\/\/agora.xtec.cat\/escola-lavitxeta\/wp-content\/uploads\/usu1195\/20180321_152310-1024x576-1-150x150.jpg\" class=\"attachment-thumbnail size-thumbnail\" alt=\"\" \/><\/a>\n\t\t\t<\/div><\/figure><figure class='gallery-item'>\n\t\t\t<div class='gallery-icon landscape'>\n\t\t\t\t<a href='https:\/\/agora.xtec.cat\/escola-lavitxeta\/participacio-de-les-families\/attachment\/20180321_154707-1024x576\/'><img loading=\"lazy\" decoding=\"async\" width=\"150\" height=\"150\" src=\"https:\/\/agora.xtec.cat\/escola-lavitxeta\/wp-content\/uploads\/usu1195\/20180321_154707-1024x576-1-150x150.jpg\" class=\"attachment-thumbnail size-thumbnail\" alt=\"\" \/><\/a>\n\t\t\t<\/div><\/figure><figure class='gallery-item'>\n\t\t\t<div class='gallery-icon landscape'>\n\t\t\t\t<a href='https:\/\/agora.xtec.cat\/escola-lavitxeta\/participacio-de-les-families\/attachment\/20180412_110913\/'><img loading=\"lazy\" decoding=\"async\" width=\"150\" height=\"150\" src=\"https:\/\/agora.xtec.cat\/escola-lavitxeta\/wp-content\/uploads\/usu1195\/20180412_110913-150x150.jpg\" class=\"attachment-thumbnail size-thumbnail\" alt=\"\" \/><\/a>\n\t\t\t<\/div><\/figure><figure class='gallery-item'>\n\t\t\t<div class='gallery-icon landscape'>\n\t\t\t\t<a href='https:\/\/agora.xtec.cat\/escola-lavitxeta\/participacio-de-les-families\/attachment\/escola-vitxeta-cantata-nadala-p3-1o-2017-138-2\/'><img loading=\"lazy\" decoding=\"async\" width=\"150\" height=\"150\" src=\"https:\/\/agora.xtec.cat\/escola-lavitxeta\/wp-content\/uploads\/usu1195\/escola-vitxeta-cantata-nadala-p3-1\u00ba-2017-138-1-150x150.jpg\" class=\"attachment-thumbnail size-thumbnail\" alt=\"\" \/><\/a>\n\t\t\t<\/div><\/figure><figure class='gallery-item'>\n\t\t\t<div class='gallery-icon landscape'>\n\t\t\t\t<a href='https:\/\/agora.xtec.cat\/escola-lavitxeta\/participacio-de-les-families\/attachment\/garrotins-2\/'><img loading=\"lazy\" decoding=\"async\" width=\"150\" height=\"150\" src=\"https:\/\/agora.xtec.cat\/escola-lavitxeta\/wp-content\/uploads\/usu1195\/garrotins-1-150x150.png\" class=\"attachment-thumbnail size-thumbnail\" alt=\"\" \/><\/a>\n\t\t\t<\/div><\/figure><figure class='gallery-item'>\n\t\t\t<div class='gallery-icon landscape'>\n\t\t\t\t<a href='https:\/\/agora.xtec.cat\/escola-lavitxeta\/participacio-de-les-families\/attachment\/imag0144\/'><img loading=\"lazy\" decoding=\"async\" width=\"150\" height=\"150\" src=\"https:\/\/agora.xtec.cat\/escola-lavitxeta\/wp-content\/uploads\/usu1195\/IMAG0144-150x150.jpg\" class=\"attachment-thumbnail size-thumbnail\" alt=\"\" \/><\/a>\n\t\t\t<\/div><\/figure><figure class='gallery-item'>\n\t\t\t<div class='gallery-icon landscape'>\n\t\t\t\t<a href='https:\/\/agora.xtec.cat\/escola-lavitxeta\/participacio-de-les-families\/attachment\/imag0145\/'><img loading=\"lazy\" decoding=\"async\" width=\"150\" height=\"150\" src=\"https:\/\/agora.xtec.cat\/escola-lavitxeta\/wp-content\/uploads\/usu1195\/IMAG0145-150x150.jpg\" class=\"attachment-thumbnail size-thumbnail\" alt=\"\" \/><\/a>\n\t\t\t<\/div><\/figure><figure class='gallery-item'>\n\t\t\t<div class='gallery-icon landscape'>\n\t\t\t\t<a href='https:\/\/agora.xtec.cat\/escola-lavitxeta\/participacio-de-les-families\/attachment\/imag0146\/'><img loading=\"lazy\" decoding=\"async\" width=\"150\" height=\"150\" src=\"https:\/\/agora.xtec.cat\/escola-lavitxeta\/wp-content\/uploads\/usu1195\/IMAG0146-150x150.jpg\" class=\"attachment-thumbnail size-thumbnail\" alt=\"\" \/><\/a>\n\t\t\t<\/div><\/figure><figure class='gallery-item'>\n\t\t\t<div class='gallery-icon landscape'>\n\t\t\t\t<a href='https:\/\/agora.xtec.cat\/escola-lavitxeta\/participacio-de-les-families\/attachment\/imag0150\/'><img loading=\"lazy\" decoding=\"async\" width=\"150\" height=\"150\" src=\"https:\/\/agora.xtec.cat\/escola-lavitxeta\/wp-content\/uploads\/usu1195\/IMAG0150-150x150.jpg\" class=\"attachment-thumbnail size-thumbnail\" alt=\"\" \/><\/a>\n\t\t\t<\/div><\/figure><figure class='gallery-item'>\n\t\t\t<div class='gallery-icon landscape'>\n\t\t\t\t<a href='https:\/\/agora.xtec.cat\/escola-lavitxeta\/participacio-de-les-families\/attachment\/img_1012-1024x768\/'><img loading=\"lazy\" decoding=\"async\" width=\"150\" height=\"150\" src=\"https:\/\/agora.xtec.cat\/escola-lavitxeta\/wp-content\/uploads\/usu1195\/IMG_1012-1024x768-1-150x150.jpg\" class=\"attachment-thumbnail size-thumbnail\" alt=\"\" \/><\/a>\n\t\t\t<\/div><\/figure><figure class='gallery-item'>\n\t\t\t<div class='gallery-icon landscape'>\n\t\t\t\t<a href='https:\/\/agora.xtec.cat\/escola-lavitxeta\/participacio-de-les-families\/attachment\/img_1016-1024x768\/'><img loading=\"lazy\" decoding=\"async\" width=\"150\" height=\"150\" src=\"https:\/\/agora.xtec.cat\/escola-lavitxeta\/wp-content\/uploads\/usu1195\/IMG_1016-1024x768-1-150x150.jpg\" class=\"attachment-thumbnail size-thumbnail\" alt=\"\" \/><\/a>\n\t\t\t<\/div><\/figure><figure class='gallery-item'>\n\t\t\t<div class='gallery-icon landscape'>\n\t\t\t\t<a href='https:\/\/agora.xtec.cat\/escola-lavitxeta\/participacio-de-les-families\/attachment\/img_4467-1024x768\/'><img loading=\"lazy\" decoding=\"async\" width=\"150\" height=\"150\" src=\"https:\/\/agora.xtec.cat\/escola-lavitxeta\/wp-content\/uploads\/usu1195\/IMG_4467-1024x768-1-150x150.jpg\" class=\"attachment-thumbnail size-thumbnail\" alt=\"\" \/><\/a>\n\t\t\t<\/div><\/figure><figure class='gallery-item'>\n\t\t\t<div class='gallery-icon portrait'>\n\t\t\t\t<a href='https:\/\/agora.xtec.cat\/escola-lavitxeta\/participacio-de-les-families\/attachment\/img_6068\/'><img loading=\"lazy\" decoding=\"async\" width=\"150\" height=\"150\" src=\"https:\/\/agora.xtec.cat\/escola-lavitxeta\/wp-content\/uploads\/usu1195\/IMG_6068-150x150.jpg\" class=\"attachment-thumbnail size-thumbnail\" alt=\"\" \/><\/a>\n\t\t\t<\/div><\/figure><figure class='gallery-item'>\n\t\t\t<div class='gallery-icon landscape'>\n\t\t\t\t<a href='https:\/\/agora.xtec.cat\/escola-lavitxeta\/participacio-de-les-families\/attachment\/img_20180321_092113-1024x768\/'><img loading=\"lazy\" decoding=\"async\" width=\"150\" height=\"150\" src=\"https:\/\/agora.xtec.cat\/escola-lavitxeta\/wp-content\/uploads\/usu1195\/IMG_20180321_092113-1024x768-1-150x150.jpg\" class=\"attachment-thumbnail size-thumbnail\" alt=\"\" \/><\/a>\n\t\t\t<\/div><\/figure><figure class='gallery-item'>\n\t\t\t<div class='gallery-icon landscape'>\n\t\t\t\t<a href='https:\/\/agora.xtec.cat\/escola-lavitxeta\/participacio-de-les-families\/attachment\/p1170815-2\/'><img loading=\"lazy\" decoding=\"async\" width=\"150\" height=\"150\" src=\"https:\/\/agora.xtec.cat\/escola-lavitxeta\/wp-content\/uploads\/usu1195\/P1170815-1-150x150.png\" class=\"attachment-thumbnail size-thumbnail\" alt=\"\" \/><\/a>\n\t\t\t<\/div><\/figure><figure class='gallery-item'>\n\t\t\t<div class='gallery-icon landscape'>\n\t\t\t\t<a href='https:\/\/agora.xtec.cat\/escola-lavitxeta\/participacio-de-les-families\/attachment\/img_6081_opt\/'><img loading=\"lazy\" decoding=\"async\" width=\"150\" height=\"150\" src=\"https:\/\/agora.xtec.cat\/escola-lavitxeta\/wp-content\/uploads\/usu1195\/IMG_6081_opt-150x150.jpg\" class=\"attachment-thumbnail size-thumbnail\" alt=\"\" \/><\/a>\n\t\t\t<\/div><\/figure><figure class='gallery-item'>\n\t\t\t<div class='gallery-icon landscape'>\n\t\t\t\t<a href='https:\/\/agora.xtec.cat\/escola-lavitxeta\/participacio-de-les-families\/attachment\/img_6082_opt\/'><img loading=\"lazy\" decoding=\"async\" width=\"150\" height=\"150\" src=\"https:\/\/agora.xtec.cat\/escola-lavitxeta\/wp-content\/uploads\/usu1195\/IMG_6082_opt-150x150.jpg\" class=\"attachment-thumbnail size-thumbnail\" alt=\"\" \/><\/a>\n\t\t\t<\/div><\/figure><figure class='gallery-item'>\n\t\t\t<div class='gallery-icon landscape'>\n\t\t\t\t<a href='https:\/\/agora.xtec.cat\/escola-lavitxeta\/participacio-de-les-families\/attachment\/img_6210_opt\/'><img loading=\"lazy\" decoding=\"async\" width=\"150\" height=\"150\" src=\"https:\/\/agora.xtec.cat\/escola-lavitxeta\/wp-content\/uploads\/usu1195\/IMG_6210_opt-150x150.jpg\" class=\"attachment-thumbnail size-thumbnail\" alt=\"\" \/><\/a>\n\t\t\t<\/div><\/figure><figure class='gallery-item'>\n\t\t\t<div class='gallery-icon landscape'>\n\t\t\t\t<a href='https:\/\/agora.xtec.cat\/escola-lavitxeta\/participacio-de-les-families\/attachment\/img_6311_opt\/'><img loading=\"lazy\" decoding=\"async\" width=\"150\" height=\"150\" src=\"https:\/\/agora.xtec.cat\/escola-lavitxeta\/wp-content\/uploads\/usu1195\/IMG_6311_opt-150x150.jpg\" class=\"attachment-thumbnail size-thumbnail\" alt=\"\" \/><\/a>\n\t\t\t<\/div><\/figure>\n\t\t<\/div>\n\n<p>Articles d&#8217;inter\u00e8s:<\/p>\n<ul>\n<li><a href=\"http:\/\/diarieducacio.cat\/implicacio-families-laula-millora-nivell-academic-clima-escolar\/\">http:\/\/diarieducacio.cat\/implicacio-families-laula-millora-nivell-academic-clima-escolar\/<\/a><\/li>\n<\/ul>\n","protected":false},"excerpt":{"rendered":"<p>&#8220;La majoria de fam\u00edlies no es limiten a enviar els seus fills al centre educatiu, sin\u00f3 que acostumen a implicar-se de manera m\u00e9s o menys intensa en el proc\u00e9s d\u2019aprenentatge i la vida escolar del centre.(&#8230;) La recerca ens indica que les fam\u00edlies s\u00f3n presents en el dia a dia dels centres educatius. La gran [&hellip;]<\/p>\n","protected":false},"author":1,"featured_media":0,"parent":0,"menu_order":0,"comment_status":"closed","ping_status":"closed","template":"","meta":{"_bbp_topic_count":0,"_bbp_reply_count":0,"_bbp_total_topic_count":0,"_bbp_total_reply_count":0,"_bbp_voice_count":0,"_bbp_anonymous_reply_count":0,"_bbp_topic_count_hidden":0,"_bbp_reply_count_hidden":0,"_bbp_forum_subforum_count":0,"site-sidebar-layout":"default","site-content-layout":"","ast-site-content-layout":"","site-content-style":"default","site-sidebar-style":"default","ast-global-header-display":"","ast-banner-title-visibility":"","ast-main-header-display":"","ast-hfb-above-header-display":"","ast-hfb-below-header-display":"","ast-hfb-mobile-header-display":"","site-post-title":"","ast-breadcrumbs-content":"","ast-featured-img":"","footer-sml-layout":"","theme-transparent-header-meta":"","adv-header-id-meta":"","stick-header-meta":"","header-above-stick-meta":"","header-main-stick-meta":"","header-below-stick-meta":"","astra-migrate-meta-layouts":"default","ast-page-background-enabled":"default","ast-page-background-meta":{"desktop":{"background-color":"var(--ast-global-color-4)","background-image":"","background-repeat":"repeat","background-position":"center center","background-size":"auto","background-attachment":"scroll","background-type":"","background-media":"","overlay-type":"","overlay-color":"","overlay-opacity":"","overlay-gradient":""},"tablet":{"background-color":"","background-image":"","background-repeat":"repeat","background-position":"center center","background-size":"auto","background-attachment":"scroll","background-type":"","background-media":"","overlay-type":"","overlay-color":"","overlay-opacity":"","overlay-gradient":""},"mobile":{"background-color":"","background-image":"","background-repeat":"repeat","background-position":"center center","background-size":"auto","background-attachment":"scroll","background-type":"","background-media":"","overlay-type":"","overlay-color":"","overlay-opacity":"","overlay-gradient":""}},"ast-content-background-meta":{"desktop":{"background-color":"var(--ast-global-color-5)","background-image":"","background-repeat":"repeat","background-position":"center center","background-size":"auto","background-attachment":"scroll","background-type":"","background-media":"","overlay-type":"","overlay-color":"","overlay-opacity":"","overlay-gradient":""},"tablet":{"background-color":"var(--ast-global-color-5)","background-image":"","background-repeat":"repeat","background-position":"center center","background-size":"auto","background-attachment":"scroll","background-type":"","background-media":"","overlay-type":"","overlay-color":"","overlay-opacity":"","overlay-gradient":""},"mobile":{"background-color":"var(--ast-global-color-5)","background-image":"","background-repeat":"repeat","background-position":"center center","background-size":"auto","background-attachment":"scroll","background-type":"","background-media":"","overlay-type":"","overlay-color":"","overlay-opacity":"","overlay-gradient":""}},"footnotes":""},"class_list":["post-36412","page","type-page","status-publish","hentry"],"post_mailing_queue_ids":[],"_links":{"self":[{"href":"https:\/\/agora.xtec.cat\/escola-lavitxeta\/wp-json\/wp\/v2\/pages\/36412","targetHints":{"allow":["GET"]}}],"collection":[{"href":"https:\/\/agora.xtec.cat\/escola-lavitxeta\/wp-json\/wp\/v2\/pages"}],"about":[{"href":"https:\/\/agora.xtec.cat\/escola-lavitxeta\/wp-json\/wp\/v2\/types\/page"}],"author":[{"embeddable":true,"href":"https:\/\/agora.xtec.cat\/escola-lavitxeta\/wp-json\/wp\/v2\/users\/1"}],"replies":[{"embeddable":true,"href":"https:\/\/agora.xtec.cat\/escola-lavitxeta\/wp-json\/wp\/v2\/comments?post=36412"}],"version-history":[{"count":3,"href":"https:\/\/agora.xtec.cat\/escola-lavitxeta\/wp-json\/wp\/v2\/pages\/36412\/revisions"}],"predecessor-version":[{"id":48335,"href":"https:\/\/agora.xtec.cat\/escola-lavitxeta\/wp-json\/wp\/v2\/pages\/36412\/revisions\/48335"}],"wp:attachment":[{"href":"https:\/\/agora.xtec.cat\/escola-lavitxeta\/wp-json\/wp\/v2\/media?parent=36412"}],"curies":[{"name":"wp","href":"https:\/\/api.w.org\/{rel}","templated":true}]}}