{"id":36405,"date":"2019-01-27T09:27:04","date_gmt":"2019-01-27T08:27:04","guid":{"rendered":"http:\/\/agora.xtec.cat\/escola-lavitxeta\/?page_id=36405"},"modified":"2021-11-17T12:30:46","modified_gmt":"2021-11-17T11:30:46","slug":"la-vitxeta-es-mou-pel-pati","status":"publish","type":"page","link":"https:\/\/agora.xtec.cat\/escola-lavitxeta\/la-vitxeta-es-mou-pel-pati\/","title":{"rendered":"La Vitxeta es mou pel pati"},"content":{"rendered":"<p><strong>Projecte de pati <span style=\"color: #0000ff;\">La Vitxeta es mou pel pati<\/span> (<a href=\"https:\/\/elnousafareig.files.wordpress.com\/2015\/11\/projecte-pati_la-vitxeta.pdf\">enlla\u00e7<\/a>)<\/strong><\/p>\n<p><img loading=\"lazy\" decoding=\"async\" class=\"size-medium wp-image-36426 alignleft\" src=\"https:\/\/agora.xtec.cat\/escola-lavitxeta\/wp-content\/uploads\/usu1195\/Foto-enviada-per-Maria-3-212x300.jpg\" alt=\"\" width=\"212\" height=\"300\" srcset=\"https:\/\/agora.xtec.cat\/escola-lavitxeta\/wp-content\/uploads\/usu1195\/Foto-enviada-per-Maria-3-212x300.jpg 212w, https:\/\/agora.xtec.cat\/escola-lavitxeta\/wp-content\/uploads\/usu1195\/Foto-enviada-per-Maria-3.jpg 724w\" sizes=\"auto, (max-width: 212px) 100vw, 212px\" \/><\/p>\n<p style=\"text-align: justify;\">A l&#8217;entrada <strong>&#8220;<a href=\"http:\/\/blocs.xtec.cat\/ambelspeusaterra\/2015\/11\/14\/sortim-al-pati\">Sortim al pati<\/a>?&#8221;<\/strong> del blog <strong>&#8220;Amb els peus a terra&#8221;<\/strong> del Sr Enric Queralt Cat\u00e0, es posa damunt la taula el valor educatiu dels espais exteriors. Es recomana que visitem el blog &#8220;<a href=\"https:\/\/elnousafareig.wordpress.com\/\">El safareig<\/a>&#8221;\u00a0i encoratja a les escoles a tirar endavant projectes de millora de la qualitat d&#8217;aquests espais.<\/p>\n<p style=\"text-align: justify;\">La Comissi\u00f3 d&#8217;hort-pati de la nostra escola fa temps que treballa per convertir els espais exteriors de l\u2019escola en escenaris educatius. Volem un espai exterior que esdevingui un escenari diversificat de propostes on la natura i el mobiliari proposin espais que parlin per si mateixos. Espais i atmosferes on petits i grans puguin actuar, crear, imaginar, inventar, i descobrir.<\/p>\n<p>&nbsp;<\/p>\n<p>&nbsp;<\/p>\n<blockquote>\n<p style=\"text-align: justify;\">Tal com ens diu Penny Ritscher \u201cUn gran espai buit provoca comportaments d&#8217;agitaci\u00f3, repetitius, cansats. En canvi, un espai articulat i variat convida a comportaments intel\u00b7ligents: exploracions, descobertes, intencions, trobades, col\u00b7laboracions, iniciatives, projectes, construccions&#8230;&#8221;<\/p>\n<\/blockquote>\n<p style=\"text-align: justify;\">\u201cUn entorn natural \u00e9s un espai privilegiat per a la recerca sensorial, ric en relacions amb la mat\u00e8ria, ric en observaci\u00f3 sobre els fets, fen\u00f2mens i canvis que s\u2019hi donen. Un espai que convida els infants a estar en petit grup o en solitari, passant una estona amb un nou repte, un nou invent, una nova descoberta o b\u00e9 gaudint senzillament, o simplement ser-hi\u201d (extret del nostre projecte de pati <a href=\"https:\/\/elnousafareig.files.wordpress.com\/2015\/11\/projecte-pati_la-vitxeta.pdf\">La Vitxeta es mou pel pati<\/a>).<\/p>\n<p style=\"text-align: justify;\">Per poder tirar endavant aquesta idea d\u2019incloure els espais exteriors com a espais d\u2019aprenentatge i creixement dels infants, hem comptat amb la valuosa col\u00b7laboraci\u00f3 i ajuda de la Carme Cols i en Pitu Fern\u00e0ndez, mestres promotors del projecte \u201c<a href=\"https:\/\/elnousafareig.wordpress.com\/\">El safareig<\/a>\u201d sobre l\u2019\u00fas educatiu dels espais exteriors a l\u2019escola; com tamb\u00e9 amb el suport i col\u00b7laboraci\u00f3 de l\u2019AMIPA, l\u2019equip directiu, l\u2019alumnat de l\u2019escola i tota la comunitat educativa.<\/p>\n<p style=\"text-align: justify;\">El projecte <span style=\"color: #0000ff;\">La Vitxeta es Mou pel Pati<\/span> es va aprovar per Consell Escolar de l\u2019Escola i es va registrar a l&#8217;Ajuntament de Reus i al Departament d&#8217;Educaci\u00f3 de la Generalitat.<\/p>\n<p style=\"text-align: justify;\">El pati que volem fer pret\u00e9n cobrir les mancances que tenia el pati durant el curs 13-14 i mancances que encara tenim al pati actual. Amb les actuacions de la Comissi\u00f3 de pati dutes a terme gr\u00e0cies a les <strong>7 Jornades de treball <\/strong>(<a href=\"http:\/\/agora.xtec.cat\/escola-lavitxeta\/curs-15-16\/gracies-quina-gran-jornada\/\">Primera Jornada<\/a>,\u00a0<a href=\"https:\/\/agora.xtec.cat\/escola-lavitxeta\/curs-15-16\/gracies-moments-de-la-plantada\/\">Segona Jornada<\/a>, <a href=\"http:\/\/agora.xtec.cat\/escola-lavitxeta\/curs-16-17\/tercera-jornada-de-pati-en-imatges\/\">Tercera Jornada<\/a>, <a href=\"http:\/\/agora.xtec.cat\/escola-lavitxeta\/general\/save-the-date-iv-jornada-de-pati\/\">Quarta Jornada, <\/a><a href=\"http:\/\/agora.xtec.cat\/escola-lavitxeta\/general\/gracies-v-jornada-de-pati\/\">Cinquena Jornada<\/a>, <a href=\"https:\/\/agora.xtec.cat\/escola-lavitxeta\/general\/una-fantastica-sisena-jornada-de-pati\/\">Sisena Jornada<\/a> i <a href=\"https:\/\/agora.xtec.cat\/escola-lavitxeta\/general\/la-comissio-de-pati-escalfa-motors-jornada-de-posta-a-punt-de-lhort-de-primaria\/\">Setena Jornada<\/a>) es pret\u00e9n que disminueixin els conflictes propis d&#8217;un espai sense massa opcions de joc, ni racons m\u00e0gics, ni tan sols ombra. Des de la comissi\u00f3, tenint en compte les opinions de petits i grans, i d&#8217;experts en la mat\u00e8ria, s&#8217;han planificat i efectuat tot un seguit d&#8217;actuacions, com ara la creaci\u00f3 de zones d&#8217;ombra i de joc amb vegetaci\u00f3, <a href=\"https:\/\/agora.xtec.cat\/escola-lavitxeta\/general\/cabanes-vegetals-de-vimet\/\">cabanes vives<\/a>, <a href=\"https:\/\/agora.xtec.cat\/escola-lavitxeta\/curs-15-16\/ja-tenim-sorrals\/\">sorrals<\/a>, espais de trobada i descans (amb taules i bancs), <a href=\"https:\/\/agora.xtec.cat\/escola-lavitxeta\/curs-15-16\/estrenem-patis\/\">cuinetes<\/a>, un <a href=\"https:\/\/agora.xtec.cat\/escola-lavitxeta\/general\/ens-disfressem-al-pati-de-primaria\/\">escenari<\/a>, un mur musical, <a href=\"https:\/\/agora.xtec.cat\/escola-lavitxeta\/curs-15-16\/segon-dia-de-pati-estrenem-pissarres-i-carreteres\/\">pissarres<\/a>, <a href=\"https:\/\/agora.xtec.cat\/escola-lavitxeta\/curs-15-16\/carreteres-i-cotxes\/\">carreteres de fusta<\/a>, <a href=\"https:\/\/agora.xtec.cat\/escola-lavitxeta\/curs-15-16\/escacs-dames-i-tres-en-ratlla-al-pati\/\">peces per als jocs pintats del pati<\/a>, un <a href=\"https:\/\/agora.xtec.cat\/escola-lavitxeta\/general\/el-bibliopati-ja-es-una-realitat\/\"><em>bibliopati<\/em><\/a>, entre altres petites actuacions m\u00e9s, per\u00f2 encara hi ha somnis per a complir. La darrera de les actuacions duta a terme el curs 20-21 ha estat una de les m\u00e9s desitjades: la construcci\u00f3 d&#8217;un <a href=\"https:\/\/agora.xtec.cat\/escola-lavitxeta\/general\/la-vitxeta-sempre-es-mou-pel-pati\/\">roc\u00f2drom<\/a>.<\/p>\n<p style=\"text-align: justify;\">I seguim somniant perqu\u00e8 voldr\u00edem desnivells que facilitin el drenatge de l&#8217;aigua de pluja i de la font, jocs de psicomotricitat, m\u00e9s vegetaci\u00f3 i racons per a crear amagatalls&#8230;<\/p>\n<p style=\"text-align: justify;\">Us fem a mans la presentaci\u00f3 que va ser projectada a la <a href=\"https:\/\/agora.xtec.cat\/escola-lavitxeta\/curs-16-17\/jornada-pedagogica-la-vitxeta-es-mou-pel-pati-2\/\">Primera Jornada Pedag\u00f2gica &#8220;La Vitxeta es mou pel pati&#8221;<\/a>, esperant que us sigui d\u2019utilitat, i restem a la vostra disposici\u00f3 per qualsevol dubte que us pugui sorgir o qualsevol inquietud que ens vulgueu compartir.<\/p>\n<p><iframe loading=\"lazy\" src=\"\/\/www.slideshare.net\/slideshow\/embed_code\/key\/rCD4WrzLpXEJGM\" width=\"595\" height=\"485\" frameborder=\"0\"> <\/iframe><\/p>\n<div style=\"margin-bottom: 5px;\">Un gran projecte que es va iniciar en forma de somnis a partir d&#8217;una <a href=\"https:\/\/agora.xtec.cat\/escola-lavitxeta\/curs-14-15\/la-cartellera-del-pati\/\">cartellera<\/a> el curs 2014-15&#8230;<\/div>\n<p><iframe loading=\"lazy\" title=\"CartelleraDelPati\" width=\"500\" height=\"375\" src=\"https:\/\/www.youtube.com\/embed\/RGcep5wyfP4?feature=oembed\" frameborder=\"0\" allow=\"accelerometer; autoplay; clipboard-write; encrypted-media; gyroscope; picture-in-picture; web-share\" referrerpolicy=\"strict-origin-when-cross-origin\" allowfullscreen><\/iframe><\/p>\n<p>&#8230; va comen\u00e7ar a prendre forma amb la <a href=\"https:\/\/agora.xtec.cat\/escola-lavitxeta\/curs-15-16\/gracies-quina-gran-jornada\/\">Primera Jornada de pati<\/a>&#8230;<\/p>\n<p><iframe loading=\"lazy\" title=\"La Vitxeta es mou pel pati - 1a Jornada\" width=\"500\" height=\"281\" src=\"https:\/\/www.youtube.com\/embed\/Io5c76jqdQo?feature=oembed\" frameborder=\"0\" allow=\"accelerometer; autoplay; clipboard-write; encrypted-media; gyroscope; picture-in-picture; web-share\" referrerpolicy=\"strict-origin-when-cross-origin\" allowfullscreen><\/iframe><\/p>\n<p>&#8230; i va esdevenir en una segona&#8230; i una tercera jornada&#8230;<\/p>\n<pre>V\u00eddeo de la Jornada amb m\u00fasica de <strong>Diluvi.\u00a0<\/strong><\/pre>\n<p><iframe loading=\"lazy\" title=\"Tercera jornada de pati\" width=\"500\" height=\"375\" src=\"https:\/\/www.youtube.com\/embed\/EB9IRAekTmw?start=27&#038;feature=oembed\" frameborder=\"0\" allow=\"accelerometer; autoplay; clipboard-write; encrypted-media; gyroscope; picture-in-picture; web-share\" referrerpolicy=\"strict-origin-when-cross-origin\" allowfullscreen><\/iframe><\/p>\n<p>I ja en portem sis! Moltes gr\u00e0cies a tots els que ho heu fet possible!<\/p>\n<pre>V\u00eddeo promocional de la Jornada amb m\u00fasica de <strong>Doctor Prats.\u00a0<\/strong><\/pre>\n<p><iframe loading=\"lazy\" title=\"PromoJornada4Vitxeta20degener\" width=\"500\" height=\"375\" src=\"https:\/\/www.youtube.com\/embed\/VFA_y6q8F84?feature=oembed\" frameborder=\"0\" allow=\"accelerometer; autoplay; clipboard-write; encrypted-media; gyroscope; picture-in-picture; web-share\" referrerpolicy=\"strict-origin-when-cross-origin\" allowfullscreen><\/iframe><\/p>\n<p>&nbsp;<\/p>\n<p><strong>El conte del pati<\/strong><\/p>\n<blockquote>\n<p style=\"text-align: justify;\">Vet aqu\u00ed una vegada una escola molt bonica que tenia un pati trist, era l\u2019Escola La Vitxeta. Un pati sense quasi vegetaci\u00f3 ni massa opcions de joc, sense racons m\u00e0gics, ni ombra\u2026 Un pati on no hi havia espais per a seure, i on moltes vegades els m\u00e9s grans de l\u2019escola no trobaven el seu lloc. \u00a0Sempre hi havia excuses per a quedar-se a l\u2019aula, ja que hi havia m\u00e9s diversi\u00f3.<\/p>\n<p>Els nens i les nenes d\u2019aquella escola tenien veu, i sovint demanaven millores pel seu pati.<\/p>\n<p style=\"text-align: justify;\">Vet aqu\u00ed que un dia aquesta veu va ser escoltada. Mestres, pares i mares van sentir aquesta trista melodia que demanava espais per seure, espais per amagar-se, jocs per a jugar\u2026 i es van il\u00b7lusionar.<\/p>\n<p style=\"text-align: justify;\">I entre tots i totes, i amb molt d\u2019esfor\u00e7, van anar dissenyant un nou pati. La Vitxeta es comen\u00e7ava a moure pel pati, i no volia parar quieta, i m\u00e9s encara quan veia la reacci\u00f3 de petits i grans.<\/p>\n<p style=\"text-align: justify;\">Un pati m\u00e9s tranquil, on tothom trobava el seu rac\u00f3 i estones de joc m\u00e0giques i \u00faniques.<\/p>\n<p style=\"text-align: justify;\">I els nens i nenes d\u2019aquella escola van seguir cantant, primer agra\u00efts pels canvis, despr\u00e9s, perqu\u00e8 encara creien que podien somiar. I una vegada m\u00e9s, mestres, pares i mares els van escoltar.<\/p>\n<p style=\"text-align: justify;\">I aix\u00ed va ser com aquella comunitat es va tornar a arremangar de nou.<\/p>\n<p style=\"text-align: justify;\">I vet aqu\u00ed que una vegada m\u00e9s l\u2019Escola La Vitxeta va tornar a lluir amb tots els colors. Petits i grans es movien pel seu pati.<\/p>\n<p style=\"text-align: justify;\">Aquell pati sense quasi vegetaci\u00f3 ni massa opcions de joc, sense racons m\u00e0gics, ni ombra, anava desapareixent. Poc a poc esdevenia un pati amb espais per a seure i trobar-se, amb cuinetes, sorrals, jocs pintats, circuits, pissarres, escenari teatral, centre d\u2019instruments, arbres i plantes, arcs vegetals, bancs i caixes per a emmagatzemar\u2026 Els nens i les nenes d\u2019aquella escola havien sigut escoltats i el seu pati es transformava.<\/p>\n<p style=\"text-align: justify;\">Una vegada m\u00e9s, entre tots i totes, i amb molt d\u2019esfor\u00e7, havien anat dissenyant un nou pati. La Vitxeta es movia i no volia parar quieta. Aquella comunitat s\u2019havia arremangat de nou i havia demostrat que el bon treball d\u2019equip era la clau d\u2019aquell \u00e8xit.<\/p>\n<p style=\"text-align: justify;\">I com sempre els nens i nenes d\u2019aquella escola seguien cantant, molt agra\u00efts per tots els canvis, per\u00f2 amb una nova melodia i un nou anhel: ara volien un roc\u00f2drom tal com ja havien imaginat.<\/p>\n<\/blockquote>\n<p>Conte promocional de la Segona i Tercera Jornada de pati<\/p>\n<p>&nbsp;<\/p>\n<p><strong>Articles relacionats:<\/strong> <a href=\"https:\/\/agora.xtec.cat\/escola-lavitxeta\/tag\/hort-pati\/\">Hort-pati<\/a><\/p>\n<p><strong>Altres articles i webs d\u2019inter\u00e8s:<\/strong><\/p>\n<ul>\n<li>Projecte \u201c<a href=\"https:\/\/elnousafareig.files.wordpress.com\/2015\/11\/projecte-pati_la-vitxeta.pdf\">La Vitxeta es mou pel pati<\/a>\u201d<\/li>\n<li>Article: \u201c<a href=\"http:\/\/www.ara.cat\/suplements\/criatures\/Lentorn-laprenentatge-Repensar-Laula-convencional_0_1433856608.html\">L\u2019entorn educatiu, clau en l\u2019aprenentatge<\/a>\u201d aparegut al suplement \u201cCriatures\u201d del diari ARA el 19 de setembre de 2015<\/li>\n<li>\u201c<a href=\"http:\/\/www.fbofill.cat\/publicacions\/els-patis-de-les-escoles-espais-doportunitats-educatives\">Els patis de les escoles: espais d&#8217;oportunitats educatives<\/a>\u201d. Fundaci\u00f3 Jaume Bofill.<\/li>\n<li>Cols, Carme.<strong> \u201c<\/strong><a href=\"http:\/\/www.elsafareig.org\/jardiner\/quinjardi\/filosofia\/organitzarespaiexterior.pdf\">Organitzar i viure els espais exteriors a l\u2019escola dels petits<\/a>\u201d. <em>A: Inf\u00e0ncia educar de 0 a 6 anys,<\/em><em> n\u00fam. 157 (juliol\/agost 2007), p. 12-19.<br \/>\n<\/em><\/li>\n<\/ul>\n","protected":false},"excerpt":{"rendered":"<p>Projecte de pati La Vitxeta es mou pel pati (<a href=\"https:\/\/elnousafareig.files.wordpress.com\/2015\/11\/projecte-pati_la-vitxeta.pdf\">enlla\u00e7<\/a>)<\/p>\n<p>A l&#8217;entrada &#8220;<a href=\"http:\/\/blocs.xtec.cat\/ambelspeusaterra\/2015\/11\/14\/sortim-al-pati\">Sortim al pati<\/a>?&#8221; del blog &#8220;Amb els peus a terra&#8221; del Sr Enric Queralt Cat\u00e0, es posa damunt la taula el valor educatiu dels espais exteriors. Es recomana que visitem el blog&hellip;  <a href=\"https:\/\/agora.xtec.cat\/escola-lavitxeta\/la-vitxeta-es-mou-pel-pati\/\" title=\"Read La Vitxeta es mou pel pati\">Llegeix m\u00e9s\u00bb<\/a><\/p>\n","protected":false},"author":1,"featured_media":0,"parent":0,"menu_order":0,"comment_status":"closed","ping_status":"closed","template":"","meta":{"_bbp_topic_count":0,"_bbp_reply_count":0,"_bbp_total_topic_count":0,"_bbp_total_reply_count":0,"_bbp_voice_count":0,"_bbp_anonymous_reply_count":0,"_bbp_topic_count_hidden":0,"_bbp_reply_count_hidden":0,"_bbp_forum_subforum_count":0,"footnotes":""},"class_list":["post-36405","page","type-page","status-publish","hentry"],"post_mailing_queue_ids":[],"_links":{"self":[{"href":"https:\/\/agora.xtec.cat\/escola-lavitxeta\/wp-json\/wp\/v2\/pages\/36405","targetHints":{"allow":["GET"]}}],"collection":[{"href":"https:\/\/agora.xtec.cat\/escola-lavitxeta\/wp-json\/wp\/v2\/pages"}],"about":[{"href":"https:\/\/agora.xtec.cat\/escola-lavitxeta\/wp-json\/wp\/v2\/types\/page"}],"author":[{"embeddable":true,"href":"https:\/\/agora.xtec.cat\/escola-lavitxeta\/wp-json\/wp\/v2\/users\/1"}],"replies":[{"embeddable":true,"href":"https:\/\/agora.xtec.cat\/escola-lavitxeta\/wp-json\/wp\/v2\/comments?post=36405"}],"version-history":[{"count":4,"href":"https:\/\/agora.xtec.cat\/escola-lavitxeta\/wp-json\/wp\/v2\/pages\/36405\/revisions"}],"predecessor-version":[{"id":46841,"href":"https:\/\/agora.xtec.cat\/escola-lavitxeta\/wp-json\/wp\/v2\/pages\/36405\/revisions\/46841"}],"wp:attachment":[{"href":"https:\/\/agora.xtec.cat\/escola-lavitxeta\/wp-json\/wp\/v2\/media?parent=36405"}],"curies":[{"name":"wp","href":"https:\/\/api.w.org\/{rel}","templated":true}]}}