{"id":36327,"date":"2019-01-26T22:21:13","date_gmt":"2019-01-26T21:21:13","guid":{"rendered":"http:\/\/agora.xtec.cat\/escola-lavitxeta\/?page_id=36327"},"modified":"2021-11-13T08:49:55","modified_gmt":"2021-11-13T07:49:55","slug":"assemblees-i-consell-dalumnes","status":"publish","type":"page","link":"https:\/\/agora.xtec.cat\/escola-lavitxeta\/assemblees-i-consell-dalumnes\/","title":{"rendered":"Assemblees i Consell d&#8217;alumnes"},"content":{"rendered":"<blockquote>\n<p style=\"text-align: center;\"><img loading=\"lazy\" decoding=\"async\" class=\"size-medium wp-image-35734 alignleft\" src=\"https:\/\/agora.xtec.cat\/escola-lavitxeta\/wp-content\/uploads\/usu1195\/IMG-20181130-WA0013-300x225.jpg\" alt=\"\" width=\"300\" height=\"225\" srcset=\"https:\/\/agora.xtec.cat\/escola-lavitxeta\/wp-content\/uploads\/usu1195\/IMG-20181130-WA0013-300x225.jpg 300w, https:\/\/agora.xtec.cat\/escola-lavitxeta\/wp-content\/uploads\/usu1195\/IMG-20181130-WA0013-768x576.jpg 768w, https:\/\/agora.xtec.cat\/escola-lavitxeta\/wp-content\/uploads\/usu1195\/IMG-20181130-WA0013-1024x768.jpg 1024w, https:\/\/agora.xtec.cat\/escola-lavitxeta\/wp-content\/uploads\/usu1195\/IMG-20181130-WA0013-200x150.jpg 200w, https:\/\/agora.xtec.cat\/escola-lavitxeta\/wp-content\/uploads\/usu1195\/IMG-20181130-WA0013.jpg 1600w\" sizes=\"auto, (max-width: 300px) 100vw, 300px\" \/><\/p>\n<p style=\"text-align: justify;\">El <span style=\"color: #0000ff;\"><strong>Consell d\u2019alumnes<\/strong><\/span> est\u00e0 representat per un membre de l\u2019equip directiu de l\u2019escola i les coordinadores de cada cicle, aix\u00ed com un delegat\/da de cada classe d&#8217;educaci\u00f3 prim\u00e0ria.<\/p>\n<\/blockquote>\n<p style=\"text-align: justify;\">Cada classe escull el seu representant que es canviar\u00e0 cada dos reunions del Consell. A les <span style=\"color: #0000ff;\"><strong>assemblees de classe<\/strong><\/span> (reunions setmanals de cada grup-classe amb el seu tutor\/a) es recullen les propostes i queixes dels companys\/es i el delegat\/da les explica a les reunions del Consell. El mateix alumne informa al seu grup sobre els acords presos.\u00a0Les propostes es deriven a les persones o cursos indicats i es retorna a la seg\u00fcent reuni\u00f3. El Consell d\u2019Alumnes \u00e9s per tant l&#8217;\u00f2rgan encarregat d\u2019intercomunicar les diferents assemblees d&#8217;aula.<\/p>\n<p style=\"text-align: justify;\">Les assemblees d&#8217;aula treballen els temes que afecten l&#8217;organitzaci\u00f3 del cicle, de nivell o de classe: resoluci\u00f3 de conflictes, propostes per al grup, an\u00e8cdotes, actualitat, din\u00e0miques de grup, aix\u00ed com els temes tractats o proposats per a les assemblees de l&#8217;escola.<\/p>\n<p style=\"text-align: justify;\">A les reunions del Consell es proposa un tema de debat, que generalment es recull a la convocat\u00f2ria de la reuni\u00f3, i es d\u00f3na la paraula als consellers que volen parlar del mateix, fins que el tema queda tancat i es pot passar a una altra q\u00fcesti\u00f3.<\/p>\n<p style=\"text-align: justify;\">El debat es genera a partir de cada conseller amb les idees que duen anotades de la seves respectives classes. Els acords presos es lliuren posteriorment a les diferents classes a trav\u00e9s de l\u2019acta de la reuni\u00f3.<\/p>\n<p><span style=\"color: #0000ff;\"><b>Tasques del Consell d\u2019Alumnes<\/b><\/span><\/p>\n<ul>\n<li>Esdevenir un vehicle de comunicaci\u00f3 entre l&#8217;alumnat i tota la comunitat educativa:\n<ul>\n<li>Portar les propostes de cada aula a les altres classes.<\/li>\n<li>Ser el vehicle d&#8217;informaci\u00f3 dels diferents \u00e0mbits de l&#8217;escola cap a\u00a0cada aula.<\/li>\n<\/ul>\n<\/li>\n<\/ul>\n<ul>\n<li>Esdevenir un element actiu al centre:\n<ul>\n<li>Recollir propostes a realitzar per a millorar la vida del nostre centre.<\/li>\n<\/ul>\n<\/li>\n<\/ul>\n<p><span style=\"color: #0000ff;\"><b>Objectius del Consell d\u2019Alumnes<\/b><\/span><\/p>\n<ul>\n<li>Promoure a l\u2019escola i a les classes un clima positiu que faciliti\u00a0el treball i la consecuci\u00f3 dels objectius.<\/li>\n<li>Potenciar la presa de decisions per consens.<\/li>\n<li>Afavorir la responsabilitat i el comprom\u00eds en l&#8217;organitzaci\u00f3 i funcionament del centre.<\/li>\n<li>Debatre temes d&#8217;import\u00e0ncia per a l&#8217;alumnat.<\/li>\n<li>Aprendre a plantejar les necessitats d&#8217;una manera democr\u00e0tica.<\/li>\n<li>Comprometre l&#8217;alumnat en la participaci\u00f3 i organitzaci\u00f3 del nostre centre.<\/li>\n<\/ul>\n<p style=\"text-align: justify;\">Per a millorar la nostra escola \u00e9s imprescindible la participaci\u00f3 i el comprom\u00eds de tots i totes per al bon funcionament, la consecuci\u00f3 dels objectius i la realitzaci\u00f3 de les tasques proposades. El Consell permet escoltar l&#8217;opini\u00f3 de l&#8217;alumnat, aprendre a decidir, a ser responsables,\u00a0a organitzar i a crear un clima de conviv\u00e8ncia democr\u00e0tic en la nostra escola.<\/p>\n<p>Articles relacionats: <a href=\"https:\/\/agora.xtec.cat\/escola-lavitxeta\/tag\/consell-dalumnes\/\">Consell d&#8217;alumnes<\/a><\/p>\n","protected":false},"excerpt":{"rendered":"<p>El Consell d\u2019alumnes est\u00e0 representat per un membre de l\u2019equip directiu de l\u2019escola i les coordinadores de cada cicle, aix\u00ed com un delegat\/da de cada classe d&#8217;educaci\u00f3 prim\u00e0ria.<\/p>\n<p>Cada classe escull el seu representant que es canviar\u00e0 cada dos reunions del Consell. A les assemblees de&hellip;  <a href=\"https:\/\/agora.xtec.cat\/escola-lavitxeta\/assemblees-i-consell-dalumnes\/\" title=\"Read Assemblees i Consell d&#8217;alumnes\">Llegeix m\u00e9s\u00bb<\/a><\/p>\n","protected":false},"author":1,"featured_media":0,"parent":0,"menu_order":0,"comment_status":"closed","ping_status":"closed","template":"","meta":{"_bbp_topic_count":0,"_bbp_reply_count":0,"_bbp_total_topic_count":0,"_bbp_total_reply_count":0,"_bbp_voice_count":0,"_bbp_anonymous_reply_count":0,"_bbp_topic_count_hidden":0,"_bbp_reply_count_hidden":0,"_bbp_forum_subforum_count":0,"footnotes":""},"class_list":["post-36327","page","type-page","status-publish","hentry"],"post_mailing_queue_ids":[],"_links":{"self":[{"href":"https:\/\/agora.xtec.cat\/escola-lavitxeta\/wp-json\/wp\/v2\/pages\/36327","targetHints":{"allow":["GET"]}}],"collection":[{"href":"https:\/\/agora.xtec.cat\/escola-lavitxeta\/wp-json\/wp\/v2\/pages"}],"about":[{"href":"https:\/\/agora.xtec.cat\/escola-lavitxeta\/wp-json\/wp\/v2\/types\/page"}],"author":[{"embeddable":true,"href":"https:\/\/agora.xtec.cat\/escola-lavitxeta\/wp-json\/wp\/v2\/users\/1"}],"replies":[{"embeddable":true,"href":"https:\/\/agora.xtec.cat\/escola-lavitxeta\/wp-json\/wp\/v2\/comments?post=36327"}],"version-history":[{"count":3,"href":"https:\/\/agora.xtec.cat\/escola-lavitxeta\/wp-json\/wp\/v2\/pages\/36327\/revisions"}],"predecessor-version":[{"id":46824,"href":"https:\/\/agora.xtec.cat\/escola-lavitxeta\/wp-json\/wp\/v2\/pages\/36327\/revisions\/46824"}],"wp:attachment":[{"href":"https:\/\/agora.xtec.cat\/escola-lavitxeta\/wp-json\/wp\/v2\/media?parent=36327"}],"curies":[{"name":"wp","href":"https:\/\/api.w.org\/{rel}","templated":true}]}}