{"id":36318,"date":"2019-01-26T22:25:22","date_gmt":"2019-01-26T21:25:22","guid":{"rendered":"http:\/\/agora.xtec.cat\/escola-lavitxeta\/?page_id=36318"},"modified":"2021-11-13T08:47:01","modified_gmt":"2021-11-13T07:47:01","slug":"padrins-de-lectura","status":"publish","type":"page","link":"https:\/\/agora.xtec.cat\/escola-lavitxeta\/padrins-de-lectura\/","title":{"rendered":"Padrins de lectura"},"content":{"rendered":"<p dir=\"auto\" style=\"text-align: justify;\">A la nostra escola l\u2019<span style=\"color: #0000ff;\"><strong>apadrinament lector \u00e9s una activitat cooperativa dissenyada a partir del Pla Lector de Centre<\/strong> <\/span>que es realitza en parelles\u00a0formades per alumnes de cinqu\u00e8 que fan de padrins de lectura i els alumnes de P5\u00a0que fan de fillols. El fet de ser padr\u00ed de lectura representa que l&#8217;alumne\u00a0padr\u00ed adquireix el comprom\u00eds principal de vetllar per encomanar-li el gust per la lectura.<\/p>\n<p dir=\"auto\"><strong><span style=\"color: #0000ff;\">Objectius de la proposta:<\/span><\/strong><\/p>\n<ul>\n<li dir=\"auto\">Refor\u00e7ar\/potenciar la lectura en l\u2019alumnat.<\/li>\n<li dir=\"auto\">Intercanviar un moment de plaer per la lectura de llibres.<\/li>\n<li dir=\"auto\">Mantenir una bona actitud davant la lectura.<\/li>\n<li dir=\"auto\">Establir relacions d\u2019ajuda i col\u00b7laboraci\u00f3 entre infants d\u2019edats diferents.<\/li>\n<li dir=\"auto\">Aprendre a ser responsables i a organitzar-se.<\/li>\n<\/ul>\n<div dir=\"auto\">\n<p dir=\"auto\" style=\"text-align: justify;\">El primer pas cada curs \u00e9s decidir les parelles ling\u00fc\u00edstiques que treballaran juntes tot el curs. L&#8217;activitat es desenvolupa un cop a la setmana.<\/p>\n<p style=\"text-align: justify;\">Llegim a la biblioteca, al pati, a l\u2019aula, cadasc\u00fa busca aquell rac\u00f3 c\u00f2mode per iniciar l\u2019aventura de compartir una hist\u00f2ria. Els grans, durant la setmana, busquen i remenen a la biblioteca aquell llibre que m\u00e9s creuen que pot agradar al seu fillol; es preparen la lectura, s\u2019entrenen llegint-la als seus companys, busquen aquelles paraules que no saben qu\u00e8 volen dir, practiquen aquelles altres que els hi costa llegir\u2026 tot plegat per acabar gaudint de la lectura en veu alta. Arribat el dia, els petitons escolten amb els ull oberts com a taronges! Les mirades de complicitat s\u00f3n constants, els somriures, les cares d\u2019admiraci\u00f3\u2026 Moments per compartir la m\u00e0gia de llegir i escoltar hist\u00f2ries.<\/p>\n<blockquote>\n<p style=\"text-align: justify;\">Tal i com deia G\u00fcnter Grass: <em>\u201c<span lang=\"ca\">No hi ha espectacle m\u00e9s bonic que la mirada d\u2019un nen que llegeix\u201d.<\/span><\/em><\/p>\n<\/blockquote>\n<p style=\"text-align: justify;\">Des del moment que comen\u00e7a la sessi\u00f3, la parella ser\u00e0 inseparable; aix\u00f2 afavoreix que s&#8217;estableixi una relaci\u00f3 personal afectiva que dura i perdura en molts casos al llarg dels diferents cursos.<\/p>\n<\/div>\n<div dir=\"auto\"><\/div>\n<p>Articles relacionats:\u00a0<a href=\"https:\/\/agora.xtec.cat\/escola-lavitxeta\/tag\/padrins-de-lectura\/\">Padrins de lectura<\/a><\/p>\n\n\t\t<style type=\"text\/css\">\n\t\t\t#gallery-1 {\n\t\t\t\tmargin: auto;\n\t\t\t}\n\t\t\t#gallery-1 .gallery-item {\n\t\t\t\tfloat: left;\n\t\t\t\tmargin-top: 10px;\n\t\t\t\ttext-align: center;\n\t\t\t\twidth: 33%;\n\t\t\t}\n\t\t\t#gallery-1 img {\n\t\t\t\tborder: 2px solid #cfcfcf;\n\t\t\t}\n\t\t\t#gallery-1 .gallery-caption {\n\t\t\t\tmargin-left: 0;\n\t\t\t}\n\t\t\t\/* see gallery_shortcode() in wp-includes\/media.php *\/\n\t\t<\/style>\n\t\t<div id='gallery-1' class='gallery galleryid-36318 gallery-columns-3 gallery-size-thumbnail'><dl class='gallery-item'>\n\t\t\t<dt class='gallery-icon landscape'>\n\t\t\t\t<a href='https:\/\/agora.xtec.cat\/escola-lavitxeta\/padrins-de-lectura\/attachment\/img_20181107_111950_625\/'><img loading=\"lazy\" decoding=\"async\" width=\"150\" height=\"150\" src=\"https:\/\/agora.xtec.cat\/escola-lavitxeta\/wp-content\/uploads\/usu1195\/IMG_20181107_111950_625-150x150.jpg\" class=\"attachment-thumbnail size-thumbnail\" alt=\"\" \/><\/a>\n\t\t\t<\/dt><\/dl><dl class='gallery-item'>\n\t\t\t<dt class='gallery-icon landscape'>\n\t\t\t\t<a href='https:\/\/agora.xtec.cat\/escola-lavitxeta\/padrins-de-lectura\/attachment\/img_20181107_112048_039\/'><img loading=\"lazy\" decoding=\"async\" width=\"150\" height=\"150\" src=\"https:\/\/agora.xtec.cat\/escola-lavitxeta\/wp-content\/uploads\/usu1195\/IMG_20181107_112048_039-150x150.jpg\" class=\"attachment-thumbnail size-thumbnail\" alt=\"\" \/><\/a>\n\t\t\t<\/dt><\/dl><dl class='gallery-item'>\n\t\t\t<dt class='gallery-icon landscape'>\n\t\t\t\t<a href='https:\/\/agora.xtec.cat\/escola-lavitxeta\/padrins-de-lectura\/attachment\/img_20181107_112127_772\/'><img loading=\"lazy\" decoding=\"async\" width=\"150\" height=\"150\" src=\"https:\/\/agora.xtec.cat\/escola-lavitxeta\/wp-content\/uploads\/usu1195\/IMG_20181107_112127_772-150x150.jpg\" class=\"attachment-thumbnail size-thumbnail\" alt=\"\" \/><\/a>\n\t\t\t<\/dt><\/dl><br style=\"clear: both\" \/><dl class='gallery-item'>\n\t\t\t<dt class='gallery-icon landscape'>\n\t\t\t\t<a href='https:\/\/agora.xtec.cat\/escola-lavitxeta\/padrins-de-lectura\/attachment\/img_20181107_112205_871\/'><img loading=\"lazy\" decoding=\"async\" width=\"150\" height=\"150\" src=\"https:\/\/agora.xtec.cat\/escola-lavitxeta\/wp-content\/uploads\/usu1195\/IMG_20181107_112205_871-150x150.jpg\" class=\"attachment-thumbnail size-thumbnail\" alt=\"\" \/><\/a>\n\t\t\t<\/dt><\/dl><dl class='gallery-item'>\n\t\t\t<dt class='gallery-icon portrait'>\n\t\t\t\t<a href='https:\/\/agora.xtec.cat\/escola-lavitxeta\/padrins-de-lectura\/attachment\/img_20181107_112400_574\/'><img loading=\"lazy\" decoding=\"async\" width=\"150\" height=\"150\" src=\"https:\/\/agora.xtec.cat\/escola-lavitxeta\/wp-content\/uploads\/usu1195\/IMG_20181107_112400_574-150x150.jpg\" class=\"attachment-thumbnail size-thumbnail\" alt=\"\" \/><\/a>\n\t\t\t<\/dt><\/dl><dl class='gallery-item'>\n\t\t\t<dt class='gallery-icon landscape'>\n\t\t\t\t<a href='https:\/\/agora.xtec.cat\/escola-lavitxeta\/padrins-de-lectura\/attachment\/img_20181114_113842_674\/'><img loading=\"lazy\" decoding=\"async\" width=\"150\" height=\"150\" src=\"https:\/\/agora.xtec.cat\/escola-lavitxeta\/wp-content\/uploads\/usu1195\/IMG_20181114_113842_674-150x150.jpg\" class=\"attachment-thumbnail size-thumbnail\" alt=\"\" \/><\/a>\n\t\t\t<\/dt><\/dl><br style=\"clear: both\" \/><dl class='gallery-item'>\n\t\t\t<dt class='gallery-icon landscape'>\n\t\t\t\t<a href='https:\/\/agora.xtec.cat\/escola-lavitxeta\/padrins-de-lectura\/attachment\/img_20181114_113852_768\/'><img loading=\"lazy\" decoding=\"async\" width=\"150\" height=\"150\" src=\"https:\/\/agora.xtec.cat\/escola-lavitxeta\/wp-content\/uploads\/usu1195\/IMG_20181114_113852_768-150x150.jpg\" class=\"attachment-thumbnail size-thumbnail\" alt=\"\" \/><\/a>\n\t\t\t<\/dt><\/dl><dl class='gallery-item'>\n\t\t\t<dt class='gallery-icon landscape'>\n\t\t\t\t<a href='https:\/\/agora.xtec.cat\/escola-lavitxeta\/padrins-de-lectura\/attachment\/img_20181128_113601_468\/'><img loading=\"lazy\" decoding=\"async\" width=\"150\" height=\"150\" src=\"https:\/\/agora.xtec.cat\/escola-lavitxeta\/wp-content\/uploads\/usu1195\/IMG_20181128_113601_468-150x150.jpg\" class=\"attachment-thumbnail size-thumbnail\" alt=\"\" \/><\/a>\n\t\t\t<\/dt><\/dl><dl class='gallery-item'>\n\t\t\t<dt class='gallery-icon landscape'>\n\t\t\t\t<a href='https:\/\/agora.xtec.cat\/escola-lavitxeta\/padrins-de-lectura\/attachment\/img_20181128_113606_470\/'><img loading=\"lazy\" decoding=\"async\" width=\"150\" height=\"150\" src=\"https:\/\/agora.xtec.cat\/escola-lavitxeta\/wp-content\/uploads\/usu1195\/IMG_20181128_113606_470-150x150.jpg\" class=\"attachment-thumbnail size-thumbnail\" alt=\"\" \/><\/a>\n\t\t\t<\/dt><\/dl><br style=\"clear: both\" \/><dl class='gallery-item'>\n\t\t\t<dt class='gallery-icon landscape'>\n\t\t\t\t<a href='https:\/\/agora.xtec.cat\/escola-lavitxeta\/padrins-de-lectura\/attachment\/img_20181128_114052_284\/'><img loading=\"lazy\" decoding=\"async\" width=\"150\" height=\"150\" src=\"https:\/\/agora.xtec.cat\/escola-lavitxeta\/wp-content\/uploads\/usu1195\/IMG_20181128_114052_284-150x150.jpg\" class=\"attachment-thumbnail size-thumbnail\" alt=\"\" \/><\/a>\n\t\t\t<\/dt><\/dl><dl class='gallery-item'>\n\t\t\t<dt class='gallery-icon landscape'>\n\t\t\t\t<a href='https:\/\/agora.xtec.cat\/escola-lavitxeta\/padrins-de-lectura\/attachment\/img_20181129_131414_239\/'><img loading=\"lazy\" decoding=\"async\" width=\"150\" height=\"150\" src=\"https:\/\/agora.xtec.cat\/escola-lavitxeta\/wp-content\/uploads\/usu1195\/IMG_20181129_131414_239-150x150.jpg\" class=\"attachment-thumbnail size-thumbnail\" alt=\"\" \/><\/a>\n\t\t\t<\/dt><\/dl><dl class='gallery-item'>\n\t\t\t<dt class='gallery-icon landscape'>\n\t\t\t\t<a href='https:\/\/agora.xtec.cat\/escola-lavitxeta\/padrins-de-lectura\/attachment\/img_20181219_113617_558\/'><img loading=\"lazy\" decoding=\"async\" width=\"150\" height=\"150\" src=\"https:\/\/agora.xtec.cat\/escola-lavitxeta\/wp-content\/uploads\/usu1195\/IMG_20181219_113617_558-150x150.jpg\" class=\"attachment-thumbnail size-thumbnail\" alt=\"\" \/><\/a>\n\t\t\t<\/dt><\/dl><br style=\"clear: both\" \/><dl class='gallery-item'>\n\t\t\t<dt class='gallery-icon landscape'>\n\t\t\t\t<a href='https:\/\/agora.xtec.cat\/escola-lavitxeta\/padrins-de-lectura\/attachment\/img_20181219_113634_856\/'><img loading=\"lazy\" decoding=\"async\" width=\"150\" height=\"150\" src=\"https:\/\/agora.xtec.cat\/escola-lavitxeta\/wp-content\/uploads\/usu1195\/IMG_20181219_113634_856-150x150.jpg\" class=\"attachment-thumbnail size-thumbnail\" alt=\"\" \/><\/a>\n\t\t\t<\/dt><\/dl><dl class='gallery-item'>\n\t\t\t<dt class='gallery-icon landscape'>\n\t\t\t\t<a href='https:\/\/agora.xtec.cat\/escola-lavitxeta\/padrins-de-lectura\/attachment\/img_20181219_113905_579\/'><img loading=\"lazy\" decoding=\"async\" width=\"150\" height=\"150\" src=\"https:\/\/agora.xtec.cat\/escola-lavitxeta\/wp-content\/uploads\/usu1195\/IMG_20181219_113905_579-150x150.jpg\" class=\"attachment-thumbnail size-thumbnail\" alt=\"\" \/><\/a>\n\t\t\t<\/dt><\/dl><dl class='gallery-item'>\n\t\t\t<dt class='gallery-icon landscape'>\n\t\t\t\t<a href='https:\/\/agora.xtec.cat\/escola-lavitxeta\/padrins-de-lectura\/attachment\/img_20181219_113934_759\/'><img loading=\"lazy\" decoding=\"async\" width=\"150\" height=\"150\" src=\"https:\/\/agora.xtec.cat\/escola-lavitxeta\/wp-content\/uploads\/usu1195\/IMG_20181219_113934_759-150x150.jpg\" class=\"attachment-thumbnail size-thumbnail\" alt=\"\" \/><\/a>\n\t\t\t<\/dt><\/dl><br style=\"clear: both\" \/><dl class='gallery-item'>\n\t\t\t<dt class='gallery-icon landscape'>\n\t\t\t\t<a href='https:\/\/agora.xtec.cat\/escola-lavitxeta\/padrins-de-lectura\/attachment\/img-20181107-wa0009\/'><img loading=\"lazy\" decoding=\"async\" width=\"150\" height=\"150\" src=\"https:\/\/agora.xtec.cat\/escola-lavitxeta\/wp-content\/uploads\/usu1195\/IMG-20181107-WA0009-150x150.jpg\" class=\"attachment-thumbnail size-thumbnail\" alt=\"\" \/><\/a>\n\t\t\t<\/dt><\/dl><dl class='gallery-item'>\n\t\t\t<dt class='gallery-icon landscape'>\n\t\t\t\t<a href='https:\/\/agora.xtec.cat\/escola-lavitxeta\/padrins-de-lectura\/attachment\/img-20181107-wa0010\/'><img loading=\"lazy\" decoding=\"async\" width=\"150\" height=\"150\" src=\"https:\/\/agora.xtec.cat\/escola-lavitxeta\/wp-content\/uploads\/usu1195\/IMG-20181107-WA0010-150x150.jpg\" class=\"attachment-thumbnail size-thumbnail\" alt=\"\" \/><\/a>\n\t\t\t<\/dt><\/dl><dl class='gallery-item'>\n\t\t\t<dt class='gallery-icon landscape'>\n\t\t\t\t<a href='https:\/\/agora.xtec.cat\/escola-lavitxeta\/padrins-de-lectura\/attachment\/img-20181107-wa0016\/'><img loading=\"lazy\" decoding=\"async\" width=\"150\" height=\"150\" src=\"https:\/\/agora.xtec.cat\/escola-lavitxeta\/wp-content\/uploads\/usu1195\/IMG-20181107-WA0016-150x150.jpg\" class=\"attachment-thumbnail size-thumbnail\" alt=\"\" \/><\/a>\n\t\t\t<\/dt><\/dl><br style=\"clear: both\" \/><dl class='gallery-item'>\n\t\t\t<dt class='gallery-icon landscape'>\n\t\t\t\t<a href='https:\/\/agora.xtec.cat\/escola-lavitxeta\/padrins-de-lectura\/attachment\/img-20181107-wa0017\/'><img loading=\"lazy\" decoding=\"async\" width=\"150\" height=\"150\" src=\"https:\/\/agora.xtec.cat\/escola-lavitxeta\/wp-content\/uploads\/usu1195\/IMG-20181107-WA0017-150x150.jpg\" class=\"attachment-thumbnail size-thumbnail\" alt=\"\" \/><\/a>\n\t\t\t<\/dt><\/dl><dl class='gallery-item'>\n\t\t\t<dt class='gallery-icon landscape'>\n\t\t\t\t<a href='https:\/\/agora.xtec.cat\/escola-lavitxeta\/padrins-de-lectura\/attachment\/img-20181107-wa0018\/'><img loading=\"lazy\" decoding=\"async\" width=\"150\" height=\"150\" src=\"https:\/\/agora.xtec.cat\/escola-lavitxeta\/wp-content\/uploads\/usu1195\/IMG-20181107-WA0018-150x150.jpg\" class=\"attachment-thumbnail size-thumbnail\" alt=\"\" \/><\/a>\n\t\t\t<\/dt><\/dl><dl class='gallery-item'>\n\t\t\t<dt class='gallery-icon landscape'>\n\t\t\t\t<a href='https:\/\/agora.xtec.cat\/escola-lavitxeta\/padrins-de-lectura\/attachment\/img-20181107-wa0020\/'><img loading=\"lazy\" decoding=\"async\" width=\"150\" height=\"150\" src=\"https:\/\/agora.xtec.cat\/escola-lavitxeta\/wp-content\/uploads\/usu1195\/IMG-20181107-WA0020-150x150.jpg\" class=\"attachment-thumbnail size-thumbnail\" alt=\"\" \/><\/a>\n\t\t\t<\/dt><\/dl><br style=\"clear: both\" \/>\n\t\t<\/div>\n\n<blockquote>\n<pre style=\"text-align: center;\"><em>Fotografies curs 18-19\r\n<\/em><\/pre>\n<\/blockquote>\n","protected":false},"excerpt":{"rendered":"<p>A la nostra escola l\u2019apadrinament lector \u00e9s una activitat cooperativa dissenyada a partir del Pla Lector de Centre que es realitza en parelles\u00a0formades per alumnes de cinqu\u00e8 que fan de padrins de lectura i els alumnes de P5\u00a0que fan de fillols. El fet de ser&hellip;  <a href=\"https:\/\/agora.xtec.cat\/escola-lavitxeta\/padrins-de-lectura\/\" title=\"Read Padrins de lectura\">Llegeix m\u00e9s\u00bb<\/a><\/p>\n","protected":false},"author":1,"featured_media":0,"parent":0,"menu_order":0,"comment_status":"closed","ping_status":"closed","template":"","meta":{"_bbp_topic_count":0,"_bbp_reply_count":0,"_bbp_total_topic_count":0,"_bbp_total_reply_count":0,"_bbp_voice_count":0,"_bbp_anonymous_reply_count":0,"_bbp_topic_count_hidden":0,"_bbp_reply_count_hidden":0,"_bbp_forum_subforum_count":0,"footnotes":""},"class_list":["post-36318","page","type-page","status-publish","hentry"],"post_mailing_queue_ids":[],"_links":{"self":[{"href":"https:\/\/agora.xtec.cat\/escola-lavitxeta\/wp-json\/wp\/v2\/pages\/36318","targetHints":{"allow":["GET"]}}],"collection":[{"href":"https:\/\/agora.xtec.cat\/escola-lavitxeta\/wp-json\/wp\/v2\/pages"}],"about":[{"href":"https:\/\/agora.xtec.cat\/escola-lavitxeta\/wp-json\/wp\/v2\/types\/page"}],"author":[{"embeddable":true,"href":"https:\/\/agora.xtec.cat\/escola-lavitxeta\/wp-json\/wp\/v2\/users\/1"}],"replies":[{"embeddable":true,"href":"https:\/\/agora.xtec.cat\/escola-lavitxeta\/wp-json\/wp\/v2\/comments?post=36318"}],"version-history":[{"count":3,"href":"https:\/\/agora.xtec.cat\/escola-lavitxeta\/wp-json\/wp\/v2\/pages\/36318\/revisions"}],"predecessor-version":[{"id":46822,"href":"https:\/\/agora.xtec.cat\/escola-lavitxeta\/wp-json\/wp\/v2\/pages\/36318\/revisions\/46822"}],"wp:attachment":[{"href":"https:\/\/agora.xtec.cat\/escola-lavitxeta\/wp-json\/wp\/v2\/media?parent=36318"}],"curies":[{"name":"wp","href":"https:\/\/api.w.org\/{rel}","templated":true}]}}