{"id":36307,"date":"2019-01-26T21:19:48","date_gmt":"2019-01-26T20:19:48","guid":{"rendered":"http:\/\/agora.xtec.cat\/escola-lavitxeta\/?page_id=36307"},"modified":"2019-05-31T17:31:21","modified_gmt":"2019-05-31T15:31:21","slug":"escola-nova-21","status":"publish","type":"page","link":"https:\/\/agora.xtec.cat\/escola-lavitxeta\/escola-nova-21\/","title":{"rendered":"Escola Nova 21"},"content":{"rendered":"<p>&nbsp;<\/p>\n<p><iframe loading=\"lazy\" title=\"Most Likely to Succeed Trailer\" src=\"https:\/\/player.vimeo.com\/video\/122502930?dnt=1&amp;app_id=122963\" width=\"500\" height=\"281\" frameborder=\"0\" allow=\"autoplay; fullscreen; picture-in-picture; clipboard-write\"><\/iframe><\/p>\n<div><b>\u00a0<\/b><\/div>\n<p><img loading=\"lazy\" decoding=\"async\" class=\"size-full wp-image-36309 alignleft\" src=\"https:\/\/agora.xtec.cat\/escola-lavitxeta\/wp-content\/uploads\/usu1195\/F41A6C8C-4F73-4471-BC6A-D349076D4C6E.png\" alt=\"\" width=\"243\" height=\"110\" \/><\/p>\n<p style=\"text-align: justify;\"><span style=\"font-family: inherit; font-size: 1em;\">La<b> <\/b>nostra Comunitat educativa est\u00e0 adherida al programa <\/span><span style=\"font-family: inherit; font-size: 1em;\">&#8220;<a href=\"http:\/\/www.escolanova21.cat\/\">Escola Nova 21<\/a>&#8221; \u00a0des del curs 16-17 per iniciativa i aprovaci\u00f3 del claustre de mestres i posterior aprovaci\u00f3 per part del Consell Escolar.<\/span><\/p>\n<p style=\"text-align: justify;\"><span style=\"color: #0000ff;\"><strong>Escola Nova 21<\/strong> <\/span>\u00e9s un programa que pret\u00e9n acompanyar a aquells centres educatius que tenen voluntat de repensar i transformar el seu model educatiu cap a un model que respongui millor a les necessitats educatives actuals.<\/p>\n<p>Les diferents xarxes de la prov\u00edncia de Tarragona realitzem unes trobades pedag\u00f2giques per tal que<\/p>\n<div><\/div>\n<div>\n<ul>\n<li style=\"text-align: justify;\">trobant-nos, el proc\u00e9s de canvi pugui ser col\u00b7laboratiu, aprenent dels processos i encerts i errors dels altres;<\/li>\n<li style=\"text-align: justify;\">que aquesta col\u00b7laboraci\u00f3 es doni amb el suport dels ens locals corresponents i altres actors del territori.<\/li>\n<\/ul>\n<\/div>\n<p style=\"text-align: justify;\">El Director i impulsor d\u2019Escola Nova 21, per enc\u00e0rrec de la Generalitat, \u00e9s l\u2019<strong>Eduard Vallory<\/strong>, president del Centre UNESCO de Catalunya. \u00c9s analista social i expert en gesti\u00f3 del canvi, centrat en la millora de l\u2019educaci\u00f3.<\/p>\n<p style=\"text-align: justify;\">L\u2019objectiu del programa \u00e9s crear\u00a0un marc amb les caracter\u00edstiques educatives que hauria de tenir una escola avan\u00e7ada:<\/p>\n<ul>\n<li>prop\u00f2sit educatiu competencial<\/li>\n<li>pr\u00e0ctiques d&#8217;aprenentatge fonamentades en el coneixement de com les persones aprenen<\/li>\n<li style=\"text-align: justify;\">els instruments d\u2019avaluaci\u00f3 han de tenir en compte les informacions que han retingut, la comprensi\u00f3, les habilitats les actituds i valors i les compet\u00e8ncies transversals<\/li>\n<\/ul>\n<p><img loading=\"lazy\" decoding=\"async\" class=\"aligncenter wp-image-36355\" src=\"https:\/\/agora.xtec.cat\/escola-lavitxeta\/wp-content\/uploads\/usu1195\/FB_IMG_1543458363220-276x300.jpg\" alt=\"\" width=\"443\" height=\"482\" srcset=\"https:\/\/agora.xtec.cat\/escola-lavitxeta\/wp-content\/uploads\/usu1195\/FB_IMG_1543458363220-276x300.jpg 276w, https:\/\/agora.xtec.cat\/escola-lavitxeta\/wp-content\/uploads\/usu1195\/FB_IMG_1543458363220.jpg 610w\" sizes=\"auto, (max-width: 443px) 100vw, 443px\" \/><\/p>\n<p style=\"text-align: justify;\">El 19 de desembre de 2018 es presentava l\u2019acord per promoure xarxes d\u2019actualitzaci\u00f3 educativa a partir del programa Escola Nova 21. Ser\u00e0 el <strong>Departament d\u2019Educaci\u00f3<\/strong> qui, a partir de gener de 2019, liderar\u00e0 el desplegament d\u2019aquest acord amb la col\u00b7laboraci\u00f3 dels municipis i d\u2019Escola Nova 21. Aquesta acci\u00f3 conjunta es coordinar\u00e0 des d\u2019una comissi\u00f3 de treball constitu\u00efda per les quatre parts, en el marc de la Comissi\u00f3 Mixta que conformen el Departament d\u2019Educaci\u00f3 i les dues entitats municipalistes.<\/p>\n<blockquote>\n<p style=\"text-align: justify;\">L\u2019acord entre Generalitat i les dues entitats municipalistes impulsa una acci\u00f3 conjunta per a la consolidaci\u00f3 de la transformaci\u00f3 educativa com a pol\u00edtica p\u00fablica<\/p>\n<\/blockquote>\n<p><iframe loading=\"lazy\" title=\"19\/12\/18 TN Migdia TV3 - L&#039;acord per l&#039;actualitzaci\u00f3 educativa +  resid\u00e8ncies formatives\" width=\"500\" height=\"281\" src=\"https:\/\/www.youtube.com\/embed\/-koPMYJ726M?feature=oembed\" frameborder=\"0\" allow=\"accelerometer; autoplay; clipboard-write; encrypted-media; gyroscope; picture-in-picture; web-share\" referrerpolicy=\"strict-origin-when-cross-origin\" allowfullscreen><\/iframe><\/p>\n<p><iframe loading=\"lazy\" title=\"Entrevista a Eduard Vallory a Els Matins de TV3 (20\/12\/18)\" width=\"500\" height=\"281\" src=\"https:\/\/www.youtube.com\/embed\/FXZoQfohO6I?feature=oembed\" frameborder=\"0\" allow=\"accelerometer; autoplay; clipboard-write; encrypted-media; gyroscope; picture-in-picture; web-share\" referrerpolicy=\"strict-origin-when-cross-origin\" allowfullscreen><\/iframe><\/p>\n<div>\n<p><span style=\"color: #0000ff;\"><b>La R\u00fabrica de canvi<\/b><\/span><\/p>\n<p style=\"text-align: justify;\">Durant la vig\u00e8ncia de l\u2019acord, la <a href=\"http:\/\/rubricadecanvi.cat\/\">R\u00fabrica de canvi<\/a> \u2013 una eina d\u2019autoavaluaci\u00f3 i orientaci\u00f3 elaborada a proposta d\u2019Escola Nova i que va ser validada pel Departament d\u2019Educaci\u00f3 fa uns mesos \u2013 ser\u00e0 perfeccionada amb l\u2019<span style=\"color: #0000ff;\"><strong>objectiu de dotar els centres d\u2019un instrument que els acompanyi en el proc\u00e9s d\u2019actualitzar-se.<\/strong><\/span><\/p>\n<\/div>\n<p>Articles d\u2019inter\u00e8s:<\/p>\n<ul>\n<li><a href=\"https:\/\/agora.xtec.cat\/escola-lavitxeta\/wp-content\/uploads\/usu1195\/2019\/05\/The_Nature_of_Learning-Practitioner_Guide-CAT-1.pdf\">La naturalesa de l\u2019aprenentatge<\/a><\/li>\n<li><a href=\"https:\/\/agora.xtec.cat\/escola-lavitxeta\/wp-content\/uploads\/usu1195\/2019\/05\/ILE_-Els-7-principis-de-laprenantatge_0-1.pdf\">Els 7 principis de l\u2019aprenantatge<\/a><\/li>\n<\/ul>\n<p>&nbsp;<\/p>\n<p>Articles relacionats: <a href=\"https:\/\/agora.xtec.cat\/escola-lavitxeta\/tag\/escola-nova-21\/\">Escola Nova 21<\/a><\/p>\n","protected":false},"excerpt":{"rendered":"<p>&nbsp;<\/p>\n<p>\u00a0<\/p>\n<p>La nostra Comunitat educativa est\u00e0 adherida al programa &#8220;<a href=\"http:\/\/www.escolanova21.cat\/\">Escola Nova 21<\/a>&#8221; \u00a0des del curs 16-17 per iniciativa i aprovaci\u00f3 del claustre de mestres i posterior aprovaci\u00f3 per part del Consell Escolar.<br \/>\nEscola Nova 21 \u00e9s un programa que pret\u00e9n acompanyar a aquells centres educatius que&hellip;  <a href=\"https:\/\/agora.xtec.cat\/escola-lavitxeta\/escola-nova-21\/\" title=\"Read Escola Nova 21\">Llegeix m\u00e9s\u00bb<\/a><\/p>\n","protected":false},"author":1,"featured_media":0,"parent":0,"menu_order":0,"comment_status":"closed","ping_status":"closed","template":"","meta":{"_bbp_topic_count":0,"_bbp_reply_count":0,"_bbp_total_topic_count":0,"_bbp_total_reply_count":0,"_bbp_voice_count":0,"_bbp_anonymous_reply_count":0,"_bbp_topic_count_hidden":0,"_bbp_reply_count_hidden":0,"_bbp_forum_subforum_count":0,"footnotes":""},"class_list":["post-36307","page","type-page","status-publish","hentry"],"post_mailing_queue_ids":[],"_links":{"self":[{"href":"https:\/\/agora.xtec.cat\/escola-lavitxeta\/wp-json\/wp\/v2\/pages\/36307","targetHints":{"allow":["GET"]}}],"collection":[{"href":"https:\/\/agora.xtec.cat\/escola-lavitxeta\/wp-json\/wp\/v2\/pages"}],"about":[{"href":"https:\/\/agora.xtec.cat\/escola-lavitxeta\/wp-json\/wp\/v2\/types\/page"}],"author":[{"embeddable":true,"href":"https:\/\/agora.xtec.cat\/escola-lavitxeta\/wp-json\/wp\/v2\/users\/1"}],"replies":[{"embeddable":true,"href":"https:\/\/agora.xtec.cat\/escola-lavitxeta\/wp-json\/wp\/v2\/comments?post=36307"}],"version-history":[{"count":3,"href":"https:\/\/agora.xtec.cat\/escola-lavitxeta\/wp-json\/wp\/v2\/pages\/36307\/revisions"}],"predecessor-version":[{"id":40038,"href":"https:\/\/agora.xtec.cat\/escola-lavitxeta\/wp-json\/wp\/v2\/pages\/36307\/revisions\/40038"}],"wp:attachment":[{"href":"https:\/\/agora.xtec.cat\/escola-lavitxeta\/wp-json\/wp\/v2\/media?parent=36307"}],"curies":[{"name":"wp","href":"https:\/\/api.w.org\/{rel}","templated":true}]}}