{"id":36297,"date":"2019-01-27T18:11:37","date_gmt":"2019-01-27T17:11:37","guid":{"rendered":"http:\/\/agora.xtec.cat\/escola-lavitxeta\/?page_id=36297"},"modified":"2022-11-04T08:45:47","modified_gmt":"2022-11-04T07:45:47","slug":"espais-daprenentatge","status":"publish","type":"page","link":"https:\/\/agora.xtec.cat\/escola-lavitxeta\/espais-daprenentatge\/","title":{"rendered":"Espais d\u2019aprenentatge"},"content":{"rendered":"<p><span style=\"font-family: inherit; font-size: 1em; text-align: justify; color: #222222;\">El passad\u00eds d\u2019Educaci\u00f3 Infantil \u00e9s un ambient que s\u2019organitza en diferents espais i aquests a la vegada en diferents microespais, de manera que responen a les necessitats que els nens tenen per a poder cr\u00e9ixer en el sentit m\u00e9s ampli de la paraula.<\/span><\/p>\n<p style=\"text-align: justify;\">Els espais que hi ha actualment s\u00f3n: <strong><span style=\"color: #008080;\">El cos, Joc simb\u00f2lic, Sensorial, Fer i desfer, Natura, Comunicaci\u00f3, Art, i Aula de contes i M\u00fasica.<\/span><\/strong><\/p>\n<p style=\"text-align: justify;\">En\u00a0 conjunt, disposar les aules de manera que els infants puguin fer diferents coses en un mateix temps, brinda molt\u00edssimes oportunitats, imprescindibles dins el context educatiu; com autonomia en l\u2019aprenentatge, capacitat de decisi\u00f3, aprenentatge per interacci\u00f3, enriquiment mutu, respecte dels interessos i de les necessitats de l\u2019infant per a poder cr\u00e9ixer, l\u2019adult com acompanyant\u2026<\/p>\n<blockquote>\n<p style=\"text-align: justify;\"><strong>Els espais d\u2019aprenentatge representen una organitzaci\u00f3 on l\u2019infant es converteix en el constructor del seu propi aprenentatge, partint del joc, de la investigaci\u00f3 i de les relacions amb els companys, tot explorant amb llibertat segons els seus interessos i motivacions. \u00c9s ell qui pren les decisions i cerca les seues pr\u00f2pies estrat\u00e8gies per trobar les solucions davant de reptes i situacions que s\u2019anir\u00e0 trobant, on l\u2019adult es presenta com un guia i observador.\u201d <em>(<a href=\"http:\/\/agora.xtec.cat\/escola-lavitxeta\/curriculum\/\">Curr\u00edculum<\/a> i orientacions. Educaci\u00f3 Infantil. Segon Cicle. Juny 2016. Departament d\u2019Ensenyament. )<\/em><\/strong><\/p>\n<\/blockquote>\n<p style=\"text-align: justify;\">En aquestes primeres edats els nens volen explorar, assajar, construir, descobrir, fer i desfer, imaginar, provar, aproximar, moure\u2019s\u2026 per tant, els espais i els seus materials els han de donar l\u2019oportunitat de dur a terme aquestes accions, i no en solitari, ja que l\u2019aprenentatge no \u00e9s un acte que es produeixi individualment.<\/p>\n<p style=\"text-align: justify;\">L\u2019enriquiment mutu, el posar-nos d\u2019acord, la complicitat amb els companys, el treball compartit, l\u2019organitzaci\u00f3 del que els nens volen fer, el compartir rialles, descobriments\u2026 s\u00f3n moments que es donen en el proc\u00e9s de conviv\u00e8ncia i d\u2019aprenentatge.<\/p>\n<blockquote>\n<p style=\"text-align: justify;\"><em>Alg\u00fa ha escrit que l\u2019ambient ha de ser una esp\u00e8cie d\u2019aqu\u00e0rium que reflecteix les idees, la moralitat, les actituds, les cultures de les persones que hi viuen. Els infants estan en constant recerca, s\u00f3n competents i experimentadors: l\u2019espai ha de ser, doncs, acollidor, ric en propostes, est\u00edmuls i reptes. Els llocs i els espais han d\u2019estar pensats i organitzats per permetre que totes les intel\u00b7lig\u00e8ncies s\u2019impliquin, activant connexions entre l\u2019experi\u00e8ncia i el pensament. (Loris Malaguzzi)<\/em><\/p>\n<\/blockquote>\n<p style=\"text-align: justify;\">Hi ha espais de <span style=\"color: #008080;\"><strong>construcci\u00f3 &#8211; destrucci\u00f3, espais m\u00e9s tranquils, espais per investigar, espais de trobada, espais de representaci\u00f3, d\u2019expressi\u00f3 de diferents llenguatges<\/strong> <\/span>amb <span style=\"color: #008080;\"><strong>materials<\/strong><\/span> que <span style=\"color: #008080;\"><strong>generen m\u00faltiples formes d\u2019acci\u00f3 i pensament.<\/strong><\/span> Materials concrets per\u00f2 que s\u00f3n suficientment \u201coberts\u201d i d\u2019altres que s\u00f3n m\u00e9s concrets.<\/p>\n<p style=\"text-align: justify;\"><span style=\"color: #008080;\"><strong>ESPAI DEL COS<\/strong><\/span><\/p>\n<p style=\"text-align: justify;\">En aquest espai el joc lliure \u00e9s una activitat espont\u00e0nia i permissiva que s\u2019organitza progressivament a trav\u00e9s dels objectes disposats pel joc dels infants. Un joc espontani sense ser jutjat i sense consignes precises basant-se en el cos , el moviment i l\u2019espai.<\/p>\n<p style=\"text-align: justify;\"><span style=\"color: #008080;\"><strong>ESPAI DE JOC SIMB\u00d2LIC<\/strong><\/span><\/p>\n<p style=\"text-align: justify;\">\u00c9s un espai destinat a l\u2019activitat l\u00fadica que necessita una participaci\u00f3 lliure, imaginativa i creadora. Permet als infants recrear experi\u00e8ncies quotidianes, assumir rols diferents als habituals, i faciliten representar situacions. Tamb\u00e9 es potencien actituds de col\u00b7laboraci\u00f3, de respecte i d\u2019integraci\u00f3.<\/p>\n<p style=\"text-align: justify;\"><span style=\"color: #008080;\"><strong>ESPAI SENSORIAL<\/strong><\/span><\/p>\n<p style=\"text-align: justify;\">Tocar, sentir, ensumar, barrejar, classificar, ordenar, separar, tastar, trencar, esmicolar, triturar, intuir, &#8230; s\u00f3n procediments de la vida quotidiana que fem cont\u00ednuament durant el dia.<\/p>\n<p style=\"text-align: justify;\">Pels nens i nenes, parlar dels sentits \u00e9s viure en primera persona tots aquells olors, sabors, formes i colors, textures i sons que recordaran quan siguin grans.<\/p>\n<p style=\"text-align: justify;\">Aix\u00ed doncs l\u2019espai sensorial ofereix mil i una oportunitats a l\u2019infant per apreciar els infinits recursos de les mans, de la vista, de l\u2019o\u00efda, de les formes, dels sons i dels colors. Tot aix\u00f2 amb molta llibertat per indagar, equivocar-se i corregir.<\/p>\n<p style=\"text-align: justify;\"><span style=\"color: #008080;\"><strong>ESPAI DE FER I DESFER<\/strong><\/span><\/p>\n<p style=\"text-align: justify;\">\u00c9s una oportunitat de provar la pr\u00f2pia creativitat i sentir satisfacci\u00f3 en crear estructures que no existien abans, estructures que reflecteixen i que canalitzen el seu m\u00f3n interior; un m\u00f3n que es va formant a partir de les pr\u00f2pies experi\u00e8ncies, desitjos i pors.<\/p>\n<p style=\"text-align: justify;\">Exploren les seves possibilitats motrius i amb el moviment relacionen l\u2019espai i els materials transformables i polivalents. Aix\u00ed doncs, a trav\u00e9s del fer i desfer, es posen en joc diferents habilitats motrius fins arribar a dominar eines i instruments molt precisos.<\/p>\n<p style=\"text-align: justify;\"><span style=\"color: #008080;\"><strong>ESPAI DE NATURA<\/strong><\/span><\/p>\n<p style=\"text-align: justify;\">Un espai d\u2019investigaci\u00f3 , on els materials, estris i l\u2019entorn han convidat als infants a fer l\u2019espai de l\u2019imprevist, de la curiositat, de l\u2019assaig, del m\u2019ajudes, ho tornar\u00e9 a intentar fins aconseguir-ho, l\u2019espai de la sorpresa\u2026 Aquesta manera de conviure a l\u2019aula ofereix temps a l\u2019infant per explorar, per sorprendre\u2019s i emocionar-se, tot construint el seu pensament.<\/p>\n<p style=\"text-align: justify;\"><span style=\"color: #008080;\"><strong>ESPAI DE COMUNICACI\u00d3<\/strong><\/span><\/p>\n<blockquote>\n<p style=\"text-align: justify;\"><em>Si l\u2019ambient \u00e9s ric en materials escrits, en interaccions i pr\u00e0ctiques de lectura i escriptura es desenvolupa de manera significativa la capacitat comunicativa en llengua escrita. Teberosky (2001)<\/em><\/p>\n<\/blockquote>\n<p style=\"text-align: justify;\">El coneixement i domi ni de la llengua tamb\u00e9 es construeix des de l\u2019observaci\u00f3 i l\u2019experimentaci\u00f3. Donar als infants espais i moments per assajar l\u2019escriptura, com ara deixar que doni sentit a la seva producci\u00f3.<\/p>\n<p style=\"text-align: justify;\">Si un gargot \u00e9s portador de significat, benvingut sigui. Retallar lletres, paraules, per reconstruir o inventar un nou text, tamb\u00e9 forma part d\u2019aquest proc\u00e9s de descoberta.<\/p>\n<p style=\"text-align: justify;\"><span style=\"color: #008080;\"><strong>ESPAI D\u2019ART<\/strong><\/span><\/p>\n<p style=\"text-align: justify;\">Les experi\u00e8ncies o activitats art\u00edstiques viscudes per l\u2019infant amb intensitat i gaudint li deixaran un p\u00f2sit que perdurar\u00e0 al llarg de la seva vida.<\/p>\n<p style=\"text-align: justify;\">Dibuixar, pintar, modelar, retallar, construir&#8230; han de ser activitats plaents, amb qu\u00e8 els infants han de poder gaudir i expressar emocions, sensacions, viv\u00e8ncies o fantasies. Les manifestacions pl\u00e0stiques s\u00f3n una forma d\u2019expressi\u00f3 personal i \u00fanica i, per tant, l\u2019escola les ha de valorar i respectar com a tal.<\/p>\n<p style=\"text-align: justify;\"><span style=\"color: #008080;\"><strong>AULA DE CONTES<\/strong><\/span><\/p>\n<p style=\"text-align: justify;\">Un espai confortable, acollidor, atractiu, accessible i de recolliment amb llibres diversos, de qualitat que alimenten la seva curiositat i la tamb\u00e9 la seva imaginaci\u00f3.<\/p>\n<p style=\"text-align: justify;\">Es poden viure moments de lectura de falda i compartida. Situacions de lectura properes entre l\u2019adult i l\u2019infant on es crea una atmosfera \u00edntima i relaxada.<\/p>\n<p style=\"text-align: justify;\"><span style=\"color: #008080;\"><strong>AULA DE M\u00daSICA<\/strong><\/span><\/p>\n<p style=\"text-align: justify;\">La m\u00fasica \u00e9s important pels infants. Alguns desitgen escoltar m\u00fasica, mentre altres prefereixen cantar-la. Alguns volen tocar-la amb instruments musicals, mentre altres gaudeixen ballant-la. Les experi\u00e8ncies musicals s\u00f3n importants en la vida de les nens i els nens. L\u2019espai de m\u00fasica d\u00f3na resposta a les inquietuds art\u00edstiques dels infants.<\/p>\n\n\t\t<style type=\"text\/css\">\n\t\t\t#gallery-1 {\n\t\t\t\tmargin: auto;\n\t\t\t}\n\t\t\t#gallery-1 .gallery-item {\n\t\t\t\tfloat: left;\n\t\t\t\tmargin-top: 10px;\n\t\t\t\ttext-align: center;\n\t\t\t\twidth: 33%;\n\t\t\t}\n\t\t\t#gallery-1 img {\n\t\t\t\tborder: 2px solid #cfcfcf;\n\t\t\t}\n\t\t\t#gallery-1 .gallery-caption {\n\t\t\t\tmargin-left: 0;\n\t\t\t}\n\t\t\t\/* see gallery_shortcode() in wp-includes\/media.php *\/\n\t\t<\/style>\n\t\t<div id='gallery-1' class='gallery galleryid-36297 gallery-columns-3 gallery-size-thumbnail'><dl class='gallery-item'>\n\t\t\t<dt class='gallery-icon portrait'>\n\t\t\t\t<a href='https:\/\/agora.xtec.cat\/escola-lavitxeta\/espais-daprenentatge\/attachment\/1549636574935904\/'><img loading=\"lazy\" decoding=\"async\" width=\"150\" height=\"150\" src=\"https:\/\/agora.xtec.cat\/escola-lavitxeta\/wp-content\/uploads\/usu1195\/1549636574935904-150x150.jpg\" class=\"attachment-thumbnail size-thumbnail\" alt=\"\" \/><\/a>\n\t\t\t<\/dt><\/dl><dl class='gallery-item'>\n\t\t\t<dt class='gallery-icon landscape'>\n\t\t\t\t<a href='https:\/\/agora.xtec.cat\/escola-lavitxeta\/espais-daprenentatge\/attachment\/1549636585111292\/'><img loading=\"lazy\" decoding=\"async\" width=\"150\" height=\"150\" src=\"https:\/\/agora.xtec.cat\/escola-lavitxeta\/wp-content\/uploads\/usu1195\/1549636585111292-150x150.jpg\" class=\"attachment-thumbnail size-thumbnail\" alt=\"\" \/><\/a>\n\t\t\t<\/dt><\/dl><dl class='gallery-item'>\n\t\t\t<dt class='gallery-icon landscape'>\n\t\t\t\t<a href='https:\/\/agora.xtec.cat\/escola-lavitxeta\/espais-daprenentatge\/attachment\/1549636580624536\/'><img loading=\"lazy\" decoding=\"async\" width=\"150\" height=\"150\" src=\"https:\/\/agora.xtec.cat\/escola-lavitxeta\/wp-content\/uploads\/usu1195\/1549636580624536-150x150.jpg\" class=\"attachment-thumbnail size-thumbnail\" alt=\"\" \/><\/a>\n\t\t\t<\/dt><\/dl><br style=\"clear: both\" \/><dl class='gallery-item'>\n\t\t\t<dt class='gallery-icon landscape'>\n\t\t\t\t<a href='https:\/\/agora.xtec.cat\/escola-lavitxeta\/espais-daprenentatge\/attachment\/1549636573135326\/'><img loading=\"lazy\" decoding=\"async\" width=\"150\" height=\"150\" src=\"https:\/\/agora.xtec.cat\/escola-lavitxeta\/wp-content\/uploads\/usu1195\/1549636573135326-150x150.jpg\" class=\"attachment-thumbnail size-thumbnail\" alt=\"\" \/><\/a>\n\t\t\t<\/dt><\/dl><dl class='gallery-item'>\n\t\t\t<dt class='gallery-icon portrait'>\n\t\t\t\t<a href='https:\/\/agora.xtec.cat\/escola-lavitxeta\/espais-daprenentatge\/attachment\/1549636576878431\/'><img loading=\"lazy\" decoding=\"async\" width=\"150\" height=\"150\" src=\"https:\/\/agora.xtec.cat\/escola-lavitxeta\/wp-content\/uploads\/usu1195\/1549636576878431-150x150.jpg\" class=\"attachment-thumbnail size-thumbnail\" alt=\"\" \/><\/a>\n\t\t\t<\/dt><\/dl><dl class='gallery-item'>\n\t\t\t<dt class='gallery-icon landscape'>\n\t\t\t\t<a href='https:\/\/agora.xtec.cat\/escola-lavitxeta\/espais-daprenentatge\/attachment\/1549636572572752\/'><img loading=\"lazy\" decoding=\"async\" width=\"150\" height=\"150\" src=\"https:\/\/agora.xtec.cat\/escola-lavitxeta\/wp-content\/uploads\/usu1195\/1549636572572752-150x150.jpg\" class=\"attachment-thumbnail size-thumbnail\" alt=\"\" \/><\/a>\n\t\t\t<\/dt><\/dl><br style=\"clear: both\" \/><dl class='gallery-item'>\n\t\t\t<dt class='gallery-icon landscape'>\n\t\t\t\t<a href='https:\/\/agora.xtec.cat\/escola-lavitxeta\/espais-daprenentatge\/attachment\/1549636582848878\/'><img loading=\"lazy\" decoding=\"async\" width=\"150\" height=\"150\" src=\"https:\/\/agora.xtec.cat\/escola-lavitxeta\/wp-content\/uploads\/usu1195\/1549636582848878-150x150.jpg\" class=\"attachment-thumbnail size-thumbnail\" alt=\"\" \/><\/a>\n\t\t\t<\/dt><\/dl><dl class='gallery-item'>\n\t\t\t<dt class='gallery-icon portrait'>\n\t\t\t\t<a href='https:\/\/agora.xtec.cat\/escola-lavitxeta\/espais-daprenentatge\/attachment\/1549636577380959\/'><img loading=\"lazy\" decoding=\"async\" width=\"150\" height=\"150\" src=\"https:\/\/agora.xtec.cat\/escola-lavitxeta\/wp-content\/uploads\/usu1195\/1549636577380959-150x150.jpg\" class=\"attachment-thumbnail size-thumbnail\" alt=\"\" \/><\/a>\n\t\t\t<\/dt><\/dl><dl class='gallery-item'>\n\t\t\t<dt class='gallery-icon portrait'>\n\t\t\t\t<a href='https:\/\/agora.xtec.cat\/escola-lavitxeta\/espais-daprenentatge\/attachment\/1549636579636175\/'><img loading=\"lazy\" decoding=\"async\" width=\"150\" height=\"150\" src=\"https:\/\/agora.xtec.cat\/escola-lavitxeta\/wp-content\/uploads\/usu1195\/1549636579636175-150x150.jpg\" class=\"attachment-thumbnail size-thumbnail\" alt=\"\" \/><\/a>\n\t\t\t<\/dt><\/dl><br style=\"clear: both\" \/><dl class='gallery-item'>\n\t\t\t<dt class='gallery-icon portrait'>\n\t\t\t\t<a href='https:\/\/agora.xtec.cat\/escola-lavitxeta\/espais-daprenentatge\/attachment\/1549636574038413\/'><img loading=\"lazy\" decoding=\"async\" width=\"150\" height=\"150\" src=\"https:\/\/agora.xtec.cat\/escola-lavitxeta\/wp-content\/uploads\/usu1195\/1549636574038413-150x150.jpg\" class=\"attachment-thumbnail size-thumbnail\" alt=\"\" \/><\/a>\n\t\t\t<\/dt><\/dl><dl class='gallery-item'>\n\t\t\t<dt class='gallery-icon landscape'>\n\t\t\t\t<a href='https:\/\/agora.xtec.cat\/escola-lavitxeta\/espais-daprenentatge\/attachment\/1549636584472738\/'><img loading=\"lazy\" decoding=\"async\" width=\"150\" height=\"150\" src=\"https:\/\/agora.xtec.cat\/escola-lavitxeta\/wp-content\/uploads\/usu1195\/1549636584472738-150x150.jpg\" class=\"attachment-thumbnail size-thumbnail\" alt=\"\" \/><\/a>\n\t\t\t<\/dt><\/dl><dl class='gallery-item'>\n\t\t\t<dt class='gallery-icon landscape'>\n\t\t\t\t<a href='https:\/\/agora.xtec.cat\/escola-lavitxeta\/espais-daprenentatge\/attachment\/1549636577681554\/'><img loading=\"lazy\" decoding=\"async\" width=\"150\" height=\"150\" src=\"https:\/\/agora.xtec.cat\/escola-lavitxeta\/wp-content\/uploads\/usu1195\/1549636577681554-150x150.jpg\" class=\"attachment-thumbnail size-thumbnail\" alt=\"\" \/><\/a>\n\t\t\t<\/dt><\/dl><br style=\"clear: both\" \/><dl class='gallery-item'>\n\t\t\t<dt class='gallery-icon portrait'>\n\t\t\t\t<a href='https:\/\/agora.xtec.cat\/escola-lavitxeta\/espais-daprenentatge\/attachment\/1549636568994570\/'><img loading=\"lazy\" decoding=\"async\" width=\"150\" height=\"150\" src=\"https:\/\/agora.xtec.cat\/escola-lavitxeta\/wp-content\/uploads\/usu1195\/1549636568994570-150x150.jpg\" class=\"attachment-thumbnail size-thumbnail\" alt=\"\" \/><\/a>\n\t\t\t<\/dt><\/dl><dl class='gallery-item'>\n\t\t\t<dt class='gallery-icon portrait'>\n\t\t\t\t<a href='https:\/\/agora.xtec.cat\/escola-lavitxeta\/espais-daprenentatge\/attachment\/1549636572021334\/'><img loading=\"lazy\" decoding=\"async\" width=\"150\" height=\"150\" src=\"https:\/\/agora.xtec.cat\/escola-lavitxeta\/wp-content\/uploads\/usu1195\/1549636572021334-150x150.jpg\" class=\"attachment-thumbnail size-thumbnail\" alt=\"\" \/><\/a>\n\t\t\t<\/dt><\/dl><dl class='gallery-item'>\n\t\t\t<dt class='gallery-icon landscape'>\n\t\t\t\t<a href='https:\/\/agora.xtec.cat\/escola-lavitxeta\/espais-daprenentatge\/attachment\/1549636581485115\/'><img loading=\"lazy\" decoding=\"async\" width=\"150\" height=\"150\" src=\"https:\/\/agora.xtec.cat\/escola-lavitxeta\/wp-content\/uploads\/usu1195\/1549636581485115-150x150.jpg\" class=\"attachment-thumbnail size-thumbnail\" alt=\"\" \/><\/a>\n\t\t\t<\/dt><\/dl><br style=\"clear: both\" \/><dl class='gallery-item'>\n\t\t\t<dt class='gallery-icon landscape'>\n\t\t\t\t<a href='https:\/\/agora.xtec.cat\/escola-lavitxeta\/espais-daprenentatge\/attachment\/1549636578303136\/'><img loading=\"lazy\" decoding=\"async\" width=\"150\" height=\"150\" src=\"https:\/\/agora.xtec.cat\/escola-lavitxeta\/wp-content\/uploads\/usu1195\/1549636578303136-150x150.jpg\" class=\"attachment-thumbnail size-thumbnail\" alt=\"\" \/><\/a>\n\t\t\t<\/dt><\/dl><dl class='gallery-item'>\n\t\t\t<dt class='gallery-icon portrait'>\n\t\t\t\t<a href='https:\/\/agora.xtec.cat\/escola-lavitxeta\/espais-daprenentatge\/attachment\/154963657064253\/'><img loading=\"lazy\" decoding=\"async\" width=\"150\" height=\"150\" src=\"https:\/\/agora.xtec.cat\/escola-lavitxeta\/wp-content\/uploads\/usu1195\/154963657064253-150x150.jpg\" class=\"attachment-thumbnail size-thumbnail\" alt=\"\" \/><\/a>\n\t\t\t<\/dt><\/dl><dl class='gallery-item'>\n\t\t\t<dt class='gallery-icon landscape'>\n\t\t\t\t<a href='https:\/\/agora.xtec.cat\/escola-lavitxeta\/espais-daprenentatge\/attachment\/1549636576302206\/'><img loading=\"lazy\" decoding=\"async\" width=\"150\" height=\"150\" src=\"https:\/\/agora.xtec.cat\/escola-lavitxeta\/wp-content\/uploads\/usu1195\/1549636576302206-150x150.jpg\" class=\"attachment-thumbnail size-thumbnail\" alt=\"\" \/><\/a>\n\t\t\t<\/dt><\/dl><br style=\"clear: both\" \/><dl class='gallery-item'>\n\t\t\t<dt class='gallery-icon landscape'>\n\t\t\t\t<a href='https:\/\/agora.xtec.cat\/escola-lavitxeta\/espais-daprenentatge\/attachment\/1549636582392898\/'><img loading=\"lazy\" decoding=\"async\" width=\"150\" height=\"150\" src=\"https:\/\/agora.xtec.cat\/escola-lavitxeta\/wp-content\/uploads\/usu1195\/1549636582392898-150x150.jpg\" class=\"attachment-thumbnail size-thumbnail\" alt=\"\" \/><\/a>\n\t\t\t<\/dt><\/dl><dl class='gallery-item'>\n\t\t\t<dt class='gallery-icon portrait'>\n\t\t\t\t<a href='https:\/\/agora.xtec.cat\/escola-lavitxeta\/espais-daprenentatge\/attachment\/1549636575342296\/'><img loading=\"lazy\" decoding=\"async\" width=\"150\" height=\"150\" src=\"https:\/\/agora.xtec.cat\/escola-lavitxeta\/wp-content\/uploads\/usu1195\/1549636575342296-150x150.jpg\" class=\"attachment-thumbnail size-thumbnail\" alt=\"\" \/><\/a>\n\t\t\t<\/dt><\/dl><dl class='gallery-item'>\n\t\t\t<dt class='gallery-icon landscape'>\n\t\t\t\t<a href='https:\/\/agora.xtec.cat\/escola-lavitxeta\/espais-daprenentatge\/attachment\/1549636580199488\/'><img loading=\"lazy\" decoding=\"async\" width=\"150\" height=\"150\" src=\"https:\/\/agora.xtec.cat\/escola-lavitxeta\/wp-content\/uploads\/usu1195\/1549636580199488-150x150.jpg\" class=\"attachment-thumbnail size-thumbnail\" alt=\"\" \/><\/a>\n\t\t\t<\/dt><\/dl><br style=\"clear: both\" \/><dl class='gallery-item'>\n\t\t\t<dt class='gallery-icon portrait'>\n\t\t\t\t<a href='https:\/\/agora.xtec.cat\/escola-lavitxeta\/espais-daprenentatge\/attachment\/1549636571072738\/'><img loading=\"lazy\" decoding=\"async\" width=\"150\" height=\"150\" src=\"https:\/\/agora.xtec.cat\/escola-lavitxeta\/wp-content\/uploads\/usu1195\/1549636571072738-150x150.jpg\" class=\"attachment-thumbnail size-thumbnail\" alt=\"\" \/><\/a>\n\t\t\t<\/dt><\/dl><dl class='gallery-item'>\n\t\t\t<dt class='gallery-icon portrait'>\n\t\t\t\t<a href='https:\/\/agora.xtec.cat\/escola-lavitxeta\/espais-daprenentatge\/attachment\/1549636578876301\/'><img loading=\"lazy\" decoding=\"async\" width=\"150\" height=\"150\" src=\"https:\/\/agora.xtec.cat\/escola-lavitxeta\/wp-content\/uploads\/usu1195\/1549636578876301-150x150.jpg\" class=\"attachment-thumbnail size-thumbnail\" alt=\"\" \/><\/a>\n\t\t\t<\/dt><\/dl><dl class='gallery-item'>\n\t\t\t<dt class='gallery-icon portrait'>\n\t\t\t\t<a href='https:\/\/agora.xtec.cat\/escola-lavitxeta\/espais-daprenentatge\/attachment\/1549636583862151\/'><img loading=\"lazy\" decoding=\"async\" width=\"150\" height=\"150\" src=\"https:\/\/agora.xtec.cat\/escola-lavitxeta\/wp-content\/uploads\/usu1195\/1549636583862151-150x150.jpg\" class=\"attachment-thumbnail size-thumbnail\" alt=\"\" \/><\/a>\n\t\t\t<\/dt><\/dl><br style=\"clear: both\" \/><dl class='gallery-item'>\n\t\t\t<dt class='gallery-icon portrait'>\n\t\t\t\t<a href='https:\/\/agora.xtec.cat\/escola-lavitxeta\/espais-daprenentatge\/attachment\/1549636583324844\/'><img loading=\"lazy\" decoding=\"async\" width=\"150\" height=\"150\" src=\"https:\/\/agora.xtec.cat\/escola-lavitxeta\/wp-content\/uploads\/usu1195\/1549636583324844-150x150.jpg\" class=\"attachment-thumbnail size-thumbnail\" alt=\"\" \/><\/a>\n\t\t\t<\/dt><\/dl><dl class='gallery-item'>\n\t\t\t<dt class='gallery-icon landscape'>\n\t\t\t\t<a href='https:\/\/agora.xtec.cat\/escola-lavitxeta\/espais-daprenentatge\/attachment\/1549636584579155\/'><img loading=\"lazy\" decoding=\"async\" width=\"150\" height=\"150\" src=\"https:\/\/agora.xtec.cat\/escola-lavitxeta\/wp-content\/uploads\/usu1195\/1549636584579155-150x150.jpg\" class=\"attachment-thumbnail size-thumbnail\" alt=\"\" \/><\/a>\n\t\t\t<\/dt><\/dl><dl class='gallery-item'>\n\t\t\t<dt class='gallery-icon portrait'>\n\t\t\t\t<a href='https:\/\/agora.xtec.cat\/escola-lavitxeta\/espais-daprenentatge\/attachment\/1549636581965309\/'><img loading=\"lazy\" decoding=\"async\" width=\"150\" height=\"150\" src=\"https:\/\/agora.xtec.cat\/escola-lavitxeta\/wp-content\/uploads\/usu1195\/1549636581965309-150x150.jpg\" class=\"attachment-thumbnail size-thumbnail\" alt=\"\" \/><\/a>\n\t\t\t<\/dt><\/dl><br style=\"clear: both\" \/>\n\t\t<\/div>\n\n<p>Articles relacionats: <a href=\"https:\/\/agora.xtec.cat\/escola-lavitxeta\/tag\/espais-daprenentatge\">Espais d\u2019aprenentatge<\/a><\/p>\n","protected":false},"excerpt":{"rendered":"<p>El passad\u00eds d\u2019Educaci\u00f3 Infantil \u00e9s un ambient que s\u2019organitza en diferents espais i aquests a la vegada en diferents microespais, de manera que responen a les necessitats que els nens tenen per a poder cr\u00e9ixer en el sentit m\u00e9s ampli de la paraula.<br \/>\nEls espais que&hellip;  <a href=\"https:\/\/agora.xtec.cat\/escola-lavitxeta\/espais-daprenentatge\/\" title=\"Read Espais d\u2019aprenentatge\">Llegeix m\u00e9s\u00bb<\/a><\/p>\n","protected":false},"author":1,"featured_media":0,"parent":0,"menu_order":0,"comment_status":"closed","ping_status":"closed","template":"","meta":{"_bbp_topic_count":0,"_bbp_reply_count":0,"_bbp_total_topic_count":0,"_bbp_total_reply_count":0,"_bbp_voice_count":0,"_bbp_anonymous_reply_count":0,"_bbp_topic_count_hidden":0,"_bbp_reply_count_hidden":0,"_bbp_forum_subforum_count":0,"footnotes":""},"class_list":["post-36297","page","type-page","status-publish","hentry"],"post_mailing_queue_ids":[],"_links":{"self":[{"href":"https:\/\/agora.xtec.cat\/escola-lavitxeta\/wp-json\/wp\/v2\/pages\/36297","targetHints":{"allow":["GET"]}}],"collection":[{"href":"https:\/\/agora.xtec.cat\/escola-lavitxeta\/wp-json\/wp\/v2\/pages"}],"about":[{"href":"https:\/\/agora.xtec.cat\/escola-lavitxeta\/wp-json\/wp\/v2\/types\/page"}],"author":[{"embeddable":true,"href":"https:\/\/agora.xtec.cat\/escola-lavitxeta\/wp-json\/wp\/v2\/users\/1"}],"replies":[{"embeddable":true,"href":"https:\/\/agora.xtec.cat\/escola-lavitxeta\/wp-json\/wp\/v2\/comments?post=36297"}],"version-history":[{"count":3,"href":"https:\/\/agora.xtec.cat\/escola-lavitxeta\/wp-json\/wp\/v2\/pages\/36297\/revisions"}],"predecessor-version":[{"id":48328,"href":"https:\/\/agora.xtec.cat\/escola-lavitxeta\/wp-json\/wp\/v2\/pages\/36297\/revisions\/48328"}],"wp:attachment":[{"href":"https:\/\/agora.xtec.cat\/escola-lavitxeta\/wp-json\/wp\/v2\/media?parent=36297"}],"curies":[{"name":"wp","href":"https:\/\/api.w.org\/{rel}","templated":true}]}}