{"id":36292,"date":"2019-01-26T21:26:53","date_gmt":"2019-01-26T20:26:53","guid":{"rendered":"http:\/\/agora.xtec.cat\/escola-lavitxeta\/?page_id=36292"},"modified":"2019-02-28T05:54:03","modified_gmt":"2019-02-28T04:54:03","slug":"comunitat-daprenentatge-cda","status":"publish","type":"page","link":"https:\/\/agora.xtec.cat\/escola-lavitxeta\/comunitat-daprenentatge-cda\/","title":{"rendered":"Comunitat d\u2019Aprenentatge (CdA)"},"content":{"rendered":"<p><img loading=\"lazy\" decoding=\"async\" class=\"size-medium wp-image-36303 aligncenter\" src=\"https:\/\/agora.xtec.cat\/escola-lavitxeta\/wp-content\/uploads\/usu1195\/92983659-ED69-439F-BF88-0C5D1589A2BA-300x300.png\" alt=\"\" width=\"300\" height=\"300\" srcset=\"https:\/\/agora.xtec.cat\/escola-lavitxeta\/wp-content\/uploads\/usu1195\/92983659-ED69-439F-BF88-0C5D1589A2BA-300x300.png 300w, https:\/\/agora.xtec.cat\/escola-lavitxeta\/wp-content\/uploads\/usu1195\/92983659-ED69-439F-BF88-0C5D1589A2BA-150x150.png 150w, https:\/\/agora.xtec.cat\/escola-lavitxeta\/wp-content\/uploads\/usu1195\/92983659-ED69-439F-BF88-0C5D1589A2BA.png 538w\" sizes=\"auto, (max-width: 300px) 100vw, 300px\" \/><\/p>\n<p style=\"text-align: justify;\"><span style=\"font-family: inherit; font-size: 1em; text-align: justify;\">A l\u2019escola La Vitxeta el\u00a0<\/span><strong style=\"font-family: inherit; font-size: 1em; text-align: justify;\">4 de febrer de 2014<\/strong><span style=\"font-family: inherit; font-size: 1em; text-align: justify;\"> el 100% del claustre va aprovar, segons consta en l\u2019acta de claustre d\u2019aquesta data, iniciar el <\/span><strong style=\"font-family: inherit; font-size: 1em; text-align: justify;\">proc\u00e9s de transformaci\u00f3 cap a una comunitat d\u2019aprenentatge<\/strong><span style=\"font-family: inherit; font-size: 1em; text-align: justify;\">, i \u00e9s a partir d\u2019aquest curs 13-14 que s\u2019inicia l\u2019etapa de sensibilitzaci\u00f3 i la formaci\u00f3 dels mestres, per\u00f2 no \u00e9s fins a la\u00a0<\/span><a style=\"font-family: inherit; font-size: 1em; text-align: justify;\" href=\"http:\/\/agora.xtec.cat\/escola-lavitxeta\/curs-16-17\/festa-del-vot-pel-licula-de-lescola\/\">Festa del vot,<\/a><span style=\"font-family: inherit; font-size: 1em; text-align: justify;\"> celebrada el <\/span><strong style=\"font-family: inherit; font-size: 1em; text-align: justify;\">26 de gener de 2017, que la comunitat educativa acorda esdevenir Comunitat d\u2019aprenentatge<\/strong><span style=\"font-family: inherit; font-size: 1em; text-align: justify;\"> i aix\u00ed formar part de la <\/span><a style=\"font-family: inherit; font-size: 1em; text-align: justify;\" href=\"http:\/\/xtec.gencat.cat\/ca\/projectes\/comunitats\/xarxa-comunitats-daprenentatge-de-catalunya\/\">Xarxa de a Comunitats d\u2019Aprenentatge de Catalunya.<\/a><\/p>\n<p style=\"text-align: justify;\">Tal com us informarem a l\u2019article <a href=\"http:\/\/agora.xtec.cat\/escola-lavitxeta\/curs-16-17\/que-suposa-ser-comunitat-daprenentatge\/\">Qu\u00e8 suposa ser Comunitat d\u2019Aprenentatge?<\/a>, una\u00a0Comunitat d\u2019aprenentatge \u00e9s un model d\u2019escola inclusiva, vinculada amb el barri i la ciutat, una escola on les fam\u00edlies participen en l\u2019educaci\u00f3 dels infants de manera dial\u00f2gica, en tots els espais de l\u2019escola, fins i tot dins a l\u2019aula.<\/p>\n<p style=\"text-align: justify;\">Aquestes interaccions entre fam\u00edlies i escola, s\u00f3n l\u2019eix vertebrador i el motiu de l\u2019\u00e8xit d\u2019aquest projecte educatiu que es materialitza posant en pr\u00e0ctica les anomenades \u201cactuacions educatives d\u2019\u00e8xit\u201d.<\/p>\n<p><span style=\"color: #0000ff;\"><strong>Qu\u00e8 s\u00f3n les \u201cactuacions educatives d\u2019\u00e8xit\u201d?<\/strong><\/span><\/p>\n<p style=\"text-align: justify;\">S\u00f3n les que fan que millorin els resultats acad\u00e8mics i socials de l\u2019alumnat.<\/p>\n<p style=\"text-align: justify;\">Aquesta perspectiva te\u00f2rica, incorporada en el projecte educatiu, permet que tots l\u2019alumnat sigui protagonista de l\u2019aprenentatge, alhora que afavoreix la socialitzaci\u00f3\u0301 i l\u2019ajuda entre iguals. En conseq\u00fc\u00e8ncia, <strong>la solidaritat, l\u2019autoestima, la participaci\u00f3 i la inclusi\u00f3 s\u00f3n aspectes que en surten altament refor\u00e7ats.<\/strong><\/p>\n<p><span style=\"color: #0000ff;\"><strong>De quines actuacions educatives d\u2019\u00e8xit parlem?<\/strong><\/span><\/p>\n<p style=\"text-align: justify;\">Algunes de les actuacions d\u2019\u00e8xit s\u00f3n: Els <a href=\"https:\/\/agora.xtec.cat\/escola-lavitxeta\/tag\/grups-interactius\/\">grups interactius<\/a>, les <a href=\"https:\/\/agora.xtec.cat\/escola-lavitxeta\/tag\/tertulies-literaries-dialogiques\/\">tert\u00falies liter\u00e0ries dial\u00f2giques<\/a>, el model dial\u00f2gic de prevenci\u00f3 i resoluci\u00f3 de conflictes, la formaci\u00f3 d\u2019adults, biblioteca tutoritzada\u2026 entre d\u2019altres.<\/p>\n<p><span style=\"color: #0000ff;\"><strong>Qu\u00e8 suposa ser Comunitat d\u2019aprenentatge?<\/strong><\/span><\/p>\n<p style=\"text-align: justify;\"><strong>La millora dels resultats acad\u00e8mics i socials de l\u2019alumnat.<\/strong> La seva observaci\u00f3 i comparaci\u00f3 amb el marc te\u00f2ric establert per la comunitat cient\u00edfica internacional, corroboren els bons resultats d\u2019aquestes actuacions. \u00c9s per aquest motiu que es planteja aquest projecte com a model educatiu d\u2019escola del segle XXI.<\/p>\n<blockquote><p>Pel\u00b7l\u00edcula enregistrada a l\u2019escola i estrenada a la Festa del Vot del 26 de gener de 2017:<\/p><\/blockquote>\n<p><iframe loading=\"lazy\" title=\"Cap a una Comunitat d&#039;Aprenentatge\" width=\"500\" height=\"281\" src=\"https:\/\/www.youtube.com\/embed\/FTbjolXULZw?feature=oembed\" frameborder=\"0\" allow=\"accelerometer; autoplay; clipboard-write; encrypted-media; gyroscope; picture-in-picture; web-share\" referrerpolicy=\"strict-origin-when-cross-origin\" allowfullscreen><\/iframe><\/p>\n<p>Articles relacionats a la nostra web: <a href=\"https:\/\/agora.xtec.cat\/escola-lavitxeta\/tag\/comunitat-daprenentatge\/\">Comunitat d\u2019aprenentatge<\/a><\/p>\n<p>Article publicat a AraCriatures 12\/01\/2019: <a href=\"https:\/\/criatures.ara.cat\/escola\/comunitats-aprenentatge-compartit_0_2160383947.html\">Apostar per un aprenentatge compartit<\/a><\/p>\n","protected":false},"excerpt":{"rendered":"<p>A l\u2019escola La Vitxeta el\u00a04 de febrer de 2014 el 100% del claustre va aprovar, segons consta en l\u2019acta de claustre d\u2019aquesta data, iniciar el proc\u00e9s de transformaci\u00f3 cap a una comunitat d\u2019aprenentatge, i \u00e9s a partir d\u2019aquest curs 13-14 que s\u2019inicia l\u2019etapa de sensibilitzaci\u00f3&hellip;  <a href=\"https:\/\/agora.xtec.cat\/escola-lavitxeta\/comunitat-daprenentatge-cda\/\" title=\"Read Comunitat d\u2019Aprenentatge (CdA)\">Llegeix m\u00e9s\u00bb<\/a><\/p>\n","protected":false},"author":1,"featured_media":0,"parent":0,"menu_order":0,"comment_status":"closed","ping_status":"closed","template":"","meta":{"_bbp_topic_count":0,"_bbp_reply_count":0,"_bbp_total_topic_count":0,"_bbp_total_reply_count":0,"_bbp_voice_count":0,"_bbp_anonymous_reply_count":0,"_bbp_topic_count_hidden":0,"_bbp_reply_count_hidden":0,"_bbp_forum_subforum_count":0,"footnotes":""},"class_list":["post-36292","page","type-page","status-publish","hentry"],"post_mailing_queue_ids":[],"_links":{"self":[{"href":"https:\/\/agora.xtec.cat\/escola-lavitxeta\/wp-json\/wp\/v2\/pages\/36292","targetHints":{"allow":["GET"]}}],"collection":[{"href":"https:\/\/agora.xtec.cat\/escola-lavitxeta\/wp-json\/wp\/v2\/pages"}],"about":[{"href":"https:\/\/agora.xtec.cat\/escola-lavitxeta\/wp-json\/wp\/v2\/types\/page"}],"author":[{"embeddable":true,"href":"https:\/\/agora.xtec.cat\/escola-lavitxeta\/wp-json\/wp\/v2\/users\/1"}],"replies":[{"embeddable":true,"href":"https:\/\/agora.xtec.cat\/escola-lavitxeta\/wp-json\/wp\/v2\/comments?post=36292"}],"version-history":[{"count":3,"href":"https:\/\/agora.xtec.cat\/escola-lavitxeta\/wp-json\/wp\/v2\/pages\/36292\/revisions"}],"predecessor-version":[{"id":38064,"href":"https:\/\/agora.xtec.cat\/escola-lavitxeta\/wp-json\/wp\/v2\/pages\/36292\/revisions\/38064"}],"wp:attachment":[{"href":"https:\/\/agora.xtec.cat\/escola-lavitxeta\/wp-json\/wp\/v2\/media?parent=36292"}],"curies":[{"name":"wp","href":"https:\/\/api.w.org\/{rel}","templated":true}]}}