{"id":35862,"date":"2019-01-26T22:20:35","date_gmt":"2019-01-26T21:20:35","guid":{"rendered":"http:\/\/agora.xtec.cat\/escola-lavitxeta\/?page_id=35862"},"modified":"2019-02-01T09:51:47","modified_gmt":"2019-02-01T08:51:47","slug":"tertulies-literaries-dialogiques","status":"publish","type":"page","link":"https:\/\/agora.xtec.cat\/escola-lavitxeta\/tertulies-literaries-dialogiques\/","title":{"rendered":"Tert\u00falies liter\u00e0ries dial\u00f2giques"},"content":{"rendered":"<p><strong>Tert\u00falies liter\u00e0ries dial\u00f2giques &#8211; actuaci\u00f3 d&#8217;\u00e8xit dins el marc de Comunitat d&#8217;Aprenentatge<\/strong><\/p>\n<p><img loading=\"lazy\" decoding=\"async\" class=\"size-medium wp-image-37065 alignleft\" src=\"https:\/\/agora.xtec.cat\/escola-lavitxeta\/wp-content\/uploads\/usu1195\/Foto-enviada-300x225.jpg\" alt=\"\" width=\"300\" height=\"225\" srcset=\"https:\/\/agora.xtec.cat\/escola-lavitxeta\/wp-content\/uploads\/usu1195\/Foto-enviada-300x225.jpg 300w, https:\/\/agora.xtec.cat\/escola-lavitxeta\/wp-content\/uploads\/usu1195\/Foto-enviada-768x576.jpg 768w, https:\/\/agora.xtec.cat\/escola-lavitxeta\/wp-content\/uploads\/usu1195\/Foto-enviada-1024x768.jpg 1024w, https:\/\/agora.xtec.cat\/escola-lavitxeta\/wp-content\/uploads\/usu1195\/Foto-enviada-200x150.jpg 200w, https:\/\/agora.xtec.cat\/escola-lavitxeta\/wp-content\/uploads\/usu1195\/Foto-enviada.jpg 1600w\" sizes=\"auto, (max-width: 300px) 100vw, 300px\" \/><\/p>\n<p><span style=\"color: #0000ff;\"><strong><span class=\"s11\">QU\u00c8 S\u00d3N LES TERT\u00daLIES LITER\u00c0RIES DIAL\u00d2GIQUES?<br \/>\n<\/span><\/strong><\/span><\/p>\n<p class=\"s12\" style=\"text-align: justify;\"><span class=\"s11\">Les <strong>tert\u00falies liter\u00e0ries dial\u00f2giques<\/strong> consisteixen en el fet que un grup de persones es reuneix peri\u00f2dicament al voltant d\u2019un llibre de la literatura cl\u00e0ssica universal per a reflexionar i dialogar a partir d\u2019ell. \u00c9s un espai on la gent pot participar en un projecte educatiu que promou la literatura i la cultura. Un aspecte important a destacar en les tert\u00falies \u00e9s que la capacitat d\u2019aprendre no \u00e9s q\u00fcestionada. Cap capacitat per llegir, comprendre o formular opinions \u00e9s posada en dubte. Quan la gent troba un espai on desenvolupar el seu potencial per a aprendre i superar barreres, es comprova que realment ho pot aconseguir.<\/span><\/p>\n<p><span class=\"s11\" style=\"color: #0000ff;\"><strong>Principis de les tert\u00falies<\/strong> <\/span><\/p>\n<p class=\"s12\" style=\"text-align: justify;\"><span class=\"s11\">L\u2019any 1999 el CREA (Centre de Recerca Social i Educativa de la Universitat de Barcelona) va desenvolupar una teoria de l\u2019aprenentatge dial\u00f2gic que \u00e9s explicat en 7 principis. Tots aquests principis es relacionen amb la metodologia de la tert\u00falia.<\/span><\/p>\n<p><img loading=\"lazy\" decoding=\"async\" class=\"size-medium wp-image-37331\" src=\"https:\/\/agora.xtec.cat\/escola-lavitxeta\/wp-content\/uploads\/usu1195\/grans-2_opt-300x225.jpg\" alt=\"\" width=\"300\" height=\"225\" srcset=\"https:\/\/agora.xtec.cat\/escola-lavitxeta\/wp-content\/uploads\/usu1195\/grans-2_opt-300x225.jpg 300w, https:\/\/agora.xtec.cat\/escola-lavitxeta\/wp-content\/uploads\/usu1195\/grans-2_opt-200x150.jpg 200w, https:\/\/agora.xtec.cat\/escola-lavitxeta\/wp-content\/uploads\/usu1195\/grans-2_opt.jpg 400w\" sizes=\"auto, (max-width: 300px) 100vw, 300px\" \/><\/p>\n<p class=\"s12\" style=\"text-align: justify;\"><span class=\"s11\">Els <\/span><span class=\"s11\">principis s\u00f3n: <\/span><\/p>\n<ol>\n<li>Di\u00e0leg igualitari<\/li>\n<li>Intel\u00b7lig\u00e8ncia cultural<\/li>\n<li>Transformaci\u00f3 i adaptacions curriculars<\/li>\n<li>Dimensi\u00f3 instrumental<\/li>\n<li>Creaci\u00f3 de sentit<\/li>\n<li>Solidaritat<\/li>\n<li>Igualat de difer\u00e8ncies<\/li>\n<\/ol>\n<p>&nbsp;<\/p>\n<p class=\"s13\"><span style=\"color: #0000ff;\"><strong><span class=\"s11\">COM ES FAN LES TERT\u00daLIES?<br \/>\n<\/span><\/strong><\/span><\/p>\n<ul>\n<li style=\"text-align: justify;\"><span class=\"s11\">A l&#8217;escola La Vitxeta s&#8217;inicia aquest treball P4. <\/span><\/li>\n<li style=\"text-align: justify;\"><span class=\"s11\">A infantil i al cicle inicial, la lectura dels llibres es fa a l\u2019aula per part del mestre o de l\u2019alumnat i es fa un debat o tert\u00falia a l&#8217;aula.<br \/>\n<\/span><\/li>\n<li style=\"text-align: justify;\"><span class=\"s11\">A partir de primer de prim\u00e0ria i fins a sis\u00e8, es fa un cop per setmana, les dues classes de nivell es reparteixen en tres grups, amb tres mestres diferents.<\/span><\/li>\n<li class=\"s12\" style=\"text-align: justify;\"><span class=\"s11\">Els alumnes a partir de tercer han de signar un full de comprom\u00eds per part seva i de les fam\u00edlies per poder endur-se els llibres cap a casa.<br \/>\n<\/span><\/p>\n<ul>\n<li class=\"s12\" style=\"text-align: justify;\"><span class=\"s11\">Cada setmana es pacta amb els alumnes o es diuen quines p\u00e0gines s\u2019han de llegir a casa per a la setmana seg\u00fcent. A casa han d&#8217;escollir un par\u00e0graf i escriure el motiu de la seva elecci\u00f3.<br \/>\n<\/span><\/li>\n<li class=\"s12\" style=\"text-align: justify;\"><span class=\"s11\">El dia establert, es fa una rotllana i es posa en com\u00fa el par\u00e0graf escollit de cada alumne i es fa di\u00e0leg-tert\u00falia.<\/span><\/li>\n<li class=\"s12\"><span class=\"s11\">S&#8217;intenta que intervinguin tots els alumnes, en major o menor intensitat. <\/span><\/li>\n<li class=\"s12\"><span class=\"s11\">Hi ha una graella de registre de la tasca i de la intervenci\u00f3 dels nens i nenes.<\/span><\/li>\n<\/ul>\n<\/li>\n<\/ul>\n<blockquote>\n<p style=\"text-align: center;\">i&#8230;<\/p>\n<p style=\"text-align: center;\"><span class=\"s11\">l\u2019\u00fanica cosa que fa falta perqu\u00e8 funcioni \u00e9s IL\u00b7LUSI\u00d3<\/span><span class=\"s11\">.<\/span><\/p>\n<\/blockquote>\n<p>&nbsp;<\/p>\n<p style=\"text-align: justify;\">A continuaci\u00f3 podreu visualitzar el v\u00eddeo original sense talls de les tert\u00falies liter\u00e0ries dial\u00f2giques gravades durant el curs 16-17 amb els alumnes de 5\u00e8 i 6\u00e8 de l\u2019escola. Part d\u2019aquest material es va incloure a la pel\u00b7l\u00edcula que es va visionar el dia\u00a0la <a href=\"http:\/\/agora.xtec.cat\/escola-lavitxeta\/curs-16-17\/festa-del-vot-pel-licula-de-lescola\/\">Festa del vot \u2013 pel\u00b7l\u00edcula de l\u2019escola<\/a>\u00a0(i que podeu tornar a veure en aquest enlla\u00e7).<\/p>\n<p><iframe loading=\"lazy\" title=\"Tert\u00falies Cicle Superior 16-17\" width=\"500\" height=\"281\" src=\"https:\/\/www.youtube.com\/embed\/nki6fCvjd98?feature=oembed\" frameborder=\"0\" allow=\"accelerometer; autoplay; clipboard-write; encrypted-media; gyroscope; picture-in-picture; web-share\" referrerpolicy=\"strict-origin-when-cross-origin\" allowfullscreen><\/iframe><\/p>\n<p>Llistat de llibres que es treballen a cada curs:<\/p>\n<ul>\n<li>P4: &#8220;El viatge de Gulliver&#8221; de Jonathan Swift<\/li>\n<li>P5: &#8220;El jove rei Art\u00fas&#8221; (popular) i &#8220;L&#8217;illa del tresor&#8221; de Robert Louis Stevenson<\/li>\n<li>1r: &#8220;El zoo d&#8217;en Pitus&#8221; de Sebasti\u00e0 Sorribas i Roig<\/li>\n<li>2n: &#8220;Mary Poppins&#8221; de Robert Louis Stevenson<\/li>\n<li>3r: &#8220;El llibre de la selva&#8221; de Rudyard Kipling<\/li>\n<li>4t: &#8220;La volta al m\u00f3n en 80 dies&#8221; de Jules Verne i &#8220;Peter Pan&#8221; de James Matthew Barrie<\/li>\n<li>5\u00e8: &#8220;Tom Sawyer&#8221; de Mark Twain i &#8220;Romeu i Julieta&#8221; de William Shakespeare<\/li>\n<li>6\u00e8: &#8220;Romeu i Julieta&#8221; de William Shakespeare i &#8220;Mar i cel&#8221; d&#8217;\u00c0ngel Guimer\u00e0<\/li>\n<\/ul>\n\n\t\t<style type=\"text\/css\">\n\t\t\t#gallery-1 {\n\t\t\t\tmargin: auto;\n\t\t\t}\n\t\t\t#gallery-1 .gallery-item {\n\t\t\t\tfloat: left;\n\t\t\t\tmargin-top: 10px;\n\t\t\t\ttext-align: center;\n\t\t\t\twidth: 33%;\n\t\t\t}\n\t\t\t#gallery-1 img {\n\t\t\t\tborder: 2px solid #cfcfcf;\n\t\t\t}\n\t\t\t#gallery-1 .gallery-caption {\n\t\t\t\tmargin-left: 0;\n\t\t\t}\n\t\t\t\/* see gallery_shortcode() in wp-includes\/media.php *\/\n\t\t<\/style>\n\t\t<div id='gallery-1' class='gallery galleryid-35862 gallery-columns-3 gallery-size-thumbnail'><dl class='gallery-item'>\n\t\t\t<dt class='gallery-icon portrait'>\n\t\t\t\t<a href='https:\/\/agora.xtec.cat\/escola-lavitxeta\/tertulies-literaries-dialogiques\/attachment\/3r\/'><img loading=\"lazy\" decoding=\"async\" width=\"150\" height=\"150\" src=\"https:\/\/agora.xtec.cat\/escola-lavitxeta\/wp-content\/uploads\/usu1195\/3r-150x150.jpg\" class=\"attachment-thumbnail size-thumbnail\" alt=\"\" \/><\/a>\n\t\t\t<\/dt><\/dl><dl class='gallery-item'>\n\t\t\t<dt class='gallery-icon portrait'>\n\t\t\t\t<a href='https:\/\/agora.xtec.cat\/escola-lavitxeta\/tertulies-literaries-dialogiques\/attachment\/4t\/'><img loading=\"lazy\" decoding=\"async\" width=\"150\" height=\"150\" src=\"https:\/\/agora.xtec.cat\/escola-lavitxeta\/wp-content\/uploads\/usu1195\/4t-150x150.jpg\" class=\"attachment-thumbnail size-thumbnail\" alt=\"\" \/><\/a>\n\t\t\t<\/dt><\/dl><dl class='gallery-item'>\n\t\t\t<dt class='gallery-icon portrait'>\n\t\t\t\t<a href='https:\/\/agora.xtec.cat\/escola-lavitxeta\/tertulies-literaries-dialogiques\/attachment\/5e\/'><img loading=\"lazy\" decoding=\"async\" width=\"150\" height=\"150\" src=\"https:\/\/agora.xtec.cat\/escola-lavitxeta\/wp-content\/uploads\/usu1195\/5\u00e8-150x150.jpg\" class=\"attachment-thumbnail size-thumbnail\" alt=\"\" \/><\/a>\n\t\t\t<\/dt><\/dl><br style=\"clear: both\" \/><dl class='gallery-item'>\n\t\t\t<dt class='gallery-icon portrait'>\n\t\t\t\t<a href='https:\/\/agora.xtec.cat\/escola-lavitxeta\/tertulies-literaries-dialogiques\/attachment\/6e\/'><img loading=\"lazy\" decoding=\"async\" width=\"150\" height=\"150\" src=\"https:\/\/agora.xtec.cat\/escola-lavitxeta\/wp-content\/uploads\/usu1195\/6\u00e8-150x150.jpg\" class=\"attachment-thumbnail size-thumbnail\" alt=\"\" \/><\/a>\n\t\t\t<\/dt><\/dl><dl class='gallery-item'>\n\t\t\t<dt class='gallery-icon landscape'>\n\t\t\t\t<a href='https:\/\/agora.xtec.cat\/escola-lavitxeta\/tertulies-literaries-dialogiques\/attachment\/6e2\/'><img loading=\"lazy\" decoding=\"async\" width=\"150\" height=\"150\" src=\"https:\/\/agora.xtec.cat\/escola-lavitxeta\/wp-content\/uploads\/usu1195\/6\u00e82-150x150.jpg\" class=\"attachment-thumbnail size-thumbnail\" alt=\"\" srcset=\"https:\/\/agora.xtec.cat\/escola-lavitxeta\/wp-content\/uploads\/usu1195\/6\u00e82-150x150.jpg 150w, https:\/\/agora.xtec.cat\/escola-lavitxeta\/wp-content\/uploads\/usu1195\/6\u00e82-300x300.jpg 300w, https:\/\/agora.xtec.cat\/escola-lavitxeta\/wp-content\/uploads\/usu1195\/6\u00e82.jpg 340w\" sizes=\"auto, (max-width: 150px) 100vw, 150px\" \/><\/a>\n\t\t\t<\/dt><\/dl><dl class='gallery-item'>\n\t\t\t<dt class='gallery-icon portrait'>\n\t\t\t\t<a href='https:\/\/agora.xtec.cat\/escola-lavitxeta\/tertulies-literaries-dialogiques\/attachment\/index\/'><img loading=\"lazy\" decoding=\"async\" width=\"150\" height=\"150\" src=\"https:\/\/agora.xtec.cat\/escola-lavitxeta\/wp-content\/uploads\/usu1195\/\u00edndex-150x150.jpg\" class=\"attachment-thumbnail size-thumbnail\" alt=\"\" \/><\/a>\n\t\t\t<\/dt><\/dl><br style=\"clear: both\" \/>\n\t\t<\/div>\n\n<p>Articles relacionats: <a href=\"https:\/\/agora.xtec.cat\/escola-lavitxeta\/tag\/tertulies-literaries-dialogiques\/\">Tert\u00falies liter\u00e0ries dial\u00f2giques<\/a><\/p>\n","protected":false},"excerpt":{"rendered":"<p>Tert\u00falies liter\u00e0ries dial\u00f2giques &#8211; actuaci\u00f3 d&#8217;\u00e8xit dins el marc de Comunitat d&#8217;Aprenentatge<\/p>\n<p>QU\u00c8 S\u00d3N LES TERT\u00daLIES LITER\u00c0RIES DIAL\u00d2GIQUES?<\/p>\n<p>Les tert\u00falies liter\u00e0ries dial\u00f2giques consisteixen en el fet que un grup de persones es reuneix peri\u00f2dicament al voltant d\u2019un llibre de la literatura cl\u00e0ssica universal per a reflexionar i&hellip;  <a href=\"https:\/\/agora.xtec.cat\/escola-lavitxeta\/tertulies-literaries-dialogiques\/\" title=\"Read Tert\u00falies liter\u00e0ries dial\u00f2giques\">Llegeix m\u00e9s\u00bb<\/a><\/p>\n","protected":false},"author":1,"featured_media":0,"parent":0,"menu_order":0,"comment_status":"closed","ping_status":"closed","template":"","meta":{"_bbp_topic_count":0,"_bbp_reply_count":0,"_bbp_total_topic_count":0,"_bbp_total_reply_count":0,"_bbp_voice_count":0,"_bbp_anonymous_reply_count":0,"_bbp_topic_count_hidden":0,"_bbp_reply_count_hidden":0,"_bbp_forum_subforum_count":0,"footnotes":""},"class_list":["post-35862","page","type-page","status-publish","hentry"],"post_mailing_queue_ids":[],"_links":{"self":[{"href":"https:\/\/agora.xtec.cat\/escola-lavitxeta\/wp-json\/wp\/v2\/pages\/35862","targetHints":{"allow":["GET"]}}],"collection":[{"href":"https:\/\/agora.xtec.cat\/escola-lavitxeta\/wp-json\/wp\/v2\/pages"}],"about":[{"href":"https:\/\/agora.xtec.cat\/escola-lavitxeta\/wp-json\/wp\/v2\/types\/page"}],"author":[{"embeddable":true,"href":"https:\/\/agora.xtec.cat\/escola-lavitxeta\/wp-json\/wp\/v2\/users\/1"}],"replies":[{"embeddable":true,"href":"https:\/\/agora.xtec.cat\/escola-lavitxeta\/wp-json\/wp\/v2\/comments?post=35862"}],"version-history":[{"count":3,"href":"https:\/\/agora.xtec.cat\/escola-lavitxeta\/wp-json\/wp\/v2\/pages\/35862\/revisions"}],"predecessor-version":[{"id":37334,"href":"https:\/\/agora.xtec.cat\/escola-lavitxeta\/wp-json\/wp\/v2\/pages\/35862\/revisions\/37334"}],"wp:attachment":[{"href":"https:\/\/agora.xtec.cat\/escola-lavitxeta\/wp-json\/wp\/v2\/media?parent=35862"}],"curies":[{"name":"wp","href":"https:\/\/api.w.org\/{rel}","templated":true}]}}