{"id":35821,"date":"2019-01-26T22:27:38","date_gmt":"2019-01-26T21:27:38","guid":{"rendered":"http:\/\/agora.xtec.cat\/escola-lavitxeta\/?page_id=35821"},"modified":"2019-10-12T16:38:43","modified_gmt":"2019-10-12T14:38:43","slug":"projecte-escacs-a-lescola","status":"publish","type":"page","link":"https:\/\/agora.xtec.cat\/escola-lavitxeta\/projecte-escacs-a-lescola\/","title":{"rendered":"Projecte &#8220;Escacs a l&#8217;escola&#8221;"},"content":{"rendered":"<p style=\"text-align: justify;\"><img loading=\"lazy\" decoding=\"async\" class=\"size-medium wp-image-36460 alignleft\" src=\"https:\/\/agora.xtec.cat\/escola-lavitxeta\/wp-content\/uploads\/usu1195\/IMG_6882-300x225.jpg\" alt=\"\" width=\"300\" height=\"225\" srcset=\"https:\/\/agora.xtec.cat\/escola-lavitxeta\/wp-content\/uploads\/usu1195\/IMG_6882-300x225.jpg 300w, https:\/\/agora.xtec.cat\/escola-lavitxeta\/wp-content\/uploads\/usu1195\/IMG_6882-200x150.jpg 200w, https:\/\/agora.xtec.cat\/escola-lavitxeta\/wp-content\/uploads\/usu1195\/IMG_6882.jpg 640w\" sizes=\"auto, (max-width: 300px) 100vw, 300px\" \/>Els <span style=\"color: #0000ff;\"><strong>escacs<\/strong><\/span> s\u00f3n una mat\u00e8ria molt transversal a trav\u00e9s de la qual es poden treballar moltes habilitats de les persones que els practiquen.<\/p>\n<p style=\"text-align: justify;\">A causa de la seva gran pot\u00e8ncia com a eina educativa, s\u00f3n diversos els pa\u00efsos que han apostat per integrar-los al seu sistema educatiu i, d\u2019aquesta manera, contribuir en la formaci\u00f3 de ciutadans amb un esperit cr\u00edtic i competents en la seva vida di\u00e0ria.<\/p>\n<p style=\"text-align: justify;\">Alguns dels aspectes que es poden treballar i millorar a trav\u00e9s dels escacs s\u00f3n:<\/p>\n<p><img loading=\"lazy\" decoding=\"async\" class=\"wp-image-36458 alignright\" src=\"https:\/\/agora.xtec.cat\/escola-lavitxeta\/wp-content\/uploads\/usu1195\/Paraules-escacs-300x200.png\" alt=\"\" width=\"539\" height=\"360\" srcset=\"https:\/\/agora.xtec.cat\/escola-lavitxeta\/wp-content\/uploads\/usu1195\/Paraules-escacs-300x200.png 300w, https:\/\/agora.xtec.cat\/escola-lavitxeta\/wp-content\/uploads\/usu1195\/Paraules-escacs-768x511.png 768w, https:\/\/agora.xtec.cat\/escola-lavitxeta\/wp-content\/uploads\/usu1195\/Paraules-escacs.png 819w\" sizes=\"auto, (max-width: 539px) 100vw, 539px\" \/><\/p>\n<ul>\n<li>raonament l\u00f2gic<\/li>\n<li>c\u00e0lcul<\/li>\n<li>presa de decisions<\/li>\n<li>acceptaci\u00f3 dels propis errors<\/li>\n<li>respecte envers els altres<\/li>\n<li>paci\u00e8ncia<\/li>\n<li>comprensi\u00f3 lectora<\/li>\n<li>expressi\u00f3 oral i escrita<\/li>\n<li>mem\u00f2ria<\/li>\n<li>orientaci\u00f3 espacial<\/li>\n<li>concentraci\u00f3<\/li>\n<li>reflexi\u00f3<\/li>\n<li>creativitat i imaginaci\u00f3<\/li>\n<li>empatia&#8230;<\/li>\n<\/ul>\n<p style=\"text-align: justify;\">A causa de les m\u00faltiples qualitats educatives d\u2019aquest joc \u2013 esport \u2013 ci\u00e8ncia, el febrer de 2015 tots els grups pol\u00edtics del Congr\u00e9s dels Diputats de l\u2019Estat Espanyol van votar a favor d\u2019una proposta no de llei per introduir els escacs en horari lectiu i com a mat\u00e8ria obligat\u00f2ria a les escoles.<\/p>\n<p style=\"text-align: justify;\">A Catalunya ja fa 6 cursos escolars que s\u2019ha comen\u00e7at a treballar en aquesta l\u00ednia, engegant el projecte \u201c<a href=\"http:\/\/xtec.gencat.cat\/ca\/projectes\/escacsescola\/\">Escacs a l\u2019Escola<\/a>\u201d. L\u2019esmentat projecte (el qual encara no est\u00e0 implantat a tot el territori catal\u00e0) est\u00e0 assolint unes valoracions molt satisfact\u00f2ries per part de totes les parts implicades, i al curs 15\/16 ja comptava amb 208 escoles catalanes, 58 de les quals les trobem al Camp de Tarragona.<\/p>\n<p><span style=\"color: #0000ff;\"><strong>Inicis del Projecte \u201cEscacs a l\u2019escola\u201d\u00a0<\/strong><\/span><\/p>\n<p style=\"text-align: justify;\">El curs 2012\/13, el Departament d&#8217;Ensenyament de la Generalitat de Catalunya, la Universitat de Girona (UdG) i la Federaci\u00f3 Catalana d\u2019Escacs (FCE) van dur a terme una prova pilot d&#8217;introducci\u00f3 dels escacs en horari lectiu a 10 escoles catalanes, la qual es va valorar molt positivament i va permetre donar continu\u00eftat al projecte.<\/p>\n<p style=\"text-align: justify;\">Aquest, va comen\u00e7ar arran d\u2019una declaraci\u00f3 que va fer el Parlament Europeu l\u2019abril de 2012, la qual instava els estats membres de la UE a introduir els escacs en l\u2019\u00e0mbit educatiu. Cal sumar a aix\u00f2 una resoluci\u00f3 del Parlament Catal\u00e0 en la mateixa l\u00ednia, l\u2019any 2010, i del Congr\u00e9s dels Diputats espanyol el febrer de 2015.<\/p>\n<p style=\"text-align: justify;\">L&#8217;objectiu d&#8217;aquest projecte \u00e9s <strong>aprofitar l\u2019alt valor pedag\u00f2gic que contenen els escacs per treballar diferents capacitats i valors per tal que els\u00a0 infants siguin m\u00e9s competents en el seu dia a dia <\/strong>i es desenvolupin millor en les diferents \u00e0rees.<\/p>\n<p style=\"text-align: justify;\">El curs escollit per comen\u00e7ar l&#8217;experi\u00e8ncia a les escoles \u00e9s 1r de prim\u00e0ria, tot i que a la nostra escola des del curs 19-20 <strong>s&#8217;inicia a P5. <\/strong><\/p>\n<p style=\"text-align: justify;\">La idea \u00e9s que les escoles que hi participen cada any ho vagin implantant a un curs m\u00e9s alt, fins a tenir-ho implantat a tota l&#8217;etapa d&#8217;educaci\u00f3 prim\u00e0ria.<\/p>\n<blockquote>\n<p style=\"text-align: justify;\">A l\u2019escola de La Vitxeta vam iniciar aquest projecte durant el curs escolar 2013-14, i actualment fan escacs en horari lectiu els alumnes de P5 i els de tots els cursos de prim\u00e0ria, intercalant la did\u00e0ctica dels escacs amb els continguts curriculars de les diferents \u00e0rees.<\/p>\n<\/blockquote>\n<p><iframe loading=\"lazy\" title=\"\u00bfPara qu\u00e9 sirve el ajedrez en educaci\u00f3n? Leontxo Garc\u00eda, ajedrecista y comunicador\" width=\"500\" height=\"281\" src=\"https:\/\/www.youtube.com\/embed\/IPq0RwegByg?feature=oembed\" frameborder=\"0\" allow=\"accelerometer; autoplay; clipboard-write; encrypted-media; gyroscope; picture-in-picture; web-share\" referrerpolicy=\"strict-origin-when-cross-origin\" allowfullscreen><\/iframe><\/p>\n\n\t\t<style type=\"text\/css\">\n\t\t\t#gallery-1 {\n\t\t\t\tmargin: auto;\n\t\t\t}\n\t\t\t#gallery-1 .gallery-item {\n\t\t\t\tfloat: left;\n\t\t\t\tmargin-top: 10px;\n\t\t\t\ttext-align: center;\n\t\t\t\twidth: 20%;\n\t\t\t}\n\t\t\t#gallery-1 img {\n\t\t\t\tborder: 2px solid #cfcfcf;\n\t\t\t}\n\t\t\t#gallery-1 .gallery-caption {\n\t\t\t\tmargin-left: 0;\n\t\t\t}\n\t\t\t\/* see gallery_shortcode() in wp-includes\/media.php *\/\n\t\t<\/style>\n\t\t<div id='gallery-1' class='gallery galleryid-35821 gallery-columns-5 gallery-size-thumbnail'><dl class='gallery-item'>\n\t\t\t<dt class='gallery-icon landscape'>\n\t\t\t\t<a href='https:\/\/agora.xtec.cat\/escola-lavitxeta\/projecte-escacs-a-lescola\/attachment\/img_6877\/'><img loading=\"lazy\" decoding=\"async\" width=\"150\" height=\"150\" src=\"https:\/\/agora.xtec.cat\/escola-lavitxeta\/wp-content\/uploads\/usu1195\/IMG_6877-150x150.jpg\" class=\"attachment-thumbnail size-thumbnail\" alt=\"\" \/><\/a>\n\t\t\t<\/dt><\/dl><dl class='gallery-item'>\n\t\t\t<dt class='gallery-icon landscape'>\n\t\t\t\t<a href='https:\/\/agora.xtec.cat\/escola-lavitxeta\/projecte-escacs-a-lescola\/attachment\/img_6882\/'><img loading=\"lazy\" decoding=\"async\" width=\"150\" height=\"150\" src=\"https:\/\/agora.xtec.cat\/escola-lavitxeta\/wp-content\/uploads\/usu1195\/IMG_6882-150x150.jpg\" class=\"attachment-thumbnail size-thumbnail\" alt=\"\" \/><\/a>\n\t\t\t<\/dt><\/dl><dl class='gallery-item'>\n\t\t\t<dt class='gallery-icon landscape'>\n\t\t\t\t<a href='https:\/\/agora.xtec.cat\/escola-lavitxeta\/projecte-escacs-a-lescola\/attachment\/img_6886\/'><img loading=\"lazy\" decoding=\"async\" width=\"150\" height=\"150\" src=\"https:\/\/agora.xtec.cat\/escola-lavitxeta\/wp-content\/uploads\/usu1195\/IMG_6886-150x150.jpg\" class=\"attachment-thumbnail size-thumbnail\" alt=\"\" \/><\/a>\n\t\t\t<\/dt><\/dl><dl class='gallery-item'>\n\t\t\t<dt class='gallery-icon landscape'>\n\t\t\t\t<a href='https:\/\/agora.xtec.cat\/escola-lavitxeta\/projecte-escacs-a-lescola\/attachment\/img_6992\/'><img loading=\"lazy\" decoding=\"async\" width=\"150\" height=\"150\" src=\"https:\/\/agora.xtec.cat\/escola-lavitxeta\/wp-content\/uploads\/usu1195\/IMG_6992-150x150.jpg\" class=\"attachment-thumbnail size-thumbnail\" alt=\"\" \/><\/a>\n\t\t\t<\/dt><\/dl><dl class='gallery-item'>\n\t\t\t<dt class='gallery-icon landscape'>\n\t\t\t\t<a href='https:\/\/agora.xtec.cat\/escola-lavitxeta\/projecte-escacs-a-lescola\/attachment\/img_6997\/'><img loading=\"lazy\" decoding=\"async\" width=\"150\" height=\"150\" src=\"https:\/\/agora.xtec.cat\/escola-lavitxeta\/wp-content\/uploads\/usu1195\/IMG_6997-150x150.jpg\" class=\"attachment-thumbnail size-thumbnail\" alt=\"\" \/><\/a>\n\t\t\t<\/dt><\/dl><br style=\"clear: both\" \/>\n\t\t<\/div>\n\n<p>Articles relacionats: <a href=\"https:\/\/agora.xtec.cat\/escola-lavitxeta\/tag\/escacs\/\">Escacs a l\u2019escola<\/a><\/p>\n","protected":false},"excerpt":{"rendered":"<p>Els escacs s\u00f3n una mat\u00e8ria molt transversal a trav\u00e9s de la qual es poden treballar moltes habilitats de les persones que els practiquen.<br \/>\nA causa de la seva gran pot\u00e8ncia com a eina educativa, s\u00f3n diversos els pa\u00efsos que han apostat per integrar-los al seu sistema&hellip;  <a href=\"https:\/\/agora.xtec.cat\/escola-lavitxeta\/projecte-escacs-a-lescola\/\" title=\"Read Projecte &#8220;Escacs a l&#8217;escola&#8221;\">Llegeix m\u00e9s\u00bb<\/a><\/p>\n","protected":false},"author":1,"featured_media":0,"parent":0,"menu_order":0,"comment_status":"closed","ping_status":"closed","template":"","meta":{"_bbp_topic_count":0,"_bbp_reply_count":0,"_bbp_total_topic_count":0,"_bbp_total_reply_count":0,"_bbp_voice_count":0,"_bbp_anonymous_reply_count":0,"_bbp_topic_count_hidden":0,"_bbp_reply_count_hidden":0,"_bbp_forum_subforum_count":0,"footnotes":""},"class_list":["post-35821","page","type-page","status-publish","hentry"],"post_mailing_queue_ids":[],"_links":{"self":[{"href":"https:\/\/agora.xtec.cat\/escola-lavitxeta\/wp-json\/wp\/v2\/pages\/35821","targetHints":{"allow":["GET"]}}],"collection":[{"href":"https:\/\/agora.xtec.cat\/escola-lavitxeta\/wp-json\/wp\/v2\/pages"}],"about":[{"href":"https:\/\/agora.xtec.cat\/escola-lavitxeta\/wp-json\/wp\/v2\/types\/page"}],"author":[{"embeddable":true,"href":"https:\/\/agora.xtec.cat\/escola-lavitxeta\/wp-json\/wp\/v2\/users\/1"}],"replies":[{"embeddable":true,"href":"https:\/\/agora.xtec.cat\/escola-lavitxeta\/wp-json\/wp\/v2\/comments?post=35821"}],"version-history":[{"count":3,"href":"https:\/\/agora.xtec.cat\/escola-lavitxeta\/wp-json\/wp\/v2\/pages\/35821\/revisions"}],"predecessor-version":[{"id":41014,"href":"https:\/\/agora.xtec.cat\/escola-lavitxeta\/wp-json\/wp\/v2\/pages\/35821\/revisions\/41014"}],"wp:attachment":[{"href":"https:\/\/agora.xtec.cat\/escola-lavitxeta\/wp-json\/wp\/v2\/media?parent=35821"}],"curies":[{"name":"wp","href":"https:\/\/api.w.org\/{rel}","templated":true}]}}