{"id":35790,"date":"2019-01-26T21:55:06","date_gmt":"2019-01-26T20:55:06","guid":{"rendered":"http:\/\/agora.xtec.cat\/escola-lavitxeta\/?page_id=35790"},"modified":"2020-01-26T22:58:20","modified_gmt":"2020-01-26T21:58:20","slug":"comissio-gestora","status":"publish","type":"page","link":"https:\/\/agora.xtec.cat\/escola-lavitxeta\/comissio-gestora\/","title":{"rendered":"Comissi\u00f3 gestora"},"content":{"rendered":"<p><img loading=\"lazy\" decoding=\"async\" class=\"size-medium wp-image-35791 alignleft\" src=\"https:\/\/agora.xtec.cat\/escola-lavitxeta\/wp-content\/uploads\/usu1195\/2a-Assemblea2-212x300.jpg\" alt=\"\" width=\"212\" height=\"300\" srcset=\"https:\/\/agora.xtec.cat\/escola-lavitxeta\/wp-content\/uploads\/usu1195\/2a-Assemblea2-212x300.jpg 212w, https:\/\/agora.xtec.cat\/escola-lavitxeta\/wp-content\/uploads\/usu1195\/2a-Assemblea2-768x1086.jpg 768w, https:\/\/agora.xtec.cat\/escola-lavitxeta\/wp-content\/uploads\/usu1195\/2a-Assemblea2-724x1024.jpg 724w, https:\/\/agora.xtec.cat\/escola-lavitxeta\/wp-content\/uploads\/usu1195\/2a-Assemblea2.jpg 1587w\" sizes=\"auto, (max-width: 212px) 100vw, 212px\" \/><\/p>\n<p><strong><span class=\"s11\" style=\"color: #0000ff;\">Qu\u00e8 \u00e9s la Comissi\u00f3 gestora?<\/span><\/strong><\/p>\n<p style=\"text-align: justify;\"><span class=\"s11\">Com a <a href=\"https:\/\/agora.xtec.cat\/escola-lavitxeta\/comunitat-daprenentatge-cda\/\"><strong>Comunitat d&#8217;Aprenentatge<\/strong><\/a> i un cop constitu\u00efdes les comissions mixtes, que s\u00f3n grups de treball mixtes, formats per mares i pares i mestres de l\u2019escola, hi ha un secretari representant de cada comissi\u00f3 (pare o mare) i un mestre que es reuneixen amb cadascun dels representants de les altres comissions.<\/span><\/p>\n<p style=\"text-align: justify;\"><span class=\"s11\">L\u2019objectiu de les comissions mixtes \u00e9s intentar desenvolupar i fer realitat els somnis de la comunitat educativa.<\/span><\/p>\n<p style=\"text-align: justify;\"><span class=\"s11\">La comissi\u00f3 gestora <\/span><span class=\"s11\">gestiona en quina mesura i grau es porten a terme aix\u00ed com la prioritzaci\u00f3, \u00e9s a dir, si es poden aconseguir en curt, mig o llarg termini.<\/span><\/p>\n<p style=\"text-align: justify;\"><span class=\"s11\">Aquesta comissi\u00f3 est\u00e0 formada per l\u2019equip directiu, els secretaris de cada comissi\u00f3 i els mestres de cada comissi\u00f3 mixta.<\/span><\/p>\n<p style=\"text-align: justify;\"><span class=\"s11\">La comissi\u00f3 gestora es reuneix amb una periodicitat d\u2019una vegada al trimestre com a m\u00ednim, per\u00f2 que pot variar segons les necessitats de les altres comissions.<\/span><\/p>\n<p>&nbsp;<\/p>\n\n\t\t<style type=\"text\/css\">\n\t\t\t#gallery-1 {\n\t\t\t\tmargin: auto;\n\t\t\t}\n\t\t\t#gallery-1 .gallery-item {\n\t\t\t\tfloat: left;\n\t\t\t\tmargin-top: 10px;\n\t\t\t\ttext-align: center;\n\t\t\t\twidth: 50%;\n\t\t\t}\n\t\t\t#gallery-1 img {\n\t\t\t\tborder: 2px solid #cfcfcf;\n\t\t\t}\n\t\t\t#gallery-1 .gallery-caption {\n\t\t\t\tmargin-left: 0;\n\t\t\t}\n\t\t\t\/* see gallery_shortcode() in wp-includes\/media.php *\/\n\t\t<\/style>\n\t\t<div id='gallery-1' class='gallery galleryid-35790 gallery-columns-2 gallery-size-thumbnail'><dl class='gallery-item'>\n\t\t\t<dt class='gallery-icon landscape'>\n\t\t\t\t<a href='https:\/\/agora.xtec.cat\/escola-lavitxeta\/general\/familia-participa-i-sigues-reconeguda\/attachment\/0001-3\/'><img loading=\"lazy\" decoding=\"async\" width=\"150\" height=\"150\" src=\"https:\/\/agora.xtec.cat\/escola-lavitxeta\/wp-content\/uploads\/usu1195\/2019\/10\/0001-150x150.jpg\" class=\"attachment-thumbnail size-thumbnail\" alt=\"\" \/><\/a>\n\t\t\t<\/dt><\/dl><dl class='gallery-item'>\n\t\t\t<dt class='gallery-icon landscape'>\n\t\t\t\t<a href='https:\/\/agora.xtec.cat\/escola-lavitxeta\/general\/1a-assemblea-comunitat-daprenentatge\/attachment\/comissio-gestora\/'><img loading=\"lazy\" decoding=\"async\" width=\"150\" height=\"150\" src=\"https:\/\/agora.xtec.cat\/escola-lavitxeta\/wp-content\/uploads\/usu1195\/comissio-gestora-150x150.png\" class=\"attachment-thumbnail size-thumbnail\" alt=\"\" \/><\/a>\n\t\t\t<\/dt><\/dl><br style=\"clear: both\" \/>\n\t\t<\/div>\n\n<p>&nbsp;<\/p>\n<p>&nbsp;<\/p>\n<ul>\n<li><a href=\"http:\/\/agora.xtec.cat\/escola-lavitxeta\/comissio-mixta-de-pati-hort\/\">Comissi\u00f3 mixta pati-hort<\/a><\/li>\n<li><a href=\"http:\/\/agora.xtec.cat\/escola-lavitxeta\/comissio-mixta-de-projeccio-exterior\/\">Comissi\u00f3 mixta projecci\u00f3 exterior<\/a><\/li>\n<li><a href=\"http:\/\/agora.xtec.cat\/escola-lavitxeta\/comissio-mixta-dinfraestructures-i-equipaments\/\">Comissi\u00f3 mixta infraestructures i equipaments<\/a><\/li>\n<li><a href=\"http:\/\/agora.xtec.cat\/escola-lavitxeta\/comissio-mixta-de-festes-i-ambientacio\/\">Comissi\u00f3 mixta de festes i ambientaci\u00f3<\/a><\/li>\n<li><a href=\"http:\/\/agora.xtec.cat\/escola-lavitxeta\/comissio-mixta-de-convivencia\/\">Comissi\u00f3 mixta de conviv\u00e8ncia<\/a><\/li>\n<li><a href=\"http:\/\/agora.xtec.cat\/escola-lavitxeta\/comissio-mixta-de-voluntariat\/\">Comissi\u00f3 mixta de voluntariat<\/a><\/li>\n<li><a href=\"http:\/\/agora.xtec.cat\/escola-lavitxeta\/comissio-mixta-de-biblioteca\/\">Comissi\u00f3 mixta de biblioteca<\/a><\/li>\n<li><a href=\"http:\/\/agora.xtec.cat\/escola-lavitxeta\/comissio-mixta-pedagogica\/\">Comissi\u00f3 mixta pedag\u00f2gica<\/a><\/li>\n<li><a href=\"http:\/\/agora.xtec.cat\/escola-lavitxeta\/comissio-mixta-de-ball-parlat\/\">Comissi\u00f3 mixta del Ball Parlat de Marcos Vicente<\/a><\/li>\n<\/ul>\n<p>Articles relacionats: <a href=\"https:\/\/agora.xtec.cat\/escola-lavitxeta\/tag\/comunitat-daprenentatge\/\">Comunitat d&#8217;aprenentatge<\/a><\/p>\n","protected":false},"excerpt":{"rendered":"<p>Qu\u00e8 \u00e9s la Comissi\u00f3 gestora?<br \/>\nCom a <a href=\"https:\/\/agora.xtec.cat\/escola-lavitxeta\/comunitat-daprenentatge-cda\/\">Comunitat d&#8217;Aprenentatge<\/a> i un cop constitu\u00efdes les comissions mixtes, que s\u00f3n grups de treball mixtes, formats per mares i pares i mestres de l\u2019escola, hi ha un secretari representant de cada comissi\u00f3 (pare o mare) i un mestre&hellip;  <a href=\"https:\/\/agora.xtec.cat\/escola-lavitxeta\/comissio-gestora\/\" title=\"Read Comissi\u00f3 gestora\">Llegeix m\u00e9s\u00bb<\/a><\/p>\n","protected":false},"author":1,"featured_media":0,"parent":0,"menu_order":0,"comment_status":"closed","ping_status":"closed","template":"","meta":{"_bbp_topic_count":0,"_bbp_reply_count":0,"_bbp_total_topic_count":0,"_bbp_total_reply_count":0,"_bbp_voice_count":0,"_bbp_anonymous_reply_count":0,"_bbp_topic_count_hidden":0,"_bbp_reply_count_hidden":0,"_bbp_forum_subforum_count":0,"footnotes":""},"class_list":["post-35790","page","type-page","status-publish","hentry"],"post_mailing_queue_ids":[],"_links":{"self":[{"href":"https:\/\/agora.xtec.cat\/escola-lavitxeta\/wp-json\/wp\/v2\/pages\/35790","targetHints":{"allow":["GET"]}}],"collection":[{"href":"https:\/\/agora.xtec.cat\/escola-lavitxeta\/wp-json\/wp\/v2\/pages"}],"about":[{"href":"https:\/\/agora.xtec.cat\/escola-lavitxeta\/wp-json\/wp\/v2\/types\/page"}],"author":[{"embeddable":true,"href":"https:\/\/agora.xtec.cat\/escola-lavitxeta\/wp-json\/wp\/v2\/users\/1"}],"replies":[{"embeddable":true,"href":"https:\/\/agora.xtec.cat\/escola-lavitxeta\/wp-json\/wp\/v2\/comments?post=35790"}],"version-history":[{"count":4,"href":"https:\/\/agora.xtec.cat\/escola-lavitxeta\/wp-json\/wp\/v2\/pages\/35790\/revisions"}],"predecessor-version":[{"id":42921,"href":"https:\/\/agora.xtec.cat\/escola-lavitxeta\/wp-json\/wp\/v2\/pages\/35790\/revisions\/42921"}],"wp:attachment":[{"href":"https:\/\/agora.xtec.cat\/escola-lavitxeta\/wp-json\/wp\/v2\/media?parent=35790"}],"curies":[{"name":"wp","href":"https:\/\/api.w.org\/{rel}","templated":true}]}}