{"id":35787,"date":"2019-01-27T18:55:53","date_gmt":"2019-01-27T17:55:53","guid":{"rendered":"http:\/\/agora.xtec.cat\/escola-lavitxeta\/?page_id=35787"},"modified":"2021-11-17T12:35:58","modified_gmt":"2021-11-17T11:35:58","slug":"comissio-mixta-de-pati-hort","status":"publish","type":"page","link":"https:\/\/agora.xtec.cat\/escola-lavitxeta\/comissio-mixta-de-pati-hort\/","title":{"rendered":"Comissi\u00f3 mixta de pati-hort"},"content":{"rendered":"<p><img loading=\"lazy\" decoding=\"async\" class=\"size-medium wp-image-35788 alignleft\" src=\"https:\/\/agora.xtec.cat\/escola-lavitxeta\/wp-content\/uploads\/usu1195\/Copia-de-2a-Assemblea9-212x300.jpg\" alt=\"\" width=\"212\" height=\"300\" srcset=\"https:\/\/agora.xtec.cat\/escola-lavitxeta\/wp-content\/uploads\/usu1195\/Copia-de-2a-Assemblea9-212x300.jpg 212w, https:\/\/agora.xtec.cat\/escola-lavitxeta\/wp-content\/uploads\/usu1195\/Copia-de-2a-Assemblea9-768x1086.jpg 768w, https:\/\/agora.xtec.cat\/escola-lavitxeta\/wp-content\/uploads\/usu1195\/Copia-de-2a-Assemblea9-724x1024.jpg 724w, https:\/\/agora.xtec.cat\/escola-lavitxeta\/wp-content\/uploads\/usu1195\/Copia-de-2a-Assemblea9.jpg 1587w\" sizes=\"auto, (max-width: 212px) 100vw, 212px\" \/><\/p>\n<p><span style=\"color: #0000ff;\"><strong>QU\u00c8 FEM? <\/strong><strong>QUINS PROJECTES DUEM A TERME?<\/strong><\/span><\/p>\n<p style=\"text-align: justify;\">La Comissi\u00f3 d&#8217;hort-pati de la nostra escola fa temps que treballa per convertir els espais exteriors de l\u2019escola en escenaris educatius. Volem un espai exterior que esdevingui un escenari diversificat de propostes on la natura i el mobiliari proposin espais que parlin per si mateixos. Espais i atmosferes on petits i grans puguin actuar, crear, imaginar, inventar, i descobrir.<\/p>\n<p style=\"text-align: justify;\">\u201cUn entorn natural \u00e9s un espai privilegiat per a la recerca sensorial, ric en relacions amb la mat\u00e8ria, ric en observaci\u00f3 sobre els fets, fen\u00f2mens i canvis que s\u2019hi donen. Un espai que convida els infants a estar en petit grup o en solitari, passant una estona amb un nou repte, un nou invent, una nova descoberta o b\u00e9 gaudint senzillament, o simplement ser-hi\u201d (extret del nostre projecte de pati <a href=\"https:\/\/elnousafareig.files.wordpress.com\/2015\/11\/projecte-pati_la-vitxeta.pdf\">La Vitxeta es mou pel pati<\/a>).<\/p>\n<p>&nbsp;<\/p>\n<p><span style=\"color: #0000ff;\"><strong>QUINS PROJECT<\/strong><\/span><span style=\"color: #0000ff;\"><strong>ES TENIM DE FUTUR?<\/strong><\/span><\/p>\n<p style=\"text-align: justify;\">El pati que volem fer pret\u00e9n cobrir les mancances que tenia el pati durant el curs 13-14 i mancances que encara tenim al pati actual. Amb les actuacions de la Comissi\u00f3 de pati dutes a terme gr\u00e0cies a les <b>7 jornades<\/b><strong>\u00a0de treball <\/strong>(<a href=\"http:\/\/agora.xtec.cat\/escola-lavitxeta\/curs-15-16\/gracies-quina-gran-jornada\/\">Primera Jornada<\/a>,\u00a0<a href=\"https:\/\/agora.xtec.cat\/escola-lavitxeta\/curs-15-16\/gracies-moments-de-la-plantada\/\">Segona Jornada<\/a>, <a href=\"http:\/\/agora.xtec.cat\/escola-lavitxeta\/curs-16-17\/tercera-jornada-de-pati-en-imatges\/\">Tercera Jornada<\/a>, <a href=\"http:\/\/agora.xtec.cat\/escola-lavitxeta\/general\/gracies-iv-jornada-de-pati\/\">Quarta Jornada<\/a>, <a href=\"http:\/\/agora.xtec.cat\/escola-lavitxeta\/general\/gracies-v-jornada-de-pati\/\">Cinquena\u00a0Jornada<\/a>,<a href=\"https:\/\/agora.xtec.cat\/escola-lavitxeta\/general\/una-fantastica-sisena-jornada-de-pati\/\">Sisena Jornada<\/a> i <a href=\"https:\/\/agora.xtec.cat\/escola-lavitxeta\/general\/la-comissio-de-pati-escalfa-motors-jornada-de-posta-a-punt-de-lhort-de-primaria\/\">Setena Jornada<\/a>) es pret\u00e9n que disminueixin els conflictes propis d&#8217;un espai sense massa opcions de joc, ni racons m\u00e0gics, ni tan sols ombra. Des de la comissi\u00f3, tenint en compte les opinions de petits i grans, i d&#8217;experts en la mat\u00e8ria, s&#8217;han planificat i efectuat tot un seguit d&#8217;actuacions, com ara la creaci\u00f3 de zones d&#8217;ombra i de joc amb vegetaci\u00f3, <a href=\"https:\/\/agora.xtec.cat\/escola-lavitxeta\/curs-15-16\/ja-tenim-sorrals\/\">sorrals<\/a>, espais de trobada i descans (amb taules i bancs), <a href=\"https:\/\/agora.xtec.cat\/escola-lavitxeta\/curs-15-16\/estrenem-patis\/\">cuinetes<\/a>, un <a href=\"https:\/\/agora.xtec.cat\/escola-lavitxeta\/general\/ens-disfressem-al-pati-de-primaria\/\">escenari<\/a>, un mur musical, <a href=\"https:\/\/agora.xtec.cat\/escola-lavitxeta\/curs-15-16\/segon-dia-de-pati-estrenem-pissarres-i-carreteres\/\">pissarres<\/a>, <a href=\"https:\/\/agora.xtec.cat\/escola-lavitxeta\/curs-15-16\/carreteres-i-cotxes\/\">carreteres de fusta<\/a>, <a href=\"https:\/\/agora.xtec.cat\/escola-lavitxeta\/curs-15-16\/escacs-dames-i-tres-en-ratlla-al-pati\/\">peces per als jocs pintats del pati<\/a>, un <a href=\"https:\/\/agora.xtec.cat\/escola-lavitxeta\/general\/el-bibliopati-ja-es-una-realitat\/\"><em>bibliopati<\/em><\/a>, entre altres petites actuacions m\u00e9s, per\u00f2 encara hi ha somnis per a complir. Voldr\u00edem desnivells que facilitin el drenatge de l&#8217;aigua de pluja i de la font, jocs de psicomotricitat, m\u00e9s vegetaci\u00f3 i racons per a crear amagatalls&#8230;<\/p>\n<p>&nbsp;<\/p>\n<p><span style=\"color: #0000ff;\"><strong>QU\u00c8 PODEN FER LES PERSONES INTERESSADES?<\/strong><\/span><\/p>\n<p style=\"text-align: justify;\">Podeu apuntar-vos a la Comissi\u00f3, per\u00f2 tamb\u00e9 podeu participar en les Jornades de treball on sempre s\u00f3n benvingudes les vostres mans i on sempre hi ha activitats per a petits i grans.<\/p>\n<p style=\"text-align: justify;\">Tot i que la feina feta \u00e9s molta, encara n&#8217;hi ha per fer i \u00e9s per aquest motiu que la Comissi\u00f3 de Pati ha fet samarretes, fundes per entrepans (boc\u2019n rolls) i bosses amb la finalitat de recollir fons per finan\u00e7ar les actuacions de millora del pati. Si voleu aquestes samarretes, bosses o boc\u2019n rolls amb el cartell de la <a href=\"http:\/\/agora.xtec.cat\/escola-lavitxeta\/general\/gracies-iv-jornada-de-pati\/\">Jornada La Vitxeta es mou pel pati<\/a>, les podeu comprar al despatx de l\u2019AMIPA.<\/p>\n\n\t\t<style type=\"text\/css\">\n\t\t\t#gallery-1 {\n\t\t\t\tmargin: auto;\n\t\t\t}\n\t\t\t#gallery-1 .gallery-item {\n\t\t\t\tfloat: left;\n\t\t\t\tmargin-top: 10px;\n\t\t\t\ttext-align: center;\n\t\t\t\twidth: 33%;\n\t\t\t}\n\t\t\t#gallery-1 img {\n\t\t\t\tborder: 2px solid #cfcfcf;\n\t\t\t}\n\t\t\t#gallery-1 .gallery-caption {\n\t\t\t\tmargin-left: 0;\n\t\t\t}\n\t\t\t\/* see gallery_shortcode() in wp-includes\/media.php *\/\n\t\t<\/style>\n\t\t<div id='gallery-1' class='gallery galleryid-35787 gallery-columns-3 gallery-size-thumbnail'><dl class='gallery-item'>\n\t\t\t<dt class='gallery-icon landscape'>\n\t\t\t\t<a href='https:\/\/agora.xtec.cat\/escola-lavitxeta\/general\/samarretes-bosses-i-bocn-rolls-la-vitxeta-es-mou-pel-pati\/attachment\/boc-and-roll\/'><img loading=\"lazy\" decoding=\"async\" width=\"150\" height=\"150\" src=\"https:\/\/agora.xtec.cat\/escola-lavitxeta\/wp-content\/uploads\/usu1195\/boc-and-roll-150x150.jpg\" class=\"attachment-thumbnail size-thumbnail\" alt=\"\" \/><\/a>\n\t\t\t<\/dt><\/dl><dl class='gallery-item'>\n\t\t\t<dt class='gallery-icon landscape'>\n\t\t\t\t<a href='https:\/\/agora.xtec.cat\/escola-lavitxeta\/general\/samarretes-bosses-i-bocn-rolls-la-vitxeta-es-mou-pel-pati\/attachment\/bosses\/'><img loading=\"lazy\" decoding=\"async\" width=\"150\" height=\"150\" src=\"https:\/\/agora.xtec.cat\/escola-lavitxeta\/wp-content\/uploads\/usu1195\/bosses-150x150.jpg\" class=\"attachment-thumbnail size-thumbnail\" alt=\"\" \/><\/a>\n\t\t\t<\/dt><\/dl><dl class='gallery-item'>\n\t\t\t<dt class='gallery-icon landscape'>\n\t\t\t\t<a href='https:\/\/agora.xtec.cat\/escola-lavitxeta\/general\/samarretes-bosses-i-bocn-rolls-la-vitxeta-es-mou-pel-pati\/attachment\/samarretes\/'><img loading=\"lazy\" decoding=\"async\" width=\"150\" height=\"150\" src=\"https:\/\/agora.xtec.cat\/escola-lavitxeta\/wp-content\/uploads\/usu1195\/samarretes-150x150.jpg\" class=\"attachment-thumbnail size-thumbnail\" alt=\"\" \/><\/a>\n\t\t\t<\/dt><\/dl><br style=\"clear: both\" \/><dl class='gallery-item'>\n\t\t\t<dt class='gallery-icon portrait'>\n\t\t\t\t<a href='https:\/\/agora.xtec.cat\/escola-lavitxeta\/general\/samarretes-bosses-i-bocn-rolls-la-vitxeta-es-mou-pel-pati\/attachment\/0_img-20190120-wa0046\/'><img loading=\"lazy\" decoding=\"async\" width=\"150\" height=\"150\" src=\"https:\/\/agora.xtec.cat\/escola-lavitxeta\/wp-content\/uploads\/usu1195\/0_IMG-20190120-WA0046-150x150.jpg\" class=\"attachment-thumbnail size-thumbnail\" alt=\"\" \/><\/a>\n\t\t\t<\/dt><\/dl><dl class='gallery-item'>\n\t\t\t<dt class='gallery-icon landscape'>\n\t\t\t\t<a href='https:\/\/agora.xtec.cat\/escola-lavitxeta\/general\/samarretes-bosses-i-bocn-rolls-la-vitxeta-es-mou-pel-pati\/attachment\/1548043513836_0_img-20190120-wa0044\/'><img loading=\"lazy\" decoding=\"async\" width=\"150\" height=\"150\" src=\"https:\/\/agora.xtec.cat\/escola-lavitxeta\/wp-content\/uploads\/usu1195\/1548043513836_0_IMG-20190120-WA0044-150x150.jpg\" class=\"attachment-thumbnail size-thumbnail\" alt=\"\" \/><\/a>\n\t\t\t<\/dt><\/dl><dl class='gallery-item'>\n\t\t\t<dt class='gallery-icon portrait'>\n\t\t\t\t<a href='https:\/\/agora.xtec.cat\/escola-lavitxeta\/general\/samarretes-bosses-i-bocn-rolls-la-vitxeta-es-mou-pel-pati\/attachment\/0_img-20190120-wa0045\/'><img loading=\"lazy\" decoding=\"async\" width=\"150\" height=\"150\" src=\"https:\/\/agora.xtec.cat\/escola-lavitxeta\/wp-content\/uploads\/usu1195\/0_IMG-20190120-WA0045-150x150.jpg\" class=\"attachment-thumbnail size-thumbnail\" alt=\"\" \/><\/a>\n\t\t\t<\/dt><\/dl><br style=\"clear: both\" \/>\n\t\t<\/div>\n\n<pre>V\u00eddeo promocional de la IV Jornada amb m\u00fasica de <strong>Doctor Prats.<\/strong><\/pre>\n<p><iframe loading=\"lazy\" title=\"PromoJornada4Vitxeta20degener\" width=\"500\" height=\"375\" src=\"https:\/\/www.youtube.com\/embed\/VFA_y6q8F84?feature=oembed\" frameborder=\"0\" allow=\"accelerometer; autoplay; clipboard-write; encrypted-media; gyroscope; picture-in-picture; web-share\" referrerpolicy=\"strict-origin-when-cross-origin\" allowfullscreen><\/iframe><\/p>\n<p><span style=\"color: #0000ff;\"><strong>ADRE\u00c7A ELECTR\u00d2NICA: <\/strong><\/span><a href=\"mailto:pativitxeta@gmail.com\"><span class=\"gI\"><span data-hovercard-id=\"pativitxeta@gmail.com\" data-hovercard-owner-id=\"31\">pativitxeta@gmail.com<\/span><\/span><\/a><\/p>\n<p style=\"text-align: left;\"><strong>Comissi\u00f3 mixta de pati-hort<\/strong><\/p>\n<p>&nbsp;<\/p>\n<p>Articles relacionats: <a href=\"https:\/\/agora.xtec.cat\/escola-lavitxeta\/tag\/hort-pati\/\">Hort-pati\u00a0<\/a>i <a href=\"https:\/\/agora.xtec.cat\/escola-lavitxeta\/la-vitxeta-es-mou-pel-pati\/\">La Vitxeta es mou pel pati<\/a><\/p>\n","protected":false},"excerpt":{"rendered":"<p>QU\u00c8 FEM? QUINS PROJECTES DUEM A TERME?<br \/>\nLa Comissi\u00f3 d&#8217;hort-pati de la nostra escola fa temps que treballa per convertir els espais exteriors de l\u2019escola en escenaris educatius. Volem un espai exterior que esdevingui un escenari diversificat de propostes on la natura i el mobiliari proposin&hellip;  <a href=\"https:\/\/agora.xtec.cat\/escola-lavitxeta\/comissio-mixta-de-pati-hort\/\" title=\"Read Comissi\u00f3 mixta de pati-hort\">Llegeix m\u00e9s\u00bb<\/a><\/p>\n","protected":false},"author":1,"featured_media":0,"parent":0,"menu_order":0,"comment_status":"closed","ping_status":"closed","template":"","meta":{"_bbp_topic_count":0,"_bbp_reply_count":0,"_bbp_total_topic_count":0,"_bbp_total_reply_count":0,"_bbp_voice_count":0,"_bbp_anonymous_reply_count":0,"_bbp_topic_count_hidden":0,"_bbp_reply_count_hidden":0,"_bbp_forum_subforum_count":0,"footnotes":""},"class_list":["post-35787","page","type-page","status-publish","hentry"],"post_mailing_queue_ids":[],"_links":{"self":[{"href":"https:\/\/agora.xtec.cat\/escola-lavitxeta\/wp-json\/wp\/v2\/pages\/35787","targetHints":{"allow":["GET"]}}],"collection":[{"href":"https:\/\/agora.xtec.cat\/escola-lavitxeta\/wp-json\/wp\/v2\/pages"}],"about":[{"href":"https:\/\/agora.xtec.cat\/escola-lavitxeta\/wp-json\/wp\/v2\/types\/page"}],"author":[{"embeddable":true,"href":"https:\/\/agora.xtec.cat\/escola-lavitxeta\/wp-json\/wp\/v2\/users\/1"}],"replies":[{"embeddable":true,"href":"https:\/\/agora.xtec.cat\/escola-lavitxeta\/wp-json\/wp\/v2\/comments?post=35787"}],"version-history":[{"count":4,"href":"https:\/\/agora.xtec.cat\/escola-lavitxeta\/wp-json\/wp\/v2\/pages\/35787\/revisions"}],"predecessor-version":[{"id":46842,"href":"https:\/\/agora.xtec.cat\/escola-lavitxeta\/wp-json\/wp\/v2\/pages\/35787\/revisions\/46842"}],"wp:attachment":[{"href":"https:\/\/agora.xtec.cat\/escola-lavitxeta\/wp-json\/wp\/v2\/media?parent=35787"}],"curies":[{"name":"wp","href":"https:\/\/api.w.org\/{rel}","templated":true}]}}