{"id":35777,"date":"2019-01-26T22:00:53","date_gmt":"2019-01-26T21:00:53","guid":{"rendered":"http:\/\/agora.xtec.cat\/escola-lavitxeta\/?page_id=35777"},"modified":"2020-01-26T22:33:36","modified_gmt":"2020-01-26T21:33:36","slug":"comissio-mixta-pedagogica","status":"publish","type":"page","link":"https:\/\/agora.xtec.cat\/escola-lavitxeta\/comissio-mixta-pedagogica\/","title":{"rendered":"Comissi\u00f3 mixta pedag\u00f2gica"},"content":{"rendered":"<p><img loading=\"lazy\" decoding=\"async\" class=\"size-medium wp-image-35779 alignleft\" src=\"https:\/\/agora.xtec.cat\/escola-lavitxeta\/wp-content\/uploads\/usu1195\/Copia-de-2a-Assemblea6-212x300.jpg\" alt=\"\" width=\"212\" height=\"300\" srcset=\"https:\/\/agora.xtec.cat\/escola-lavitxeta\/wp-content\/uploads\/usu1195\/Copia-de-2a-Assemblea6-212x300.jpg 212w, https:\/\/agora.xtec.cat\/escola-lavitxeta\/wp-content\/uploads\/usu1195\/Copia-de-2a-Assemblea6-768x1086.jpg 768w, https:\/\/agora.xtec.cat\/escola-lavitxeta\/wp-content\/uploads\/usu1195\/Copia-de-2a-Assemblea6-724x1024.jpg 724w, https:\/\/agora.xtec.cat\/escola-lavitxeta\/wp-content\/uploads\/usu1195\/Copia-de-2a-Assemblea6.jpg 1587w\" sizes=\"auto, (max-width: 212px) 100vw, 212px\" \/><\/p>\n<p><span style=\"color: #0000ff;\"><strong>QU\u00c8 FEM? <\/strong><strong>QUINS PROJECTES DUEM A TERME?<\/strong><\/span><\/p>\n<p style=\"text-align: justify;\">Som un grup de persones amb voluntat d\u2019aportar propostes de creixement i aprenentatge per tota la comunitat educativa, en forma de xerrades, cursos i tallers.<\/p>\n<p style=\"text-align: justify;\">Som la comissi\u00f3 encarregada de donar resposta als <a href=\"http:\/\/agora.xtec.cat\/escola-lavitxeta\/general\/categoritzacio-dels-somnis\/\">somnis que la comunitat d\u2019aprenentatge<\/a> t\u00e9 en mat\u00e8ria educativa i d\u2019organitzaci\u00f3.<\/p>\n<p style=\"text-align: justify;\">Organitzem l&#8217;<a href=\"https:\/\/agora.xtec.cat\/escola-lavitxeta\/tag\/escola-de-pares\/\">Escola de mares i pares<\/a> amb xerrades sobre tem\u00e0tiques variades com primers auxilis en nadons i infants, assetjament escolar, sexualitat, &#8220;educar sense cridar&#8221;, presentaci\u00f3 de novetats editorials&#8230;<\/p>\n<p style=\"text-align: justify;\">Tamb\u00e9 portem a terme un buidatge de suggeriments i peticions (a trav\u00e9s de la b\u00fastia i el nostre correu electr\u00f2nic).<\/p>\n<p>&nbsp;<\/p>\n<p><span style=\"color: #0000ff;\"><strong>QUINS PROJECTES TENIM DE FUTUR?<\/strong><\/span><\/p>\n<ul style=\"text-align: justify;\">\n<li>Propostes pendents:\n<ul>\n<li>Xerrada sobre Disl\u00e8xia (Associaci\u00f3 catalana de la disl\u00e8xia), proposta gratu\u00efta<\/li>\n<li>Xerrada \u201cInternet segura, de tu a tu\u201d (Mossos d\u2019Esquadra), proposta gratu\u00efta<\/li>\n<li style=\"text-align: justify;\">Col\u00b7laboraci\u00f3 amb la Comissi\u00f3 de Temps de migdia per l\u2019organitzaci\u00f3 d\u2019un debat o taula rodona al voltant del contingut del nou Decret de menjadors escolars.<\/li>\n<\/ul>\n<\/li>\n<\/ul>\n<p>&nbsp;<\/p>\n<p style=\"text-align: justify;\"><span style=\"color: #0000ff;\"><strong>QU\u00c8 PODEN FER LES PERSONES INTERESSADES?<\/strong><\/span><\/p>\n<p style=\"text-align: justify;\">Tots i totes sou benvinguts a participar directament amb la comissi\u00f3 o b\u00e9 a trav\u00e9s de peticions i propostes a trav\u00e9s de la nostra adre\u00e7a electr\u00f2nica.<\/p>\n\n\t\t<style type=\"text\/css\">\n\t\t\t#gallery-1 {\n\t\t\t\tmargin: auto;\n\t\t\t}\n\t\t\t#gallery-1 .gallery-item {\n\t\t\t\tfloat: left;\n\t\t\t\tmargin-top: 10px;\n\t\t\t\ttext-align: center;\n\t\t\t\twidth: 20%;\n\t\t\t}\n\t\t\t#gallery-1 img {\n\t\t\t\tborder: 2px solid #cfcfcf;\n\t\t\t}\n\t\t\t#gallery-1 .gallery-caption {\n\t\t\t\tmargin-left: 0;\n\t\t\t}\n\t\t\t\/* see gallery_shortcode() in wp-includes\/media.php *\/\n\t\t<\/style>\n\t\t<div id='gallery-1' class='gallery galleryid-35777 gallery-columns-5 gallery-size-thumbnail'><dl class='gallery-item'>\n\t\t\t<dt class='gallery-icon landscape'>\n\t\t\t\t<a href='https:\/\/agora.xtec.cat\/escola-lavitxeta\/comissio-mixta-pedagogica\/attachment\/diapositiva1-2\/'><img loading=\"lazy\" decoding=\"async\" width=\"150\" height=\"150\" src=\"https:\/\/agora.xtec.cat\/escola-lavitxeta\/wp-content\/uploads\/usu1195\/Diapositiva1-1-150x150.jpg\" class=\"attachment-thumbnail size-thumbnail\" alt=\"\" \/><\/a>\n\t\t\t<\/dt><\/dl><dl class='gallery-item'>\n\t\t\t<dt class='gallery-icon landscape'>\n\t\t\t\t<a href='https:\/\/agora.xtec.cat\/escola-lavitxeta\/comissio-mixta-pedagogica\/attachment\/diapositiva2-2\/'><img loading=\"lazy\" decoding=\"async\" width=\"150\" height=\"150\" src=\"https:\/\/agora.xtec.cat\/escola-lavitxeta\/wp-content\/uploads\/usu1195\/Diapositiva2-1-150x150.jpg\" class=\"attachment-thumbnail size-thumbnail\" alt=\"\" \/><\/a>\n\t\t\t<\/dt><\/dl><dl class='gallery-item'>\n\t\t\t<dt class='gallery-icon landscape'>\n\t\t\t\t<a href='https:\/\/agora.xtec.cat\/escola-lavitxeta\/comissio-mixta-pedagogica\/attachment\/diapositiva3-2\/'><img loading=\"lazy\" decoding=\"async\" width=\"150\" height=\"150\" src=\"https:\/\/agora.xtec.cat\/escola-lavitxeta\/wp-content\/uploads\/usu1195\/Diapositiva3-1-150x150.jpg\" class=\"attachment-thumbnail size-thumbnail\" alt=\"\" \/><\/a>\n\t\t\t<\/dt><\/dl><dl class='gallery-item'>\n\t\t\t<dt class='gallery-icon landscape'>\n\t\t\t\t<a href='https:\/\/agora.xtec.cat\/escola-lavitxeta\/comissio-mixta-pedagogica\/attachment\/diapositiva4-2\/'><img loading=\"lazy\" decoding=\"async\" width=\"150\" height=\"150\" src=\"https:\/\/agora.xtec.cat\/escola-lavitxeta\/wp-content\/uploads\/usu1195\/Diapositiva4-1-150x150.jpg\" class=\"attachment-thumbnail size-thumbnail\" alt=\"\" \/><\/a>\n\t\t\t<\/dt><\/dl><dl class='gallery-item'>\n\t\t\t<dt class='gallery-icon landscape'>\n\t\t\t\t<a href='https:\/\/agora.xtec.cat\/escola-lavitxeta\/comissio-mixta-pedagogica\/attachment\/diapositiva5-2\/'><img loading=\"lazy\" decoding=\"async\" width=\"150\" height=\"150\" src=\"https:\/\/agora.xtec.cat\/escola-lavitxeta\/wp-content\/uploads\/usu1195\/Diapositiva5-1-150x150.jpg\" class=\"attachment-thumbnail size-thumbnail\" alt=\"\" \/><\/a>\n\t\t\t<\/dt><\/dl><br style=\"clear: both\" \/><dl class='gallery-item'>\n\t\t\t<dt class='gallery-icon landscape'>\n\t\t\t\t<a href='https:\/\/agora.xtec.cat\/escola-lavitxeta\/comissio-mixta-pedagogica\/attachment\/diapositiva6-2\/'><img loading=\"lazy\" decoding=\"async\" width=\"150\" height=\"150\" src=\"https:\/\/agora.xtec.cat\/escola-lavitxeta\/wp-content\/uploads\/usu1195\/Diapositiva6-1-150x150.jpg\" class=\"attachment-thumbnail size-thumbnail\" alt=\"\" \/><\/a>\n\t\t\t<\/dt><\/dl><dl class='gallery-item'>\n\t\t\t<dt class='gallery-icon landscape'>\n\t\t\t\t<a href='https:\/\/agora.xtec.cat\/escola-lavitxeta\/comissio-mixta-pedagogica\/attachment\/diapositiva7-2\/'><img loading=\"lazy\" decoding=\"async\" width=\"150\" height=\"150\" src=\"https:\/\/agora.xtec.cat\/escola-lavitxeta\/wp-content\/uploads\/usu1195\/Diapositiva7-1-150x150.jpg\" class=\"attachment-thumbnail size-thumbnail\" alt=\"\" \/><\/a>\n\t\t\t<\/dt><\/dl><dl class='gallery-item'>\n\t\t\t<dt class='gallery-icon landscape'>\n\t\t\t\t<a href='https:\/\/agora.xtec.cat\/escola-lavitxeta\/comissio-mixta-pedagogica\/attachment\/diapositiva8-2\/'><img loading=\"lazy\" decoding=\"async\" width=\"150\" height=\"150\" src=\"https:\/\/agora.xtec.cat\/escola-lavitxeta\/wp-content\/uploads\/usu1195\/Diapositiva8-1-150x150.jpg\" class=\"attachment-thumbnail size-thumbnail\" alt=\"\" \/><\/a>\n\t\t\t<\/dt><\/dl><dl class='gallery-item'>\n\t\t\t<dt class='gallery-icon landscape'>\n\t\t\t\t<a href='https:\/\/agora.xtec.cat\/escola-lavitxeta\/comissio-mixta-pedagogica\/attachment\/diapositiva9-2\/'><img loading=\"lazy\" decoding=\"async\" width=\"150\" height=\"150\" src=\"https:\/\/agora.xtec.cat\/escola-lavitxeta\/wp-content\/uploads\/usu1195\/Diapositiva9-1-150x150.jpg\" class=\"attachment-thumbnail size-thumbnail\" alt=\"\" \/><\/a>\n\t\t\t<\/dt><\/dl><dl class='gallery-item'>\n\t\t\t<dt class='gallery-icon landscape'>\n\t\t\t\t<a href='https:\/\/agora.xtec.cat\/escola-lavitxeta\/comissio-mixta-pedagogica\/attachment\/diapositiva10-2\/'><img loading=\"lazy\" decoding=\"async\" width=\"150\" height=\"150\" src=\"https:\/\/agora.xtec.cat\/escola-lavitxeta\/wp-content\/uploads\/usu1195\/Diapositiva10-1-150x150.jpg\" class=\"attachment-thumbnail size-thumbnail\" alt=\"\" \/><\/a>\n\t\t\t<\/dt><\/dl><br style=\"clear: both\" \/>\n\t\t<\/div>\n\n<p><span style=\"color: #0000ff;\"><strong>ADRE\u00c7A ELECTR\u00d2NICA: <\/strong><\/span><a href=\"mailto:comissiopedagogicavitxeta@gmail.com\"><span class=\"hb\"><span class=\"g2\" dir=\"ltr\" data-hovercard-id=\"comissiopedagogicavitxeta@gmail.com\" data-hovercard-owner-id=\"21\">comissiopedagogicavitxeta<\/span><\/span><span class=\"\">@gmail.com<\/span><\/a><\/p>\n<p style=\"text-align: left;\"><strong>Comissi\u00f3 mixta pedag\u00f2gica<\/strong><\/p>\n<p>&nbsp;<\/p>\n<p>Articles relacionats: <a href=\"https:\/\/agora.xtec.cat\/escola-lavitxeta\/tag\/escola-de-pares\/\">Escola de mares i pares<\/a><\/p>\n","protected":false},"excerpt":{"rendered":"<p>QU\u00c8 FEM? QUINS PROJECTES DUEM A TERME?<br \/>\nSom un grup de persones amb voluntat d\u2019aportar propostes de creixement i aprenentatge per tota la comunitat educativa, en forma de xerrades, cursos i tallers.<br \/>\nSom la comissi\u00f3 encarregada de donar resposta als <a href=\"http:\/\/agora.xtec.cat\/escola-lavitxeta\/general\/categoritzacio-dels-somnis\/\">somnis que la comunitat d\u2019aprenentatge<\/a> t\u00e9&hellip;  <a href=\"https:\/\/agora.xtec.cat\/escola-lavitxeta\/comissio-mixta-pedagogica\/\" title=\"Read Comissi\u00f3 mixta pedag\u00f2gica\">Llegeix m\u00e9s\u00bb<\/a><\/p>\n","protected":false},"author":1,"featured_media":0,"parent":0,"menu_order":0,"comment_status":"closed","ping_status":"closed","template":"","meta":{"_bbp_topic_count":0,"_bbp_reply_count":0,"_bbp_total_topic_count":0,"_bbp_total_reply_count":0,"_bbp_voice_count":0,"_bbp_anonymous_reply_count":0,"_bbp_topic_count_hidden":0,"_bbp_reply_count_hidden":0,"_bbp_forum_subforum_count":0,"footnotes":""},"class_list":["post-35777","page","type-page","status-publish","hentry"],"post_mailing_queue_ids":[],"_links":{"self":[{"href":"https:\/\/agora.xtec.cat\/escola-lavitxeta\/wp-json\/wp\/v2\/pages\/35777","targetHints":{"allow":["GET"]}}],"collection":[{"href":"https:\/\/agora.xtec.cat\/escola-lavitxeta\/wp-json\/wp\/v2\/pages"}],"about":[{"href":"https:\/\/agora.xtec.cat\/escola-lavitxeta\/wp-json\/wp\/v2\/types\/page"}],"author":[{"embeddable":true,"href":"https:\/\/agora.xtec.cat\/escola-lavitxeta\/wp-json\/wp\/v2\/users\/1"}],"replies":[{"embeddable":true,"href":"https:\/\/agora.xtec.cat\/escola-lavitxeta\/wp-json\/wp\/v2\/comments?post=35777"}],"version-history":[{"count":3,"href":"https:\/\/agora.xtec.cat\/escola-lavitxeta\/wp-json\/wp\/v2\/pages\/35777\/revisions"}],"predecessor-version":[{"id":42903,"href":"https:\/\/agora.xtec.cat\/escola-lavitxeta\/wp-json\/wp\/v2\/pages\/35777\/revisions\/42903"}],"wp:attachment":[{"href":"https:\/\/agora.xtec.cat\/escola-lavitxeta\/wp-json\/wp\/v2\/media?parent=35777"}],"curies":[{"name":"wp","href":"https:\/\/api.w.org\/{rel}","templated":true}]}}