{"id":35774,"date":"2019-01-26T22:01:56","date_gmt":"2019-01-26T21:01:56","guid":{"rendered":"http:\/\/agora.xtec.cat\/escola-lavitxeta\/?page_id=35774"},"modified":"2020-10-17T11:14:09","modified_gmt":"2020-10-17T09:14:09","slug":"comissio-mixta-de-biblioteca","status":"publish","type":"page","link":"https:\/\/agora.xtec.cat\/escola-lavitxeta\/comissio-mixta-de-biblioteca\/","title":{"rendered":"Comissi\u00f3 mixta de biblioteca"},"content":{"rendered":"<p><img loading=\"lazy\" decoding=\"async\" class=\"size-medium wp-image-35775 alignleft\" src=\"https:\/\/agora.xtec.cat\/escola-lavitxeta\/wp-content\/uploads\/usu1195\/Copia-de-2a-Assemblea3-212x300.jpg\" alt=\"\" width=\"212\" height=\"300\" srcset=\"https:\/\/agora.xtec.cat\/escola-lavitxeta\/wp-content\/uploads\/usu1195\/Copia-de-2a-Assemblea3-212x300.jpg 212w, https:\/\/agora.xtec.cat\/escola-lavitxeta\/wp-content\/uploads\/usu1195\/Copia-de-2a-Assemblea3-768x1086.jpg 768w, https:\/\/agora.xtec.cat\/escola-lavitxeta\/wp-content\/uploads\/usu1195\/Copia-de-2a-Assemblea3-724x1024.jpg 724w, https:\/\/agora.xtec.cat\/escola-lavitxeta\/wp-content\/uploads\/usu1195\/Copia-de-2a-Assemblea3.jpg 1587w\" sizes=\"auto, (max-width: 212px) 100vw, 212px\" \/><\/p>\n<p>&nbsp;<\/p>\n<p>&nbsp;<\/p>\n<p>&nbsp;<\/p>\n<p>&nbsp;<\/p>\n<p>&nbsp;<\/p>\n<p>&nbsp;<\/p>\n<p><strong style=\"color: #0000ff; font-family: inherit;\">QU\u00c8 FEM? <\/strong><strong style=\"color: #0000ff; font-family: inherit;\">QUINS PROJECTES DUEM A TERME?<\/strong><\/p>\n<p style=\"text-align: justify;\">La <strong>biblioteca escolar<\/strong> \u00e9s un espai fonamental de comunicaci\u00f3 i intercanvi en el qual la lectura, la investigaci\u00f3 i la recerca tenen el seu lloc de trobada.<\/p>\n<p style=\"text-align: justify;\">La <strong>Comissi\u00f3 mixta de Biblioteca<\/strong> s\u2019encarrega de dinamitzar aquest espai i fer-lo viu: un lloc on tota la comunitat pugui aprendre, somniar, descobrir, viatjar\u2026<\/p>\n<p>La nostra comissi\u00f3 tamb\u00e9 ha ajudat a fer realitat l\u2019espai <a href=\"https:\/\/agora.xtec.cat\/escola-lavitxeta\/general\/el-bibliopati-ja-es-una-realitat\/\"><em>Bibliopati<\/em><\/a> per aquells nens i nenes que vulguin llegir durant l\u2019hora del pati (dissenyat conjuntament amb la <a href=\"https:\/\/agora.xtec.cat\/escola-lavitxeta\/comissio-mixta-de-pati-hort\/\">Comissi\u00f3 mixta de pati-hort<\/a>).<\/p>\n<p>&nbsp;<\/p>\n<p><span style=\"color: #0000ff;\"><strong>QUINS PROJECTES TENIM DE FUTUR?<\/strong><\/span><\/p>\n<blockquote><p><img loading=\"lazy\" decoding=\"async\" class=\"wp-image-44986 alignleft\" src=\"https:\/\/agora.xtec.cat\/escola-lavitxeta\/wp-content\/uploads\/usu1195\/2020\/10\/unnamed.png\" alt=\"\" width=\"32\" height=\"29\" srcset=\"https:\/\/agora.xtec.cat\/escola-lavitxeta\/wp-content\/uploads\/usu1195\/2020\/10\/unnamed.png 512w, https:\/\/agora.xtec.cat\/escola-lavitxeta\/wp-content\/uploads\/usu1195\/2020\/10\/unnamed-300x270.png 300w\" sizes=\"auto, (max-width: 32px) 100vw, 32px\" \/><em><span style=\"color: #0000ff;\">Les seg\u00fcents actuacions no es duran a terme per q\u00fcestions organitzatives mentre s\u2019hagin d\u2019aplicar les mesures COVID.<\/span><\/em><\/p><\/blockquote>\n<p style=\"text-align: justify;\">Per una banda <a href=\"https:\/\/agora.xtec.cat\/escola-lavitxeta\/general\/la-biblioteca-de-la-vitxeta-obre-tots-els-dijous\/\"><strong>obrim la biblioteca <\/strong><\/a>un dia a la setmana per tal que les fam\u00edlies que vulguin puguin passar una estona i agafar llibres en pr\u00e9stec. Tamb\u00e9 organitzem sessions de <strong>contacontes<\/strong> a c\u00e0rrec de mares i mestres volunt\u00e0ries (els pares tamb\u00e9 hi s\u00f3n benvinguts!). Durant el curs tamb\u00e9 s&#8217;organitzen exposicions tem\u00e0tiques.<\/p>\n<p>&nbsp;<\/p>\n<p><span style=\"color: #0000ff;\"><strong>QU\u00c8 PODEN FER LES PERSONES INTERESSADES?<\/strong><\/span><\/p>\n<p style=\"text-align: justify;\">Per poder dur a terme tots aquests projectes necessitem voluntaris, qualsevol ajuda ser\u00e0 benvinguda per aix\u00f2 us animem a col\u00b7laborar! El comprom\u00eds pot ser a mida de la disponibilitat de cadasc\u00fa.<\/p>\n<p>&nbsp;<\/p>\n<p><span style=\"color: #0000ff;\"><strong>ADRE\u00c7A ELECTR\u00d2NICA:<\/strong><\/span><\/p>\n<p>Si voleu donar un cop de m\u00e0, no dubteu a posar-vos en contacte amb nosaltres:<a href=\"mailto:bibliotecavitxeta@gmail.com\"><strong>\u00a0<\/strong>bibliotecavitxeta@gmail.com<\/a><\/p>\n<p style=\"text-align: left;\"><strong>Comissi\u00f3 mixta de biblioteca<\/strong><\/p>\n<p>&nbsp;<\/p>\n<p>Articles relacionats: <a href=\"https:\/\/agora.xtec.cat\/escola-lavitxeta\/tag\/biblioteca\/\">Biblioteca<\/a><\/p>\n","protected":false},"excerpt":{"rendered":"<p>&nbsp;<br \/>\n&nbsp;<br \/>\n&nbsp;<br \/>\n&nbsp;<br \/>\n&nbsp;<br \/>\n&nbsp;<br \/>\nQU\u00c8 FEM? QUINS PROJECTES DUEM A TERME?<br \/>\nLa biblioteca escolar \u00e9s un espai fonamental de comunicaci\u00f3 i intercanvi en el qual la lectura, la investigaci\u00f3 i la recerca tenen el seu lloc de trobada.<br \/>\nLa Comissi\u00f3 mixta de Biblioteca s\u2019encarrega de dinamitzar aquest espai i fer-lo viu:&hellip;  <a href=\"https:\/\/agora.xtec.cat\/escola-lavitxeta\/comissio-mixta-de-biblioteca\/\" title=\"Read Comissi\u00f3 mixta de biblioteca\">Llegeix m\u00e9s\u00bb<\/a><\/p>\n","protected":false},"author":1,"featured_media":0,"parent":0,"menu_order":0,"comment_status":"closed","ping_status":"closed","template":"","meta":{"_bbp_topic_count":0,"_bbp_reply_count":0,"_bbp_total_topic_count":0,"_bbp_total_reply_count":0,"_bbp_voice_count":0,"_bbp_anonymous_reply_count":0,"_bbp_topic_count_hidden":0,"_bbp_reply_count_hidden":0,"_bbp_forum_subforum_count":0,"footnotes":""},"class_list":["post-35774","page","type-page","status-publish","hentry"],"post_mailing_queue_ids":[],"_links":{"self":[{"href":"https:\/\/agora.xtec.cat\/escola-lavitxeta\/wp-json\/wp\/v2\/pages\/35774","targetHints":{"allow":["GET"]}}],"collection":[{"href":"https:\/\/agora.xtec.cat\/escola-lavitxeta\/wp-json\/wp\/v2\/pages"}],"about":[{"href":"https:\/\/agora.xtec.cat\/escola-lavitxeta\/wp-json\/wp\/v2\/types\/page"}],"author":[{"embeddable":true,"href":"https:\/\/agora.xtec.cat\/escola-lavitxeta\/wp-json\/wp\/v2\/users\/1"}],"replies":[{"embeddable":true,"href":"https:\/\/agora.xtec.cat\/escola-lavitxeta\/wp-json\/wp\/v2\/comments?post=35774"}],"version-history":[{"count":3,"href":"https:\/\/agora.xtec.cat\/escola-lavitxeta\/wp-json\/wp\/v2\/pages\/35774\/revisions"}],"predecessor-version":[{"id":45044,"href":"https:\/\/agora.xtec.cat\/escola-lavitxeta\/wp-json\/wp\/v2\/pages\/35774\/revisions\/45044"}],"wp:attachment":[{"href":"https:\/\/agora.xtec.cat\/escola-lavitxeta\/wp-json\/wp\/v2\/media?parent=35774"}],"curies":[{"name":"wp","href":"https:\/\/api.w.org\/{rel}","templated":true}]}}