{"id":35751,"date":"2019-01-26T22:03:49","date_gmt":"2019-01-26T21:03:49","guid":{"rendered":"http:\/\/agora.xtec.cat\/escola-lavitxeta\/?page_id=35751"},"modified":"2019-10-02T19:06:27","modified_gmt":"2019-10-02T17:06:27","slug":"comissio-mixta-de-convivencia","status":"publish","type":"page","link":"https:\/\/agora.xtec.cat\/escola-lavitxeta\/comissio-mixta-de-convivencia\/","title":{"rendered":"Comissi\u00f3 mixta de conviv\u00e8ncia"},"content":{"rendered":"<p><img loading=\"lazy\" decoding=\"async\" class=\"size-medium wp-image-35766 alignleft\" src=\"https:\/\/agora.xtec.cat\/escola-lavitxeta\/wp-content\/uploads\/usu1195\/2a-Assemblea1-212x300.jpg\" alt=\"\" width=\"212\" height=\"300\" srcset=\"https:\/\/agora.xtec.cat\/escola-lavitxeta\/wp-content\/uploads\/usu1195\/2a-Assemblea1-212x300.jpg 212w, https:\/\/agora.xtec.cat\/escola-lavitxeta\/wp-content\/uploads\/usu1195\/2a-Assemblea1-768x1086.jpg 768w, https:\/\/agora.xtec.cat\/escola-lavitxeta\/wp-content\/uploads\/usu1195\/2a-Assemblea1-724x1024.jpg 724w, https:\/\/agora.xtec.cat\/escola-lavitxeta\/wp-content\/uploads\/usu1195\/2a-Assemblea1.jpg 1587w\" sizes=\"auto, (max-width: 212px) 100vw, 212px\" \/><\/p>\n<p><span style=\"color: #0000ff;\"><strong>QU\u00c8 FEM?<\/strong><\/span><\/p>\n<p style=\"text-align: justify;\">\u00c9s una comissi\u00f3 que treballa per a desenvolupar el projecte de conviv\u00e8ncia del centre.<\/p>\n<p style=\"text-align: justify;\">Ho fem respectant totes les opinions de la comunitat i a partir del model dial\u00f2gic, primordial i necessari en una <a href=\"https:\/\/agora.xtec.cat\/escola-lavitxeta\/comunitat-daprenentatge-cda\/\">Comunitat d&#8217;Aprenentatge<\/a>. El di\u00e0leg \u00e9s fonamental i una eina per superar les desigualtats.<\/p>\n<p style=\"text-align: justify;\">Es basa tant en l&#8217;abordatge del conflicte com la seva prevenci\u00f3, igual o m\u00e9s important.<\/p>\n<p>&nbsp;<\/p>\n<p><span style=\"color: #0000ff;\"><strong>QUINS PROJECTES DUEM A TERME?<\/strong> <\/span><\/p>\n<p style=\"text-align: justify;\">Estem dissenyant el projecte de conviv\u00e8ncia de l&#8217;escola. El <strong>Projecte de conviv\u00e8ncia<\/strong> ha de reflectir les accions que el nostre centre educatiu desenvolupi per capacitar tots els alumnes i la resta de la comunitat escolar per a la conviv\u00e8ncia i la gesti\u00f3 positiva dels conflictes.<\/p>\n<p style=\"text-align: justify;\">Les accions que s\u2019hi proposen poden ser abordades des de <strong>tres nivells diferents: valors i actituds, resoluci\u00f3 de conflictes i el marc organitzatiu<\/strong>. Aix\u00ed mateix, aquestes accions han d\u2019anar adre\u00e7ades a la millora de la conviv\u00e8ncia en <strong>tres \u00e0mbits diferents,<\/strong> <strong>aula, centre i entorn<\/strong>, en el benent\u00e8s que la permeabilitat entre aquests tres \u00e0mbits d&#8217;intervenci\u00f3 afavoreix la transfer\u00e8ncia d&#8217;aprenentatges, valors, actituds i h\u00e0bits relacionals.<\/p>\n<p>M\u00e9s detalls a <a href=\"http:\/\/educacio.gencat.cat\/portal\/page\/portal\/Educacio\/PCentrePrivat\/PCPInici\/PCPProjectesEducatius\/PCPProjecteConvivencia\">Projecte de Conviv\u00e8ncia &#8211; Departament d&#8217;Educaci\u00f3<\/a><\/p>\n<p>&nbsp;<\/p>\n<p><span style=\"color: #0000ff;\"><strong>QUINS PROJECTES TENIM DE FUTUR?<\/strong> <\/span><\/p>\n<p>Crear un club de valents per a treballar, detectar i resoldre els conflictes d&#8217;una manera dial\u00f2gica.<\/p>\n<p>&nbsp;<\/p>\n<p><span style=\"color: #0000ff;\"><strong>QU\u00c8 PODEN FER LES PERSONES INTERESSADES?<\/strong> <\/span><\/p>\n<p>Ajudar en la recollida d&#8217;informaci\u00f3, la seva gesti\u00f3 i confecci\u00f3 del projecte de conviv\u00e8ncia.<\/p>\n<p>&nbsp;<\/p>\n<p><span style=\"color: #0000ff;\"><strong>ADRE\u00c7A ELECTR\u00d2NICA: <\/strong><\/span><a href=\"mailto:convivenciavitxeta@gmail.com\" target=\"_blank\" rel=\"noopener noreferrer\">convivenciavitxeta<span class=\"\">@gmail.com<\/span><\/a><\/p>\n<p style=\"text-align: left;\"><strong>Comissi\u00f3 mixta de conviv\u00e8ncia<\/strong><\/p>\n","protected":false},"excerpt":{"rendered":"<p>QU\u00c8 FEM?<br \/>\n\u00c9s una comissi\u00f3 que treballa per a desenvolupar el projecte de conviv\u00e8ncia del centre.<br \/>\nHo fem respectant totes les opinions de la comunitat i a partir del model dial\u00f2gic, primordial i necessari en una <a href=\"https:\/\/agora.xtec.cat\/escola-lavitxeta\/comunitat-daprenentatge-cda\/\">Comunitat d&#8217;Aprenentatge<\/a>. El di\u00e0leg \u00e9s fonamental i una eina per&hellip;  <a href=\"https:\/\/agora.xtec.cat\/escola-lavitxeta\/comissio-mixta-de-convivencia\/\" title=\"Read Comissi\u00f3 mixta de conviv\u00e8ncia\">Llegeix m\u00e9s\u00bb<\/a><\/p>\n","protected":false},"author":1,"featured_media":0,"parent":0,"menu_order":0,"comment_status":"closed","ping_status":"closed","template":"","meta":{"_bbp_topic_count":0,"_bbp_reply_count":0,"_bbp_total_topic_count":0,"_bbp_total_reply_count":0,"_bbp_voice_count":0,"_bbp_anonymous_reply_count":0,"_bbp_topic_count_hidden":0,"_bbp_reply_count_hidden":0,"_bbp_forum_subforum_count":0,"footnotes":""},"class_list":["post-35751","page","type-page","status-publish","hentry"],"post_mailing_queue_ids":[],"_links":{"self":[{"href":"https:\/\/agora.xtec.cat\/escola-lavitxeta\/wp-json\/wp\/v2\/pages\/35751","targetHints":{"allow":["GET"]}}],"collection":[{"href":"https:\/\/agora.xtec.cat\/escola-lavitxeta\/wp-json\/wp\/v2\/pages"}],"about":[{"href":"https:\/\/agora.xtec.cat\/escola-lavitxeta\/wp-json\/wp\/v2\/types\/page"}],"author":[{"embeddable":true,"href":"https:\/\/agora.xtec.cat\/escola-lavitxeta\/wp-json\/wp\/v2\/users\/1"}],"replies":[{"embeddable":true,"href":"https:\/\/agora.xtec.cat\/escola-lavitxeta\/wp-json\/wp\/v2\/comments?post=35751"}],"version-history":[{"count":3,"href":"https:\/\/agora.xtec.cat\/escola-lavitxeta\/wp-json\/wp\/v2\/pages\/35751\/revisions"}],"predecessor-version":[{"id":40921,"href":"https:\/\/agora.xtec.cat\/escola-lavitxeta\/wp-json\/wp\/v2\/pages\/35751\/revisions\/40921"}],"wp:attachment":[{"href":"https:\/\/agora.xtec.cat\/escola-lavitxeta\/wp-json\/wp\/v2\/media?parent=35751"}],"curies":[{"name":"wp","href":"https:\/\/api.w.org\/{rel}","templated":true}]}}