{"id":34,"date":"2014-09-18T12:32:18","date_gmt":"2014-09-18T10:32:18","guid":{"rendered":"http:\/\/agora.xtec.cat\/escola-lavitxeta\/?page_id=34"},"modified":"2022-11-04T08:36:59","modified_gmt":"2022-11-04T07:36:59","slug":"oferta-educativa","status":"publish","type":"page","link":"https:\/\/agora.xtec.cat\/escola-lavitxeta\/oferta-educativa\/","title":{"rendered":"Oferta educativa"},"content":{"rendered":"<h5 style=\"color: #444444; text-align: justify;\"><strong>L&#8217;escola La Vitxeta \u00e9s una escola p\u00fablica, la titularitat correspon a l&#8217;administraci\u00f3 p\u00fablica del Departament d&#8217;Educaci\u00f3 i compr\u00e8n l&#8217;etapa educativa dels 3 als 12 anys.<\/strong><\/h5>\n<p>&nbsp;<\/p>\n<p style=\"text-align: justify;\">Dins d&#8217;aquesta franja d&#8217;edat l&#8217;escola oferta dues l\u00ednies que comprenen les\u00a0<span style=\"text-decoration: underline;\"><strong>etapes d&#8217;infantil i prim\u00e0ria<\/strong><\/span>.<\/p>\n<h6 style=\"text-align: justify;\">ETAPA D&#8217;INFANTIL<\/h6>\n<p style=\"text-align: justify;\">L&#8217;educaci\u00f3 infantil \u00e9s l&#8217;etapa educativa <em><strong>preobligat\u00f2ria<\/strong><\/em> que s&#8217;imparteix als infants de 3 a 6 anys. S&#8217;organitza en \u00a0tres cursos:<\/p>\n<ul style=\"text-align: justify;\">\n<li>I3<\/li>\n<li>I4<\/li>\n<li>I5<\/li>\n<\/ul>\n<p style=\"text-align: justify;\"><strong>\u00c0rees de descoberta<\/strong><\/p>\n<ul style=\"text-align: justify;\">\n<li>Descoberta d\u2019un mateix i dels altres<\/li>\n<li>Descoberta de l\u2019entorn<\/li>\n<li>Comunicaci\u00f3 i llenguatges<\/li>\n<\/ul>\n<blockquote>\n<p style=\"text-align: justify;\"><em>Aquest\u00a0segon cicle d&#8217;educaci\u00f3 infantil, de car\u00e0cter gratu\u00eft, s&#8217;organitza\u00a0d&#8217;acord amb els principis d&#8217;educaci\u00f3 inclusiva i coeducadora. Fa una atenci\u00f3 especial a la diversitat dels infants, a la detecci\u00f3 preco\u00e7 de les necessitats educatives espec\u00edfiques, a la intervenci\u00f3 en les dificultats de desenvolupament tan bon punt es detecten i a la cooperaci\u00f3 estreta entre els centres i les fam\u00edlies.<\/em><\/p>\n<\/blockquote>\n<p style=\"text-align: right;\"><a href=\"http:\/\/dogc.gencat.cat\/ca\/pdogc_canals_interns\/pdogc_resultats_fitxa\/?action=fitxa&amp;documentId=516475&amp;_ga=2.171312740.598080150.1504510933-870203606.1499523806\">&#8220;Principis Generals. Decret 181\/2008, de 9 de setembre pel qual s&#8217;estableix l&#8217;ordenaci\u00f3 dels ensenyaments del segon cicle de l&#8217;educaci\u00f3 infantil&#8221;<\/a><\/p>\n<p>&nbsp;<\/p>\n<h6 style=\"text-align: justify;\">ETAPA DE PRIM\u00c0RIA<\/h6>\n<p style=\"text-align: justify;\">L&#8217;educaci\u00f3 prim\u00e0ria \u00e9s l&#8217;etapa educativa de <em><strong>car\u00e0cter obligatori<\/strong><\/em> i gratu\u00eft que compr\u00e8n sis cursos acad\u00e8mics i s&#8217;organitza en tres cicles de dos cursos:<\/p>\n<ul style=\"text-align: justify;\">\n<li>Grup mitjans: 1r, 2n i 3r<\/li>\n<li>Grup grans: 4t, 5\u00e8 i 6\u00e8<\/li>\n<\/ul>\n<p style=\"text-align: justify;\">Amb car\u00e0cter general, s&#8217;inicia l&#8217;any natural que es compleixen 6 anys i es cursa fins als 12 anys.<\/p>\n<blockquote>\n<p style=\"text-align: justify;\">La finalitat de l&#8217;educaci\u00f3 prim\u00e0ria \u00e9s preparar els alumnes perqu\u00e8 puguin donar respostes innovadores en una societat canviant i en evoluci\u00f3 constant. Els nens han d&#8217;aprendre a pensar i actuar de manera integrada, considerant les interconnexions i interrelacions entre els aprenentatges. S&#8217;ha de promoure, de manera transversal, l&#8217;adquisici\u00f3 d&#8217;h\u00e0bits i valors per resoldre problemes i situacions des de qualsevol de les \u00e0rees curriculars, s&#8217;ha de fomentar la iniciativa, la creativitat, l&#8217;esperit cr\u00edtic i el gust per aprendre, i s&#8217;ha de desenvolupar la capacitat de l&#8217;esfor\u00e7 i la cultura del treball.<\/p>\n<p style=\"text-align: justify;\">Els continguts de les \u00e0rees com a element fonamental per a l&#8217;assoliment de les compet\u00e8ncies s&#8217;organitzen amb un enfocament integral, multifuncional i transferible de coneixements, destreses i actituds que tots els individus necessiten per al seu desenvolupament personal i social. Aquests continguts degudament combinats i contextualitzats permeten assolir, en acabar l&#8217;ensenyament obligatori, les compet\u00e8ncies b\u00e0siques, la base per continuar l&#8217;aprenentatge al llarg de la vida i per poder desenvolupar projectes individuals i col\u00b7lectius.<\/p>\n<p style=\"text-align: justify;\">&#8220;<a title=\"V\u00e9s al DOGC\" href=\"http:\/\/dogc.gencat.cat\/ca\/pdogc_canals_interns\/pdogc_resultats_fitxa\/?action=fitxa&amp;mode=single&amp;documentId=696985&amp;language=ca_ES\" target=\"_blank\" rel=\"noopener noreferrer\">Decret 119\/2015, de 23 de juny<\/a>, pel qual s&#8217;estableix l&#8217;ordenaci\u00f3 dels ensenyaments de l&#8217;educaci\u00f3 prim\u00e0ria (DOGC n\u00fam.\u00a06900, de 26.6.2015)&#8221;<\/p>\n<\/blockquote>\n","protected":false},"excerpt":{"rendered":"<p>L&#8217;escola La Vitxeta \u00e9s una escola p\u00fablica, la titularitat correspon a l&#8217;administraci\u00f3 p\u00fablica del Departament d&#8217;Educaci\u00f3 i compr\u00e8n l&#8217;etapa educativa dels 3 als 12 anys.<br \/>\n&nbsp;<br \/>\nDins d&#8217;aquesta franja d&#8217;edat l&#8217;escola oferta dues l\u00ednies que comprenen les\u00a0etapes d&#8217;infantil i prim\u00e0ria.<br \/>\nETAPA D&#8217;INFANTIL<br \/>\nL&#8217;educaci\u00f3 infantil \u00e9s l&#8217;etapa educativa preobligat\u00f2ria que&hellip;  <a href=\"https:\/\/agora.xtec.cat\/escola-lavitxeta\/oferta-educativa\/\" title=\"Read Oferta educativa\">Llegeix m\u00e9s\u00bb<\/a><\/p>\n","protected":false},"author":1,"featured_media":0,"parent":0,"menu_order":2,"comment_status":"closed","ping_status":"closed","template":"page-templates\/side-menu.php","meta":{"_bbp_topic_count":0,"_bbp_reply_count":0,"_bbp_total_topic_count":0,"_bbp_total_reply_count":0,"_bbp_voice_count":0,"_bbp_anonymous_reply_count":0,"_bbp_topic_count_hidden":0,"_bbp_reply_count_hidden":0,"_bbp_forum_subforum_count":0,"footnotes":""},"class_list":["post-34","page","type-page","status-publish","hentry"],"post_mailing_queue_ids":[],"_links":{"self":[{"href":"https:\/\/agora.xtec.cat\/escola-lavitxeta\/wp-json\/wp\/v2\/pages\/34","targetHints":{"allow":["GET"]}}],"collection":[{"href":"https:\/\/agora.xtec.cat\/escola-lavitxeta\/wp-json\/wp\/v2\/pages"}],"about":[{"href":"https:\/\/agora.xtec.cat\/escola-lavitxeta\/wp-json\/wp\/v2\/types\/page"}],"author":[{"embeddable":true,"href":"https:\/\/agora.xtec.cat\/escola-lavitxeta\/wp-json\/wp\/v2\/users\/1"}],"replies":[{"embeddable":true,"href":"https:\/\/agora.xtec.cat\/escola-lavitxeta\/wp-json\/wp\/v2\/comments?post=34"}],"version-history":[{"count":4,"href":"https:\/\/agora.xtec.cat\/escola-lavitxeta\/wp-json\/wp\/v2\/pages\/34\/revisions"}],"predecessor-version":[{"id":48324,"href":"https:\/\/agora.xtec.cat\/escola-lavitxeta\/wp-json\/wp\/v2\/pages\/34\/revisions\/48324"}],"wp:attachment":[{"href":"https:\/\/agora.xtec.cat\/escola-lavitxeta\/wp-json\/wp\/v2\/media?parent=34"}],"curies":[{"name":"wp","href":"https:\/\/api.w.org\/{rel}","templated":true}]}}