{"id":28,"date":"2014-09-18T12:29:35","date_gmt":"2014-09-18T10:29:35","guid":{"rendered":"http:\/\/agora.xtec.cat\/escola-lavitxeta\/?page_id=28"},"modified":"2024-11-19T13:15:50","modified_gmt":"2024-11-19T12:15:50","slug":"consell-escolar","status":"publish","type":"page","link":"https:\/\/agora.xtec.cat\/escola-lavitxeta\/consell-escolar\/","title":{"rendered":"Consell escolar"},"content":{"rendered":"<h3><strong>Qu\u00e8 \u00e9s el Consell Escolar de Centre?<\/strong><\/h3>\n<p><a href=\"https:\/\/agora.xtec.cat\/escola-lavitxeta\/tag\/consell-escolar\/\"><strong>actes CONSELL ESCOLAR<\/strong><\/a><\/p>\n<p style=\"text-align: justify;\">El consell escolar del centre \u00e9s l\u2019<strong>\u00f2rgan col\u00b7legiat de participaci\u00f3<\/strong> de la comunitat escolar en el govern del centre. En el consell escolar hi ha representats tots els col\u00b7lectius que intervenen en la comunitat educativa: director o directora, professors, alumnes, personal d\u2019administraci\u00f3 i serveis, etc.<\/p>\n<p style=\"text-align: justify;\">En els <strong>centres p\u00fablics<\/strong>, la funci\u00f3 principal del consell escolar \u00e9s debatre i aprovar tots aquells temes importants per al funcionament i l\u2019organitzaci\u00f3 del centre: el projecte educatiu, el pla i la mem\u00f2ria anual de centre, el pressupost, etc. En el cas dels <strong>centres privats concertats<\/strong>, el consell escolar debat i aprova els temes a proposta de la titularitat del centre.<\/p>\n<p style=\"text-align: justify;\">Les persones del consell escolar s\u00f3n elegides per un per\u00edode de quatre anys i es renoven per meitats cada dos anys.<\/p>\n<h3 style=\"text-align: justify;\"><strong>Funcions del Consell Escolar de Centre<\/strong><\/h3>\n<p style=\"text-align: justify;\"><strong>1<\/strong>. Formular propostes a l\u2019equip directiu sobre la programaci\u00f3 anual del centre i aprovar el projecte educatiu, sens perjudici de les compet\u00e8ncies del claustre en relaci\u00f3 amb la planificaci\u00f3 i l\u2019organitzaci\u00f3 docent.<\/p>\n<p style=\"text-align: justify;\"><strong>2.<\/strong> Elaborar informes, a petici\u00f3 de l\u2019administraci\u00f3 competent, sobre el funcionament del centre i sobre aquells altres aspectes relacionats amb la seva activitat<\/p>\n<p style=\"text-align: justify;\"><strong>3.<\/strong> Participar en el proc\u00e9s d\u2019admissi\u00f3 d\u2019alumnes i vetllar perqu\u00e8 es realitzi segons marca la llei.<\/p>\n<p style=\"text-align: justify;\"><strong>4.<\/strong> Con\u00e8ixer la resoluci\u00f3 de conflictes disciplinaris i la imposici\u00f3 de sancions i vetllar perqu\u00e8 s\u2019atenguin a la llei vigent. Quan les mesures disciplin\u00e0ries adoptades pel director corresponguin aconductes de l\u2019alumnat que perjudiquin greument la conviv\u00e8ncia del centre, el consell escolar, a inst\u00e0ncia de pares o tutors, pot revisar la decisi\u00f3 adoptada i proposar, si s\u2019escau, les mesures oportunes.<\/p>\n<p style=\"text-align: justify;\"><strong>5.<\/strong> Aprovar el projecte de pressupost del centre i la seva liquidaci\u00f3.<\/p>\n<p style=\"text-align: justify;\"><strong>6.<\/strong> Promoure la conservaci\u00f3 i renovaci\u00f3 de les instal\u00b7lacions i equip escolar i aprovar l\u2019obtenci\u00f3 de recursos complementaris d\u2019acord amb el que estableix l\u2019article 122.3.<\/p>\n<p style=\"text-align: justify;\"><strong>7.<\/strong> Proposar les directrius per a la col\u00b7laboraci\u00f3, amb finalitats educatives i culturals, amb altres centres, entitats i organismes.<\/p>\n<p style=\"text-align: justify;\"><strong>8.<\/strong> Analitzar i valorar el funcionament general del centre, l\u2019evoluci\u00f3 del rendiment escolar i els resultats de l\u2019avaluaci\u00f3 del centre que faci l\u2019administraci\u00f3 educativa.<\/p>\n<p style=\"text-align: justify;\"><strong>9.<\/strong> Participar en la selecci\u00f3 del director del centre en els termes que estableix aquesta Llei. Ser informat del nomenament i cessament dels altres membres de l\u2019equip directiu. Si s\u2019escau, amb l\u2019acord previ dels seus membres, adoptat per majoria de dos ter\u00e7os, proposar la revocaci\u00f3 del nomenament del director.<\/p>\n<p style=\"text-align: justify;\"><strong>10<\/strong>. Proposar mesures i iniciatives que afavoreixin la conviv\u00e8ncia en el centre la igualtat entre homes i dones i la resoluci\u00f3 pac\u00edfica de conflictes en tots els \u00e0mbits de la vida personal, familiar i social.<\/p>\n<p style=\"text-align: justify;\"><strong>11.<\/strong> Qualsevol altra que li sigui atorgada per l\u2019administraci\u00f3 educativa.<\/p>\n<p style=\"text-align: justify;\"><strong>12<\/strong>. L\u2019establiment del nombre total de representants de cada sector en el consell escolar, tot respectant els criteris generals.<\/p>\n<p style=\"text-align: justify;\"><strong>13.<\/strong> Elecci\u00f3 dels representants, un d\u2019entre els quals haur\u00e0 de ser del sector dels pares i mares, per a la nova comissi\u00f3 de selecci\u00f3 de director.<\/p>\n<p style=\"text-align: justify;\"><strong>14.<\/strong> Els consells escolars de centre podran establir convenis de col\u00b7laboraci\u00f3 amb associacions culturals o entitats sense \u00e0nim de lucre per al desplegament d\u2019activitats extraescolars i complement\u00e0ries, en virtut d\u2019all\u00f2 que disposin les Administracions educatives.<\/p>\n<h3 style=\"text-align: justify;\"><strong>Qui en forma part?<\/strong><\/h3>\n<p><strong>Sector Administraci\u00f3:<\/strong><\/p>\n<ul>\n<li>Presidenta: <strong>Sra. Maria Horra<br \/>\n<\/strong><\/li>\n<li>Cap d\u2019estudis: <strong>Sra. Cristina Gil<br \/>\n<\/strong><\/li>\n<li>Secret\u00e0ria: <strong>Sr. Josep Basco<br \/>\n<\/strong><\/li>\n<li>Representant de l\u2019Ajuntament: <strong>Sra. Marta Branchat<\/strong><strong><br \/>\n<\/strong><\/li>\n<li>Representant del sector Personal d\u2019administraci\u00f3 i serveis, <strong>Sr. \u00c0lex Benages\u00a0<\/strong><strong><br \/>\n<\/strong><\/li>\n<\/ul>\n<p><strong>Sector professorat:<\/strong><\/p>\n<ul>\n<li><strong>Sra. Anna Pi\u00f1ana<\/strong><\/li>\n<li><strong>Sra. Susana Romero<\/strong><\/li>\n<li><strong>Sra. Nat\u00e0lia Rofes<\/strong><\/li>\n<li><strong>Sra. Noelia Beas<\/strong><\/li>\n<\/ul>\n<p><strong style=\"font-family: inherit; font-size: 1em;\">Sector pares\/mares<\/strong><\/p>\n<ul>\n<li>Representant de l\u2019associaci\u00f3 de pares i mares: <strong>Sra. Jacob Pellisa Pascual<\/strong><strong><br \/>\n<\/strong><\/li>\n<li><strong>Sra. Alba Rodrigo<\/strong><\/li>\n<li><strong>Sra. Anna Mas<\/strong><\/li>\n<li><strong>Sra. Merc\u00e8 Vallverd\u00fa<br \/>\n<\/strong><\/li>\n<li><strong>Sr. Joaquim Miquel<\/strong><strong><br \/>\n<\/strong><\/li>\n<\/ul>\n<blockquote>\n<p style=\"text-align: justify;\">Els representants del sector Mares i Pares al <span class=\"il\">Consell<\/span> <span class=\"il\">Escolar<\/span> posen a la vostra disposici\u00f3 l&#8217;adre\u00e7a de correu electr\u00f2nic: <a href=\"mailto:consellamipavitxeta@gmail.com\" target=\"_blank\" rel=\"noopener noreferrer\">consellamipavitxeta@gmail.com<\/a> perqu\u00e8 feu arribar les vostres preguntes, queixes, dubtes o suggeriments i es presentin al ple del <span class=\"il\">Consell<\/span> <span class=\"il\">Escolar.<\/span><\/p>\n<\/blockquote>\n<p>Articles relacionats:\u00a0<a href=\"https:\/\/agora.xtec.cat\/escola-lavitxeta\/tag\/consell-escolar\/\">Consell Escolar<\/a><\/p>\n","protected":false},"excerpt":{"rendered":"<p>Qu\u00e8 \u00e9s el Consell Escolar de Centre?<br \/>\n<a href=\"https:\/\/agora.xtec.cat\/escola-lavitxeta\/tag\/consell-escolar\/\">actes CONSELL ESCOLAR<\/a><br \/>\nEl consell escolar del centre \u00e9s l\u2019\u00f2rgan col\u00b7legiat de participaci\u00f3 de la comunitat escolar en el govern del centre. En el consell escolar hi ha representats tots els col\u00b7lectius que intervenen en la comunitat educativa: director&hellip;  <a href=\"https:\/\/agora.xtec.cat\/escola-lavitxeta\/consell-escolar\/\" title=\"Read Consell escolar\">Llegeix m\u00e9s\u00bb<\/a><\/p>\n","protected":false},"author":1,"featured_media":0,"parent":0,"menu_order":5,"comment_status":"closed","ping_status":"closed","template":"page-templates\/side-menu.php","meta":{"_bbp_topic_count":0,"_bbp_reply_count":0,"_bbp_total_topic_count":0,"_bbp_total_reply_count":0,"_bbp_voice_count":0,"_bbp_anonymous_reply_count":0,"_bbp_topic_count_hidden":0,"_bbp_reply_count_hidden":0,"_bbp_forum_subforum_count":0,"footnotes":""},"class_list":["post-28","page","type-page","status-publish","hentry"],"post_mailing_queue_ids":[],"_links":{"self":[{"href":"https:\/\/agora.xtec.cat\/escola-lavitxeta\/wp-json\/wp\/v2\/pages\/28","targetHints":{"allow":["GET"]}}],"collection":[{"href":"https:\/\/agora.xtec.cat\/escola-lavitxeta\/wp-json\/wp\/v2\/pages"}],"about":[{"href":"https:\/\/agora.xtec.cat\/escola-lavitxeta\/wp-json\/wp\/v2\/types\/page"}],"author":[{"embeddable":true,"href":"https:\/\/agora.xtec.cat\/escola-lavitxeta\/wp-json\/wp\/v2\/users\/1"}],"replies":[{"embeddable":true,"href":"https:\/\/agora.xtec.cat\/escola-lavitxeta\/wp-json\/wp\/v2\/comments?post=28"}],"version-history":[{"count":6,"href":"https:\/\/agora.xtec.cat\/escola-lavitxeta\/wp-json\/wp\/v2\/pages\/28\/revisions"}],"predecessor-version":[{"id":49436,"href":"https:\/\/agora.xtec.cat\/escola-lavitxeta\/wp-json\/wp\/v2\/pages\/28\/revisions\/49436"}],"wp:attachment":[{"href":"https:\/\/agora.xtec.cat\/escola-lavitxeta\/wp-json\/wp\/v2\/media?parent=28"}],"curies":[{"name":"wp","href":"https:\/\/api.w.org\/{rel}","templated":true}]}}