{"id":24,"date":"2014-09-18T12:23:15","date_gmt":"2014-09-18T10:23:15","guid":{"rendered":"http:\/\/agora.xtec.cat\/escola-lavitxeta\/?page_id=24"},"modified":"2019-09-09T20:19:06","modified_gmt":"2019-09-09T18:19:06","slug":"on-som","status":"publish","type":"page","link":"https:\/\/agora.xtec.cat\/escola-lavitxeta\/on-som\/","title":{"rendered":"On som"},"content":{"rendered":"<p style=\"color: #666666;\"><strong>Escola La Vitxeta<\/strong><br \/>\nCam\u00ed de la Selva del Camp, 6<br \/>\n43206 Reus<\/p>\n<p>Tel.\u00a0977 327539<br \/>\n<a href=\"mailto:e3010505@xtec.cat\">e3010505@xtec.cat<\/a><\/p>\n<p style=\"text-align: justify;\">L&#8217;<strong>Escola La Vitxeta<\/strong> es troba situada al <a href=\"http:\/\/www.reus.cat\/cami-de-la-selva\">Cam\u00ed de la Selva del Camp<\/a>, al costat de la Urbanitzaci\u00f3 Sant Joan i les pistes de tennis i p\u00e0del del Reus Deportiu. L&#8217;acc\u00e9s al centre es pot fer de forma c\u00f2moda pel carrer Ventura i Gassol, amb voreres adequades per tot tipus de vehicles (bicicletes, patins, patinets&#8230;). A l&#8217;entrada principal de l&#8217;escola disposeu de p\u00e0rquing pels mateixos si fos necessari.<\/p>\n<p style=\"text-align: justify;\">D&#8217;altra banda tamb\u00e9 es pot arribar a l&#8217;escola per l&#8217;antic pas a nivell de la via, davant del carrer de l&#8217;hospitalera, que tot i no tenir barreres m\u00f2bils, disposa d&#8217;indicacions lluminoses que cal respectar per creuar amb seguretat. Aquest acc\u00e9s no est\u00e0 condicionat pel pas de vehicles.<\/p>\n<p style=\"text-align: justify;\">El curs 2018\/19 se&#8217;ns va concedir dels &#8220;<a href=\"http:\/\/agora.xtec.cat\/escola-lavitxeta\/general\/projecte-reordenacio-dels-accessos-a-lescola\/\">Pressupostos Participatius de l&#8217;Ajuntament de Reus<\/a>&#8221; l&#8217;arranjament de la zona del p\u00e0rquing i acc\u00e9s a l&#8217;escola. Durant l&#8217;estiu 2019 s&#8217;han dut a terme les obres.<\/p>\n<p style=\"text-align: justify;\">Normativa d&#8217;\u00fas:<\/p>\n<ul>\n<li style=\"text-align: justify;\">Aquells alumnes que fan 3r o d&#8217;altres cursos superiors podeu fer \u00fas del carril <em>Kiss&amp;Ride<\/em>, \u00e9s un carril d&#8217;aturada r\u00e0pida per tal que els alumnes vagin sols cap a les fileres. L&#8217;aturada \u00e9s inferior a 30 segons.<\/li>\n<li style=\"text-align: justify;\">Amb l&#8217;autoritzaci\u00f3 corresponent podeu fer \u00fas del mateix carril a les sortides dels alumnes. (a les 12h., 16h. i a les 17h).<\/li>\n<li style=\"text-align: justify;\">Per aquells que necessiteu aparcar el cotxe una estona m\u00e9s prolongada fer-ho en els espais senyalitzats i, si us plau respecteu els aparcaments de motos aix\u00ed com les cru\u00eflles, zones de vianants o parada d&#8217;autob\u00fas.<\/li>\n<li style=\"text-align: justify;\">El p\u00e0rquing de terra t\u00e9 un \u00fanic acc\u00e9s d&#8217;entrada i sortida (tocant a les pistes de tennis). Eviteu d&#8217;aparcar just a l&#8217;entrada\/sortida.<\/li>\n<\/ul>\n<p style=\"text-align: justify;\">Recordeu que la Urbanitzaci\u00f3 Sant Joan no est\u00e0 lluny i que tamb\u00e9 \u00e9s un lloc a on es pot aparcar. Respecteu l&#8217;acc\u00e9s al barri i no hi aparqueu al cam\u00ed.<\/p>\n<p style=\"text-align: justify;\">Us demanem que sigueu respectuosos per a una millor conviv\u00e8ncia i un bon \u00fas d&#8217;aquest arranjament que gaudirem tots plegats.<\/p>\n<p>Us adjuntem un <a href=\"https:\/\/agora.xtec.cat\/escola-lavitxeta\/wp-content\/uploads\/usu1195\/2019\/09\/Nou-acc\u00e8s-Vitxeta.pdf\">fullet\u00f3 informatiu<\/a> que ha facilitat la <a href=\"http:\/\/agora.xtec.cat\/escola-lavitxeta\/comissio-mixta-dinfraestructures-i-equipaments\/\">Comissi\u00f3 d&#8217;Infraestructures<\/a>.<\/p>\n<p><iframe loading=\"lazy\" style=\"border: 0;\" src=\"https:\/\/www.google.com\/maps\/embed?pb=!1m18!1m12!1m3!1d6007.406852714778!2d1.1068306197462086!3d41.162822339106235!2m3!1f0!2f0!3f0!3m2!1i1024!2i768!4f13.1!3m3!1m2!1s0x12a151aa9f6a8b73%3A0xf8289e8fc1fc4455!2sCentre+D'educacio+Infantil+I+Primaria+la+Vitxeta!5e0!3m2!1sca!2ses!4v1504270341040\" width=\"600\" height=\"450\" frameborder=\"0\" allowfullscreen=\"allowfullscreen\"><\/iframe><\/p>\n<p style=\"text-align: justify;\"><strong>Caminant:<\/strong>\u00a0Pas pel carrer Ventura i Gassol, Urb Sant Joan. Podreu accedir-hi amb vehicles (bicicletes, patins i patinets, carrer asfaltat amb voreres condicionades)<\/p>\n<p><strong>Bus:<\/strong> L\u00ednia 32 i l\u00ednia 40 (instituts, nom\u00e9s al mat\u00ed)<\/p>\n<p><strong>Horaris:<\/strong> <a href=\"http:\/\/www.reustransports.cat\">Reus Transports<\/a><\/p>\n","protected":false},"excerpt":{"rendered":"<p>Escola La Vitxeta<br \/>\nCam\u00ed de la Selva del Camp, 6<br \/>\n43206 Reus<br \/>\nTel.\u00a0977 327539<br \/>\n<a href=\"mailto:e3010505@xtec.cat\">e3010505@xtec.cat<\/a><br \/>\nL&#8217;Escola La Vitxeta es troba situada al <a href=\"http:\/\/www.reus.cat\/cami-de-la-selva\">Cam\u00ed de la Selva del Camp<\/a>, al costat de la Urbanitzaci\u00f3 Sant Joan i les pistes de tennis i p\u00e0del del Reus Deportiu. L&#8217;acc\u00e9s al centre&hellip;  <a href=\"https:\/\/agora.xtec.cat\/escola-lavitxeta\/on-som\/\" title=\"Read On som\">Llegeix m\u00e9s\u00bb<\/a><\/p>\n","protected":false},"author":1,"featured_media":0,"parent":0,"menu_order":1,"comment_status":"closed","ping_status":"closed","template":"page-templates\/side-menu.php","meta":{"_bbp_topic_count":0,"_bbp_reply_count":0,"_bbp_total_topic_count":0,"_bbp_total_reply_count":0,"_bbp_voice_count":0,"_bbp_anonymous_reply_count":0,"_bbp_topic_count_hidden":0,"_bbp_reply_count_hidden":0,"_bbp_forum_subforum_count":0,"footnotes":""},"class_list":["post-24","page","type-page","status-publish","hentry"],"post_mailing_queue_ids":[],"_links":{"self":[{"href":"https:\/\/agora.xtec.cat\/escola-lavitxeta\/wp-json\/wp\/v2\/pages\/24","targetHints":{"allow":["GET"]}}],"collection":[{"href":"https:\/\/agora.xtec.cat\/escola-lavitxeta\/wp-json\/wp\/v2\/pages"}],"about":[{"href":"https:\/\/agora.xtec.cat\/escola-lavitxeta\/wp-json\/wp\/v2\/types\/page"}],"author":[{"embeddable":true,"href":"https:\/\/agora.xtec.cat\/escola-lavitxeta\/wp-json\/wp\/v2\/users\/1"}],"replies":[{"embeddable":true,"href":"https:\/\/agora.xtec.cat\/escola-lavitxeta\/wp-json\/wp\/v2\/comments?post=24"}],"version-history":[{"count":3,"href":"https:\/\/agora.xtec.cat\/escola-lavitxeta\/wp-json\/wp\/v2\/pages\/24\/revisions"}],"predecessor-version":[{"id":40687,"href":"https:\/\/agora.xtec.cat\/escola-lavitxeta\/wp-json\/wp\/v2\/pages\/24\/revisions\/40687"}],"wp:attachment":[{"href":"https:\/\/agora.xtec.cat\/escola-lavitxeta\/wp-json\/wp\/v2\/media?parent=24"}],"curies":[{"name":"wp","href":"https:\/\/api.w.org\/{rel}","templated":true}]}}