{"id":77,"date":"2014-09-18T14:05:08","date_gmt":"2014-09-18T13:05:08","guid":{"rendered":"http:\/\/agora.xtec.cat\/escola-lallantia\/?page_id=77"},"modified":"2024-10-22T16:34:09","modified_gmt":"2024-10-22T14:34:09","slug":"acollida","status":"publish","type":"page","link":"https:\/\/agora.xtec.cat\/escola-lallantia\/serveis\/acollida\/","title":{"rendered":"Acollida"},"content":{"rendered":"<p>&nbsp;<\/p>\n<p><a href=\"https:\/\/agora.xtec.cat\/escola-lallantia\/serveis\/acollida\/attachment\/logo-enlleurat\/\" rel=\"attachment wp-att-2000\"><img loading=\"lazy\" decoding=\"async\" class=\"wp-image-2002 alignright\" src=\"https:\/\/agora.xtec.cat\/escola-lallantia\/wp-content\/uploads\/usu2434\/2024\/10\/logo-ENLLEURAT.png\" alt=\"\" width=\"107\" height=\"107\" srcset=\"https:\/\/agora.xtec.cat\/escola-lallantia\/wp-content\/uploads\/usu2434\/2024\/10\/logo-ENLLEURAT.png 500w, https:\/\/agora.xtec.cat\/escola-lallantia\/wp-content\/uploads\/usu2434\/2024\/10\/logo-ENLLEURAT-300x300.png 300w, https:\/\/agora.xtec.cat\/escola-lallantia\/wp-content\/uploads\/usu2434\/2024\/10\/logo-ENLLEURAT-150x150.png 150w\" sizes=\"auto, (max-width: 107px) 100vw, 107px\" \/><\/a><\/p>\n<p>SERVEI D\u2019ACOLLIDA<\/p>\n<p>L\u2019Associaci\u00f3 Enlleura\u2019t \u00e9s l\u2019entitat que realitza les acollides matinals i de tardes de l\u2019escola, sota la gesti\u00f3 i supervisi\u00f3 de l\u2019AMPA i l\u2019equip directiu de l\u2019escola.<\/p>\n<p>Es tracta d\u2019un servei que aposta per una oferta de qualitat amb un equip de monitors engrescador i professionals.<\/p>\n<p><strong>INFORMACIONS GENERAL 2024-25<\/strong><\/p>\n<ul>\n<li>El servei d\u2019acollida matinal comen\u00e7ar\u00e0 amb el curs escolar del 9 de setembre de 2024 fins al 20 de juny de 2025. Del primer al darrer dia de curs.<\/li>\n<li>L\u2019acollida matinal ser\u00e0 de 8:00 a 9:00h.<\/li>\n<li>Els monitors\/es entreguen els infants d\u2019infantil a les aules i els de prim\u00e0ria els acompanyen fins al seu passad\u00eds.<\/li>\n<li>No cal avisar al coordinador si algun alumne vol utilitzar el servei espor\u00e0dic.<\/li>\n<li>L\u2019atenci\u00f3 a les fam\u00edlies per part del coordinador ser\u00e0 mitjan\u00e7ant el tel\u00e8fon 622730051<\/li>\n<\/ul>\n<p><a href=\"https:\/\/agora.xtec.cat\/escola-lallantia\/serveis\/acollida\/attachment\/acollida-matinal\/\" rel=\"attachment wp-att-2035\"><img loading=\"lazy\" decoding=\"async\" class=\"aligncenter wp-image-2035\" src=\"https:\/\/agora.xtec.cat\/escola-lallantia\/wp-content\/uploads\/usu2434\/2024\/10\/Acollida-matinal.jpg\" alt=\"\" width=\"714\" height=\"402\" srcset=\"https:\/\/agora.xtec.cat\/escola-lallantia\/wp-content\/uploads\/usu2434\/2024\/10\/Acollida-matinal.jpg 1920w, https:\/\/agora.xtec.cat\/escola-lallantia\/wp-content\/uploads\/usu2434\/2024\/10\/Acollida-matinal-300x169.jpg 300w, https:\/\/agora.xtec.cat\/escola-lallantia\/wp-content\/uploads\/usu2434\/2024\/10\/Acollida-matinal-1024x576.jpg 1024w, https:\/\/agora.xtec.cat\/escola-lallantia\/wp-content\/uploads\/usu2434\/2024\/10\/Acollida-matinal-768x432.jpg 768w, https:\/\/agora.xtec.cat\/escola-lallantia\/wp-content\/uploads\/usu2434\/2024\/10\/Acollida-matinal-1536x864.jpg 1536w\" sizes=\"auto, (max-width: 714px) 100vw, 714px\" \/><\/a><\/p>\n","protected":false},"excerpt":{"rendered":"<p>&nbsp; SERVEI D\u2019ACOLLIDA L\u2019Associaci\u00f3 Enlleura\u2019t \u00e9s l\u2019entitat que realitza les acollides matinals i de tardes de l\u2019escola, sota la gesti\u00f3 i supervisi\u00f3 de l\u2019AMPA i l\u2019equip directiu de l\u2019escola. Es tracta d\u2019un servei que aposta per una oferta de qualitat amb un equip de monitors engrescador i professionals. INFORMACIONS GENERAL 2024-25 El servei d\u2019acollida matinal [&hellip;]<\/p>\n","protected":false},"author":1,"featured_media":0,"parent":66,"menu_order":20,"comment_status":"closed","ping_status":"closed","template":"page-templates\/side-menu.php","meta":{"_bbp_topic_count":0,"_bbp_reply_count":0,"_bbp_total_topic_count":0,"_bbp_total_reply_count":0,"_bbp_voice_count":0,"_bbp_anonymous_reply_count":0,"_bbp_topic_count_hidden":0,"_bbp_reply_count_hidden":0,"_bbp_forum_subforum_count":0,"site-sidebar-layout":"default","site-content-layout":"","ast-site-content-layout":"","site-content-style":"default","site-sidebar-style":"default","ast-global-header-display":"","ast-banner-title-visibility":"","ast-main-header-display":"","ast-hfb-above-header-display":"","ast-hfb-below-header-display":"","ast-hfb-mobile-header-display":"","site-post-title":"","ast-breadcrumbs-content":"","ast-featured-img":"","footer-sml-layout":"","theme-transparent-header-meta":"","adv-header-id-meta":"","stick-header-meta":"","header-above-stick-meta":"","header-main-stick-meta":"","header-below-stick-meta":"","astra-migrate-meta-layouts":"default","ast-page-background-enabled":"default","ast-page-background-meta":{"desktop":{"background-color":"var(--ast-global-color-4)","background-image":"","background-repeat":"repeat","background-position":"center center","background-size":"auto","background-attachment":"scroll","background-type":"","background-media":"","overlay-type":"","overlay-color":"","overlay-opacity":"","overlay-gradient":""},"tablet":{"background-color":"","background-image":"","background-repeat":"repeat","background-position":"center center","background-size":"auto","background-attachment":"scroll","background-type":"","background-media":"","overlay-type":"","overlay-color":"","overlay-opacity":"","overlay-gradient":""},"mobile":{"background-color":"","background-image":"","background-repeat":"repeat","background-position":"center center","background-size":"auto","background-attachment":"scroll","background-type":"","background-media":"","overlay-type":"","overlay-color":"","overlay-opacity":"","overlay-gradient":""}},"ast-content-background-meta":{"desktop":{"background-color":"var(--ast-global-color-5)","background-image":"","background-repeat":"repeat","background-position":"center center","background-size":"auto","background-attachment":"scroll","background-type":"","background-media":"","overlay-type":"","overlay-color":"","overlay-opacity":"","overlay-gradient":""},"tablet":{"background-color":"var(--ast-global-color-5)","background-image":"","background-repeat":"repeat","background-position":"center center","background-size":"auto","background-attachment":"scroll","background-type":"","background-media":"","overlay-type":"","overlay-color":"","overlay-opacity":"","overlay-gradient":""},"mobile":{"background-color":"var(--ast-global-color-5)","background-image":"","background-repeat":"repeat","background-position":"center center","background-size":"auto","background-attachment":"scroll","background-type":"","background-media":"","overlay-type":"","overlay-color":"","overlay-opacity":"","overlay-gradient":""}},"footnotes":""},"class_list":["post-77","page","type-page","status-publish","hentry"],"post_mailing_queue_ids":[],"_links":{"self":[{"href":"https:\/\/agora.xtec.cat\/escola-lallantia\/wp-json\/wp\/v2\/pages\/77","targetHints":{"allow":["GET"]}}],"collection":[{"href":"https:\/\/agora.xtec.cat\/escola-lallantia\/wp-json\/wp\/v2\/pages"}],"about":[{"href":"https:\/\/agora.xtec.cat\/escola-lallantia\/wp-json\/wp\/v2\/types\/page"}],"author":[{"embeddable":true,"href":"https:\/\/agora.xtec.cat\/escola-lallantia\/wp-json\/wp\/v2\/users\/1"}],"replies":[{"embeddable":true,"href":"https:\/\/agora.xtec.cat\/escola-lallantia\/wp-json\/wp\/v2\/comments?post=77"}],"version-history":[{"count":6,"href":"https:\/\/agora.xtec.cat\/escola-lallantia\/wp-json\/wp\/v2\/pages\/77\/revisions"}],"predecessor-version":[{"id":2071,"href":"https:\/\/agora.xtec.cat\/escola-lallantia\/wp-json\/wp\/v2\/pages\/77\/revisions\/2071"}],"up":[{"embeddable":true,"href":"https:\/\/agora.xtec.cat\/escola-lallantia\/wp-json\/wp\/v2\/pages\/66"}],"wp:attachment":[{"href":"https:\/\/agora.xtec.cat\/escola-lallantia\/wp-json\/wp\/v2\/media?parent=77"}],"curies":[{"name":"wp","href":"https:\/\/api.w.org\/{rel}","templated":true}]}}