{"id":543,"date":"2021-02-03T12:16:25","date_gmt":"2021-02-03T11:16:25","guid":{"rendered":"https:\/\/agora.xtec.cat\/escola-lallantia\/?page_id=543"},"modified":"2024-11-14T13:17:19","modified_gmt":"2024-11-14T12:17:19","slug":"xarxa-competencies-basiques","status":"publish","type":"page","link":"https:\/\/agora.xtec.cat\/escola-lallantia\/xarxa-competencies-basiques\/","title":{"rendered":"Xarxa compet\u00e8ncies b\u00e0siques"},"content":{"rendered":"<header class=\"entry-header \"><\/header>\n<div class=\"entry-content clear\">\n<h5><\/h5>\n<h5><a href=\"https:\/\/agora.xtec.cat\/escola-lallantia\/logo-xarxa-competencies-basiques-1024x362\/\"><img loading=\"lazy\" decoding=\"async\" class=\"wp-image-1984 alignright\" src=\"https:\/\/agora.xtec.cat\/escola-lallantia\/wp-content\/uploads\/usu2434\/2024\/10\/logo-xarxa-competencies-basiques-1024x362-1.png\" alt=\"\" width=\"246\" height=\"87\" srcset=\"https:\/\/agora.xtec.cat\/escola-lallantia\/wp-content\/uploads\/usu2434\/2024\/10\/logo-xarxa-competencies-basiques-1024x362-1.png 1024w, https:\/\/agora.xtec.cat\/escola-lallantia\/wp-content\/uploads\/usu2434\/2024\/10\/logo-xarxa-competencies-basiques-1024x362-1-300x106.png 300w, https:\/\/agora.xtec.cat\/escola-lallantia\/wp-content\/uploads\/usu2434\/2024\/10\/logo-xarxa-competencies-basiques-1024x362-1-768x272.png 768w\" sizes=\"auto, (max-width: 246px) 100vw, 246px\" \/><\/a><\/h5>\n<h5><strong>Qui som?<\/strong><\/h5>\n<p>La Xarxa de Compet\u00e8ncies B\u00e0siques est\u00e0 formada per un grup de docents que reflexionem i actuem en equip per transformar l\u2019escola en un espai que afavoreixi l\u2019aprenentatge.<\/p>\n<h5><strong>Qu\u00e8 fem?<\/strong><\/h5>\n<ul>\n<li>Promovem la creaci\u00f3 d\u2019espais pedag\u00f2gics en el si dels centres per apoderar els equips docents.<\/li>\n<li>Fomentem l\u2019intercanvi d\u2019experi\u00e8ncies i la creaci\u00f3 de sabers compartits.<\/li>\n<li>Compartim un modalitat de formaci\u00f3 docent entre iguals i en xarxa, per millorar els aprenentatges de l\u2019alumnat.<\/li>\n<\/ul>\n<h5><strong>Per qu\u00e8 ho fem?<\/strong><\/h5>\n<ul>\n<li>Perqu\u00e8 volem afavorir que tots els alumnes aprenguin m\u00e9s i millor.<\/li>\n<li>Perqu\u00e8 creiem que l\u2019alumne ha de ser el protagonista del seu aprenentatge.<\/li>\n<li>Perqu\u00e8 entenem l\u2019avaluaci\u00f3 com un proc\u00e9s \u00fatil per aprendre.<\/li>\n<li>Perqu\u00e8 sabem que treballant en equip s\u2019apr\u00e8n m\u00e9s i millor.<\/li>\n<li>Perqu\u00e8, en un m\u00f3n global, s\u2019ha d\u2019afavorir l\u2019adquisici\u00f3 d\u2019aprenentatges aut\u00e8ntics, no fragmentats.<br \/>\n<h5><strong><img loading=\"lazy\" decoding=\"async\" class=\"wp-image-8861 alignright\" src=\"https:\/\/projectes.xtec.cat\/xarxacb\/wp-content\/uploads\/usu1277\/2021\/08\/logo-petit-blanc-xcb.jpg\" alt=\"\" width=\"73\" height=\"75\" \/><\/strong><\/h5>\n<\/li>\n<li>Perqu\u00e8, en un m\u00f3n canviant, volem fomentar la iniciativa, l\u2019esperit cr\u00edtic, la creativitat i el gust per aprendre.<\/li>\n<li>Perqu\u00e8 volem que els nostres alumnes siguin competents per continuar aprenent al llarg de tota la vida.<\/li>\n<li>Perqu\u00e8 sabem que cada alumne \u00e9s \u00fanic i tenim altes expectatives per a tots i cadascun d\u2019ells.<\/li>\n<\/ul>\n<\/div>\n","protected":false},"excerpt":{"rendered":"<p>Qui som? La Xarxa de Compet\u00e8ncies B\u00e0siques est\u00e0 formada per un grup de docents que reflexionem i actuem en equip per transformar l\u2019escola en un espai que afavoreixi l\u2019aprenentatge. Qu\u00e8 fem? Promovem la creaci\u00f3 d\u2019espais pedag\u00f2gics en el si dels centres per apoderar els equips docents. Fomentem l\u2019intercanvi d\u2019experi\u00e8ncies i la creaci\u00f3 de sabers compartits. [&hellip;]<\/p>\n","protected":false},"author":1,"featured_media":0,"parent":0,"menu_order":0,"comment_status":"closed","ping_status":"closed","template":"","meta":{"_bbp_topic_count":0,"_bbp_reply_count":0,"_bbp_total_topic_count":0,"_bbp_total_reply_count":0,"_bbp_voice_count":0,"_bbp_anonymous_reply_count":0,"_bbp_topic_count_hidden":0,"_bbp_reply_count_hidden":0,"_bbp_forum_subforum_count":0,"site-sidebar-layout":"default","site-content-layout":"","ast-site-content-layout":"","site-content-style":"default","site-sidebar-style":"default","ast-global-header-display":"","ast-banner-title-visibility":"","ast-main-header-display":"","ast-hfb-above-header-display":"","ast-hfb-below-header-display":"","ast-hfb-mobile-header-display":"","site-post-title":"","ast-breadcrumbs-content":"","ast-featured-img":"","footer-sml-layout":"","theme-transparent-header-meta":"","adv-header-id-meta":"","stick-header-meta":"","header-above-stick-meta":"","header-main-stick-meta":"","header-below-stick-meta":"","astra-migrate-meta-layouts":"default","ast-page-background-enabled":"default","ast-page-background-meta":{"desktop":{"background-color":"var(--ast-global-color-4)","background-image":"","background-repeat":"repeat","background-position":"center center","background-size":"auto","background-attachment":"scroll","background-type":"","background-media":"","overlay-type":"","overlay-color":"","overlay-opacity":"","overlay-gradient":""},"tablet":{"background-color":"","background-image":"","background-repeat":"repeat","background-position":"center center","background-size":"auto","background-attachment":"scroll","background-type":"","background-media":"","overlay-type":"","overlay-color":"","overlay-opacity":"","overlay-gradient":""},"mobile":{"background-color":"","background-image":"","background-repeat":"repeat","background-position":"center center","background-size":"auto","background-attachment":"scroll","background-type":"","background-media":"","overlay-type":"","overlay-color":"","overlay-opacity":"","overlay-gradient":""}},"ast-content-background-meta":{"desktop":{"background-color":"var(--ast-global-color-5)","background-image":"","background-repeat":"repeat","background-position":"center center","background-size":"auto","background-attachment":"scroll","background-type":"","background-media":"","overlay-type":"","overlay-color":"","overlay-opacity":"","overlay-gradient":""},"tablet":{"background-color":"var(--ast-global-color-5)","background-image":"","background-repeat":"repeat","background-position":"center center","background-size":"auto","background-attachment":"scroll","background-type":"","background-media":"","overlay-type":"","overlay-color":"","overlay-opacity":"","overlay-gradient":""},"mobile":{"background-color":"var(--ast-global-color-5)","background-image":"","background-repeat":"repeat","background-position":"center center","background-size":"auto","background-attachment":"scroll","background-type":"","background-media":"","overlay-type":"","overlay-color":"","overlay-opacity":"","overlay-gradient":""}},"footnotes":""},"class_list":["post-543","page","type-page","status-publish","hentry"],"post_mailing_queue_ids":[],"_links":{"self":[{"href":"https:\/\/agora.xtec.cat\/escola-lallantia\/wp-json\/wp\/v2\/pages\/543","targetHints":{"allow":["GET"]}}],"collection":[{"href":"https:\/\/agora.xtec.cat\/escola-lallantia\/wp-json\/wp\/v2\/pages"}],"about":[{"href":"https:\/\/agora.xtec.cat\/escola-lallantia\/wp-json\/wp\/v2\/types\/page"}],"author":[{"embeddable":true,"href":"https:\/\/agora.xtec.cat\/escola-lallantia\/wp-json\/wp\/v2\/users\/1"}],"replies":[{"embeddable":true,"href":"https:\/\/agora.xtec.cat\/escola-lallantia\/wp-json\/wp\/v2\/comments?post=543"}],"version-history":[{"count":2,"href":"https:\/\/agora.xtec.cat\/escola-lallantia\/wp-json\/wp\/v2\/pages\/543\/revisions"}],"predecessor-version":[{"id":2126,"href":"https:\/\/agora.xtec.cat\/escola-lallantia\/wp-json\/wp\/v2\/pages\/543\/revisions\/2126"}],"wp:attachment":[{"href":"https:\/\/agora.xtec.cat\/escola-lallantia\/wp-json\/wp\/v2\/media?parent=543"}],"curies":[{"name":"wp","href":"https:\/\/api.w.org\/{rel}","templated":true}]}}