{"id":541,"date":"2021-02-03T12:16:03","date_gmt":"2021-02-03T11:16:03","guid":{"rendered":"https:\/\/agora.xtec.cat\/escola-lallantia\/?page_id=541"},"modified":"2024-10-22T10:10:25","modified_gmt":"2024-10-22T08:10:25","slug":"biblioteca-punt-edu","status":"publish","type":"page","link":"https:\/\/agora.xtec.cat\/escola-lallantia\/lescola\/instal%c2%b7lacions\/biblioteca-punt-edu\/","title":{"rendered":"Biblioteca puntedu"},"content":{"rendered":"<p>DURANT AQUEST CURS HEM REFORMAT LA NOSTRA BIBLIOTECA.<\/p>\n<p>S&#8217;ha tret mobiliari antic i s&#8217;ofereixen dos espais diferenciats de treball:<\/p>\n<ul>\n<li>Un de lectura relaxades fent servir coixins i estores.<\/li>\n<li>Sobretaula per continuar llegint asseguts.<\/li>\n<\/ul>\n<p>Tots\/es els\/les nostres alumnes tenen reservada una franja hor\u00e0ria per poder assistir a la biblioteca, aix\u00ed mateix s&#8217;ofereix pr\u00e8stec i estona de lectura a les hores d&#8217;esbarjo.<a href=\"https:\/\/agora.xtec.cat\/escola-lallantia\/biblioteca-punt-edu\/attachment\/whatsapp-image-2024-03-03-at-12-49-00-2\/\" rel=\"attachment wp-att-1867\"><img loading=\"lazy\" decoding=\"async\" class=\"aligncenter size-full wp-image-1867\" src=\"https:\/\/agora.xtec.cat\/escola-lallantia\/wp-content\/uploads\/usu2434\/2024\/03\/WhatsApp-Image-2024-03-03-at-12.49.00-2.jpeg\" alt=\"\" width=\"2048\" height=\"1536\" srcset=\"https:\/\/agora.xtec.cat\/escola-lallantia\/wp-content\/uploads\/usu2434\/2024\/03\/WhatsApp-Image-2024-03-03-at-12.49.00-2.jpeg 2048w, https:\/\/agora.xtec.cat\/escola-lallantia\/wp-content\/uploads\/usu2434\/2024\/03\/WhatsApp-Image-2024-03-03-at-12.49.00-2-300x225.jpeg 300w, https:\/\/agora.xtec.cat\/escola-lallantia\/wp-content\/uploads\/usu2434\/2024\/03\/WhatsApp-Image-2024-03-03-at-12.49.00-2-1024x768.jpeg 1024w, https:\/\/agora.xtec.cat\/escola-lallantia\/wp-content\/uploads\/usu2434\/2024\/03\/WhatsApp-Image-2024-03-03-at-12.49.00-2-768x576.jpeg 768w, https:\/\/agora.xtec.cat\/escola-lallantia\/wp-content\/uploads\/usu2434\/2024\/03\/WhatsApp-Image-2024-03-03-at-12.49.00-2-1536x1152.jpeg 1536w, https:\/\/agora.xtec.cat\/escola-lallantia\/wp-content\/uploads\/usu2434\/2024\/03\/WhatsApp-Image-2024-03-03-at-12.49.00-2-200x150.jpeg 200w\" sizes=\"auto, (max-width: 2048px) 100vw, 2048px\" \/><\/a> <a href=\"https:\/\/agora.xtec.cat\/escola-lallantia\/biblioteca-punt-edu\/attachment\/whatsapp-image-2024-03-03-at-12-49-00-1\/\" rel=\"attachment wp-att-1868\"><img loading=\"lazy\" decoding=\"async\" class=\"aligncenter size-full wp-image-1868\" src=\"https:\/\/agora.xtec.cat\/escola-lallantia\/wp-content\/uploads\/usu2434\/2024\/03\/WhatsApp-Image-2024-03-03-at-12.49.00-1.jpeg\" alt=\"\" width=\"2000\" height=\"1500\" srcset=\"https:\/\/agora.xtec.cat\/escola-lallantia\/wp-content\/uploads\/usu2434\/2024\/03\/WhatsApp-Image-2024-03-03-at-12.49.00-1.jpeg 2000w, https:\/\/agora.xtec.cat\/escola-lallantia\/wp-content\/uploads\/usu2434\/2024\/03\/WhatsApp-Image-2024-03-03-at-12.49.00-1-300x225.jpeg 300w, https:\/\/agora.xtec.cat\/escola-lallantia\/wp-content\/uploads\/usu2434\/2024\/03\/WhatsApp-Image-2024-03-03-at-12.49.00-1-1024x768.jpeg 1024w, https:\/\/agora.xtec.cat\/escola-lallantia\/wp-content\/uploads\/usu2434\/2024\/03\/WhatsApp-Image-2024-03-03-at-12.49.00-1-768x576.jpeg 768w, https:\/\/agora.xtec.cat\/escola-lallantia\/wp-content\/uploads\/usu2434\/2024\/03\/WhatsApp-Image-2024-03-03-at-12.49.00-1-1536x1152.jpeg 1536w, https:\/\/agora.xtec.cat\/escola-lallantia\/wp-content\/uploads\/usu2434\/2024\/03\/WhatsApp-Image-2024-03-03-at-12.49.00-1-200x150.jpeg 200w\" sizes=\"auto, (max-width: 2000px) 100vw, 2000px\" \/><\/a> <a href=\"https:\/\/agora.xtec.cat\/escola-lallantia\/biblioteca-punt-edu\/attachment\/whatsapp-image-2024-03-03-at-12-49-00\/\" rel=\"attachment wp-att-1869\"><img loading=\"lazy\" decoding=\"async\" class=\"aligncenter size-full wp-image-1869\" src=\"https:\/\/agora.xtec.cat\/escola-lallantia\/wp-content\/uploads\/usu2434\/2024\/03\/WhatsApp-Image-2024-03-03-at-12.49.00.jpeg\" alt=\"\" width=\"2048\" height=\"1536\" srcset=\"https:\/\/agora.xtec.cat\/escola-lallantia\/wp-content\/uploads\/usu2434\/2024\/03\/WhatsApp-Image-2024-03-03-at-12.49.00.jpeg 2048w, https:\/\/agora.xtec.cat\/escola-lallantia\/wp-content\/uploads\/usu2434\/2024\/03\/WhatsApp-Image-2024-03-03-at-12.49.00-300x225.jpeg 300w, https:\/\/agora.xtec.cat\/escola-lallantia\/wp-content\/uploads\/usu2434\/2024\/03\/WhatsApp-Image-2024-03-03-at-12.49.00-1024x768.jpeg 1024w, https:\/\/agora.xtec.cat\/escola-lallantia\/wp-content\/uploads\/usu2434\/2024\/03\/WhatsApp-Image-2024-03-03-at-12.49.00-768x576.jpeg 768w, https:\/\/agora.xtec.cat\/escola-lallantia\/wp-content\/uploads\/usu2434\/2024\/03\/WhatsApp-Image-2024-03-03-at-12.49.00-1536x1152.jpeg 1536w, https:\/\/agora.xtec.cat\/escola-lallantia\/wp-content\/uploads\/usu2434\/2024\/03\/WhatsApp-Image-2024-03-03-at-12.49.00-200x150.jpeg 200w\" sizes=\"auto, (max-width: 2048px) 100vw, 2048px\" \/><\/a><\/p>\n","protected":false},"excerpt":{"rendered":"<p>DURANT AQUEST CURS HEM REFORMAT LA NOSTRA BIBLIOTECA. S&#8217;ha tret mobiliari antic i s&#8217;ofereixen dos espais diferenciats de treball: Un de lectura relaxades fent servir coixins i estores. Sobretaula per continuar llegint asseguts. Tots\/es els\/les nostres alumnes tenen reservada una franja hor\u00e0ria per poder assistir a la biblioteca, aix\u00ed mateix s&#8217;ofereix pr\u00e8stec i estona de [&hellip;]<\/p>\n","protected":false},"author":1,"featured_media":0,"parent":30,"menu_order":0,"comment_status":"closed","ping_status":"closed","template":"","meta":{"_bbp_topic_count":0,"_bbp_reply_count":0,"_bbp_total_topic_count":0,"_bbp_total_reply_count":0,"_bbp_voice_count":0,"_bbp_anonymous_reply_count":0,"_bbp_topic_count_hidden":0,"_bbp_reply_count_hidden":0,"_bbp_forum_subforum_count":0,"site-sidebar-layout":"default","site-content-layout":"","ast-site-content-layout":"","site-content-style":"default","site-sidebar-style":"default","ast-global-header-display":"","ast-banner-title-visibility":"","ast-main-header-display":"","ast-hfb-above-header-display":"","ast-hfb-below-header-display":"","ast-hfb-mobile-header-display":"","site-post-title":"","ast-breadcrumbs-content":"","ast-featured-img":"","footer-sml-layout":"","theme-transparent-header-meta":"","adv-header-id-meta":"","stick-header-meta":"","header-above-stick-meta":"","header-main-stick-meta":"","header-below-stick-meta":"","astra-migrate-meta-layouts":"default","ast-page-background-enabled":"default","ast-page-background-meta":{"desktop":{"background-color":"var(--ast-global-color-4)","background-image":"","background-repeat":"repeat","background-position":"center center","background-size":"auto","background-attachment":"scroll","background-type":"","background-media":"","overlay-type":"","overlay-color":"","overlay-opacity":"","overlay-gradient":""},"tablet":{"background-color":"","background-image":"","background-repeat":"repeat","background-position":"center center","background-size":"auto","background-attachment":"scroll","background-type":"","background-media":"","overlay-type":"","overlay-color":"","overlay-opacity":"","overlay-gradient":""},"mobile":{"background-color":"","background-image":"","background-repeat":"repeat","background-position":"center center","background-size":"auto","background-attachment":"scroll","background-type":"","background-media":"","overlay-type":"","overlay-color":"","overlay-opacity":"","overlay-gradient":""}},"ast-content-background-meta":{"desktop":{"background-color":"var(--ast-global-color-5)","background-image":"","background-repeat":"repeat","background-position":"center center","background-size":"auto","background-attachment":"scroll","background-type":"","background-media":"","overlay-type":"","overlay-color":"","overlay-opacity":"","overlay-gradient":""},"tablet":{"background-color":"var(--ast-global-color-5)","background-image":"","background-repeat":"repeat","background-position":"center center","background-size":"auto","background-attachment":"scroll","background-type":"","background-media":"","overlay-type":"","overlay-color":"","overlay-opacity":"","overlay-gradient":""},"mobile":{"background-color":"var(--ast-global-color-5)","background-image":"","background-repeat":"repeat","background-position":"center center","background-size":"auto","background-attachment":"scroll","background-type":"","background-media":"","overlay-type":"","overlay-color":"","overlay-opacity":"","overlay-gradient":""}},"footnotes":""},"class_list":["post-541","page","type-page","status-publish","hentry"],"post_mailing_queue_ids":[],"_links":{"self":[{"href":"https:\/\/agora.xtec.cat\/escola-lallantia\/wp-json\/wp\/v2\/pages\/541","targetHints":{"allow":["GET"]}}],"collection":[{"href":"https:\/\/agora.xtec.cat\/escola-lallantia\/wp-json\/wp\/v2\/pages"}],"about":[{"href":"https:\/\/agora.xtec.cat\/escola-lallantia\/wp-json\/wp\/v2\/types\/page"}],"author":[{"embeddable":true,"href":"https:\/\/agora.xtec.cat\/escola-lallantia\/wp-json\/wp\/v2\/users\/1"}],"replies":[{"embeddable":true,"href":"https:\/\/agora.xtec.cat\/escola-lallantia\/wp-json\/wp\/v2\/comments?post=541"}],"version-history":[{"count":4,"href":"https:\/\/agora.xtec.cat\/escola-lallantia\/wp-json\/wp\/v2\/pages\/541\/revisions"}],"predecessor-version":[{"id":2066,"href":"https:\/\/agora.xtec.cat\/escola-lallantia\/wp-json\/wp\/v2\/pages\/541\/revisions\/2066"}],"up":[{"embeddable":true,"href":"https:\/\/agora.xtec.cat\/escola-lallantia\/wp-json\/wp\/v2\/pages\/30"}],"wp:attachment":[{"href":"https:\/\/agora.xtec.cat\/escola-lallantia\/wp-json\/wp\/v2\/media?parent=541"}],"curies":[{"name":"wp","href":"https:\/\/api.w.org\/{rel}","templated":true}]}}