{"id":36,"date":"2014-09-18T12:33:11","date_gmt":"2014-09-18T11:33:11","guid":{"rendered":"http:\/\/agora.xtec.cat\/escola-lallantia\/?page_id=36"},"modified":"2026-01-18T18:09:52","modified_gmt":"2026-01-18T17:09:52","slug":"material-escolar","status":"publish","type":"page","link":"https:\/\/agora.xtec.cat\/escola-lallantia\/lescola\/material-escolar\/","title":{"rendered":"Material escolar"},"content":{"rendered":"<p>Descripci\u00f3 i enumeraci\u00f3 del material escolar que els alumnes i fam\u00edlies necessitaran per al nivell educatiu corresponent, \u00e9s recomanable diferenciar les diferents tipologies de material escolar necessari (llibres de text, lectures, dispositius digitals, material de taller, de dibuix\u2026).<\/p>\n<p><a href=\"https:\/\/agora.xtec.cat\/escola-lallantia\/lescola\/material-escolar\/attachment\/material-2\/\" rel=\"attachment wp-att-2013\"><img loading=\"lazy\" decoding=\"async\" class=\"size-full wp-image-2013 alignleft\" src=\"https:\/\/agora.xtec.cat\/escola-lallantia\/wp-content\/uploads\/usu2434\/2024\/10\/MATERIAL-1.png\" alt=\"\" width=\"531\" height=\"405\" srcset=\"https:\/\/agora.xtec.cat\/escola-lallantia\/wp-content\/uploads\/usu2434\/2024\/10\/MATERIAL-1.png 531w, https:\/\/agora.xtec.cat\/escola-lallantia\/wp-content\/uploads\/usu2434\/2024\/10\/MATERIAL-1-300x229.png 300w\" sizes=\"auto, (max-width: 531px) 100vw, 531px\" \/><\/a><\/p>\n<p>&nbsp;<\/p>\n<p>&nbsp;<\/p>\n<p>&nbsp;<\/p>\n<p>&nbsp;<\/p>\n<p>&nbsp;<\/p>\n<p>&nbsp;<\/p>\n<p>&nbsp;<\/p>\n<p>&nbsp;<\/p>\n<p>&nbsp;<\/p>\n<p>&nbsp;<\/p>\n<h3><strong>Material per cursos:<\/strong><\/h3>\n<p>Aqui teniu enlla\u00e7ats els diferents materials que necessiteu en funci\u00f3 del curs del vostre fill\/a:<\/p>\n<table style=\"border-collapse: collapse; width: 32.8757%; height: 98px;\">\n<tbody>\n<tr style=\"height: 32px;\">\n<td style=\"width: 2.71605%; height: 32px; text-align: center;\"><a href=\"https:\/\/drive.google.com\/file\/d\/15pywRhkQepkAwVeXBKIAerjEZTmdDxd3\/view?usp=drive_link\">I3<\/a><\/td>\n<td style=\"width: 2.78872%; height: 32px; text-align: center;\"><a href=\"https:\/\/drive.google.com\/file\/d\/1r2f1LY9eZDjVs2SPOSDLbhjfvYawp7Ds\/view?usp=drive_link\">I4<\/a><\/td>\n<td style=\"width: 3.00656%; height: 32px; text-align: center;\"><a href=\"https:\/\/drive.google.com\/file\/d\/1vgzRzeZOlojOwXCVqfmIgwTSlfpdgVbR\/view?usp=drive_link\">I5<\/a><\/td>\n<td style=\"width: 3.42466%; height: 32px;\"><a href=\"https:\/\/drive.google.com\/file\/d\/1i_CQ0eTDXf0gKYHuRYjic1ChxCQ-nNhw\/view?usp=drive_link\">1r<\/a><\/td>\n<td style=\"width: 3.42466%; height: 32px; text-align: center;\"><a href=\"https:\/\/drive.google.com\/file\/d\/1C9Pzj-8sS0m-z0FVR8y8iXNEHe84BoKn\/view?usp=drive_link\">2n<\/a><\/td>\n<\/tr>\n<tr style=\"height: 32px;\">\n<td style=\"width: 2.71605%; height: 32px; text-align: center;\"><a href=\"https:\/\/drive.google.com\/file\/d\/1fWizmIrMb8C9MbahKXegblAMnphRiLK2\/view?usp=drive_link\">3r<\/a><\/td>\n<td style=\"width: 2.78872%; height: 32px; text-align: center;\"><a href=\"https:\/\/drive.google.com\/file\/d\/1fWizmIrMb8C9MbahKXegblAMnphRiLK2\/view?usp=drive_link\">4t<\/a><\/td>\n<td style=\"width: 3.00656%; height: 32px; text-align: center;\"><a href=\"https:\/\/drive.google.com\/file\/d\/1S4ewbwi-iyJq7gRrwCXld8WZQFDf-cYH\/view?usp=sharing\">5\u00e8<\/a><\/td>\n<td style=\"width: 3.42466%; height: 32px; text-align: center;\"><a href=\"https:\/\/drive.google.com\/file\/d\/1NFyb06USyRlgNxWsqriHndh9OO4baYyQ\/view?usp=drive_link\">6\u00e8<\/a><\/td>\n<td style=\"width: 3.42466%; height: 32px;\"><\/td>\n<\/tr>\n<\/tbody>\n<\/table>\n<p>&nbsp;<\/p>\n","protected":false},"excerpt":{"rendered":"<p>Descripci\u00f3 i enumeraci\u00f3 del material escolar que els alumnes i fam\u00edlies necessitaran per al nivell educatiu corresponent, \u00e9s recomanable diferenciar les diferents tipologies de material escolar necessari (llibres de text, lectures, dispositius digitals, material de taller, de dibuix\u2026). &nbsp; &nbsp; &nbsp; &nbsp; &nbsp; &nbsp; &nbsp; &nbsp; &nbsp; &nbsp; Material per cursos: Aqui teniu enlla\u00e7ats els [&hellip;]<\/p>\n","protected":false},"author":1,"featured_media":0,"parent":22,"menu_order":70,"comment_status":"closed","ping_status":"closed","template":"page-templates\/side-menu.php","meta":{"_bbp_topic_count":0,"_bbp_reply_count":0,"_bbp_total_topic_count":0,"_bbp_total_reply_count":0,"_bbp_voice_count":0,"_bbp_anonymous_reply_count":0,"_bbp_topic_count_hidden":0,"_bbp_reply_count_hidden":0,"_bbp_forum_subforum_count":0,"site-sidebar-layout":"default","site-content-layout":"","ast-site-content-layout":"","site-content-style":"default","site-sidebar-style":"default","ast-global-header-display":"","ast-banner-title-visibility":"","ast-main-header-display":"","ast-hfb-above-header-display":"","ast-hfb-below-header-display":"","ast-hfb-mobile-header-display":"","site-post-title":"","ast-breadcrumbs-content":"","ast-featured-img":"","footer-sml-layout":"","theme-transparent-header-meta":"","adv-header-id-meta":"","stick-header-meta":"","header-above-stick-meta":"","header-main-stick-meta":"","header-below-stick-meta":"","astra-migrate-meta-layouts":"default","ast-page-background-enabled":"default","ast-page-background-meta":{"desktop":{"background-color":"var(--ast-global-color-4)","background-image":"","background-repeat":"repeat","background-position":"center center","background-size":"auto","background-attachment":"scroll","background-type":"","background-media":"","overlay-type":"","overlay-color":"","overlay-opacity":"","overlay-gradient":""},"tablet":{"background-color":"","background-image":"","background-repeat":"repeat","background-position":"center center","background-size":"auto","background-attachment":"scroll","background-type":"","background-media":"","overlay-type":"","overlay-color":"","overlay-opacity":"","overlay-gradient":""},"mobile":{"background-color":"","background-image":"","background-repeat":"repeat","background-position":"center center","background-size":"auto","background-attachment":"scroll","background-type":"","background-media":"","overlay-type":"","overlay-color":"","overlay-opacity":"","overlay-gradient":""}},"ast-content-background-meta":{"desktop":{"background-color":"var(--ast-global-color-5)","background-image":"","background-repeat":"repeat","background-position":"center center","background-size":"auto","background-attachment":"scroll","background-type":"","background-media":"","overlay-type":"","overlay-color":"","overlay-opacity":"","overlay-gradient":""},"tablet":{"background-color":"var(--ast-global-color-5)","background-image":"","background-repeat":"repeat","background-position":"center center","background-size":"auto","background-attachment":"scroll","background-type":"","background-media":"","overlay-type":"","overlay-color":"","overlay-opacity":"","overlay-gradient":""},"mobile":{"background-color":"var(--ast-global-color-5)","background-image":"","background-repeat":"repeat","background-position":"center center","background-size":"auto","background-attachment":"scroll","background-type":"","background-media":"","overlay-type":"","overlay-color":"","overlay-opacity":"","overlay-gradient":""}},"footnotes":""},"class_list":["post-36","page","type-page","status-publish","hentry"],"post_mailing_queue_ids":[],"_links":{"self":[{"href":"https:\/\/agora.xtec.cat\/escola-lallantia\/wp-json\/wp\/v2\/pages\/36","targetHints":{"allow":["GET"]}}],"collection":[{"href":"https:\/\/agora.xtec.cat\/escola-lallantia\/wp-json\/wp\/v2\/pages"}],"about":[{"href":"https:\/\/agora.xtec.cat\/escola-lallantia\/wp-json\/wp\/v2\/types\/page"}],"author":[{"embeddable":true,"href":"https:\/\/agora.xtec.cat\/escola-lallantia\/wp-json\/wp\/v2\/users\/1"}],"replies":[{"embeddable":true,"href":"https:\/\/agora.xtec.cat\/escola-lallantia\/wp-json\/wp\/v2\/comments?post=36"}],"version-history":[{"count":5,"href":"https:\/\/agora.xtec.cat\/escola-lallantia\/wp-json\/wp\/v2\/pages\/36\/revisions"}],"predecessor-version":[{"id":2621,"href":"https:\/\/agora.xtec.cat\/escola-lallantia\/wp-json\/wp\/v2\/pages\/36\/revisions\/2621"}],"up":[{"embeddable":true,"href":"https:\/\/agora.xtec.cat\/escola-lallantia\/wp-json\/wp\/v2\/pages\/22"}],"wp:attachment":[{"href":"https:\/\/agora.xtec.cat\/escola-lallantia\/wp-json\/wp\/v2\/media?parent=36"}],"curies":[{"name":"wp","href":"https:\/\/api.w.org\/{rel}","templated":true}]}}