{"id":1723,"date":"2023-11-06T16:15:49","date_gmt":"2023-11-06T15:15:49","guid":{"rendered":"https:\/\/agora.xtec.cat\/escola-lallantia\/?page_id=1723"},"modified":"2024-10-17T12:32:37","modified_gmt":"2024-10-17T10:32:37","slug":"sabers-i-criteris-davaluacio","status":"publish","type":"page","link":"https:\/\/agora.xtec.cat\/escola-lallantia\/sabers-i-criteris-davaluacio\/","title":{"rendered":"Sabers i criteris d&#8217;avaluaci\u00f3"},"content":{"rendered":"<table style=\"border-collapse: collapse; width: 38.5739%;\">\n<tbody>\n<tr>\n<td style=\"width: 17.8405%; text-align: center;\"><span style=\"font-size: 16px;\">Educaci\u00f3 Infantil<\/span><\/td>\n<td style=\"width: 4.8399%; text-align: center;\"><a style=\"color: #2795b6; font-size: 16px;\" href=\"https:\/\/agora.xtec.cat\/escola-lallantia\/wp-content\/uploads\/usu2434\/2023\/11\/Criteris-I3.pdf\">I3<\/a><\/td>\n<td style=\"width: 8.24744%; text-align: center;\"><span style=\"font-size: 16px;\">\u00a0<\/span><a style=\"color: #2795b6; font-size: 16px;\" href=\"https:\/\/agora.xtec.cat\/escola-lallantia\/wp-content\/uploads\/usu2434\/2023\/11\/Criteris-I4.docx.pdf\">I4\u00a0<\/a><span style=\"font-size: 16px;\">\u00a0<\/span><\/td>\n<td style=\"width: 7.64608%; text-align: center;\"><span style=\"font-size: 16px;\">\u00a0<\/span><a style=\"color: #2795b6; font-size: 16px;\" href=\"https:\/\/agora.xtec.cat\/escola-lallantia\/wp-content\/uploads\/usu2434\/2023\/11\/Criteris-I5.pdf\">I5<\/a><\/td>\n<\/tr>\n<tr>\n<td style=\"width: 17.8405%; text-align: center;\"><span style=\"font-size: 16px; background-color: #ffffff;\">Educaci\u00f3 Prim\u00e0ria<\/span><\/td>\n<td style=\"width: 4.8399%; text-align: center;\">C.Inicial<\/td>\n<td style=\"width: 8.24744%; text-align: center;\"><a style=\"color: #2795b6; font-size: 16px;\" href=\"https:\/\/agora.xtec.cat\/escola-lallantia\/wp-content\/uploads\/usu2434\/2023\/11\/Criteris-1r.pdf\">1r\u00a0<\/a><\/td>\n<td style=\"width: 7.64608%; text-align: center;\"><a style=\"color: #2795b6; font-size: 16px;\" href=\"https:\/\/agora.xtec.cat\/escola-lallantia\/wp-content\/uploads\/usu2434\/2023\/11\/Criteris-2n.pdf\">2n<\/a><\/td>\n<\/tr>\n<tr>\n<td style=\"width: 17.8405%; text-align: center;\"><\/td>\n<td style=\"width: 4.8399%; text-align: center;\">C. Mitj\u00e0<\/td>\n<td style=\"width: 8.24744%; text-align: center;\"><a style=\"color: #2795b6; font-size: 16px;\" href=\"https:\/\/agora.xtec.cat\/escola-lallantia\/wp-content\/uploads\/usu2434\/2023\/11\/Criteris-3r.pdf\">3r<\/a><\/td>\n<td style=\"width: 7.64608%; text-align: center;\"><a style=\"color: #2795b6; font-size: 16px;\" href=\"https:\/\/agora.xtec.cat\/escola-lallantia\/wp-content\/uploads\/usu2434\/2023\/11\/Criteris-4t.pdf\">4t<\/a><\/td>\n<\/tr>\n<tr>\n<td style=\"width: 17.8405%; text-align: center;\"><\/td>\n<td style=\"width: 4.8399%; text-align: center;\">C. Superior<\/td>\n<td style=\"width: 8.24744%; text-align: center;\"><a style=\"color: #2795b6; font-size: 16px;\" href=\"https:\/\/agora.xtec.cat\/escola-lallantia\/wp-content\/uploads\/usu2434\/2023\/11\/Criteris-5e.pdf\">5\u00e8<\/a><\/td>\n<td style=\"width: 7.64608%; text-align: center;\"><a style=\"color: #2795b6; font-size: 16px;\" href=\"https:\/\/agora.xtec.cat\/escola-lallantia\/wp-content\/uploads\/usu2434\/2023\/11\/Criteris-6e.pdf\">6\u00e8<\/a><\/td>\n<\/tr>\n<\/tbody>\n<\/table>\n<p>&nbsp;<\/p>\n","protected":false},"excerpt":{"rendered":"<p>Educaci\u00f3 Infantil I3 \u00a0I4\u00a0\u00a0 \u00a0I5 Educaci\u00f3 Prim\u00e0ria C.Inicial 1r\u00a0 2n C. Mitj\u00e0 3r 4t C. Superior 5\u00e8 6\u00e8 &nbsp;<\/p>\n","protected":false},"author":1,"featured_media":0,"parent":0,"menu_order":0,"comment_status":"closed","ping_status":"closed","template":"","meta":{"_bbp_topic_count":0,"_bbp_reply_count":0,"_bbp_total_topic_count":0,"_bbp_total_reply_count":0,"_bbp_voice_count":0,"_bbp_anonymous_reply_count":0,"_bbp_topic_count_hidden":0,"_bbp_reply_count_hidden":0,"_bbp_forum_subforum_count":0,"site-sidebar-layout":"default","site-content-layout":"","ast-site-content-layout":"","site-content-style":"default","site-sidebar-style":"default","ast-global-header-display":"","ast-banner-title-visibility":"","ast-main-header-display":"","ast-hfb-above-header-display":"","ast-hfb-below-header-display":"","ast-hfb-mobile-header-display":"","site-post-title":"","ast-breadcrumbs-content":"","ast-featured-img":"","footer-sml-layout":"","theme-transparent-header-meta":"","adv-header-id-meta":"","stick-header-meta":"","header-above-stick-meta":"","header-main-stick-meta":"","header-below-stick-meta":"","astra-migrate-meta-layouts":"default","ast-page-background-enabled":"default","ast-page-background-meta":{"desktop":{"background-color":"var(--ast-global-color-4)","background-image":"","background-repeat":"repeat","background-position":"center center","background-size":"auto","background-attachment":"scroll","background-type":"","background-media":"","overlay-type":"","overlay-color":"","overlay-opacity":"","overlay-gradient":""},"tablet":{"background-color":"","background-image":"","background-repeat":"repeat","background-position":"center center","background-size":"auto","background-attachment":"scroll","background-type":"","background-media":"","overlay-type":"","overlay-color":"","overlay-opacity":"","overlay-gradient":""},"mobile":{"background-color":"","background-image":"","background-repeat":"repeat","background-position":"center center","background-size":"auto","background-attachment":"scroll","background-type":"","background-media":"","overlay-type":"","overlay-color":"","overlay-opacity":"","overlay-gradient":""}},"ast-content-background-meta":{"desktop":{"background-color":"var(--ast-global-color-5)","background-image":"","background-repeat":"repeat","background-position":"center center","background-size":"auto","background-attachment":"scroll","background-type":"","background-media":"","overlay-type":"","overlay-color":"","overlay-opacity":"","overlay-gradient":""},"tablet":{"background-color":"var(--ast-global-color-5)","background-image":"","background-repeat":"repeat","background-position":"center center","background-size":"auto","background-attachment":"scroll","background-type":"","background-media":"","overlay-type":"","overlay-color":"","overlay-opacity":"","overlay-gradient":""},"mobile":{"background-color":"var(--ast-global-color-5)","background-image":"","background-repeat":"repeat","background-position":"center center","background-size":"auto","background-attachment":"scroll","background-type":"","background-media":"","overlay-type":"","overlay-color":"","overlay-opacity":"","overlay-gradient":""}},"footnotes":""},"class_list":["post-1723","page","type-page","status-publish","hentry"],"post_mailing_queue_ids":[],"_links":{"self":[{"href":"https:\/\/agora.xtec.cat\/escola-lallantia\/wp-json\/wp\/v2\/pages\/1723","targetHints":{"allow":["GET"]}}],"collection":[{"href":"https:\/\/agora.xtec.cat\/escola-lallantia\/wp-json\/wp\/v2\/pages"}],"about":[{"href":"https:\/\/agora.xtec.cat\/escola-lallantia\/wp-json\/wp\/v2\/types\/page"}],"author":[{"embeddable":true,"href":"https:\/\/agora.xtec.cat\/escola-lallantia\/wp-json\/wp\/v2\/users\/1"}],"replies":[{"embeddable":true,"href":"https:\/\/agora.xtec.cat\/escola-lallantia\/wp-json\/wp\/v2\/comments?post=1723"}],"version-history":[{"count":6,"href":"https:\/\/agora.xtec.cat\/escola-lallantia\/wp-json\/wp\/v2\/pages\/1723\/revisions"}],"predecessor-version":[{"id":2044,"href":"https:\/\/agora.xtec.cat\/escola-lallantia\/wp-json\/wp\/v2\/pages\/1723\/revisions\/2044"}],"wp:attachment":[{"href":"https:\/\/agora.xtec.cat\/escola-lallantia\/wp-json\/wp\/v2\/media?parent=1723"}],"curies":[{"name":"wp","href":"https:\/\/api.w.org\/{rel}","templated":true}]}}