{"id":912,"date":"2022-12-14T16:49:31","date_gmt":"2022-12-14T15:49:31","guid":{"rendered":"https:\/\/agora.xtec.cat\/escola-lagullola\/?page_id=912"},"modified":"2023-04-14T11:58:58","modified_gmt":"2023-04-14T09:58:58","slug":"estrategia-digital-de-centre-edc","status":"publish","type":"page","link":"https:\/\/agora.xtec.cat\/escola-lagullola\/projecte-educatiu\/estrategia-digital-de-centre-edc\/","title":{"rendered":"Estrat\u00e8gia digital de Centre (EDC)"},"content":{"rendered":"<p dir=\"ltr\">L&#8217;Estrat\u00e8gia Digital de Centre (EDC)\u00a0 s\u2019emmarca dins el Pla d\u2019Educaci\u00f3 Digital de Catalunya (PEDC), el qual persegueix la fita d\u2019aconseguir una societat digitalment competent fent \u00e8mfasi en l\u2019equitat i tenint en compte l\u2019evoluci\u00f3 del context social i tecnol\u00f2gic.<\/p>\n<p dir=\"ltr\">Partint d&#8217;aqu\u00ed, l&#8217;EDC \u00e9s un document que recull i concreta totes aquelles accions que es realitzen i es pretenen realitzar a mitj\u00e0 termini a l\u2019escola en relaci\u00f3 la compet\u00e8ncia digital.<\/p>\n<p dir=\"ltr\"><a href=\"https:\/\/sites.google.com\/d\/1cJjGORH9tlLbp6HgKsB6z2rMXjpHKCsK\/p\/1rhm44yxghr-NhBeH8TcWMJHCaNnKtU2V\/edit\" target=\"_blank\" rel=\"noopener\"><strong>ENLLA\u00c7<\/strong><\/a><\/p>\n","protected":false},"excerpt":{"rendered":"<p>L&#8217;Estrat\u00e8gia Digital de Centre (EDC)\u00a0 s\u2019emmarca dins el Pla d\u2019Educaci\u00f3 Digital de Catalunya (PEDC), el qual persegueix la fita d\u2019aconseguir una societat digitalment competent fent \u00e8mfasi en l\u2019equitat i tenint en compte l\u2019evoluci\u00f3 del context social i tecnol\u00f2gic. Partint d&#8217;aqu\u00ed, l&#8217;EDC \u00e9s un document que recull i concreta totes aquelles accions que es realitzen i [&hellip;]<\/p>\n","protected":false},"author":1,"featured_media":0,"parent":64,"menu_order":6,"comment_status":"closed","ping_status":"closed","template":"page-templates\/side-menu.php","meta":{"_bbp_topic_count":0,"_bbp_reply_count":0,"_bbp_total_topic_count":0,"_bbp_total_reply_count":0,"_bbp_voice_count":0,"_bbp_anonymous_reply_count":0,"_bbp_topic_count_hidden":0,"_bbp_reply_count_hidden":0,"_bbp_forum_subforum_count":0,"site-sidebar-layout":"default","site-content-layout":"","ast-site-content-layout":"","site-content-style":"default","site-sidebar-style":"default","ast-global-header-display":"","ast-banner-title-visibility":"","ast-main-header-display":"","ast-hfb-above-header-display":"","ast-hfb-below-header-display":"","ast-hfb-mobile-header-display":"","site-post-title":"","ast-breadcrumbs-content":"","ast-featured-img":"","footer-sml-layout":"","theme-transparent-header-meta":"","adv-header-id-meta":"","stick-header-meta":"","header-above-stick-meta":"","header-main-stick-meta":"","header-below-stick-meta":"","astra-migrate-meta-layouts":"default","ast-page-background-enabled":"default","ast-page-background-meta":{"desktop":{"background-color":"var(--ast-global-color-4)","background-image":"","background-repeat":"repeat","background-position":"center center","background-size":"auto","background-attachment":"scroll","background-type":"","background-media":"","overlay-type":"","overlay-color":"","overlay-opacity":"","overlay-gradient":""},"tablet":{"background-color":"","background-image":"","background-repeat":"repeat","background-position":"center center","background-size":"auto","background-attachment":"scroll","background-type":"","background-media":"","overlay-type":"","overlay-color":"","overlay-opacity":"","overlay-gradient":""},"mobile":{"background-color":"","background-image":"","background-repeat":"repeat","background-position":"center center","background-size":"auto","background-attachment":"scroll","background-type":"","background-media":"","overlay-type":"","overlay-color":"","overlay-opacity":"","overlay-gradient":""}},"ast-content-background-meta":{"desktop":{"background-color":"var(--ast-global-color-5)","background-image":"","background-repeat":"repeat","background-position":"center center","background-size":"auto","background-attachment":"scroll","background-type":"","background-media":"","overlay-type":"","overlay-color":"","overlay-opacity":"","overlay-gradient":""},"tablet":{"background-color":"var(--ast-global-color-5)","background-image":"","background-repeat":"repeat","background-position":"center center","background-size":"auto","background-attachment":"scroll","background-type":"","background-media":"","overlay-type":"","overlay-color":"","overlay-opacity":"","overlay-gradient":""},"mobile":{"background-color":"var(--ast-global-color-5)","background-image":"","background-repeat":"repeat","background-position":"center center","background-size":"auto","background-attachment":"scroll","background-type":"","background-media":"","overlay-type":"","overlay-color":"","overlay-opacity":"","overlay-gradient":""}},"footnotes":""},"class_list":["post-912","page","type-page","status-publish","hentry"],"post_mailing_queue_ids":[],"_links":{"self":[{"href":"https:\/\/agora.xtec.cat\/escola-lagullola\/wp-json\/wp\/v2\/pages\/912","targetHints":{"allow":["GET"]}}],"collection":[{"href":"https:\/\/agora.xtec.cat\/escola-lagullola\/wp-json\/wp\/v2\/pages"}],"about":[{"href":"https:\/\/agora.xtec.cat\/escola-lagullola\/wp-json\/wp\/v2\/types\/page"}],"author":[{"embeddable":true,"href":"https:\/\/agora.xtec.cat\/escola-lagullola\/wp-json\/wp\/v2\/users\/1"}],"replies":[{"embeddable":true,"href":"https:\/\/agora.xtec.cat\/escola-lagullola\/wp-json\/wp\/v2\/comments?post=912"}],"version-history":[{"count":4,"href":"https:\/\/agora.xtec.cat\/escola-lagullola\/wp-json\/wp\/v2\/pages\/912\/revisions"}],"predecessor-version":[{"id":921,"href":"https:\/\/agora.xtec.cat\/escola-lagullola\/wp-json\/wp\/v2\/pages\/912\/revisions\/921"}],"up":[{"embeddable":true,"href":"https:\/\/agora.xtec.cat\/escola-lagullola\/wp-json\/wp\/v2\/pages\/64"}],"wp:attachment":[{"href":"https:\/\/agora.xtec.cat\/escola-lagullola\/wp-json\/wp\/v2\/media?parent=912"}],"curies":[{"name":"wp","href":"https:\/\/api.w.org\/{rel}","templated":true}]}}