{"id":34,"date":"2014-09-18T12:32:18","date_gmt":"2014-09-18T10:32:18","guid":{"rendered":"http:\/\/agora.xtec.cat\/escola-lagullola\/?page_id=34"},"modified":"2023-05-17T15:27:44","modified_gmt":"2023-05-17T13:27:44","slug":"oferta-educativa","status":"publish","type":"page","link":"https:\/\/agora.xtec.cat\/escola-lagullola\/lescola\/oferta-educativa\/","title":{"rendered":"Qui som"},"content":{"rendered":"<p>L\u00b4escola l\u2019Agullola \u00e9s una escola unit\u00e0ria d\u00b4\u00e0mbit rural que acull nens i nenes de la poblaci\u00f3 de Rupit i Pruit que viuen al poble, a les masies del voltant que formen part d\u00b4aquest municipi i tamb\u00e9 de fora d&#8217;aquest.<br \/>\nEl centre ofereix acompanyament a infants d&#8217;Educaci\u00f3 Infantil i Educaci\u00f3 Prim\u00e0ria (3-12 anys) i des del curs 2021-2022 tamb\u00e9 a nens i nenes del primer cicle d&#8217;Educaci\u00f3 Infantil (0-3), ja que dins l&#8217;escola s&#8217;ha implementat la Llar d&#8217;Infants.<\/p>\n<p><a href=\"https:\/\/agora.xtec.cat\/escola-lagullola\/wp-content\/uploads\/usu1582\/2023\/03\/IMG-20220119-WA0014.jpg\"><img loading=\"lazy\" decoding=\"async\" src=\"https:\/\/agora.xtec.cat\/escola-lagullola\/wp-content\/uploads\/usu1582\/2023\/03\/IMG-20220119-WA0014-225x300.jpg\" alt=\"\" width=\"225\" height=\"300\" class=\"aligncenter size-medium wp-image-931\" srcset=\"https:\/\/agora.xtec.cat\/escola-lagullola\/wp-content\/uploads\/usu1582\/2023\/03\/IMG-20220119-WA0014-225x300.jpg 225w, https:\/\/agora.xtec.cat\/escola-lagullola\/wp-content\/uploads\/usu1582\/2023\/03\/IMG-20220119-WA0014.jpg 768w\" sizes=\"auto, (max-width: 225px) 100vw, 225px\" \/><\/a><\/p>\n","protected":false},"excerpt":{"rendered":"<p>L\u00b4escola l\u2019Agullola \u00e9s una escola unit\u00e0ria d\u00b4\u00e0mbit rural que acull nens i nenes de la poblaci\u00f3 de Rupit i Pruit que viuen al poble, a les masies del voltant que formen part d\u00b4aquest municipi i tamb\u00e9 de fora d&#8217;aquest. El centre ofereix acompanyament a infants d&#8217;Educaci\u00f3 Infantil i Educaci\u00f3 Prim\u00e0ria (3-12 anys) i des del [&hellip;]<\/p>\n","protected":false},"author":1,"featured_media":0,"parent":22,"menu_order":2,"comment_status":"closed","ping_status":"closed","template":"page-templates\/side-menu.php","meta":{"_bbp_topic_count":0,"_bbp_reply_count":0,"_bbp_total_topic_count":0,"_bbp_total_reply_count":0,"_bbp_voice_count":0,"_bbp_anonymous_reply_count":0,"_bbp_topic_count_hidden":0,"_bbp_reply_count_hidden":0,"_bbp_forum_subforum_count":0,"site-sidebar-layout":"default","site-content-layout":"","ast-site-content-layout":"","site-content-style":"default","site-sidebar-style":"default","ast-global-header-display":"","ast-banner-title-visibility":"","ast-main-header-display":"","ast-hfb-above-header-display":"","ast-hfb-below-header-display":"","ast-hfb-mobile-header-display":"","site-post-title":"","ast-breadcrumbs-content":"","ast-featured-img":"","footer-sml-layout":"","theme-transparent-header-meta":"","adv-header-id-meta":"","stick-header-meta":"","header-above-stick-meta":"","header-main-stick-meta":"","header-below-stick-meta":"","astra-migrate-meta-layouts":"default","ast-page-background-enabled":"default","ast-page-background-meta":{"desktop":{"background-color":"var(--ast-global-color-4)","background-image":"","background-repeat":"repeat","background-position":"center center","background-size":"auto","background-attachment":"scroll","background-type":"","background-media":"","overlay-type":"","overlay-color":"","overlay-opacity":"","overlay-gradient":""},"tablet":{"background-color":"","background-image":"","background-repeat":"repeat","background-position":"center center","background-size":"auto","background-attachment":"scroll","background-type":"","background-media":"","overlay-type":"","overlay-color":"","overlay-opacity":"","overlay-gradient":""},"mobile":{"background-color":"","background-image":"","background-repeat":"repeat","background-position":"center center","background-size":"auto","background-attachment":"scroll","background-type":"","background-media":"","overlay-type":"","overlay-color":"","overlay-opacity":"","overlay-gradient":""}},"ast-content-background-meta":{"desktop":{"background-color":"var(--ast-global-color-5)","background-image":"","background-repeat":"repeat","background-position":"center center","background-size":"auto","background-attachment":"scroll","background-type":"","background-media":"","overlay-type":"","overlay-color":"","overlay-opacity":"","overlay-gradient":""},"tablet":{"background-color":"var(--ast-global-color-5)","background-image":"","background-repeat":"repeat","background-position":"center center","background-size":"auto","background-attachment":"scroll","background-type":"","background-media":"","overlay-type":"","overlay-color":"","overlay-opacity":"","overlay-gradient":""},"mobile":{"background-color":"var(--ast-global-color-5)","background-image":"","background-repeat":"repeat","background-position":"center center","background-size":"auto","background-attachment":"scroll","background-type":"","background-media":"","overlay-type":"","overlay-color":"","overlay-opacity":"","overlay-gradient":""}},"footnotes":""},"class_list":["post-34","page","type-page","status-publish","hentry"],"post_mailing_queue_ids":[],"_links":{"self":[{"href":"https:\/\/agora.xtec.cat\/escola-lagullola\/wp-json\/wp\/v2\/pages\/34","targetHints":{"allow":["GET"]}}],"collection":[{"href":"https:\/\/agora.xtec.cat\/escola-lagullola\/wp-json\/wp\/v2\/pages"}],"about":[{"href":"https:\/\/agora.xtec.cat\/escola-lagullola\/wp-json\/wp\/v2\/types\/page"}],"author":[{"embeddable":true,"href":"https:\/\/agora.xtec.cat\/escola-lagullola\/wp-json\/wp\/v2\/users\/1"}],"replies":[{"embeddable":true,"href":"https:\/\/agora.xtec.cat\/escola-lagullola\/wp-json\/wp\/v2\/comments?post=34"}],"version-history":[{"count":3,"href":"https:\/\/agora.xtec.cat\/escola-lagullola\/wp-json\/wp\/v2\/pages\/34\/revisions"}],"predecessor-version":[{"id":1066,"href":"https:\/\/agora.xtec.cat\/escola-lagullola\/wp-json\/wp\/v2\/pages\/34\/revisions\/1066"}],"up":[{"embeddable":true,"href":"https:\/\/agora.xtec.cat\/escola-lagullola\/wp-json\/wp\/v2\/pages\/22"}],"wp:attachment":[{"href":"https:\/\/agora.xtec.cat\/escola-lagullola\/wp-json\/wp\/v2\/media?parent=34"}],"curies":[{"name":"wp","href":"https:\/\/api.w.org\/{rel}","templated":true}]}}