{"id":30,"date":"2014-09-18T12:30:23","date_gmt":"2014-09-18T10:30:23","guid":{"rendered":"http:\/\/agora.xtec.cat\/escola-lagullola\/?page_id=30"},"modified":"2023-04-14T11:07:45","modified_gmt":"2023-04-14T09:07:45","slug":"instal%c2%b7lacions","status":"publish","type":"page","link":"https:\/\/agora.xtec.cat\/escola-lagullola\/lescola\/instal%c2%b7lacions\/","title":{"rendered":"Els nostres espais"},"content":{"rendered":"<p>L&#8217;escola est\u00e0 situada a la Pla\u00e7a Major del poble, al costat de l&#8217;Ajuntament.<br \/>\nEst\u00e0 formada dos espais; un a la planta baixa on habitualment hi ha l&#8217;alumnat d&#8217;educaci\u00f3 infantil, i l&#8217;altre al primer pis, destinat a als nens i nenes de prim\u00e0ria. Al primer pis tamb\u00e9 hi ha el despatx de direcci\u00f3, el qual tamb\u00e9 serveix de sala de mestres i de magatzem.<br \/>\nL&#8217;ajuntament cedeix a l&#8217;escola altres espais per poder fer activitats espec\u00edfiques com psicomotricitat i desdoblar grups si \u00e9s necessari. Aquests s&#8217;ubiquen a un edifici pr\u00f2xim a l&#8217;escola, Can Castellet. Aix\u00ed mateix, tamb\u00e9 fem \u00fas de la sala polivalent del poble, on una vegada a la setmana es fan les sessions de teatre i tamb\u00e9 s&#8217;utilitza per altres activitats puntuals. <\/p>\n<p>En relaci\u00f3 l&#8217;espai exterior procurem passar-hi moltes estones ja que tenim un entorn natural molt privilegiat. La pla\u00e7a del poble \u00e9s on sortim di\u00e0riament a l&#8217;estona del pati i situat a l&#8217;aula d&#8217;infantil hi ha un petit sorral.<br \/>\nTenim un hort al costat de l&#8217;escola, el riu i al bosc molt a prop, el quals aprofitem en el nostre dia a dia. <\/p>\n<p><a href=\"https:\/\/agora.xtec.cat\/escola-lagullola\/wp-content\/uploads\/usu1582\/2023\/03\/PHOTO-2023-03-13-18-13-26.jpg\"><img loading=\"lazy\" decoding=\"async\" src=\"https:\/\/agora.xtec.cat\/escola-lagullola\/wp-content\/uploads\/usu1582\/2023\/03\/PHOTO-2023-03-13-18-13-26-300x225.jpg\" alt=\"\" width=\"300\" height=\"225\" class=\"aligncenter size-medium wp-image-956\" srcset=\"https:\/\/agora.xtec.cat\/escola-lagullola\/wp-content\/uploads\/usu1582\/2023\/03\/PHOTO-2023-03-13-18-13-26-300x225.jpg 300w, https:\/\/agora.xtec.cat\/escola-lagullola\/wp-content\/uploads\/usu1582\/2023\/03\/PHOTO-2023-03-13-18-13-26-768x576.jpg 768w, https:\/\/agora.xtec.cat\/escola-lagullola\/wp-content\/uploads\/usu1582\/2023\/03\/PHOTO-2023-03-13-18-13-26-200x150.jpg 200w, https:\/\/agora.xtec.cat\/escola-lagullola\/wp-content\/uploads\/usu1582\/2023\/03\/PHOTO-2023-03-13-18-13-26.jpg 1024w\" sizes=\"auto, (max-width: 300px) 100vw, 300px\" \/><\/a><\/p>\n<p><a href=\"https:\/\/agora.xtec.cat\/escola-lagullola\/wp-content\/uploads\/usu1582\/2023\/03\/PHOTO-2023-03-13-18-13-26-1.jpg\"><img loading=\"lazy\" decoding=\"async\" src=\"https:\/\/agora.xtec.cat\/escola-lagullola\/wp-content\/uploads\/usu1582\/2023\/03\/PHOTO-2023-03-13-18-13-26-1-300x225.jpg\" alt=\"\" width=\"300\" height=\"225\" class=\"aligncenter size-medium wp-image-955\" srcset=\"https:\/\/agora.xtec.cat\/escola-lagullola\/wp-content\/uploads\/usu1582\/2023\/03\/PHOTO-2023-03-13-18-13-26-1-300x225.jpg 300w, https:\/\/agora.xtec.cat\/escola-lagullola\/wp-content\/uploads\/usu1582\/2023\/03\/PHOTO-2023-03-13-18-13-26-1-768x576.jpg 768w, https:\/\/agora.xtec.cat\/escola-lagullola\/wp-content\/uploads\/usu1582\/2023\/03\/PHOTO-2023-03-13-18-13-26-1-200x150.jpg 200w, https:\/\/agora.xtec.cat\/escola-lagullola\/wp-content\/uploads\/usu1582\/2023\/03\/PHOTO-2023-03-13-18-13-26-1.jpg 1024w\" sizes=\"auto, (max-width: 300px) 100vw, 300px\" \/><\/a><\/p>\n<p>&nbsp;<\/p>\n<p>&nbsp;<\/p>\n<p>&nbsp;<\/p>\n","protected":false},"excerpt":{"rendered":"<p>L&#8217;escola est\u00e0 situada a la Pla\u00e7a Major del poble, al costat de l&#8217;Ajuntament. Est\u00e0 formada dos espais; un a la planta baixa on habitualment hi ha l&#8217;alumnat d&#8217;educaci\u00f3 infantil, i l&#8217;altre al primer pis, destinat a als nens i nenes de prim\u00e0ria. Al primer pis tamb\u00e9 hi ha el despatx de direcci\u00f3, el qual tamb\u00e9 [&hellip;]<\/p>\n","protected":false},"author":1,"featured_media":0,"parent":22,"menu_order":3,"comment_status":"closed","ping_status":"closed","template":"page-templates\/side-menu.php","meta":{"_bbp_topic_count":0,"_bbp_reply_count":0,"_bbp_total_topic_count":0,"_bbp_total_reply_count":0,"_bbp_voice_count":0,"_bbp_anonymous_reply_count":0,"_bbp_topic_count_hidden":0,"_bbp_reply_count_hidden":0,"_bbp_forum_subforum_count":0,"site-sidebar-layout":"default","site-content-layout":"","ast-site-content-layout":"","site-content-style":"default","site-sidebar-style":"default","ast-global-header-display":"","ast-banner-title-visibility":"","ast-main-header-display":"","ast-hfb-above-header-display":"","ast-hfb-below-header-display":"","ast-hfb-mobile-header-display":"","site-post-title":"","ast-breadcrumbs-content":"","ast-featured-img":"","footer-sml-layout":"","theme-transparent-header-meta":"","adv-header-id-meta":"","stick-header-meta":"","header-above-stick-meta":"","header-main-stick-meta":"","header-below-stick-meta":"","astra-migrate-meta-layouts":"default","ast-page-background-enabled":"default","ast-page-background-meta":{"desktop":{"background-color":"var(--ast-global-color-4)","background-image":"","background-repeat":"repeat","background-position":"center center","background-size":"auto","background-attachment":"scroll","background-type":"","background-media":"","overlay-type":"","overlay-color":"","overlay-opacity":"","overlay-gradient":""},"tablet":{"background-color":"","background-image":"","background-repeat":"repeat","background-position":"center center","background-size":"auto","background-attachment":"scroll","background-type":"","background-media":"","overlay-type":"","overlay-color":"","overlay-opacity":"","overlay-gradient":""},"mobile":{"background-color":"","background-image":"","background-repeat":"repeat","background-position":"center center","background-size":"auto","background-attachment":"scroll","background-type":"","background-media":"","overlay-type":"","overlay-color":"","overlay-opacity":"","overlay-gradient":""}},"ast-content-background-meta":{"desktop":{"background-color":"var(--ast-global-color-5)","background-image":"","background-repeat":"repeat","background-position":"center center","background-size":"auto","background-attachment":"scroll","background-type":"","background-media":"","overlay-type":"","overlay-color":"","overlay-opacity":"","overlay-gradient":""},"tablet":{"background-color":"var(--ast-global-color-5)","background-image":"","background-repeat":"repeat","background-position":"center center","background-size":"auto","background-attachment":"scroll","background-type":"","background-media":"","overlay-type":"","overlay-color":"","overlay-opacity":"","overlay-gradient":""},"mobile":{"background-color":"var(--ast-global-color-5)","background-image":"","background-repeat":"repeat","background-position":"center center","background-size":"auto","background-attachment":"scroll","background-type":"","background-media":"","overlay-type":"","overlay-color":"","overlay-opacity":"","overlay-gradient":""}},"footnotes":""},"class_list":["post-30","page","type-page","status-publish","hentry"],"post_mailing_queue_ids":[],"_links":{"self":[{"href":"https:\/\/agora.xtec.cat\/escola-lagullola\/wp-json\/wp\/v2\/pages\/30","targetHints":{"allow":["GET"]}}],"collection":[{"href":"https:\/\/agora.xtec.cat\/escola-lagullola\/wp-json\/wp\/v2\/pages"}],"about":[{"href":"https:\/\/agora.xtec.cat\/escola-lagullola\/wp-json\/wp\/v2\/types\/page"}],"author":[{"embeddable":true,"href":"https:\/\/agora.xtec.cat\/escola-lagullola\/wp-json\/wp\/v2\/users\/1"}],"replies":[{"embeddable":true,"href":"https:\/\/agora.xtec.cat\/escola-lagullola\/wp-json\/wp\/v2\/comments?post=30"}],"version-history":[{"count":3,"href":"https:\/\/agora.xtec.cat\/escola-lagullola\/wp-json\/wp\/v2\/pages\/30\/revisions"}],"predecessor-version":[{"id":958,"href":"https:\/\/agora.xtec.cat\/escola-lagullola\/wp-json\/wp\/v2\/pages\/30\/revisions\/958"}],"up":[{"embeddable":true,"href":"https:\/\/agora.xtec.cat\/escola-lagullola\/wp-json\/wp\/v2\/pages\/22"}],"wp:attachment":[{"href":"https:\/\/agora.xtec.cat\/escola-lagullola\/wp-json\/wp\/v2\/media?parent=30"}],"curies":[{"name":"wp","href":"https:\/\/api.w.org\/{rel}","templated":true}]}}