{"id":844,"date":"2019-05-02T20:29:14","date_gmt":"2019-05-02T18:29:14","guid":{"rendered":"https:\/\/agora.xtec.cat\/escola-labassa\/?page_id=844"},"modified":"2025-11-12T07:56:06","modified_gmt":"2025-11-12T06:56:06","slug":"ampa","status":"publish","type":"page","link":"https:\/\/agora.xtec.cat\/escola-labassa\/ampa\/","title":{"rendered":"AFA"},"content":{"rendered":"<p>Els membres de l&#8217;AFA us recordem que \u00e9s important que participeu de l&#8217;associaci\u00f3 aportant la vostra col\u00b7laboraci\u00f3:<\/p>\n<ul>\n<li>Per tal de fer el pagament de la quota cal que us instal\u00b7leu l&#8217;APP <a href=\"https:\/\/agora.xtec.cat\/escola-labassa\/documents-per-a-les-families\/\"><em><strong>ComunicAPP EDU<\/strong><\/em><\/a><em><strong> \u00a0<\/strong><\/em>(Seguiu les instruccions de l&#8217;enlla\u00e7).<\/li>\n<\/ul>\n<p><strong>LA JUNTA\u00a0<\/strong><\/p>\n<p>La junta de l&#8217;AFA de la nostra escola est\u00e0 formada per un representant de cada curs. Cada representant t\u00e9 un c\u00e0rrec que pot ser: President\/a, Vicepresident\/a, Tresorer\/a, Secretari\/a i Vocals. Els membres de l&#8217;associaci\u00f3 es reparteixen diverses tasques com ser el o la representant al Consell Escolar, gestionar el servei de menjador, gestionar diverses extraescolars com nataci\u00f3, zumba, p\u00e0del o m\u00fasica, ser el contacte amb l&#8217;empresa Qu\u00e0lia de gesti\u00f3 d&#8217;activitats, coordinar els voluntaris per pelar la fruita o b\u00e9 gestionar les xarxes socials.<\/p>\n<p>Si us voleu assabentar de les novetats en les activitats cliqueu:<\/p>\n<p><a href=\"https:\/\/agora.xtec.cat\/escola-labassa\/ampa\/activitats-extraescolars\/\">Activitats extraescolars<\/a><\/p>\n<p><a href=\"https:\/\/agora.xtec.cat\/escola-labassa\/ampa\/menjador-escolar\/\">Menjador escolar<\/a><\/p>\n","protected":false},"excerpt":{"rendered":"<p>Els membres de l&#8217;AFA us recordem que \u00e9s important que participeu de l&#8217;associaci\u00f3 aportant la vostra col\u00b7laboraci\u00f3: Per tal de fer el pagament de la quota cal que us instal\u00b7leu l&#8217;APP ComunicAPP EDU \u00a0(Seguiu les instruccions de l&#8217;enlla\u00e7). LA JUNTA\u00a0 La junta de l&#8217;AFA de la nostra escola est\u00e0 formada per un representant de cada [&hellip;]<\/p>\n","protected":false},"author":1,"featured_media":0,"parent":0,"menu_order":4,"comment_status":"closed","ping_status":"closed","template":"page-templates\/side-menu.php","meta":{"_bbp_topic_count":0,"_bbp_reply_count":0,"_bbp_total_topic_count":0,"_bbp_total_reply_count":0,"_bbp_voice_count":0,"_bbp_anonymous_reply_count":0,"_bbp_topic_count_hidden":0,"_bbp_reply_count_hidden":0,"_bbp_forum_subforum_count":0,"site-sidebar-layout":"default","site-content-layout":"","ast-site-content-layout":"","site-content-style":"default","site-sidebar-style":"default","ast-global-header-display":"","ast-banner-title-visibility":"","ast-main-header-display":"","ast-hfb-above-header-display":"","ast-hfb-below-header-display":"","ast-hfb-mobile-header-display":"","site-post-title":"","ast-breadcrumbs-content":"","ast-featured-img":"","footer-sml-layout":"","theme-transparent-header-meta":"","adv-header-id-meta":"","stick-header-meta":"","header-above-stick-meta":"","header-main-stick-meta":"","header-below-stick-meta":"","astra-migrate-meta-layouts":"default","ast-page-background-enabled":"default","ast-page-background-meta":{"desktop":{"background-color":"var(--ast-global-color-4)","background-image":"","background-repeat":"repeat","background-position":"center center","background-size":"auto","background-attachment":"scroll","background-type":"","background-media":"","overlay-type":"","overlay-color":"","overlay-opacity":"","overlay-gradient":""},"tablet":{"background-color":"","background-image":"","background-repeat":"repeat","background-position":"center center","background-size":"auto","background-attachment":"scroll","background-type":"","background-media":"","overlay-type":"","overlay-color":"","overlay-opacity":"","overlay-gradient":""},"mobile":{"background-color":"","background-image":"","background-repeat":"repeat","background-position":"center center","background-size":"auto","background-attachment":"scroll","background-type":"","background-media":"","overlay-type":"","overlay-color":"","overlay-opacity":"","overlay-gradient":""}},"ast-content-background-meta":{"desktop":{"background-color":"var(--ast-global-color-5)","background-image":"","background-repeat":"repeat","background-position":"center center","background-size":"auto","background-attachment":"scroll","background-type":"","background-media":"","overlay-type":"","overlay-color":"","overlay-opacity":"","overlay-gradient":""},"tablet":{"background-color":"var(--ast-global-color-5)","background-image":"","background-repeat":"repeat","background-position":"center center","background-size":"auto","background-attachment":"scroll","background-type":"","background-media":"","overlay-type":"","overlay-color":"","overlay-opacity":"","overlay-gradient":""},"mobile":{"background-color":"var(--ast-global-color-5)","background-image":"","background-repeat":"repeat","background-position":"center center","background-size":"auto","background-attachment":"scroll","background-type":"","background-media":"","overlay-type":"","overlay-color":"","overlay-opacity":"","overlay-gradient":""}},"footnotes":""},"class_list":["post-844","page","type-page","status-publish","hentry"],"post_mailing_queue_ids":[],"_links":{"self":[{"href":"https:\/\/agora.xtec.cat\/escola-labassa\/wp-json\/wp\/v2\/pages\/844","targetHints":{"allow":["GET"]}}],"collection":[{"href":"https:\/\/agora.xtec.cat\/escola-labassa\/wp-json\/wp\/v2\/pages"}],"about":[{"href":"https:\/\/agora.xtec.cat\/escola-labassa\/wp-json\/wp\/v2\/types\/page"}],"author":[{"embeddable":true,"href":"https:\/\/agora.xtec.cat\/escola-labassa\/wp-json\/wp\/v2\/users\/1"}],"replies":[{"embeddable":true,"href":"https:\/\/agora.xtec.cat\/escola-labassa\/wp-json\/wp\/v2\/comments?post=844"}],"version-history":[{"count":5,"href":"https:\/\/agora.xtec.cat\/escola-labassa\/wp-json\/wp\/v2\/pages\/844\/revisions"}],"predecessor-version":[{"id":2144,"href":"https:\/\/agora.xtec.cat\/escola-labassa\/wp-json\/wp\/v2\/pages\/844\/revisions\/2144"}],"wp:attachment":[{"href":"https:\/\/agora.xtec.cat\/escola-labassa\/wp-json\/wp\/v2\/media?parent=844"}],"curies":[{"name":"wp","href":"https:\/\/api.w.org\/{rel}","templated":true}]}}