{"id":802,"date":"2019-05-02T19:36:46","date_gmt":"2019-05-02T17:36:46","guid":{"rendered":"https:\/\/agora.xtec.cat\/escola-labassa\/?page_id=802"},"modified":"2025-11-12T07:32:34","modified_gmt":"2025-11-12T06:32:34","slug":"recollida-dinfants","status":"publish","type":"page","link":"https:\/\/agora.xtec.cat\/escola-labassa\/documents-per-a-les-families\/recollida-dinfants\/","title":{"rendered":"Recollida d&#8217;infants"},"content":{"rendered":"<p>Els documents d&#8217;autoritzaci\u00f3 de recollida d&#8217;infants s\u00f3n aquells que permeten a altres persones o germans m\u00e9s grans recollir els infants m\u00e9s petits de l&#8217;escola. Recordem que els alumnes de fins a segon curs de prim\u00e0ria han de marxar acompanyats d\u2019un adult o indicar si t\u00e9 autoritzaci\u00f3 per sortir sol.<\/p>\n<ul>\n<li>Per tal de signar aquest document cal que us instal\u00b7leu l&#8217;APP <a href=\"https:\/\/agora.xtec.cat\/escola-labassa\/documents-per-a-les-families\/\"><em><strong>ComunicAPP EDU<\/strong><\/em><\/a><em><strong> \u00a0<\/strong><\/em>(Seguiu les instruccions de l&#8217;enlla\u00e7).<\/li>\n<\/ul>\n","protected":false},"excerpt":{"rendered":"<p>Els documents d&#8217;autoritzaci\u00f3 de recollida d&#8217;infants s\u00f3n aquells que permeten a altres persones o germans m\u00e9s grans recollir els infants m\u00e9s petits de l&#8217;escola. Recordem que els alumnes de fins a segon curs de prim\u00e0ria han de marxar acompanyats d\u2019un adult o indicar si t\u00e9 autoritzaci\u00f3 per sortir sol. Per tal de signar aquest document [&hellip;]<\/p>\n","protected":false},"author":1,"featured_media":0,"parent":790,"menu_order":23,"comment_status":"closed","ping_status":"closed","template":"page-templates\/side-menu.php","meta":{"_bbp_topic_count":0,"_bbp_reply_count":0,"_bbp_total_topic_count":0,"_bbp_total_reply_count":0,"_bbp_voice_count":0,"_bbp_anonymous_reply_count":0,"_bbp_topic_count_hidden":0,"_bbp_reply_count_hidden":0,"_bbp_forum_subforum_count":0,"site-sidebar-layout":"default","site-content-layout":"","ast-site-content-layout":"","site-content-style":"default","site-sidebar-style":"default","ast-global-header-display":"","ast-banner-title-visibility":"","ast-main-header-display":"","ast-hfb-above-header-display":"","ast-hfb-below-header-display":"","ast-hfb-mobile-header-display":"","site-post-title":"","ast-breadcrumbs-content":"","ast-featured-img":"","footer-sml-layout":"","theme-transparent-header-meta":"","adv-header-id-meta":"","stick-header-meta":"","header-above-stick-meta":"","header-main-stick-meta":"","header-below-stick-meta":"","astra-migrate-meta-layouts":"default","ast-page-background-enabled":"default","ast-page-background-meta":{"desktop":{"background-color":"var(--ast-global-color-4)","background-image":"","background-repeat":"repeat","background-position":"center center","background-size":"auto","background-attachment":"scroll","background-type":"","background-media":"","overlay-type":"","overlay-color":"","overlay-opacity":"","overlay-gradient":""},"tablet":{"background-color":"","background-image":"","background-repeat":"repeat","background-position":"center center","background-size":"auto","background-attachment":"scroll","background-type":"","background-media":"","overlay-type":"","overlay-color":"","overlay-opacity":"","overlay-gradient":""},"mobile":{"background-color":"","background-image":"","background-repeat":"repeat","background-position":"center center","background-size":"auto","background-attachment":"scroll","background-type":"","background-media":"","overlay-type":"","overlay-color":"","overlay-opacity":"","overlay-gradient":""}},"ast-content-background-meta":{"desktop":{"background-color":"var(--ast-global-color-5)","background-image":"","background-repeat":"repeat","background-position":"center center","background-size":"auto","background-attachment":"scroll","background-type":"","background-media":"","overlay-type":"","overlay-color":"","overlay-opacity":"","overlay-gradient":""},"tablet":{"background-color":"var(--ast-global-color-5)","background-image":"","background-repeat":"repeat","background-position":"center center","background-size":"auto","background-attachment":"scroll","background-type":"","background-media":"","overlay-type":"","overlay-color":"","overlay-opacity":"","overlay-gradient":""},"mobile":{"background-color":"var(--ast-global-color-5)","background-image":"","background-repeat":"repeat","background-position":"center center","background-size":"auto","background-attachment":"scroll","background-type":"","background-media":"","overlay-type":"","overlay-color":"","overlay-opacity":"","overlay-gradient":""}},"footnotes":""},"class_list":["post-802","page","type-page","status-publish","hentry"],"post_mailing_queue_ids":[],"_links":{"self":[{"href":"https:\/\/agora.xtec.cat\/escola-labassa\/wp-json\/wp\/v2\/pages\/802","targetHints":{"allow":["GET"]}}],"collection":[{"href":"https:\/\/agora.xtec.cat\/escola-labassa\/wp-json\/wp\/v2\/pages"}],"about":[{"href":"https:\/\/agora.xtec.cat\/escola-labassa\/wp-json\/wp\/v2\/types\/page"}],"author":[{"embeddable":true,"href":"https:\/\/agora.xtec.cat\/escola-labassa\/wp-json\/wp\/v2\/users\/1"}],"replies":[{"embeddable":true,"href":"https:\/\/agora.xtec.cat\/escola-labassa\/wp-json\/wp\/v2\/comments?post=802"}],"version-history":[{"count":5,"href":"https:\/\/agora.xtec.cat\/escola-labassa\/wp-json\/wp\/v2\/pages\/802\/revisions"}],"predecessor-version":[{"id":2141,"href":"https:\/\/agora.xtec.cat\/escola-labassa\/wp-json\/wp\/v2\/pages\/802\/revisions\/2141"}],"up":[{"embeddable":true,"href":"https:\/\/agora.xtec.cat\/escola-labassa\/wp-json\/wp\/v2\/pages\/790"}],"wp:attachment":[{"href":"https:\/\/agora.xtec.cat\/escola-labassa\/wp-json\/wp\/v2\/media?parent=802"}],"curies":[{"name":"wp","href":"https:\/\/api.w.org\/{rel}","templated":true}]}}