{"id":799,"date":"2025-07-01T19:41:40","date_gmt":"2025-07-01T17:41:40","guid":{"rendered":"https:\/\/agora.xtec.cat\/escola-labassa\/?page_id=799"},"modified":"2025-07-02T14:15:34","modified_gmt":"2025-07-02T12:15:34","slug":"llibres-i-material","status":"publish","type":"page","link":"https:\/\/agora.xtec.cat\/escola-labassa\/documents-per-a-les-families\/llibres-i-material\/","title":{"rendered":"Llibres i material curs 2025-2026"},"content":{"rendered":"<table style=\"width: 61.025%;\">\n<tbody>\n<tr>\n<td style=\"width: 25.4535%; text-align: center;\">\n<h4><strong>Educaci\u00f3 Infantil<\/strong><\/h4>\n<\/td>\n<td style=\"width: 23.7257%; text-align: center;\">\n<h4><strong>Cicle Inicial<\/strong><\/h4>\n<\/td>\n<td style=\"width: 25.1122%; text-align: center;\">\n<h4><strong>Cicle Mitj\u00e0<\/strong><\/h4>\n<\/td>\n<td style=\"width: 32.8414%; text-align: center;\">\n<h4><strong>Cicle Superior<\/strong><\/h4>\n<\/td>\n<\/tr>\n<tr>\n<td style=\"width: 25.4535%; text-align: center;\">\n<h4><a href=\"https:\/\/drive.google.com\/file\/d\/1C4bTjRz8EMxm2DAhVI_2rDTw9IgsMfDx\/view?usp=sharing\">Llibres I3<\/a><\/h4>\n<h4><a href=\"https:\/\/drive.google.com\/file\/d\/1pzUGG3Y2js1V4pSpGCbVJtLHG25xP4uE\/view?usp=sharing\">Llibres I4<\/a><\/h4>\n<h4><a href=\"https:\/\/drive.google.com\/file\/d\/1c7npVmf49WNZlWvFIEd3FPWOlrUnVYlx\/view?usp=sharing\">Llibres I5<\/a><\/h4>\n<\/td>\n<td style=\"width: 23.7257%; text-align: center;\">\n<h4><a href=\"https:\/\/drive.google.com\/file\/d\/1EHCypWY4KW__TlxB_fhcaGW_rtHJxDrk\/view?usp=sharing\">Llibres 1r<\/a><\/h4>\n<h4><a href=\"https:\/\/drive.google.com\/file\/d\/1sl3pjk-JEAWymL4YctDCXvoLca9KTjjk\/view?usp=sharing\">Llibres 2n<\/a><\/h4>\n<\/td>\n<td style=\"width: 25.1122%; text-align: center;\">\n<h4><a href=\"https:\/\/drive.google.com\/file\/d\/1h0wGa4cIOdpBAHMhQHiXZHYSXGsFVnTG\/view?usp=sharing\">Llibres 3r<\/a><\/h4>\n<h4><a href=\"https:\/\/drive.google.com\/file\/d\/1fny088eAfr2oaYhnKX89qXXXId72Qv_S\/view?usp=sharing\">Llibres 4t<\/a><\/h4>\n<\/td>\n<td style=\"width: 32.8414%; text-align: center;\">\n<h4><a href=\"https:\/\/drive.google.com\/file\/d\/1vm8jc5-li6LHS3rB4tw8fEJZCEXO1R-Y\/view?usp=sharing\">Llibres 5\u00e8<\/a><\/h4>\n<h4><a href=\"https:\/\/drive.google.com\/file\/d\/1DgRxWgq7H5juVyLa3kxd1ZZZ_c6fmGvs\/view?usp=sharing\">Llibres 6\u00e8<\/a><\/h4>\n<\/td>\n<\/tr>\n<tr>\n<td style=\"width: 25.4535%; text-align: center;\">\n<h4><a href=\"https:\/\/drive.google.com\/file\/d\/1nPnQ0BeQkdKpJZ4NiyRsM58h2pIKe0I9\/view?usp=sharing\">Material I3<\/a><\/h4>\n<h4><a href=\"https:\/\/drive.google.com\/file\/d\/19a2vHtEI6LiOZSnlA-TS3zcZkFHqBnOC\/view?usp=sharing\">Material I4<\/a><\/h4>\n<h4><a href=\"https:\/\/drive.google.com\/file\/d\/1dOFpMeMgp7CRGPmoLttJ_P_NNNuM-wil\/view?usp=sharing\">Material I5<\/a><\/h4>\n<\/td>\n<td style=\"width: 23.7257%; text-align: center;\">\n<h4><a href=\"https:\/\/drive.google.com\/file\/d\/12xFxWeJQua0E5aP_Lu6-YnKTL1OJWNqb\/view?usp=sharing\">Material 1r<\/a><\/h4>\n<h4><a href=\"https:\/\/drive.google.com\/file\/d\/1QOmUXHwUapYE7qnxLozlRkdpi6Jgh9TK\/view?usp=sharing\">Material 2n<\/a><\/h4>\n<\/td>\n<td style=\"width: 25.1122%; text-align: center;\">\n<h4><a href=\"https:\/\/drive.google.com\/file\/d\/1OhGhfVUtgh3VrF-WMvA36G64dJEMjqrH\/view?usp=sharing\">Material 3r<\/a><\/h4>\n<h4><a href=\"https:\/\/drive.google.com\/file\/d\/1ffwxi7Jlj6PHrRFMJ2tr_0x-DL6Jzn-H\/view?usp=sharing\">Material 4t<\/a><\/h4>\n<\/td>\n<td style=\"width: 32.8414%; text-align: center;\">\n<h4><a href=\"https:\/\/drive.google.com\/file\/d\/1XB6yY1t6Y7etCYvl62nzvYD47P4ifdHb\/view?usp=sharing\">Material 5\u00e8<\/a><\/h4>\n<h4><a href=\"https:\/\/drive.google.com\/file\/d\/1XB6yY1t6Y7etCYvl62nzvYD47P4ifdHb\/view?usp=sharing\">Material 6\u00e8<\/a><\/h4>\n<\/td>\n<\/tr>\n<\/tbody>\n<\/table>\n<p><!--more--><\/p>\n","protected":false},"excerpt":{"rendered":"<p>Educaci\u00f3 Infantil Cicle Inicial Cicle Mitj\u00e0 Cicle Superior Llibres I3 Llibres I4 Llibres I5 Llibres 1r Llibres 2n Llibres 3r Llibres 4t Llibres 5\u00e8 Llibres 6\u00e8 Material I3 Material I4 Material I5 Material 1r Material 2n Material 3r Material 4t Material 5\u00e8 Material 6\u00e8<\/p>\n","protected":false},"author":1,"featured_media":0,"parent":790,"menu_order":22,"comment_status":"closed","ping_status":"closed","template":"page-templates\/side-menu.php","meta":{"_bbp_topic_count":0,"_bbp_reply_count":0,"_bbp_total_topic_count":0,"_bbp_total_reply_count":0,"_bbp_voice_count":0,"_bbp_anonymous_reply_count":0,"_bbp_topic_count_hidden":0,"_bbp_reply_count_hidden":0,"_bbp_forum_subforum_count":0,"site-sidebar-layout":"default","site-content-layout":"","ast-site-content-layout":"","site-content-style":"default","site-sidebar-style":"default","ast-global-header-display":"","ast-banner-title-visibility":"","ast-main-header-display":"","ast-hfb-above-header-display":"","ast-hfb-below-header-display":"","ast-hfb-mobile-header-display":"","site-post-title":"","ast-breadcrumbs-content":"","ast-featured-img":"","footer-sml-layout":"","theme-transparent-header-meta":"","adv-header-id-meta":"","stick-header-meta":"","header-above-stick-meta":"","header-main-stick-meta":"","header-below-stick-meta":"","astra-migrate-meta-layouts":"default","ast-page-background-enabled":"default","ast-page-background-meta":{"desktop":{"background-color":"var(--ast-global-color-4)","background-image":"","background-repeat":"repeat","background-position":"center center","background-size":"auto","background-attachment":"scroll","background-type":"","background-media":"","overlay-type":"","overlay-color":"","overlay-opacity":"","overlay-gradient":""},"tablet":{"background-color":"","background-image":"","background-repeat":"repeat","background-position":"center center","background-size":"auto","background-attachment":"scroll","background-type":"","background-media":"","overlay-type":"","overlay-color":"","overlay-opacity":"","overlay-gradient":""},"mobile":{"background-color":"","background-image":"","background-repeat":"repeat","background-position":"center center","background-size":"auto","background-attachment":"scroll","background-type":"","background-media":"","overlay-type":"","overlay-color":"","overlay-opacity":"","overlay-gradient":""}},"ast-content-background-meta":{"desktop":{"background-color":"var(--ast-global-color-5)","background-image":"","background-repeat":"repeat","background-position":"center center","background-size":"auto","background-attachment":"scroll","background-type":"","background-media":"","overlay-type":"","overlay-color":"","overlay-opacity":"","overlay-gradient":""},"tablet":{"background-color":"var(--ast-global-color-5)","background-image":"","background-repeat":"repeat","background-position":"center center","background-size":"auto","background-attachment":"scroll","background-type":"","background-media":"","overlay-type":"","overlay-color":"","overlay-opacity":"","overlay-gradient":""},"mobile":{"background-color":"var(--ast-global-color-5)","background-image":"","background-repeat":"repeat","background-position":"center center","background-size":"auto","background-attachment":"scroll","background-type":"","background-media":"","overlay-type":"","overlay-color":"","overlay-opacity":"","overlay-gradient":""}},"footnotes":""},"class_list":["post-799","page","type-page","status-publish","hentry"],"post_mailing_queue_ids":[],"_links":{"self":[{"href":"https:\/\/agora.xtec.cat\/escola-labassa\/wp-json\/wp\/v2\/pages\/799","targetHints":{"allow":["GET"]}}],"collection":[{"href":"https:\/\/agora.xtec.cat\/escola-labassa\/wp-json\/wp\/v2\/pages"}],"about":[{"href":"https:\/\/agora.xtec.cat\/escola-labassa\/wp-json\/wp\/v2\/types\/page"}],"author":[{"embeddable":true,"href":"https:\/\/agora.xtec.cat\/escola-labassa\/wp-json\/wp\/v2\/users\/1"}],"replies":[{"embeddable":true,"href":"https:\/\/agora.xtec.cat\/escola-labassa\/wp-json\/wp\/v2\/comments?post=799"}],"version-history":[{"count":7,"href":"https:\/\/agora.xtec.cat\/escola-labassa\/wp-json\/wp\/v2\/pages\/799\/revisions"}],"predecessor-version":[{"id":2114,"href":"https:\/\/agora.xtec.cat\/escola-labassa\/wp-json\/wp\/v2\/pages\/799\/revisions\/2114"}],"up":[{"embeddable":true,"href":"https:\/\/agora.xtec.cat\/escola-labassa\/wp-json\/wp\/v2\/pages\/790"}],"wp:attachment":[{"href":"https:\/\/agora.xtec.cat\/escola-labassa\/wp-json\/wp\/v2\/media?parent=799"}],"curies":[{"name":"wp","href":"https:\/\/api.w.org\/{rel}","templated":true}]}}