{"id":790,"date":"2019-05-02T19:32:38","date_gmt":"2019-05-02T17:32:38","guid":{"rendered":"https:\/\/agora.xtec.cat\/escola-labassa\/?page_id=790"},"modified":"2025-11-12T07:31:38","modified_gmt":"2025-11-12T06:31:38","slug":"documents-per-a-les-families","status":"publish","type":"page","link":"https:\/\/agora.xtec.cat\/escola-labassa\/documents-per-a-les-families\/","title":{"rendered":"Documents per a les fam\u00edlies"},"content":{"rendered":"<p><strong>Benvolgudes fam\u00edlies,<\/strong><\/p>\n<p><strong>Us informem que per a signar documentaci\u00f3 diversa i per a fer pagaments farem \u00fas de la seg\u00fcent aplicaci\u00f3:\u00a0<\/strong><\/p>\n<p><em><strong>ComunicAPP EDU<\/strong><\/em><\/p>\n<p><a href=\"https:\/\/agora.xtec.cat\/escola-labassa\/wp-content\/uploads\/usu1925\/2023\/09\/8dys0kpwq.png\"><img loading=\"lazy\" decoding=\"async\" class=\"alignnone wp-image-1759\" src=\"https:\/\/agora.xtec.cat\/escola-labassa\/wp-content\/uploads\/usu1925\/2023\/09\/8dys0kpwq.png\" sizes=\"auto, (max-width: 105px) 100vw, 105px\" srcset=\"https:\/\/agora.xtec.cat\/escola-labassa\/wp-content\/uploads\/usu1925\/2023\/09\/8dys0kpwq.png 568w, https:\/\/agora.xtec.cat\/escola-labassa\/wp-content\/uploads\/usu1925\/2023\/09\/8dys0kpwq-278x300.png 278w\" alt=\"\" width=\"105\" height=\"113\" \/><\/a><\/p>\n<p>Aquesta eina \u00e9s una App que permet una comunicaci\u00f3 directa entre el centre i els familiars de l\u2019alumnat.<\/p>\n<p><b><strong>En breu rebreu un correu electr\u00f2nic amb el codi que haureu d\u2019introduir un cop us h\u00e0giu instal\u00b7lat l\u2019aplicaci\u00f3.<\/strong><\/b>\u00a0Si no heu rebut aquest\u00a0<em>correu<\/em>\u00a0electr\u00f2nic a la safata d\u2019entrada, si\u00a0<em>us<\/em>\u00a0plau,\u00a0<b><strong><em>reviseu<\/em>\u00a0el\u00a0<em>correu brossa<\/em>.<\/strong><\/b><\/p>\n<p>Els correus s\u2019enviaran de forma autom\u00e0tica a les adreces electr\u00f2niques que tenim a la nostra base de dades, per tant, pot ser que alguna fam\u00edlia nom\u00e9s rebi un codi i nom\u00e9s podr\u00e0 fer \u00fas de l\u2019aplicaci\u00f3 un membre de la fam\u00edlia. Si voleu que tant el pare o la mare pugui administrar l\u2019aplicaci\u00f3 cal que us poseu en contacte amb l\u2019escola i donarem d\u2019alta al progenitor que no hagi rebut el codi. \u00a0<b><strong>Si no apareix cap alumne vinculat o b\u00e9 no heu rebut el codi poseu-vos en contacte amb direcci\u00f3 o amb el tutor\/a del vostre fill\/a un cop hagin comen\u00e7at les classes.<\/strong><\/b><\/p>\n<p><b><strong>Us podeu descarregar l\u2019aplicaci\u00f3 clicant al seg\u00fcent enlla\u00e7:<\/strong><\/b><\/p>\n<p>ANDROID:\u00a0<a href=\"https:\/\/play.google.com\/store\/apps\/details?id=com.dumainteractiva.comunicapp&amp;hl=es\">https:\/\/play.google.com\/store\/apps\/details?id=com.dumainteractiva.comunicapp&amp;hl=es<\/a><\/p>\n<p>APPLE:\u00a0<a href=\"https:\/\/apps.apple.com\/es\/app\/comunicapp-edu\/id888324091\">https:\/\/apps.apple.com\/es\/app\/comunicapp-edu\/id888324091<\/a><\/p>\n<p>En data d\u2019avui nom\u00e9s estan activades les seg\u00fcents opcions:<\/p>\n<p>\u2013\u00a0Canviar idioma de l\u2019App:<\/p>\n<p>Aquesta App est\u00e0 disponible en catal\u00e0 i castell\u00e0. Pot canviar l\u2019idioma de visualitzaci\u00f3 en qualsevol moment amb el bot\u00f3 de la part superior esquerra, \u201croda dentada\u201d \u2192 Idioma de l\u2019APP.<\/p>\n<p><strong>\u2013\u00a0No rebo notificacions (alertes):<\/strong><\/p>\n<p>El principal motiu pel qual les notificacions a Android poden estar fallant \u00e9s l\u2019estalvi de bateria, per arreglar-ho Android indica que es facin els seg\u00fcents passos:<br \/>\n1. Primer de tot comprovi que tingui instal\u00b7lada l\u2019\u00faltima versi\u00f3 de l\u2019App.<br \/>\n2. Anar a la Configuraci\u00f3 del m\u00f2bil<br \/>\n3. Anar a Bateria (o Estalvi d\u2019energia)<br \/>\n4. Aplicacions protegides<br \/>\n5. Seleccionar l\u2019App ComunicAPP EDU \u2192 clicar Activar o Mai inactiva<br \/>\nD\u2019aquesta manera l\u2019App es mant\u00e9 sempre activa i es poden rebre els comunicats.<\/p>\n<p>Per altra banda, tamb\u00e9 podeu tornar a l\u2019estat de f\u00e0brica inicial de l\u2019App seguint els seg\u00fcents passos:<\/p>\n<ol>\n<li>Anar a la Configuraci\u00f3 del m\u00f2bil<br \/>\n2. Anar a Aplicacions<br \/>\n3. Seleccionar l\u2019App ComunicAPP EDU<br \/>\n4. Emmagatzematge \u2192 Esborrar dades (no mem\u00f2ria).<br \/>\n5. Tornar enrere, buscar l\u2019App de ComunicAPP EDU i obrir-la. Tornar\u00e0 a demanar les dades de registre novament i ha de tornar a introduir-les.<\/li>\n<\/ol>\n<p>Segons el sistema operatiu del m\u00f2bil, els noms de les opcions poden variar.<\/p>\n<p>\u2013 Si t\u00e9 alguna incid\u00e8ncia t\u00e8cnica, posis en contacte amb:\u00a0<a href=\"mailto:suport@dumainteractiva.com\">suport@dumainteractiva.com<\/a><\/p>\n<p><a href=\"https:\/\/agora.xtec.cat\/escola-labassa\/documents-per-a-les-families\/carta-de-compromis\/\">Carta de comprom\u00eds<\/a><\/p>\n<p><a href=\"https:\/\/agora.xtec.cat\/escola-labassa\/?page_id=799&amp;preview=true\">Llibres i material<\/a><\/p>\n<p><a href=\"https:\/\/agora.xtec.cat\/escola-labassa\/documents-per-a-les-families\/recollida-dinfants\/\">Recollida d&#8217;infants<\/a><\/p>\n<p><a href=\"https:\/\/agora.xtec.cat\/escola-labassa\/documents-per-a-les-families\/drets-dimatge\/\">Drets d&#8217;imatge<\/a><\/p>\n<p><a href=\"https:\/\/agora.xtec.cat\/escola-labassa\/documents-per-a-les-families\/administracio-de-medicaments\/\">Administraci\u00f3 de medicaments<\/a><\/p>\n<p><a href=\"https:\/\/agora.xtec.cat\/escola-labassa\/documents-per-a-les-families\/autoritzacions-sortides\/\">Autoritzacions sortides<\/a><\/p>\n","protected":false},"excerpt":{"rendered":"<p>Benvolgudes fam\u00edlies, Us informem que per a signar documentaci\u00f3 diversa i per a fer pagaments farem \u00fas de la seg\u00fcent aplicaci\u00f3:\u00a0 ComunicAPP EDU Aquesta eina \u00e9s una App que permet una comunicaci\u00f3 directa entre el centre i els familiars de l\u2019alumnat. En breu rebreu un correu electr\u00f2nic amb el codi que haureu d\u2019introduir un cop [&hellip;]<\/p>\n","protected":false},"author":1,"featured_media":0,"parent":0,"menu_order":2,"comment_status":"closed","ping_status":"closed","template":"page-templates\/side-menu.php","meta":{"_bbp_topic_count":0,"_bbp_reply_count":0,"_bbp_total_topic_count":0,"_bbp_total_reply_count":0,"_bbp_voice_count":0,"_bbp_anonymous_reply_count":0,"_bbp_topic_count_hidden":0,"_bbp_reply_count_hidden":0,"_bbp_forum_subforum_count":0,"site-sidebar-layout":"default","site-content-layout":"","ast-site-content-layout":"","site-content-style":"default","site-sidebar-style":"default","ast-global-header-display":"","ast-banner-title-visibility":"","ast-main-header-display":"","ast-hfb-above-header-display":"","ast-hfb-below-header-display":"","ast-hfb-mobile-header-display":"","site-post-title":"","ast-breadcrumbs-content":"","ast-featured-img":"","footer-sml-layout":"","theme-transparent-header-meta":"","adv-header-id-meta":"","stick-header-meta":"","header-above-stick-meta":"","header-main-stick-meta":"","header-below-stick-meta":"","astra-migrate-meta-layouts":"default","ast-page-background-enabled":"default","ast-page-background-meta":{"desktop":{"background-color":"var(--ast-global-color-4)","background-image":"","background-repeat":"repeat","background-position":"center center","background-size":"auto","background-attachment":"scroll","background-type":"","background-media":"","overlay-type":"","overlay-color":"","overlay-opacity":"","overlay-gradient":""},"tablet":{"background-color":"","background-image":"","background-repeat":"repeat","background-position":"center center","background-size":"auto","background-attachment":"scroll","background-type":"","background-media":"","overlay-type":"","overlay-color":"","overlay-opacity":"","overlay-gradient":""},"mobile":{"background-color":"","background-image":"","background-repeat":"repeat","background-position":"center center","background-size":"auto","background-attachment":"scroll","background-type":"","background-media":"","overlay-type":"","overlay-color":"","overlay-opacity":"","overlay-gradient":""}},"ast-content-background-meta":{"desktop":{"background-color":"var(--ast-global-color-5)","background-image":"","background-repeat":"repeat","background-position":"center center","background-size":"auto","background-attachment":"scroll","background-type":"","background-media":"","overlay-type":"","overlay-color":"","overlay-opacity":"","overlay-gradient":""},"tablet":{"background-color":"var(--ast-global-color-5)","background-image":"","background-repeat":"repeat","background-position":"center center","background-size":"auto","background-attachment":"scroll","background-type":"","background-media":"","overlay-type":"","overlay-color":"","overlay-opacity":"","overlay-gradient":""},"mobile":{"background-color":"var(--ast-global-color-5)","background-image":"","background-repeat":"repeat","background-position":"center center","background-size":"auto","background-attachment":"scroll","background-type":"","background-media":"","overlay-type":"","overlay-color":"","overlay-opacity":"","overlay-gradient":""}},"footnotes":""},"class_list":["post-790","page","type-page","status-publish","hentry"],"post_mailing_queue_ids":[],"_links":{"self":[{"href":"https:\/\/agora.xtec.cat\/escola-labassa\/wp-json\/wp\/v2\/pages\/790","targetHints":{"allow":["GET"]}}],"collection":[{"href":"https:\/\/agora.xtec.cat\/escola-labassa\/wp-json\/wp\/v2\/pages"}],"about":[{"href":"https:\/\/agora.xtec.cat\/escola-labassa\/wp-json\/wp\/v2\/types\/page"}],"author":[{"embeddable":true,"href":"https:\/\/agora.xtec.cat\/escola-labassa\/wp-json\/wp\/v2\/users\/1"}],"replies":[{"embeddable":true,"href":"https:\/\/agora.xtec.cat\/escola-labassa\/wp-json\/wp\/v2\/comments?post=790"}],"version-history":[{"count":4,"href":"https:\/\/agora.xtec.cat\/escola-labassa\/wp-json\/wp\/v2\/pages\/790\/revisions"}],"predecessor-version":[{"id":2140,"href":"https:\/\/agora.xtec.cat\/escola-labassa\/wp-json\/wp\/v2\/pages\/790\/revisions\/2140"}],"wp:attachment":[{"href":"https:\/\/agora.xtec.cat\/escola-labassa\/wp-json\/wp\/v2\/media?parent=790"}],"curies":[{"name":"wp","href":"https:\/\/api.w.org\/{rel}","templated":true}]}}