{"id":597,"date":"2018-11-12T20:13:40","date_gmt":"2018-11-12T19:13:40","guid":{"rendered":"https:\/\/agora.xtec.cat\/escola-labassa\/?page_id=597"},"modified":"2026-04-06T19:25:37","modified_gmt":"2026-04-06T17:25:37","slug":"esmorza-be-esmorza-saludable","status":"publish","type":"page","link":"https:\/\/agora.xtec.cat\/escola-labassa\/esmorza-be-esmorza-saludable\/","title":{"rendered":"Esmorza b\u00e9, esmorza saludable"},"content":{"rendered":"<p>Fa molts cursos que a l&#8217;escola La Bassa es promou el consum de fruita. Aquesta \u00e9s una iniciativa de la Uni\u00f3 Europea que es fa efectiva per una acci\u00f3 coordinada dels Departaments d\u2019Agricultura, Salut i Ensenyament.<\/p>\n<p>A m\u00e9s a m\u00e9s de la que ens ofereix el departament i, gr\u00e0cies a una feina conjunta entre escola, empreses fruticoles de Torregrossa i ajuntament, rebem fruita de: La cooperativa Foment Agr\u00edcola Les Planes, Recio Fruits, Arisfresc i Ajuntament.<\/p>\n<p><strong><u>En qu\u00e8 consisteix el\u00a0<em>\u201cPla de consum de fruita a les escoles\u201d\u00a0<\/em><\/u>?<\/strong><\/p>\n<p>Consisteix a distribuir fruita fresca als alumnes per potenciar accions que afavoreixin la salut dels infants, com ara augmentar el consum de fruites i verdures, fruita seca, llegums, aigua i joc actiu. I reduir el consum de llaminadures, begudes refrescants, brioxeria i videojocs sedentaris.<\/p>\n<p>La fruita que ens porten del Pla de consum es distribueix els dimecres i la que ens arriba de les diverses empreses del poble es distribueix els divendres. L&#8217;organitzaci\u00f3 dels esmorzars setmanals \u00e9s la seg\u00fcent:<\/p>\n<table style=\"border-collapse: collapse; width: 100%;\">\n<tbody>\n<tr>\n<td style=\"width: 20%;\">Dilluns<\/td>\n<td style=\"width: 20%;\">Dimarts<\/td>\n<td style=\"width: 20%;\">Dimecres<\/td>\n<td style=\"width: 20%;\">Dijous<\/td>\n<td style=\"width: 20%;\">Divendres<\/td>\n<\/tr>\n<tr>\n<td style=\"width: 20%;\">Entrep\u00e0 o fruita de casa<\/td>\n<td style=\"width: 20%;\">Lliure<\/td>\n<td style=\"width: 20%;\">Fruita del Pla de Consum o de casa<\/td>\n<td style=\"width: 20%;\">Lliure<\/td>\n<td style=\"width: 20%;\">Fruita de les empreses de la poblaci\u00f3<\/td>\n<\/tr>\n<\/tbody>\n<\/table>\n<p><strong><u>Els objectius s\u00f3n:<\/u><\/strong><\/p>\n<ul>\n<li>Oferir fruita en els esmorzars dins del centre escolar.<\/li>\n<li>Valorar el gust de la bona fruita.<\/li>\n<li>Informar sobre els beneficis d\u2019incrementar el consum de fruites i verdures, i sobre la seva diversitat, caracter\u00edstiques, etc.<\/li>\n<li>Proposar el consum de fruites com una alternativa excel\u00b7lent al consum d\u2019altres aliments amb menys qualitat nutricional.<\/li>\n<\/ul>\n<div class=\"ast-oembed-container \" style=\"height: 100%;\"><iframe loading=\"lazy\" title=\"Jo menjo amb ritme\" width=\"500\" height=\"281\" src=\"https:\/\/www.youtube.com\/embed\/yZfr-0TBgKU?feature=oembed\" frameborder=\"0\" allow=\"accelerometer; autoplay; clipboard-write; encrypted-media; gyroscope; picture-in-picture; web-share\" referrerpolicy=\"strict-origin-when-cross-origin\" allowfullscreen><\/iframe><\/div>\n","protected":false},"excerpt":{"rendered":"<p>Fa molts cursos que a l&#8217;escola La Bassa es promou el consum de fruita. Aquesta \u00e9s una iniciativa de la Uni\u00f3 Europea que es fa efectiva per una acci\u00f3 coordinada dels Departaments d\u2019Agricultura, Salut i Ensenyament. A m\u00e9s a m\u00e9s de la que ens ofereix el departament i, gr\u00e0cies a una feina conjunta entre escola, [&hellip;]<\/p>\n","protected":false},"author":1,"featured_media":0,"parent":0,"menu_order":2,"comment_status":"closed","ping_status":"closed","template":"","meta":{"_bbp_topic_count":0,"_bbp_reply_count":0,"_bbp_total_topic_count":0,"_bbp_total_reply_count":0,"_bbp_voice_count":0,"_bbp_anonymous_reply_count":0,"_bbp_topic_count_hidden":0,"_bbp_reply_count_hidden":0,"_bbp_forum_subforum_count":0,"site-sidebar-layout":"left-sidebar","site-content-layout":"","ast-site-content-layout":"default","site-content-style":"default","site-sidebar-style":"boxed","ast-global-header-display":"","ast-banner-title-visibility":"","ast-main-header-display":"","ast-hfb-above-header-display":"","ast-hfb-below-header-display":"","ast-hfb-mobile-header-display":"","site-post-title":"","ast-breadcrumbs-content":"","ast-featured-img":"","footer-sml-layout":"","theme-transparent-header-meta":"","adv-header-id-meta":"","stick-header-meta":"","header-above-stick-meta":"","header-main-stick-meta":"","header-below-stick-meta":"","astra-migrate-meta-layouts":"set","ast-page-background-enabled":"default","ast-page-background-meta":{"desktop":{"background-color":"var(--ast-global-color-4)","background-image":"","background-repeat":"repeat","background-position":"center center","background-size":"auto","background-attachment":"scroll","background-type":"","background-media":"","overlay-type":"","overlay-color":"","overlay-opacity":"","overlay-gradient":""},"tablet":{"background-color":"","background-image":"","background-repeat":"repeat","background-position":"center center","background-size":"auto","background-attachment":"scroll","background-type":"","background-media":"","overlay-type":"","overlay-color":"","overlay-opacity":"","overlay-gradient":""},"mobile":{"background-color":"","background-image":"","background-repeat":"repeat","background-position":"center center","background-size":"auto","background-attachment":"scroll","background-type":"","background-media":"","overlay-type":"","overlay-color":"","overlay-opacity":"","overlay-gradient":""}},"ast-content-background-meta":{"desktop":{"background-color":"var(--ast-global-color-5)","background-image":"","background-repeat":"repeat","background-position":"center center","background-size":"auto","background-attachment":"scroll","background-type":"","background-media":"","overlay-type":"","overlay-color":"","overlay-opacity":"","overlay-gradient":""},"tablet":{"background-color":"var(--ast-global-color-5)","background-image":"","background-repeat":"repeat","background-position":"center center","background-size":"auto","background-attachment":"scroll","background-type":"","background-media":"","overlay-type":"","overlay-color":"","overlay-opacity":"","overlay-gradient":""},"mobile":{"background-color":"var(--ast-global-color-5)","background-image":"","background-repeat":"repeat","background-position":"center center","background-size":"auto","background-attachment":"scroll","background-type":"","background-media":"","overlay-type":"","overlay-color":"","overlay-opacity":"","overlay-gradient":""}},"footnotes":""},"class_list":["post-597","page","type-page","status-publish","hentry"],"post_mailing_queue_ids":[],"_links":{"self":[{"href":"https:\/\/agora.xtec.cat\/escola-labassa\/wp-json\/wp\/v2\/pages\/597","targetHints":{"allow":["GET"]}}],"collection":[{"href":"https:\/\/agora.xtec.cat\/escola-labassa\/wp-json\/wp\/v2\/pages"}],"about":[{"href":"https:\/\/agora.xtec.cat\/escola-labassa\/wp-json\/wp\/v2\/types\/page"}],"author":[{"embeddable":true,"href":"https:\/\/agora.xtec.cat\/escola-labassa\/wp-json\/wp\/v2\/users\/1"}],"replies":[{"embeddable":true,"href":"https:\/\/agora.xtec.cat\/escola-labassa\/wp-json\/wp\/v2\/comments?post=597"}],"version-history":[{"count":3,"href":"https:\/\/agora.xtec.cat\/escola-labassa\/wp-json\/wp\/v2\/pages\/597\/revisions"}],"predecessor-version":[{"id":2344,"href":"https:\/\/agora.xtec.cat\/escola-labassa\/wp-json\/wp\/v2\/pages\/597\/revisions\/2344"}],"wp:attachment":[{"href":"https:\/\/agora.xtec.cat\/escola-labassa\/wp-json\/wp\/v2\/media?parent=597"}],"curies":[{"name":"wp","href":"https:\/\/api.w.org\/{rel}","templated":true}]}}