{"id":559,"date":"2018-11-12T19:15:27","date_gmt":"2018-11-12T18:15:27","guid":{"rendered":"https:\/\/agora.xtec.cat\/escola-labassa\/?page_id=559"},"modified":"2023-02-22T18:47:25","modified_gmt":"2023-02-22T17:47:25","slug":"documents-del-centre","status":"publish","type":"page","link":"https:\/\/agora.xtec.cat\/escola-labassa\/documents-del-centre\/","title":{"rendered":"Documents de centre"},"content":{"rendered":"<p>Els documents que trobareu en aquest espai s\u00f3n els seg\u00fcents:<\/p>\n<p><a href=\"https:\/\/agora.xtec.cat\/escola-labassa\/documents-del-centre\/projecte-educatiu-de-centre\/\">PEC &#8211; Projecte educatiu de centre<\/a><\/p>\n<p><a href=\"https:\/\/agora.xtec.cat\/escola-labassa\/?page_id=786&amp;preview=true\">PdD &#8211; Projecte de direcci\u00f3<\/a><\/p>\n<p><a href=\"https:\/\/agora.xtec.cat\/escola-labassa\/documents-del-centre\/programacio-general-anual\/\">PGA &#8211; Programaci\u00f3 general anual de centre<\/a><\/p>\n<p><a href=\"https:\/\/agora.xtec.cat\/escola-labassa\/documents-del-centre\/normes-dorganitz\u2026o-i-funcionament\/\">NOF &#8211; Normes d&#8217;organitzaci\u00f3 i funcionament<\/a><\/p>\n<p><a href=\"https:\/\/agora.xtec.cat\/escola-labassa\/documents-del-centre\/projecte-linuistic-de-centre\/\">PLC &#8211; Projecte ling\u00fc\u00edstic de centre<\/a><\/p>\n<p><a href=\"https:\/\/agora.xtec.cat\/escola-labassa\/documents-del-centre\/pla-tac\/\">EDC &#8211; Estrat\u00e8gia digital de centre<\/a><\/p>\n<p><a href=\"https:\/\/agora.xtec.cat\/escola-labassa\/wp-content\/uploads\/usu1925\/2021\/09\/PLA-ACTUACIO-LA-BASSA-WEB-2021_2022.pdf\">PLA ACTUACI\u00d3 LA BASSA 2021_2022<\/a><\/p>\n","protected":false},"excerpt":{"rendered":"<p>Els documents que trobareu en aquest espai s\u00f3n els seg\u00fcents: PEC &#8211; Projecte educatiu de centre PdD &#8211; Projecte de direcci\u00f3 PGA &#8211; Programaci\u00f3 general anual de centre NOF &#8211; Normes d&#8217;organitzaci\u00f3 i funcionament PLC &#8211; Projecte ling\u00fc\u00edstic de centre EDC &#8211; Estrat\u00e8gia digital de centre PLA ACTUACI\u00d3 LA BASSA 2021_2022<\/p>\n","protected":false},"author":1,"featured_media":0,"parent":0,"menu_order":1,"comment_status":"closed","ping_status":"closed","template":"page-templates\/side-menu.php","meta":{"_bbp_topic_count":0,"_bbp_reply_count":0,"_bbp_total_topic_count":0,"_bbp_total_reply_count":0,"_bbp_voice_count":0,"_bbp_anonymous_reply_count":0,"_bbp_topic_count_hidden":0,"_bbp_reply_count_hidden":0,"_bbp_forum_subforum_count":0,"site-sidebar-layout":"default","site-content-layout":"","ast-site-content-layout":"","site-content-style":"default","site-sidebar-style":"default","ast-global-header-display":"","ast-banner-title-visibility":"","ast-main-header-display":"","ast-hfb-above-header-display":"","ast-hfb-below-header-display":"","ast-hfb-mobile-header-display":"","site-post-title":"","ast-breadcrumbs-content":"","ast-featured-img":"","footer-sml-layout":"","theme-transparent-header-meta":"","adv-header-id-meta":"","stick-header-meta":"","header-above-stick-meta":"","header-main-stick-meta":"","header-below-stick-meta":"","astra-migrate-meta-layouts":"default","ast-page-background-enabled":"default","ast-page-background-meta":{"desktop":{"background-color":"var(--ast-global-color-4)","background-image":"","background-repeat":"repeat","background-position":"center center","background-size":"auto","background-attachment":"scroll","background-type":"","background-media":"","overlay-type":"","overlay-color":"","overlay-opacity":"","overlay-gradient":""},"tablet":{"background-color":"","background-image":"","background-repeat":"repeat","background-position":"center center","background-size":"auto","background-attachment":"scroll","background-type":"","background-media":"","overlay-type":"","overlay-color":"","overlay-opacity":"","overlay-gradient":""},"mobile":{"background-color":"","background-image":"","background-repeat":"repeat","background-position":"center center","background-size":"auto","background-attachment":"scroll","background-type":"","background-media":"","overlay-type":"","overlay-color":"","overlay-opacity":"","overlay-gradient":""}},"ast-content-background-meta":{"desktop":{"background-color":"var(--ast-global-color-5)","background-image":"","background-repeat":"repeat","background-position":"center center","background-size":"auto","background-attachment":"scroll","background-type":"","background-media":"","overlay-type":"","overlay-color":"","overlay-opacity":"","overlay-gradient":""},"tablet":{"background-color":"var(--ast-global-color-5)","background-image":"","background-repeat":"repeat","background-position":"center center","background-size":"auto","background-attachment":"scroll","background-type":"","background-media":"","overlay-type":"","overlay-color":"","overlay-opacity":"","overlay-gradient":""},"mobile":{"background-color":"var(--ast-global-color-5)","background-image":"","background-repeat":"repeat","background-position":"center center","background-size":"auto","background-attachment":"scroll","background-type":"","background-media":"","overlay-type":"","overlay-color":"","overlay-opacity":"","overlay-gradient":""}},"footnotes":""},"class_list":["post-559","page","type-page","status-publish","hentry"],"post_mailing_queue_ids":[],"_links":{"self":[{"href":"https:\/\/agora.xtec.cat\/escola-labassa\/wp-json\/wp\/v2\/pages\/559","targetHints":{"allow":["GET"]}}],"collection":[{"href":"https:\/\/agora.xtec.cat\/escola-labassa\/wp-json\/wp\/v2\/pages"}],"about":[{"href":"https:\/\/agora.xtec.cat\/escola-labassa\/wp-json\/wp\/v2\/types\/page"}],"author":[{"embeddable":true,"href":"https:\/\/agora.xtec.cat\/escola-labassa\/wp-json\/wp\/v2\/users\/1"}],"replies":[{"embeddable":true,"href":"https:\/\/agora.xtec.cat\/escola-labassa\/wp-json\/wp\/v2\/comments?post=559"}],"version-history":[{"count":3,"href":"https:\/\/agora.xtec.cat\/escola-labassa\/wp-json\/wp\/v2\/pages\/559\/revisions"}],"predecessor-version":[{"id":1643,"href":"https:\/\/agora.xtec.cat\/escola-labassa\/wp-json\/wp\/v2\/pages\/559\/revisions\/1643"}],"wp:attachment":[{"href":"https:\/\/agora.xtec.cat\/escola-labassa\/wp-json\/wp\/v2\/media?parent=559"}],"curies":[{"name":"wp","href":"https:\/\/api.w.org\/{rel}","templated":true}]}}