{"id":2185,"date":"2026-01-30T19:39:57","date_gmt":"2026-01-30T18:39:57","guid":{"rendered":"https:\/\/agora.xtec.cat\/escola-labassa\/?page_id=2185"},"modified":"2026-02-12T18:51:36","modified_gmt":"2026-02-12T17:51:36","slug":"historia","status":"publish","type":"page","link":"https:\/\/agora.xtec.cat\/escola-labassa\/lescola\/historia\/","title":{"rendered":"Hist\u00f2ria"},"content":{"rendered":"<p>L&#8217;edifici de l\u2019actual escola de Torregrossa va ser constru\u00eft als anys 60 sobre els terrenys on, antigament, hi va haver la bassa m\u00e9s gran del poble coneguda com la &#8220;Bassa Gran&#8221;.<\/p>\n<p>El primer edifici de l\u2019escola \u201cLa Bassa\u201d es va construir entre els anys 1960-1962, dins del que s\u2019anomenava \u201cPlan General de Construcciones Escolares\u201d, sota el regim franquista. El lloc on es va ubicar va ser en els terrenys on hi havia hagut una de les sis basses que tenia el terme municipal de Torregrossa. Aquestes noves instal\u00b7lacions havien de donar resposta a les necessitats educatives del poble que, des de principis de segle, tenia l\u2019escola p\u00fablica a l\u2019actual edifici de l\u2019ajuntament.<\/p>\n<p>A principis dels anys 70 es va ampliar l&#8217;edifici escolar per poder-hi impartir classes de l&#8217;aleshores anomenat &#8220;parvulari&#8221; i, una d\u00e8cada despr\u00e9s, hi va haver una altra ampliaci\u00f3 amb la construcci\u00f3 d&#8217;un altre edifici que havia d&#8217;acollir el que s&#8217;anomenava &#8220;segona etapa&#8221;. Aquest edifici comptava amb laboratori, sala de reunions, despatx de direcci\u00f3 i biblioteca escolar.<\/p>\n<p>Posteriorment, ja als volts dels anys 2000 es construirien, entre ambd\u00f3s edificis el gimn\u00e0s i el menjador escolar. El recinte tamb\u00e9 disposa d&#8217;un pati escolar de 5.800m2, vallat i <span style=\"font-family: inherit; font-size: 1em;\">ple d&#8217;entreteniments.<\/span><\/p>\n<p>Amb el temps, el centre escolar va tenir diverses denominacions. Amb el trasp\u00e0s de les compet\u00e8ncies a la Generalitat de Catalunya durant els anys 1980 l&#8217;escola de Torregrossa tindria una denominaci\u00f3 especifica que li donaria el seu tret identitari, la de &#8220;La Bassa&#8221;, tot recordant no nom\u00e9s l&#8217;indret on s&#8217;havia constru\u00eft, sin\u00f3 tamb\u00e9 aquell element i recurs que, durant segles havien vist i aprofitat els nostres avantpassats.<\/p>\n<p>&nbsp;<\/p>\n","protected":false},"excerpt":{"rendered":"<p>L&#8217;edifici de l\u2019actual escola de Torregrossa va ser constru\u00eft als anys 60 sobre els terrenys on, antigament, hi va haver la bassa m\u00e9s gran del poble coneguda com la &#8220;Bassa Gran&#8221;. El primer edifici de l\u2019escola \u201cLa Bassa\u201d es va construir entre els anys 1960-1962, dins del que s\u2019anomenava \u201cPlan General de Construcciones Escolares\u201d, sota [&hellip;]<\/p>\n","protected":false},"author":1,"featured_media":0,"parent":22,"menu_order":20,"comment_status":"closed","ping_status":"closed","template":"","meta":{"_bbp_topic_count":0,"_bbp_reply_count":0,"_bbp_total_topic_count":0,"_bbp_total_reply_count":0,"_bbp_voice_count":0,"_bbp_anonymous_reply_count":0,"_bbp_topic_count_hidden":0,"_bbp_reply_count_hidden":0,"_bbp_forum_subforum_count":0,"site-sidebar-layout":"default","site-content-layout":"","ast-site-content-layout":"","site-content-style":"default","site-sidebar-style":"default","ast-global-header-display":"","ast-banner-title-visibility":"","ast-main-header-display":"","ast-hfb-above-header-display":"","ast-hfb-below-header-display":"","ast-hfb-mobile-header-display":"","site-post-title":"","ast-breadcrumbs-content":"","ast-featured-img":"","footer-sml-layout":"","theme-transparent-header-meta":"","adv-header-id-meta":"","stick-header-meta":"","header-above-stick-meta":"","header-main-stick-meta":"","header-below-stick-meta":"","astra-migrate-meta-layouts":"default","ast-page-background-enabled":"default","ast-page-background-meta":{"desktop":{"background-color":"var(--ast-global-color-4)","background-image":"","background-repeat":"repeat","background-position":"center center","background-size":"auto","background-attachment":"scroll","background-type":"","background-media":"","overlay-type":"","overlay-color":"","overlay-opacity":"","overlay-gradient":""},"tablet":{"background-color":"","background-image":"","background-repeat":"repeat","background-position":"center center","background-size":"auto","background-attachment":"scroll","background-type":"","background-media":"","overlay-type":"","overlay-color":"","overlay-opacity":"","overlay-gradient":""},"mobile":{"background-color":"","background-image":"","background-repeat":"repeat","background-position":"center center","background-size":"auto","background-attachment":"scroll","background-type":"","background-media":"","overlay-type":"","overlay-color":"","overlay-opacity":"","overlay-gradient":""}},"ast-content-background-meta":{"desktop":{"background-color":"var(--ast-global-color-5)","background-image":"","background-repeat":"repeat","background-position":"center center","background-size":"auto","background-attachment":"scroll","background-type":"","background-media":"","overlay-type":"","overlay-color":"","overlay-opacity":"","overlay-gradient":""},"tablet":{"background-color":"var(--ast-global-color-5)","background-image":"","background-repeat":"repeat","background-position":"center center","background-size":"auto","background-attachment":"scroll","background-type":"","background-media":"","overlay-type":"","overlay-color":"","overlay-opacity":"","overlay-gradient":""},"mobile":{"background-color":"var(--ast-global-color-5)","background-image":"","background-repeat":"repeat","background-position":"center center","background-size":"auto","background-attachment":"scroll","background-type":"","background-media":"","overlay-type":"","overlay-color":"","overlay-opacity":"","overlay-gradient":""}},"footnotes":""},"class_list":["post-2185","page","type-page","status-publish","hentry"],"post_mailing_queue_ids":[],"_links":{"self":[{"href":"https:\/\/agora.xtec.cat\/escola-labassa\/wp-json\/wp\/v2\/pages\/2185","targetHints":{"allow":["GET"]}}],"collection":[{"href":"https:\/\/agora.xtec.cat\/escola-labassa\/wp-json\/wp\/v2\/pages"}],"about":[{"href":"https:\/\/agora.xtec.cat\/escola-labassa\/wp-json\/wp\/v2\/types\/page"}],"author":[{"embeddable":true,"href":"https:\/\/agora.xtec.cat\/escola-labassa\/wp-json\/wp\/v2\/users\/1"}],"replies":[{"embeddable":true,"href":"https:\/\/agora.xtec.cat\/escola-labassa\/wp-json\/wp\/v2\/comments?post=2185"}],"version-history":[{"count":5,"href":"https:\/\/agora.xtec.cat\/escola-labassa\/wp-json\/wp\/v2\/pages\/2185\/revisions"}],"predecessor-version":[{"id":2191,"href":"https:\/\/agora.xtec.cat\/escola-labassa\/wp-json\/wp\/v2\/pages\/2185\/revisions\/2191"}],"up":[{"embeddable":true,"href":"https:\/\/agora.xtec.cat\/escola-labassa\/wp-json\/wp\/v2\/pages\/22"}],"wp:attachment":[{"href":"https:\/\/agora.xtec.cat\/escola-labassa\/wp-json\/wp\/v2\/media?parent=2185"}],"curies":[{"name":"wp","href":"https:\/\/api.w.org\/{rel}","templated":true}]}}